{"id":3301,"date":"2021-12-16T00:05:08","date_gmt":"2021-12-15T23:05:08","guid":{"rendered":"https:\/\/artibermont.com\/contact\/"},"modified":"2022-07-30T19:21:06","modified_gmt":"2022-07-30T17:21:06","slug":"contact","status":"publish","type":"page","link":"https:\/\/artibermont.com\/en\/contact\/","title":{"rendered":"Contact"},"content":{"rendered":"<h2>Contact us<\/h2>\n<h4>Tibermont gallery<\/h4>\n<p>252, boulevard Saint-Germain<br \/>75007 Paris (France)<\/p>\n<p><b>Open Monday to Saturday from 10 a.m. to 7 p.m.<i><br \/><\/i><\/b><br \/>Manager : David Folatre de Tibermont<\/p>\n<p>Tel.: <b>01 40 49 07 70<\/b><br \/>Email : <a href=\"mailto:contact@artibermont.com\" target=\"_blank\" rel=\"noopener\">contact@artibermont.com<\/a><\/p>\n<p>\t\t\t<iframe frameborder=\"0\" scrolling=\"no\" marginheight=\"0\" marginwidth=\"0\"\n\t\t\t\t\tsrc=\"https:\/\/maps.google.com\/maps?q=252%20Bd%20Saint-Germain%2C%2075007%20Paris&#038;t=m&#038;z=14&#038;output=embed&#038;iwloc=near\"\n\t\t\t\t\ttitle=\"252 Bd Saint-Germain, 75007 Paris\"\n\t\t\t\t\taria-label=\"252 Bd Saint-Germain, 75007 Paris\"\n\t\t\t><\/iframe><\/p>\n<h2>Contact form<\/h2>\n","protected":false},"excerpt":{"rendered":"<p>Contact us Tibermont gallery 252, boulevard Saint-Germain75007 Paris (France) Open Monday to Saturday from 10 a.m. to 7 p.m.Manager : David Folatre de Tibermont Tel.: 01 40 49 07 70Email : contact@artibermont.com Contact form<\/p>\n","protected":false},"author":1,"featured_media":0,"parent":0,"menu_order":0,"comment_status":"closed","ping_status":"closed","template":"","meta":{"_acf_changed":false,"footnotes":""},"class_list":["post-3301","page","type-page","status-publish","hentry"],"acf":[],"yoast_head":"<!-- This site is optimized with the Yoast SEO Premium plugin v19.2.1 (Yoast SEO v27.3) - https:\/\/yoast.com\/product\/yoast-seo-premium-wordpress\/ -->\n<title>Contact &#8211; Tibermont<\/title>\n<meta name=\"description\" content=\"Tibermont antiquit\u00e9s est une boutique sp\u00e9cialis\u00e9e dans les oeuvres d&#039;art anciennes dans le 7e arrondissement de Paris. Venez d\u00e9couvrir nos oeuvres !\" \/>\n<meta name=\"robots\" content=\"index, follow, max-snippet:-1, max-image-preview:large, max-video-preview:-1\" \/>\n<link rel=\"canonical\" href=\"https:\/\/artibermont.com\/en\/contact\/\" \/>\n<meta property=\"og:locale\" content=\"en_US\" \/>\n<meta property=\"og:type\" content=\"article\" \/>\n<meta property=\"og:title\" content=\"Contact\" \/>\n<meta property=\"og:description\" content=\"Tibermont antiquit\u00e9s est une boutique sp\u00e9cialis\u00e9e dans les oeuvres d&#039;art anciennes dans le 7e arrondissement de Paris. Venez d\u00e9couvrir nos oeuvres !\" \/>\n<meta property=\"og:url\" content=\"https:\/\/artibermont.com\/en\/contact\/\" \/>\n<meta property=\"og:site_name\" content=\"Tibermont\" \/>\n<meta property=\"article:modified_time\" content=\"2022-07-30T17:21:06+00:00\" \/>\n<meta name=\"twitter:card\" content=\"summary_large_image\" \/>\n<script type=\"application\/ld+json\" class=\"yoast-schema-graph\">{\"@context\":\"https:\\\/\\\/schema.org\",\"@graph\":[{\"@type\":\"WebPage\",\"@id\":\"https:\\\/\\\/artibermont.com\\\/en\\\/contact\\\/\",\"url\":\"https:\\\/\\\/artibermont.com\\\/en\\\/contact\\\/\",\"name\":\"Contact &#8211; Tibermont\",\"isPartOf\":{\"@id\":\"https:\\\/\\\/artibermont.com\\\/en\\\/#website\"},\"datePublished\":\"2021-12-15T23:05:08+00:00\",\"dateModified\":\"2022-07-30T17:21:06+00:00\",\"description\":\"Tibermont antiquit\u00e9s est une boutique sp\u00e9cialis\u00e9e dans les oeuvres d'art anciennes dans le 7e arrondissement de Paris. Venez d\u00e9couvrir nos oeuvres !\",\"breadcrumb\":{\"@id\":\"https:\\\/\\\/artibermont.com\\\/en\\\/contact\\\/#breadcrumb\"},\"inLanguage\":\"en-US\",\"potentialAction\":[{\"@type\":\"ReadAction\",\"target\":[\"https:\\\/\\\/artibermont.com\\\/en\\\/contact\\\/\"]}]},{\"@type\":\"BreadcrumbList\",\"@id\":\"https:\\\/\\\/artibermont.com\\\/en\\\/contact\\\/#breadcrumb\",\"itemListElement\":[{\"@type\":\"ListItem\",\"position\":1,\"name\":\"Accueil\",\"item\":\"https:\\\/\\\/artibermont.com\\\/en\\\/homepage\\\/\"},{\"@type\":\"ListItem\",\"position\":2,\"name\":\"Contact\"}]},{\"@type\":\"WebSite\",\"@id\":\"https:\\\/\\\/artibermont.com\\\/en\\\/#website\",\"url\":\"https:\\\/\\\/artibermont.com\\\/en\\\/\",\"name\":\"Tibermont\",\"description\":\"252, boulevard Saint Germain, 75007 Paris\",\"publisher\":{\"@id\":\"https:\\\/\\\/artibermont.com\\\/en\\\/#organization\"},\"potentialAction\":[{\"@type\":\"SearchAction\",\"target\":{\"@type\":\"EntryPoint\",\"urlTemplate\":\"https:\\\/\\\/artibermont.com\\\/en\\\/?s={search_term_string}\"},\"query-input\":{\"@type\":\"PropertyValueSpecification\",\"valueRequired\":true,\"valueName\":\"search_term_string\"}}],\"inLanguage\":\"en-US\"},{\"@type\":\"Organization\",\"@id\":\"https:\\\/\\\/artibermont.com\\\/en\\\/#organization\",\"name\":\"Tibermont Antiquit\u00e9s\",\"url\":\"https:\\\/\\\/artibermont.com\\\/en\\\/\",\"logo\":{\"@type\":\"ImageObject\",\"inLanguage\":\"en-US\",\"@id\":\"https:\\\/\\\/artibermont.com\\\/en\\\/#\\\/schema\\\/logo\\\/image\\\/\",\"url\":\"https:\\\/\\\/artibermont.com\\\/wp-content\\\/uploads\\\/2021\\\/12\\\/Logo-TIBERMONT-white.png\",\"contentUrl\":\"https:\\\/\\\/artibermont.com\\\/wp-content\\\/uploads\\\/2021\\\/12\\\/Logo-TIBERMONT-white.png\",\"width\":713,\"height\":196,\"caption\":\"Tibermont Antiquit\u00e9s\"},\"image\":{\"@id\":\"https:\\\/\\\/artibermont.com\\\/en\\\/#\\\/schema\\\/logo\\\/image\\\/\"}}]}<\/script>\n<!-- \/ Yoast SEO Premium plugin. -->","yoast_head_json":{"title":"Contact &#8211; Tibermont","description":"Tibermont antiquit\u00e9s est une boutique sp\u00e9cialis\u00e9e dans les oeuvres d'art anciennes dans le 7e arrondissement de Paris. Venez d\u00e9couvrir nos oeuvres !","robots":{"index":"index","follow":"follow","max-snippet":"max-snippet:-1","max-image-preview":"max-image-preview:large","max-video-preview":"max-video-preview:-1"},"canonical":"https:\/\/artibermont.com\/en\/contact\/","og_locale":"en_US","og_type":"article","og_title":"Contact","og_description":"Tibermont antiquit\u00e9s est une boutique sp\u00e9cialis\u00e9e dans les oeuvres d'art anciennes dans le 7e arrondissement de Paris. Venez d\u00e9couvrir nos oeuvres !","og_url":"https:\/\/artibermont.com\/en\/contact\/","og_site_name":"Tibermont","article_modified_time":"2022-07-30T17:21:06+00:00","twitter_card":"summary_large_image","schema":{"@context":"https:\/\/schema.org","@graph":[{"@type":"WebPage","@id":"https:\/\/artibermont.com\/en\/contact\/","url":"https:\/\/artibermont.com\/en\/contact\/","name":"Contact &#8211; Tibermont","isPartOf":{"@id":"https:\/\/artibermont.com\/en\/#website"},"datePublished":"2021-12-15T23:05:08+00:00","dateModified":"2022-07-30T17:21:06+00:00","description":"Tibermont antiquit\u00e9s est une boutique sp\u00e9cialis\u00e9e dans les oeuvres d'art anciennes dans le 7e arrondissement de Paris. Venez d\u00e9couvrir nos oeuvres !","breadcrumb":{"@id":"https:\/\/artibermont.com\/en\/contact\/#breadcrumb"},"inLanguage":"en-US","potentialAction":[{"@type":"ReadAction","target":["https:\/\/artibermont.com\/en\/contact\/"]}]},{"@type":"BreadcrumbList","@id":"https:\/\/artibermont.com\/en\/contact\/#breadcrumb","itemListElement":[{"@type":"ListItem","position":1,"name":"Accueil","item":"https:\/\/artibermont.com\/en\/homepage\/"},{"@type":"ListItem","position":2,"name":"Contact"}]},{"@type":"WebSite","@id":"https:\/\/artibermont.com\/en\/#website","url":"https:\/\/artibermont.com\/en\/","name":"Tibermont","description":"252, boulevard Saint Germain, 75007 Paris","publisher":{"@id":"https:\/\/artibermont.com\/en\/#organization"},"potentialAction":[{"@type":"SearchAction","target":{"@type":"EntryPoint","urlTemplate":"https:\/\/artibermont.com\/en\/?s={search_term_string}"},"query-input":{"@type":"PropertyValueSpecification","valueRequired":true,"valueName":"search_term_string"}}],"inLanguage":"en-US"},{"@type":"Organization","@id":"https:\/\/artibermont.com\/en\/#organization","name":"Tibermont Antiquit\u00e9s","url":"https:\/\/artibermont.com\/en\/","logo":{"@type":"ImageObject","inLanguage":"en-US","@id":"https:\/\/artibermont.com\/en\/#\/schema\/logo\/image\/","url":"https:\/\/artibermont.com\/wp-content\/uploads\/2021\/12\/Logo-TIBERMONT-white.png","contentUrl":"https:\/\/artibermont.com\/wp-content\/uploads\/2021\/12\/Logo-TIBERMONT-white.png","width":713,"height":196,"caption":"Tibermont Antiquit\u00e9s"},"image":{"@id":"https:\/\/artibermont.com\/en\/#\/schema\/logo\/image\/"}}]}},"_links":{"self":[{"href":"https:\/\/artibermont.com\/en\/wp-json\/wp\/v2\/pages\/3301","targetHints":{"allow":["GET"]}}],"collection":[{"href":"https:\/\/artibermont.com\/en\/wp-json\/wp\/v2\/pages"}],"about":[{"href":"https:\/\/artibermont.com\/en\/wp-json\/wp\/v2\/types\/page"}],"author":[{"embeddable":true,"href":"https:\/\/artibermont.com\/en\/wp-json\/wp\/v2\/users\/1"}],"replies":[{"embeddable":true,"href":"https:\/\/artibermont.com\/en\/wp-json\/wp\/v2\/comments?post=3301"}],"version-history":[{"count":11,"href":"https:\/\/artibermont.com\/en\/wp-json\/wp\/v2\/pages\/3301\/revisions"}],"predecessor-version":[{"id":3507,"href":"https:\/\/artibermont.com\/en\/wp-json\/wp\/v2\/pages\/3301\/revisions\/3507"}],"wp:attachment":[{"href":"https:\/\/artibermont.com\/en\/wp-json\/wp\/v2\/media?parent=3301"}],"curies":[{"name":"wp","href":"https:\/\/api.w.org\/{rel}","templated":true}]}}