{"id":3311,"date":"2021-12-21T23:38:06","date_gmt":"2021-12-21T22:38:06","guid":{"rendered":"https:\/\/artibermont.com\/legal-notice\/"},"modified":"2023-01-12T00:54:23","modified_gmt":"2023-01-11T23:54:23","slug":"legal-notice","status":"publish","type":"page","link":"https:\/\/artibermont.com\/en\/legal-notice\/","title":{"rendered":"Legal Notice"},"content":{"rendered":"<h2>Legal Notice<\/h2>\n<p><u>Company information:<\/u><\/p>\n<p>Official website of Tibermont Antiquit\u00e9s: <a href=\"https:\/\/artibermont.com\/en\/\">www.artibermont.com<\/a><\/p>\n<p>The company:<\/p>\n<p>Legal form: Limited Liability Company (Sarl)<\/p>\n<p>Share capital: \u20ac5,000<\/p>\n<p>SIRET: RCS PARIS 488 121 096<\/p>\n<p>Intra-community VAT: FR 84488121096<\/p>\n<p>Manager: David Folatre de Tibermont<\/p>\n<p>Head office address: 252, boulevard Saint-Germain 75007 Paris<\/p>\n<p>Email : <a href=\"mailto:contact@artibermont.com\">contact@artibermont.com<\/a><\/p>\n<p>Le site www.artibermont.com a \u00e9t\u00e9 r\u00e9alis\u00e9 par la soci\u00e9t\u00e9 Junior ISEP<\/p>\n<p><u>Information on the website:<\/u><\/p>\n<p>Accommodation:<\/p>\n<p>The website is hosted by : OVH<\/p>\n<p>OVH SAS is a subsidiary of OVH Groupe SAS, SAS with a capital of 10,069,020 euros, registered with the RCS of Lille M\u00e9tropole under number 537 407 926 and whose head office is located at 2, rue Kellermann, 59100 Roubaix<\/p>\n<p><a href=\"http:\/\/www.hostgator.com\">www.ovh.com<\/a><\/p>\n<p><u>Processing of personal data:<\/u><\/p>\n<p>In accordance with articles 34 and following of law n \u00b0 78-17 of January 6, 1978 relating to data processing, files and freedoms, any person can obtain communication, and if necessary, rectification or deletion of information concerning him, by by post at 252, boulevard Saint-Germain 7500 Paris.<\/p>\n<p>Applicable law and laws concerned:<\/p>\n<p>Subject to French law, the website www.artibermont.com is governed by law n\u00b0 2004-2005 of June 21, 2004 for confidence in the digital economy, article L.335-2 of the Intellectual Property Code and the law &#8220;Informatique et Libert\u00e9s&#8221; of January 6, 1978 amended in 2004.<\/p>\n<p>Personal data :<\/p>\n<p>You have the right to access and rectify your personal data collected on this site. You can exercise this right by email ( <a href=\"mailto:contact@artibermont.com\">contact@artibermont.com<\/a> ) or by post: Tibermont Antiquit\u00e9s, 252, boulevard Saint-Germain 75007 Paris. The data collected via the forms of the site are only used by Tibermont Antiquit\u00e9s and intended for the communication of information.<\/p>\n","protected":false},"excerpt":{"rendered":"<p>Legal Notice Company information: Official website of Tibermont Antiquit\u00e9s: www.artibermont.com The company: Legal form: Limited Liability Company (Sarl) Share capital: \u20ac5,000 SIRET: RCS PARIS 488 121 096 Intra-community VAT: FR 84488121096 Manager: David Folatre de Tibermont Head office address: 252, boulevard Saint-Germain 75007 Paris Email : contact@artibermont.com Le site www.artibermont.com a \u00e9t\u00e9 r\u00e9alis\u00e9 par la [&hellip;]<\/p>\n","protected":false},"author":1,"featured_media":0,"parent":0,"menu_order":0,"comment_status":"closed","ping_status":"closed","template":"","meta":{"_acf_changed":false,"footnotes":""},"class_list":["post-3311","page","type-page","status-publish","hentry"],"acf":[],"yoast_head":"<!-- This site is optimized with the Yoast SEO Premium plugin v19.2.1 (Yoast SEO v27.4) - https:\/\/yoast.com\/product\/yoast-seo-premium-wordpress\/ -->\n<title>Legal Notice &#8211; Tibermont<\/title>\n<meta name=\"description\" content=\"Tibermont antiquit\u00e9s est une boutique sp\u00e9cialis\u00e9e dans les oeuvres d&#039;art anciennes dans le 7e arrondissement de Paris. Venez d\u00e9couvrir nos oeuvres !\" \/>\n<meta name=\"robots\" content=\"index, follow, max-snippet:-1, max-image-preview:large, max-video-preview:-1\" \/>\n<link rel=\"canonical\" href=\"https:\/\/artibermont.com\/en\/legal-notice\/\" \/>\n<meta property=\"og:locale\" content=\"en_US\" \/>\n<meta property=\"og:type\" content=\"article\" \/>\n<meta property=\"og:title\" content=\"Legal Notice\" \/>\n<meta property=\"og:description\" content=\"Tibermont antiquit\u00e9s est une boutique sp\u00e9cialis\u00e9e dans les oeuvres d&#039;art anciennes dans le 7e arrondissement de Paris. Venez d\u00e9couvrir nos oeuvres !\" \/>\n<meta property=\"og:url\" content=\"https:\/\/artibermont.com\/en\/legal-notice\/\" \/>\n<meta property=\"og:site_name\" content=\"Tibermont\" \/>\n<meta property=\"article:modified_time\" content=\"2023-01-11T23:54:23+00:00\" \/>\n<meta name=\"twitter:card\" content=\"summary_large_image\" \/>\n<meta name=\"twitter:label1\" content=\"Est. reading time\" \/>\n\t<meta name=\"twitter:data1\" content=\"1 minute\" \/>\n<script type=\"application\/ld+json\" class=\"yoast-schema-graph\">{\"@context\":\"https:\\\/\\\/schema.org\",\"@graph\":[{\"@type\":\"WebPage\",\"@id\":\"https:\\\/\\\/artibermont.com\\\/en\\\/legal-notice\\\/\",\"url\":\"https:\\\/\\\/artibermont.com\\\/en\\\/legal-notice\\\/\",\"name\":\"Legal Notice &#8211; Tibermont\",\"isPartOf\":{\"@id\":\"https:\\\/\\\/artibermont.com\\\/en\\\/#website\"},\"datePublished\":\"2021-12-21T22:38:06+00:00\",\"dateModified\":\"2023-01-11T23:54:23+00:00\",\"description\":\"Tibermont antiquit\u00e9s est une boutique sp\u00e9cialis\u00e9e dans les oeuvres d'art anciennes dans le 7e arrondissement de Paris. Venez d\u00e9couvrir nos oeuvres !\",\"breadcrumb\":{\"@id\":\"https:\\\/\\\/artibermont.com\\\/en\\\/legal-notice\\\/#breadcrumb\"},\"inLanguage\":\"en-US\",\"potentialAction\":[{\"@type\":\"ReadAction\",\"target\":[\"https:\\\/\\\/artibermont.com\\\/en\\\/legal-notice\\\/\"]}]},{\"@type\":\"BreadcrumbList\",\"@id\":\"https:\\\/\\\/artibermont.com\\\/en\\\/legal-notice\\\/#breadcrumb\",\"itemListElement\":[{\"@type\":\"ListItem\",\"position\":1,\"name\":\"Accueil\",\"item\":\"https:\\\/\\\/artibermont.com\\\/en\\\/homepage\\\/\"},{\"@type\":\"ListItem\",\"position\":2,\"name\":\"Legal Notice\"}]},{\"@type\":\"WebSite\",\"@id\":\"https:\\\/\\\/artibermont.com\\\/en\\\/#website\",\"url\":\"https:\\\/\\\/artibermont.com\\\/en\\\/\",\"name\":\"Tibermont\",\"description\":\"252, boulevard Saint Germain, 75007 Paris\",\"publisher\":{\"@id\":\"https:\\\/\\\/artibermont.com\\\/en\\\/#organization\"},\"potentialAction\":[{\"@type\":\"SearchAction\",\"target\":{\"@type\":\"EntryPoint\",\"urlTemplate\":\"https:\\\/\\\/artibermont.com\\\/en\\\/?s={search_term_string}\"},\"query-input\":{\"@type\":\"PropertyValueSpecification\",\"valueRequired\":true,\"valueName\":\"search_term_string\"}}],\"inLanguage\":\"en-US\"},{\"@type\":\"Organization\",\"@id\":\"https:\\\/\\\/artibermont.com\\\/en\\\/#organization\",\"name\":\"Tibermont Antiquit\u00e9s\",\"url\":\"https:\\\/\\\/artibermont.com\\\/en\\\/\",\"logo\":{\"@type\":\"ImageObject\",\"inLanguage\":\"en-US\",\"@id\":\"https:\\\/\\\/artibermont.com\\\/en\\\/#\\\/schema\\\/logo\\\/image\\\/\",\"url\":\"https:\\\/\\\/artibermont.com\\\/wp-content\\\/uploads\\\/2021\\\/12\\\/Logo-TIBERMONT-white.png\",\"contentUrl\":\"https:\\\/\\\/artibermont.com\\\/wp-content\\\/uploads\\\/2021\\\/12\\\/Logo-TIBERMONT-white.png\",\"width\":713,\"height\":196,\"caption\":\"Tibermont Antiquit\u00e9s\"},\"image\":{\"@id\":\"https:\\\/\\\/artibermont.com\\\/en\\\/#\\\/schema\\\/logo\\\/image\\\/\"}}]}<\/script>\n<!-- \/ Yoast SEO Premium plugin. -->","yoast_head_json":{"title":"Legal Notice &#8211; Tibermont","description":"Tibermont antiquit\u00e9s est une boutique sp\u00e9cialis\u00e9e dans les oeuvres d'art anciennes dans le 7e arrondissement de Paris. Venez d\u00e9couvrir nos oeuvres !","robots":{"index":"index","follow":"follow","max-snippet":"max-snippet:-1","max-image-preview":"max-image-preview:large","max-video-preview":"max-video-preview:-1"},"canonical":"https:\/\/artibermont.com\/en\/legal-notice\/","og_locale":"en_US","og_type":"article","og_title":"Legal Notice","og_description":"Tibermont antiquit\u00e9s est une boutique sp\u00e9cialis\u00e9e dans les oeuvres d'art anciennes dans le 7e arrondissement de Paris. Venez d\u00e9couvrir nos oeuvres !","og_url":"https:\/\/artibermont.com\/en\/legal-notice\/","og_site_name":"Tibermont","article_modified_time":"2023-01-11T23:54:23+00:00","twitter_card":"summary_large_image","twitter_misc":{"Est. reading time":"1 minute"},"schema":{"@context":"https:\/\/schema.org","@graph":[{"@type":"WebPage","@id":"https:\/\/artibermont.com\/en\/legal-notice\/","url":"https:\/\/artibermont.com\/en\/legal-notice\/","name":"Legal Notice &#8211; Tibermont","isPartOf":{"@id":"https:\/\/artibermont.com\/en\/#website"},"datePublished":"2021-12-21T22:38:06+00:00","dateModified":"2023-01-11T23:54:23+00:00","description":"Tibermont antiquit\u00e9s est une boutique sp\u00e9cialis\u00e9e dans les oeuvres d'art anciennes dans le 7e arrondissement de Paris. Venez d\u00e9couvrir nos oeuvres !","breadcrumb":{"@id":"https:\/\/artibermont.com\/en\/legal-notice\/#breadcrumb"},"inLanguage":"en-US","potentialAction":[{"@type":"ReadAction","target":["https:\/\/artibermont.com\/en\/legal-notice\/"]}]},{"@type":"BreadcrumbList","@id":"https:\/\/artibermont.com\/en\/legal-notice\/#breadcrumb","itemListElement":[{"@type":"ListItem","position":1,"name":"Accueil","item":"https:\/\/artibermont.com\/en\/homepage\/"},{"@type":"ListItem","position":2,"name":"Legal Notice"}]},{"@type":"WebSite","@id":"https:\/\/artibermont.com\/en\/#website","url":"https:\/\/artibermont.com\/en\/","name":"Tibermont","description":"252, boulevard Saint Germain, 75007 Paris","publisher":{"@id":"https:\/\/artibermont.com\/en\/#organization"},"potentialAction":[{"@type":"SearchAction","target":{"@type":"EntryPoint","urlTemplate":"https:\/\/artibermont.com\/en\/?s={search_term_string}"},"query-input":{"@type":"PropertyValueSpecification","valueRequired":true,"valueName":"search_term_string"}}],"inLanguage":"en-US"},{"@type":"Organization","@id":"https:\/\/artibermont.com\/en\/#organization","name":"Tibermont Antiquit\u00e9s","url":"https:\/\/artibermont.com\/en\/","logo":{"@type":"ImageObject","inLanguage":"en-US","@id":"https:\/\/artibermont.com\/en\/#\/schema\/logo\/image\/","url":"https:\/\/artibermont.com\/wp-content\/uploads\/2021\/12\/Logo-TIBERMONT-white.png","contentUrl":"https:\/\/artibermont.com\/wp-content\/uploads\/2021\/12\/Logo-TIBERMONT-white.png","width":713,"height":196,"caption":"Tibermont Antiquit\u00e9s"},"image":{"@id":"https:\/\/artibermont.com\/en\/#\/schema\/logo\/image\/"}}]}},"_links":{"self":[{"href":"https:\/\/artibermont.com\/en\/wp-json\/wp\/v2\/pages\/3311","targetHints":{"allow":["GET"]}}],"collection":[{"href":"https:\/\/artibermont.com\/en\/wp-json\/wp\/v2\/pages"}],"about":[{"href":"https:\/\/artibermont.com\/en\/wp-json\/wp\/v2\/types\/page"}],"author":[{"embeddable":true,"href":"https:\/\/artibermont.com\/en\/wp-json\/wp\/v2\/users\/1"}],"replies":[{"embeddable":true,"href":"https:\/\/artibermont.com\/en\/wp-json\/wp\/v2\/comments?post=3311"}],"version-history":[{"count":4,"href":"https:\/\/artibermont.com\/en\/wp-json\/wp\/v2\/pages\/3311\/revisions"}],"predecessor-version":[{"id":4620,"href":"https:\/\/artibermont.com\/en\/wp-json\/wp\/v2\/pages\/3311\/revisions\/4620"}],"wp:attachment":[{"href":"https:\/\/artibermont.com\/en\/wp-json\/wp\/v2\/media?parent=3311"}],"curies":[{"name":"wp","href":"https:\/\/api.w.org\/{rel}","templated":true}]}}