{"id":3321,"date":"2021-12-17T00:36:35","date_gmt":"2021-12-16T23:36:35","guid":{"rendered":"https:\/\/artibermont.com\/ceramics-glassware\/"},"modified":"2025-03-27T19:23:51","modified_gmt":"2025-03-27T18:23:51","slug":"ceramics-glassware","status":"publish","type":"page","link":"https:\/\/artibermont.com\/en\/ceramics-glassware\/","title":{"rendered":"Ceramics &amp; Glassware"},"content":{"rendered":"\t\t<div data-elementor-type=\"wp-page\" data-elementor-id=\"3321\" class=\"elementor elementor-3321 elementor-54\" data-elementor-settings=\"{&quot;element_pack_global_tooltip_width&quot;:{&quot;unit&quot;:&quot;px&quot;,&quot;size&quot;:&quot;&quot;,&quot;sizes&quot;:[]},&quot;element_pack_global_tooltip_width_tablet&quot;:{&quot;unit&quot;:&quot;px&quot;,&quot;size&quot;:&quot;&quot;,&quot;sizes&quot;:[]},&quot;element_pack_global_tooltip_width_mobile&quot;:{&quot;unit&quot;:&quot;px&quot;,&quot;size&quot;:&quot;&quot;,&quot;sizes&quot;:[]},&quot;element_pack_global_tooltip_padding&quot;:{&quot;unit&quot;:&quot;px&quot;,&quot;top&quot;:&quot;&quot;,&quot;right&quot;:&quot;&quot;,&quot;bottom&quot;:&quot;&quot;,&quot;left&quot;:&quot;&quot;,&quot;isLinked&quot;:true},&quot;element_pack_global_tooltip_padding_tablet&quot;:{&quot;unit&quot;:&quot;px&quot;,&quot;top&quot;:&quot;&quot;,&quot;right&quot;:&quot;&quot;,&quot;bottom&quot;:&quot;&quot;,&quot;left&quot;:&quot;&quot;,&quot;isLinked&quot;:true},&quot;element_pack_global_tooltip_padding_mobile&quot;:{&quot;unit&quot;:&quot;px&quot;,&quot;top&quot;:&quot;&quot;,&quot;right&quot;:&quot;&quot;,&quot;bottom&quot;:&quot;&quot;,&quot;left&quot;:&quot;&quot;,&quot;isLinked&quot;:true},&quot;element_pack_global_tooltip_border_radius&quot;:{&quot;unit&quot;:&quot;px&quot;,&quot;top&quot;:&quot;&quot;,&quot;right&quot;:&quot;&quot;,&quot;bottom&quot;:&quot;&quot;,&quot;left&quot;:&quot;&quot;,&quot;isLinked&quot;:true},&quot;element_pack_global_tooltip_border_radius_tablet&quot;:{&quot;unit&quot;:&quot;px&quot;,&quot;top&quot;:&quot;&quot;,&quot;right&quot;:&quot;&quot;,&quot;bottom&quot;:&quot;&quot;,&quot;left&quot;:&quot;&quot;,&quot;isLinked&quot;:true},&quot;element_pack_global_tooltip_border_radius_mobile&quot;:{&quot;unit&quot;:&quot;px&quot;,&quot;top&quot;:&quot;&quot;,&quot;right&quot;:&quot;&quot;,&quot;bottom&quot;:&quot;&quot;,&quot;left&quot;:&quot;&quot;,&quot;isLinked&quot;:true}}\" data-elementor-post-type=\"page\">\n\t\t\t\t\t\t<section class=\"elementor-section elementor-top-section elementor-element elementor-element-4e47758 elementor-section-boxed elementor-section-height-default elementor-section-height-default\" data-id=\"4e47758\" data-element_type=\"section\">\n\t\t\t\t\t\t<div class=\"elementor-container elementor-column-gap-default\">\n\t\t\t\t\t<div class=\"elementor-column elementor-col-100 elementor-top-column elementor-element elementor-element-80f1dfc\" data-id=\"80f1dfc\" data-element_type=\"column\">\n\t\t\t<div class=\"elementor-widget-wrap elementor-element-populated\">\n\t\t\t\t\t\t\t<\/div>\n\t\t<\/div>\n\t\t\t\t\t<\/div>\n\t\t<\/section>\n\t\t\t\t<\/div>\n\t\t","protected":false},"excerpt":{"rendered":"","protected":false},"author":1,"featured_media":0,"parent":0,"menu_order":2,"comment_status":"closed","ping_status":"closed","template":"","meta":{"_acf_changed":false,"footnotes":""},"class_list":["post-3321","page","type-page","status-publish","hentry"],"acf":[],"yoast_head":"<!-- This site is optimized with the Yoast SEO Premium plugin v19.2.1 (Yoast SEO v27.3) - https:\/\/yoast.com\/product\/yoast-seo-premium-wordpress\/ -->\n<title>Ceramics &amp; Glassware &#8211; Tibermont<\/title>\n<meta name=\"description\" content=\"Tibermont antiquit\u00e9s est une boutique sp\u00e9cialis\u00e9e dans les oeuvres d&#039;art anciennes dans le 7e arrondissement de Paris. Venez d\u00e9couvrir nos oeuvres !\" \/>\n<meta name=\"robots\" content=\"index, follow, max-snippet:-1, max-image-preview:large, max-video-preview:-1\" \/>\n<link rel=\"canonical\" href=\"https:\/\/artibermont.com\/en\/ceramics-glassware\/\" \/>\n<meta property=\"og:locale\" content=\"en_US\" \/>\n<meta property=\"og:type\" content=\"article\" \/>\n<meta property=\"og:title\" content=\"Ceramics &amp; Glassware\" \/>\n<meta property=\"og:description\" content=\"Tibermont antiquit\u00e9s est une boutique sp\u00e9cialis\u00e9e dans les oeuvres d&#039;art anciennes dans le 7e arrondissement de Paris. Venez d\u00e9couvrir nos oeuvres !\" \/>\n<meta property=\"og:url\" content=\"https:\/\/artibermont.com\/en\/ceramics-glassware\/\" \/>\n<meta property=\"og:site_name\" content=\"Tibermont\" \/>\n<meta property=\"article:modified_time\" content=\"2025-03-27T18:23:51+00:00\" \/>\n<meta name=\"twitter:card\" content=\"summary_large_image\" \/>\n<script type=\"application\/ld+json\" class=\"yoast-schema-graph\">{\"@context\":\"https:\\\/\\\/schema.org\",\"@graph\":[{\"@type\":\"WebPage\",\"@id\":\"https:\\\/\\\/artibermont.com\\\/en\\\/ceramics-glassware\\\/\",\"url\":\"https:\\\/\\\/artibermont.com\\\/en\\\/ceramics-glassware\\\/\",\"name\":\"Ceramics &amp; Glassware &#8211; Tibermont\",\"isPartOf\":{\"@id\":\"https:\\\/\\\/artibermont.com\\\/en\\\/#website\"},\"datePublished\":\"2021-12-16T23:36:35+00:00\",\"dateModified\":\"2025-03-27T18:23:51+00:00\",\"description\":\"Tibermont antiquit\u00e9s est une boutique sp\u00e9cialis\u00e9e dans les oeuvres d'art anciennes dans le 7e arrondissement de Paris. Venez d\u00e9couvrir nos oeuvres !\",\"breadcrumb\":{\"@id\":\"https:\\\/\\\/artibermont.com\\\/en\\\/ceramics-glassware\\\/#breadcrumb\"},\"inLanguage\":\"en-US\",\"potentialAction\":[{\"@type\":\"ReadAction\",\"target\":[\"https:\\\/\\\/artibermont.com\\\/en\\\/ceramics-glassware\\\/\"]}]},{\"@type\":\"BreadcrumbList\",\"@id\":\"https:\\\/\\\/artibermont.com\\\/en\\\/ceramics-glassware\\\/#breadcrumb\",\"itemListElement\":[{\"@type\":\"ListItem\",\"position\":1,\"name\":\"Accueil\",\"item\":\"https:\\\/\\\/artibermont.com\\\/en\\\/homepage\\\/\"},{\"@type\":\"ListItem\",\"position\":2,\"name\":\"Ceramics &amp; Glassware\"}]},{\"@type\":\"WebSite\",\"@id\":\"https:\\\/\\\/artibermont.com\\\/en\\\/#website\",\"url\":\"https:\\\/\\\/artibermont.com\\\/en\\\/\",\"name\":\"Tibermont\",\"description\":\"252, boulevard Saint Germain, 75007 Paris\",\"publisher\":{\"@id\":\"https:\\\/\\\/artibermont.com\\\/en\\\/#organization\"},\"potentialAction\":[{\"@type\":\"SearchAction\",\"target\":{\"@type\":\"EntryPoint\",\"urlTemplate\":\"https:\\\/\\\/artibermont.com\\\/en\\\/?s={search_term_string}\"},\"query-input\":{\"@type\":\"PropertyValueSpecification\",\"valueRequired\":true,\"valueName\":\"search_term_string\"}}],\"inLanguage\":\"en-US\"},{\"@type\":\"Organization\",\"@id\":\"https:\\\/\\\/artibermont.com\\\/en\\\/#organization\",\"name\":\"Tibermont Antiquit\u00e9s\",\"url\":\"https:\\\/\\\/artibermont.com\\\/en\\\/\",\"logo\":{\"@type\":\"ImageObject\",\"inLanguage\":\"en-US\",\"@id\":\"https:\\\/\\\/artibermont.com\\\/en\\\/#\\\/schema\\\/logo\\\/image\\\/\",\"url\":\"https:\\\/\\\/artibermont.com\\\/wp-content\\\/uploads\\\/2021\\\/12\\\/Logo-TIBERMONT-white.png\",\"contentUrl\":\"https:\\\/\\\/artibermont.com\\\/wp-content\\\/uploads\\\/2021\\\/12\\\/Logo-TIBERMONT-white.png\",\"width\":713,\"height\":196,\"caption\":\"Tibermont Antiquit\u00e9s\"},\"image\":{\"@id\":\"https:\\\/\\\/artibermont.com\\\/en\\\/#\\\/schema\\\/logo\\\/image\\\/\"}}]}<\/script>\n<!-- \/ Yoast SEO Premium plugin. -->","yoast_head_json":{"title":"Ceramics &amp; Glassware &#8211; Tibermont","description":"Tibermont antiquit\u00e9s est une boutique sp\u00e9cialis\u00e9e dans les oeuvres d'art anciennes dans le 7e arrondissement de Paris. Venez d\u00e9couvrir nos oeuvres !","robots":{"index":"index","follow":"follow","max-snippet":"max-snippet:-1","max-image-preview":"max-image-preview:large","max-video-preview":"max-video-preview:-1"},"canonical":"https:\/\/artibermont.com\/en\/ceramics-glassware\/","og_locale":"en_US","og_type":"article","og_title":"Ceramics &amp; Glassware","og_description":"Tibermont antiquit\u00e9s est une boutique sp\u00e9cialis\u00e9e dans les oeuvres d'art anciennes dans le 7e arrondissement de Paris. Venez d\u00e9couvrir nos oeuvres !","og_url":"https:\/\/artibermont.com\/en\/ceramics-glassware\/","og_site_name":"Tibermont","article_modified_time":"2025-03-27T18:23:51+00:00","twitter_card":"summary_large_image","schema":{"@context":"https:\/\/schema.org","@graph":[{"@type":"WebPage","@id":"https:\/\/artibermont.com\/en\/ceramics-glassware\/","url":"https:\/\/artibermont.com\/en\/ceramics-glassware\/","name":"Ceramics &amp; Glassware &#8211; Tibermont","isPartOf":{"@id":"https:\/\/artibermont.com\/en\/#website"},"datePublished":"2021-12-16T23:36:35+00:00","dateModified":"2025-03-27T18:23:51+00:00","description":"Tibermont antiquit\u00e9s est une boutique sp\u00e9cialis\u00e9e dans les oeuvres d'art anciennes dans le 7e arrondissement de Paris. Venez d\u00e9couvrir nos oeuvres !","breadcrumb":{"@id":"https:\/\/artibermont.com\/en\/ceramics-glassware\/#breadcrumb"},"inLanguage":"en-US","potentialAction":[{"@type":"ReadAction","target":["https:\/\/artibermont.com\/en\/ceramics-glassware\/"]}]},{"@type":"BreadcrumbList","@id":"https:\/\/artibermont.com\/en\/ceramics-glassware\/#breadcrumb","itemListElement":[{"@type":"ListItem","position":1,"name":"Accueil","item":"https:\/\/artibermont.com\/en\/homepage\/"},{"@type":"ListItem","position":2,"name":"Ceramics &amp; Glassware"}]},{"@type":"WebSite","@id":"https:\/\/artibermont.com\/en\/#website","url":"https:\/\/artibermont.com\/en\/","name":"Tibermont","description":"252, boulevard Saint Germain, 75007 Paris","publisher":{"@id":"https:\/\/artibermont.com\/en\/#organization"},"potentialAction":[{"@type":"SearchAction","target":{"@type":"EntryPoint","urlTemplate":"https:\/\/artibermont.com\/en\/?s={search_term_string}"},"query-input":{"@type":"PropertyValueSpecification","valueRequired":true,"valueName":"search_term_string"}}],"inLanguage":"en-US"},{"@type":"Organization","@id":"https:\/\/artibermont.com\/en\/#organization","name":"Tibermont Antiquit\u00e9s","url":"https:\/\/artibermont.com\/en\/","logo":{"@type":"ImageObject","inLanguage":"en-US","@id":"https:\/\/artibermont.com\/en\/#\/schema\/logo\/image\/","url":"https:\/\/artibermont.com\/wp-content\/uploads\/2021\/12\/Logo-TIBERMONT-white.png","contentUrl":"https:\/\/artibermont.com\/wp-content\/uploads\/2021\/12\/Logo-TIBERMONT-white.png","width":713,"height":196,"caption":"Tibermont Antiquit\u00e9s"},"image":{"@id":"https:\/\/artibermont.com\/en\/#\/schema\/logo\/image\/"}}]}},"_links":{"self":[{"href":"https:\/\/artibermont.com\/en\/wp-json\/wp\/v2\/pages\/3321","targetHints":{"allow":["GET"]}}],"collection":[{"href":"https:\/\/artibermont.com\/en\/wp-json\/wp\/v2\/pages"}],"about":[{"href":"https:\/\/artibermont.com\/en\/wp-json\/wp\/v2\/types\/page"}],"author":[{"embeddable":true,"href":"https:\/\/artibermont.com\/en\/wp-json\/wp\/v2\/users\/1"}],"replies":[{"embeddable":true,"href":"https:\/\/artibermont.com\/en\/wp-json\/wp\/v2\/comments?post=3321"}],"version-history":[{"count":1,"href":"https:\/\/artibermont.com\/en\/wp-json\/wp\/v2\/pages\/3321\/revisions"}],"predecessor-version":[{"id":3322,"href":"https:\/\/artibermont.com\/en\/wp-json\/wp\/v2\/pages\/3321\/revisions\/3322"}],"wp:attachment":[{"href":"https:\/\/artibermont.com\/en\/wp-json\/wp\/v2\/media?parent=3321"}],"curies":[{"name":"wp","href":"https:\/\/api.w.org\/{rel}","templated":true}]}}