{"id":3297,"date":"2022-04-04T07:10:57","date_gmt":"2022-04-04T05:10:57","guid":{"rendered":"https:\/\/artibermont.com\/produit\/manufacture-of-sevres-founded-in-1756-by-madame-de-pompadour\/"},"modified":"2023-01-13T00:02:29","modified_gmt":"2023-01-12T23:02:29","slug":"manufacture-of-sevres-coupe-in-porcelain","status":"publish","type":"product","link":"https:\/\/artibermont.com\/en\/product\/manufacture-of-sevres-coupe-in-porcelain\/","title":{"rendered":"Manufacture of S\u00e8vres Coupe in porcelain of Sevres mounted with gilded bronze with floral decor"},"content":{"rendered":"<p><strong>Manufacture de S\u00e8vres<\/strong> (Fond\u00e9e en 1756 par Madame de Pompadour)<\/p>\n<p>Coupe in porcelain of S\u00e8vres mounted with gilded bronze with floral decor The interior decoration of the cup represents intertwined flowers and the exterior geometric figures with a wreath of flowering foliage.<\/p>\n<p>Signed: S\u00e8vres in golden letters on the top and in the center in blue two intertwined letters with a fleur-de-lys in the center and inscribed s\u00e8vres below then dated 25 below.<br \/>\nDated : 1825<br \/>\nDimensions : 25 (h) x 44 (w) x 31.5 (l) cm<\/p>\n","protected":false},"excerpt":{"rendered":"<p>Manufacture de S\u00e8vres (Fond\u00e9e en 1756 par Madame de Pompadour) Coupe in porcelain of S\u00e8vres mounted with gilded bronze with floral decor The interior decoration of the cup represents intertwined flowers and the exterior geometric figures with a wreath of flowering foliage. Signed: S\u00e8vres in golden letters on the top and in the center in [&hellip;]<\/p>\n","protected":false},"featured_media":8568,"comment_status":"closed","ping_status":"closed","template":"","meta":{"_acf_changed":false},"product_brand":[],"product_cat":[66],"product_tag":[],"class_list":{"0":"post-3297","1":"product","2":"type-product","3":"status-publish","4":"has-post-thumbnail","6":"product_cat-ceramics-and-glassware","8":"first","9":"instock","10":"taxable","11":"shipping-taxable","12":"purchasable","13":"product-type-simple"},"acf":[],"yoast_head":"<!-- This site is optimized with the Yoast SEO Premium plugin v19.2.1 (Yoast SEO v27.3) - https:\/\/yoast.com\/product\/yoast-seo-premium-wordpress\/ -->\n<title>Manufacture of S\u00e8vres Coupe in porcelain of Sevres mounted with gilded bronze with floral decor &#8211; Tibermont<\/title>\n<meta name=\"robots\" content=\"index, follow, max-snippet:-1, max-image-preview:large, max-video-preview:-1\" \/>\n<link rel=\"canonical\" href=\"https:\/\/artibermont.com\/en\/product\/manufacture-of-sevres-coupe-in-porcelain\/\" \/>\n<meta property=\"og:locale\" content=\"en_US\" \/>\n<meta property=\"og:type\" content=\"article\" \/>\n<meta property=\"og:title\" content=\"Manufacture of S\u00e8vres Coupe in porcelain of Sevres mounted with gilded bronze with floral decor\" \/>\n<meta property=\"og:description\" content=\"Manufacture de S\u00e8vres (Fond\u00e9e en 1756 par Madame de Pompadour) Coupe in porcelain of S\u00e8vres mounted with gilded bronze with floral decor The interior decoration of the cup represents intertwined flowers and the exterior geometric figures with a wreath of flowering foliage. Signed: S\u00e8vres in golden letters on the top and in the center in [&hellip;]\" \/>\n<meta property=\"og:url\" content=\"https:\/\/artibermont.com\/en\/product\/manufacture-of-sevres-coupe-in-porcelain\/\" \/>\n<meta property=\"og:site_name\" content=\"Tibermont\" \/>\n<meta property=\"article:modified_time\" content=\"2023-01-12T23:02:29+00:00\" \/>\n<meta name=\"twitter:card\" content=\"summary_large_image\" \/>\n<script type=\"application\/ld+json\" class=\"yoast-schema-graph\">{\"@context\":\"https:\\\/\\\/schema.org\",\"@graph\":[{\"@type\":\"WebPage\",\"@id\":\"https:\\\/\\\/artibermont.com\\\/en\\\/product\\\/manufacture-of-sevres-coupe-in-porcelain\\\/\",\"url\":\"https:\\\/\\\/artibermont.com\\\/en\\\/product\\\/manufacture-of-sevres-coupe-in-porcelain\\\/\",\"name\":\"Manufacture of S\u00e8vres Coupe in porcelain of Sevres mounted with gilded bronze with floral decor &#8211; Tibermont\",\"isPartOf\":{\"@id\":\"https:\\\/\\\/artibermont.com\\\/en\\\/#website\"},\"primaryImageOfPage\":{\"@id\":\"https:\\\/\\\/artibermont.com\\\/en\\\/product\\\/manufacture-of-sevres-coupe-in-porcelain\\\/#primaryimage\"},\"image\":{\"@id\":\"https:\\\/\\\/artibermont.com\\\/en\\\/product\\\/manufacture-of-sevres-coupe-in-porcelain\\\/#primaryimage\"},\"thumbnailUrl\":\"https:\\\/\\\/artibermont.com\\\/wp-content\\\/uploads\\\/2022\\\/04\\\/TA1600003-0MD-scaled.jpg\",\"datePublished\":\"2022-04-04T05:10:57+00:00\",\"dateModified\":\"2023-01-12T23:02:29+00:00\",\"breadcrumb\":{\"@id\":\"https:\\\/\\\/artibermont.com\\\/en\\\/product\\\/manufacture-of-sevres-coupe-in-porcelain\\\/#breadcrumb\"},\"inLanguage\":\"en-US\",\"potentialAction\":[{\"@type\":\"ReadAction\",\"target\":[\"https:\\\/\\\/artibermont.com\\\/en\\\/product\\\/manufacture-of-sevres-coupe-in-porcelain\\\/\"]}]},{\"@type\":\"ImageObject\",\"inLanguage\":\"en-US\",\"@id\":\"https:\\\/\\\/artibermont.com\\\/en\\\/product\\\/manufacture-of-sevres-coupe-in-porcelain\\\/#primaryimage\",\"url\":\"https:\\\/\\\/artibermont.com\\\/wp-content\\\/uploads\\\/2022\\\/04\\\/TA1600003-0MD-scaled.jpg\",\"contentUrl\":\"https:\\\/\\\/artibermont.com\\\/wp-content\\\/uploads\\\/2022\\\/04\\\/TA1600003-0MD-scaled.jpg\"},{\"@type\":\"BreadcrumbList\",\"@id\":\"https:\\\/\\\/artibermont.com\\\/en\\\/product\\\/manufacture-of-sevres-coupe-in-porcelain\\\/#breadcrumb\",\"itemListElement\":[{\"@type\":\"ListItem\",\"position\":1,\"name\":\"Accueil\",\"item\":\"https:\\\/\\\/artibermont.com\\\/en\\\/homepage\\\/\"},{\"@type\":\"ListItem\",\"position\":2,\"name\":\"Shop\",\"item\":\"https:\\\/\\\/artibermont.com\\\/en\\\/shop\\\/\"},{\"@type\":\"ListItem\",\"position\":3,\"name\":\"Manufacture of S\u00e8vres Coupe in porcelain of Sevres mounted with gilded bronze with floral decor\"}]},{\"@type\":\"WebSite\",\"@id\":\"https:\\\/\\\/artibermont.com\\\/en\\\/#website\",\"url\":\"https:\\\/\\\/artibermont.com\\\/en\\\/\",\"name\":\"Tibermont\",\"description\":\"252, boulevard Saint Germain, 75007 Paris\",\"publisher\":{\"@id\":\"https:\\\/\\\/artibermont.com\\\/en\\\/#organization\"},\"potentialAction\":[{\"@type\":\"SearchAction\",\"target\":{\"@type\":\"EntryPoint\",\"urlTemplate\":\"https:\\\/\\\/artibermont.com\\\/en\\\/?s={search_term_string}\"},\"query-input\":{\"@type\":\"PropertyValueSpecification\",\"valueRequired\":true,\"valueName\":\"search_term_string\"}}],\"inLanguage\":\"en-US\"},{\"@type\":\"Organization\",\"@id\":\"https:\\\/\\\/artibermont.com\\\/en\\\/#organization\",\"name\":\"Tibermont Antiquit\u00e9s\",\"url\":\"https:\\\/\\\/artibermont.com\\\/en\\\/\",\"logo\":{\"@type\":\"ImageObject\",\"inLanguage\":\"en-US\",\"@id\":\"https:\\\/\\\/artibermont.com\\\/en\\\/#\\\/schema\\\/logo\\\/image\\\/\",\"url\":\"https:\\\/\\\/artibermont.com\\\/wp-content\\\/uploads\\\/2021\\\/12\\\/Logo-TIBERMONT-white.png\",\"contentUrl\":\"https:\\\/\\\/artibermont.com\\\/wp-content\\\/uploads\\\/2021\\\/12\\\/Logo-TIBERMONT-white.png\",\"width\":713,\"height\":196,\"caption\":\"Tibermont Antiquit\u00e9s\"},\"image\":{\"@id\":\"https:\\\/\\\/artibermont.com\\\/en\\\/#\\\/schema\\\/logo\\\/image\\\/\"}}]}<\/script>\n<!-- \/ Yoast SEO Premium plugin. -->","yoast_head_json":{"title":"Manufacture of S\u00e8vres Coupe in porcelain of Sevres mounted with gilded bronze with floral decor &#8211; Tibermont","robots":{"index":"index","follow":"follow","max-snippet":"max-snippet:-1","max-image-preview":"max-image-preview:large","max-video-preview":"max-video-preview:-1"},"canonical":"https:\/\/artibermont.com\/en\/product\/manufacture-of-sevres-coupe-in-porcelain\/","og_locale":"en_US","og_type":"article","og_title":"Manufacture of S\u00e8vres Coupe in porcelain of Sevres mounted with gilded bronze with floral decor","og_description":"Manufacture de S\u00e8vres (Fond\u00e9e en 1756 par Madame de Pompadour) Coupe in porcelain of S\u00e8vres mounted with gilded bronze with floral decor The interior decoration of the cup represents intertwined flowers and the exterior geometric figures with a wreath of flowering foliage. Signed: S\u00e8vres in golden letters on the top and in the center in [&hellip;]","og_url":"https:\/\/artibermont.com\/en\/product\/manufacture-of-sevres-coupe-in-porcelain\/","og_site_name":"Tibermont","article_modified_time":"2023-01-12T23:02:29+00:00","twitter_card":"summary_large_image","schema":{"@context":"https:\/\/schema.org","@graph":[{"@type":"WebPage","@id":"https:\/\/artibermont.com\/en\/product\/manufacture-of-sevres-coupe-in-porcelain\/","url":"https:\/\/artibermont.com\/en\/product\/manufacture-of-sevres-coupe-in-porcelain\/","name":"Manufacture of S\u00e8vres Coupe in porcelain of Sevres mounted with gilded bronze with floral decor &#8211; Tibermont","isPartOf":{"@id":"https:\/\/artibermont.com\/en\/#website"},"primaryImageOfPage":{"@id":"https:\/\/artibermont.com\/en\/product\/manufacture-of-sevres-coupe-in-porcelain\/#primaryimage"},"image":{"@id":"https:\/\/artibermont.com\/en\/product\/manufacture-of-sevres-coupe-in-porcelain\/#primaryimage"},"thumbnailUrl":"https:\/\/artibermont.com\/wp-content\/uploads\/2022\/04\/TA1600003-0MD-scaled.jpg","datePublished":"2022-04-04T05:10:57+00:00","dateModified":"2023-01-12T23:02:29+00:00","breadcrumb":{"@id":"https:\/\/artibermont.com\/en\/product\/manufacture-of-sevres-coupe-in-porcelain\/#breadcrumb"},"inLanguage":"en-US","potentialAction":[{"@type":"ReadAction","target":["https:\/\/artibermont.com\/en\/product\/manufacture-of-sevres-coupe-in-porcelain\/"]}]},{"@type":"ImageObject","inLanguage":"en-US","@id":"https:\/\/artibermont.com\/en\/product\/manufacture-of-sevres-coupe-in-porcelain\/#primaryimage","url":"https:\/\/artibermont.com\/wp-content\/uploads\/2022\/04\/TA1600003-0MD-scaled.jpg","contentUrl":"https:\/\/artibermont.com\/wp-content\/uploads\/2022\/04\/TA1600003-0MD-scaled.jpg"},{"@type":"BreadcrumbList","@id":"https:\/\/artibermont.com\/en\/product\/manufacture-of-sevres-coupe-in-porcelain\/#breadcrumb","itemListElement":[{"@type":"ListItem","position":1,"name":"Accueil","item":"https:\/\/artibermont.com\/en\/homepage\/"},{"@type":"ListItem","position":2,"name":"Shop","item":"https:\/\/artibermont.com\/en\/shop\/"},{"@type":"ListItem","position":3,"name":"Manufacture of S\u00e8vres Coupe in porcelain of Sevres mounted with gilded bronze with floral decor"}]},{"@type":"WebSite","@id":"https:\/\/artibermont.com\/en\/#website","url":"https:\/\/artibermont.com\/en\/","name":"Tibermont","description":"252, boulevard Saint Germain, 75007 Paris","publisher":{"@id":"https:\/\/artibermont.com\/en\/#organization"},"potentialAction":[{"@type":"SearchAction","target":{"@type":"EntryPoint","urlTemplate":"https:\/\/artibermont.com\/en\/?s={search_term_string}"},"query-input":{"@type":"PropertyValueSpecification","valueRequired":true,"valueName":"search_term_string"}}],"inLanguage":"en-US"},{"@type":"Organization","@id":"https:\/\/artibermont.com\/en\/#organization","name":"Tibermont Antiquit\u00e9s","url":"https:\/\/artibermont.com\/en\/","logo":{"@type":"ImageObject","inLanguage":"en-US","@id":"https:\/\/artibermont.com\/en\/#\/schema\/logo\/image\/","url":"https:\/\/artibermont.com\/wp-content\/uploads\/2021\/12\/Logo-TIBERMONT-white.png","contentUrl":"https:\/\/artibermont.com\/wp-content\/uploads\/2021\/12\/Logo-TIBERMONT-white.png","width":713,"height":196,"caption":"Tibermont Antiquit\u00e9s"},"image":{"@id":"https:\/\/artibermont.com\/en\/#\/schema\/logo\/image\/"}}]}},"_links":{"self":[{"href":"https:\/\/artibermont.com\/en\/wp-json\/wp\/v2\/product\/3297","targetHints":{"allow":["GET"]}}],"collection":[{"href":"https:\/\/artibermont.com\/en\/wp-json\/wp\/v2\/product"}],"about":[{"href":"https:\/\/artibermont.com\/en\/wp-json\/wp\/v2\/types\/product"}],"replies":[{"embeddable":true,"href":"https:\/\/artibermont.com\/en\/wp-json\/wp\/v2\/comments?post=3297"}],"version-history":[{"count":1,"href":"https:\/\/artibermont.com\/en\/wp-json\/wp\/v2\/product\/3297\/revisions"}],"predecessor-version":[{"id":4623,"href":"https:\/\/artibermont.com\/en\/wp-json\/wp\/v2\/product\/3297\/revisions\/4623"}],"wp:featuredmedia":[{"embeddable":true,"href":"https:\/\/artibermont.com\/en\/wp-json\/wp\/v2\/media\/8568"}],"wp:attachment":[{"href":"https:\/\/artibermont.com\/en\/wp-json\/wp\/v2\/media?parent=3297"}],"wp:term":[{"taxonomy":"product_brand","embeddable":true,"href":"https:\/\/artibermont.com\/en\/wp-json\/wp\/v2\/product_brand?post=3297"},{"taxonomy":"product_cat","embeddable":true,"href":"https:\/\/artibermont.com\/en\/wp-json\/wp\/v2\/product_cat?post=3297"},{"taxonomy":"product_tag","embeddable":true,"href":"https:\/\/artibermont.com\/en\/wp-json\/wp\/v2\/product_tag?post=3297"}],"curies":[{"name":"wp","href":"https:\/\/api.w.org\/{rel}","templated":true}]}}