{"id":3679,"date":"2022-04-04T07:10:12","date_gmt":"2022-04-04T05:10:12","guid":{"rendered":"https:\/\/artibermont.com\/produit\/auguste-clesinger-1814-1883-phryne-in-front-of-the-areopagus\/"},"modified":"2022-08-22T00:56:06","modified_gmt":"2022-08-21T22:56:06","slug":"clesinger-auguste-phryne-2","status":"publish","type":"product","link":"https:\/\/artibermont.com\/en\/product\/clesinger-auguste-phryne-2\/","title":{"rendered":"Auguste Cl\u00e9singer (1814-1883) &#8211; Phryne in front of the Areopagus"},"content":{"rendered":"<p><strong>Jean-Baptiste Cl\u00e9singer also known as Auguste Cl\u00e9singer<\/strong><br \/>\nBesan\u00e7on, 1814 &#8211; Paris, 1883<\/p>\n<p>&#8220;Phryne in front of the Areopagus&#8221;<\/p>\n<p>Carrare marble<br \/>\nSigned : J Cl\u00e9singer<br \/>\nDated : 1875<br \/>\nHeight : 171 cm<\/p>\n<p>Phryne (in ancient greek \u03a6\u03c1\u03cd\u03bd\u03b7, literally &#8220;toad&#8221;, because of her yellowish skintone) is a hetaira, famous greek courtesan of the 6th century BCE. Born in Mnesarete (&#8221; the one who remember the virtue&#8221;) in Thespiae, in Boeotia, she goes to Athens where she become a hetaira. She will have as lovers many men, the most distinguished of this time. The sculptor Praxiteles who, according to Athenaeus and Pliny the elder, used her for his model of Aphrodite of Cnidus. Athenaeus add the paintor Apelles, who used her as his model for Aphrodite Anadyomene.<br \/>\nShe&#8217;s famous for her high prices, according to the comical poet Machon. the scholiast of v. 149 of Ploutos of Aristophane talk about a price of 10 000 drachmes, a talent. Still according to Machon, her prices varies as her moods She acumulated riches, accorditing to Callistrate she had offer to build the walls of Thebes. The offer was refused<br \/>\nShe&#8217;s the organizer of a religious brotherhood devoted to the cult of the god Isodaetes. She&#8217;s accused by one of her lover of introducing a foreign deity in Athens and to corrupt the young girls. She&#8217;s defended by Hyperide one of her lover. According to Athenaeus he knew that it was a lost cause and had riped the tunic of Phryne revealing to the heliastae her chest : she&#8217;s acquitted and transported in triumph in the temple of Aphrodite.<br \/>\nAccording to Elien, the Greeks had erect on a column, in Delphi, a statue of Phryne. Athenaeus of Naucratis precise that it&#8217;s the work of Praxiteles Plutarc says that it&#8217;s the work of Praxiteles in the sanctuary of Apollo at Delphi.<br \/>\n(Bibliography : wilkipedia.fr)<\/p>\n<p>Provenance :<br \/>\n2017: Tibermont Gallery (Paris)<br \/>\n1914-2017 : Mr. Rives collection (France)<br \/>\n1923: acquisition by Mr. Rives in the sale of the Cl\u00e9singer workshop in the Drouot hotel of Paris<br \/>\n1916 -1923: Mr. Jean de Gourmont collection by inheritance (France)<br \/>\n1883-1916: Ms. Berthe de Courri\u00e8re by inheritance (France)<br \/>\n1874-1883: Jean-Baptiste Cl\u00e9signer (France)<\/p>\n","protected":false},"excerpt":{"rendered":"<p>Jean-Baptiste Cl\u00e9singer also known as Auguste Cl\u00e9singer Besan\u00e7on, 1814 &#8211; Paris, 1883 &#8220;Phryne in front of the Areopagus&#8221; Carrare marble Signed : J Cl\u00e9singer Dated : 1875 Height : 171 cm Phryne (in ancient greek \u03a6\u03c1\u03cd\u03bd\u03b7, literally &#8220;toad&#8221;, because of her yellowish skintone) is a hetaira, famous greek courtesan of the 6th century BCE. Born [&hellip;]<\/p>\n","protected":false},"featured_media":9054,"comment_status":"closed","ping_status":"closed","template":"","meta":{"_acf_changed":false},"product_brand":[],"product_cat":[85],"product_tag":[],"class_list":{"0":"post-3679","1":"product","2":"type-product","3":"status-publish","4":"has-post-thumbnail","6":"product_cat-sculptures-and-works-of-arts-en","8":"first","9":"instock","10":"taxable","11":"shipping-taxable","12":"purchasable","13":"product-type-simple"},"acf":[],"yoast_head":"<!-- This site is optimized with the Yoast SEO Premium plugin v19.2.1 (Yoast SEO v27.4) - https:\/\/yoast.com\/product\/yoast-seo-premium-wordpress\/ -->\n<title>Auguste Cl\u00e9singer (1814-1883) - Phryne in front of the Areopagus &#8211; Tibermont<\/title>\n<meta name=\"robots\" content=\"index, follow, max-snippet:-1, max-image-preview:large, max-video-preview:-1\" \/>\n<link rel=\"canonical\" href=\"https:\/\/artibermont.com\/en\/product\/clesinger-auguste-phryne-2\/\" \/>\n<meta property=\"og:locale\" content=\"en_US\" \/>\n<meta property=\"og:type\" content=\"article\" \/>\n<meta property=\"og:title\" content=\"Auguste Cl\u00e9singer (1814-1883) - Phryne in front of the Areopagus\" \/>\n<meta property=\"og:description\" content=\"Jean-Baptiste Cl\u00e9singer also known as Auguste Cl\u00e9singer Besan\u00e7on, 1814 &#8211; Paris, 1883 &#8220;Phryne in front of the Areopagus&#8221; Carrare marble Signed : J Cl\u00e9singer Dated : 1875 Height : 171 cm Phryne (in ancient greek \u03a6\u03c1\u03cd\u03bd\u03b7, literally &#8220;toad&#8221;, because of her yellowish skintone) is a hetaira, famous greek courtesan of the 6th century BCE. Born [&hellip;]\" \/>\n<meta property=\"og:url\" content=\"https:\/\/artibermont.com\/en\/product\/clesinger-auguste-phryne-2\/\" \/>\n<meta property=\"og:site_name\" content=\"Tibermont\" \/>\n<meta property=\"article:modified_time\" content=\"2022-08-21T22:56:06+00:00\" \/>\n<meta property=\"og:image\" content=\"https:\/\/artibermont.com\/wp-content\/uploads\/2022\/04\/TA2100104-0BBD.jpg\" \/>\n\t<meta property=\"og:image:width\" content=\"1068\" \/>\n\t<meta property=\"og:image:height\" content=\"1600\" \/>\n\t<meta property=\"og:image:type\" content=\"image\/jpeg\" \/>\n<meta name=\"twitter:card\" content=\"summary_large_image\" \/>\n<meta name=\"twitter:label1\" content=\"Est. reading time\" \/>\n\t<meta name=\"twitter:data1\" content=\"2 minutes\" \/>\n<script type=\"application\/ld+json\" class=\"yoast-schema-graph\">{\"@context\":\"https:\\\/\\\/schema.org\",\"@graph\":[{\"@type\":\"WebPage\",\"@id\":\"https:\\\/\\\/artibermont.com\\\/en\\\/product\\\/clesinger-auguste-phryne-2\\\/\",\"url\":\"https:\\\/\\\/artibermont.com\\\/en\\\/product\\\/clesinger-auguste-phryne-2\\\/\",\"name\":\"Auguste Cl\u00e9singer (1814-1883) - Phryne in front of the Areopagus &#8211; Tibermont\",\"isPartOf\":{\"@id\":\"https:\\\/\\\/artibermont.com\\\/en\\\/#website\"},\"primaryImageOfPage\":{\"@id\":\"https:\\\/\\\/artibermont.com\\\/en\\\/product\\\/clesinger-auguste-phryne-2\\\/#primaryimage\"},\"image\":{\"@id\":\"https:\\\/\\\/artibermont.com\\\/en\\\/product\\\/clesinger-auguste-phryne-2\\\/#primaryimage\"},\"thumbnailUrl\":\"https:\\\/\\\/artibermont.com\\\/wp-content\\\/uploads\\\/2022\\\/04\\\/TA2100104-0BBD.jpg\",\"datePublished\":\"2022-04-04T05:10:12+00:00\",\"dateModified\":\"2022-08-21T22:56:06+00:00\",\"breadcrumb\":{\"@id\":\"https:\\\/\\\/artibermont.com\\\/en\\\/product\\\/clesinger-auguste-phryne-2\\\/#breadcrumb\"},\"inLanguage\":\"en-US\",\"potentialAction\":[{\"@type\":\"ReadAction\",\"target\":[\"https:\\\/\\\/artibermont.com\\\/en\\\/product\\\/clesinger-auguste-phryne-2\\\/\"]}]},{\"@type\":\"ImageObject\",\"inLanguage\":\"en-US\",\"@id\":\"https:\\\/\\\/artibermont.com\\\/en\\\/product\\\/clesinger-auguste-phryne-2\\\/#primaryimage\",\"url\":\"https:\\\/\\\/artibermont.com\\\/wp-content\\\/uploads\\\/2022\\\/04\\\/TA2100104-0BBD.jpg\",\"contentUrl\":\"https:\\\/\\\/artibermont.com\\\/wp-content\\\/uploads\\\/2022\\\/04\\\/TA2100104-0BBD.jpg\",\"width\":1068,\"height\":1600},{\"@type\":\"BreadcrumbList\",\"@id\":\"https:\\\/\\\/artibermont.com\\\/en\\\/product\\\/clesinger-auguste-phryne-2\\\/#breadcrumb\",\"itemListElement\":[{\"@type\":\"ListItem\",\"position\":1,\"name\":\"Accueil\",\"item\":\"https:\\\/\\\/artibermont.com\\\/en\\\/homepage\\\/\"},{\"@type\":\"ListItem\",\"position\":2,\"name\":\"Shop\",\"item\":\"https:\\\/\\\/artibermont.com\\\/en\\\/shop\\\/\"},{\"@type\":\"ListItem\",\"position\":3,\"name\":\"Auguste Cl\u00e9singer (1814-1883) &#8211; Phryne in front of the Areopagus\"}]},{\"@type\":\"WebSite\",\"@id\":\"https:\\\/\\\/artibermont.com\\\/en\\\/#website\",\"url\":\"https:\\\/\\\/artibermont.com\\\/en\\\/\",\"name\":\"Tibermont\",\"description\":\"252, boulevard Saint Germain, 75007 Paris\",\"publisher\":{\"@id\":\"https:\\\/\\\/artibermont.com\\\/en\\\/#organization\"},\"potentialAction\":[{\"@type\":\"SearchAction\",\"target\":{\"@type\":\"EntryPoint\",\"urlTemplate\":\"https:\\\/\\\/artibermont.com\\\/en\\\/?s={search_term_string}\"},\"query-input\":{\"@type\":\"PropertyValueSpecification\",\"valueRequired\":true,\"valueName\":\"search_term_string\"}}],\"inLanguage\":\"en-US\"},{\"@type\":\"Organization\",\"@id\":\"https:\\\/\\\/artibermont.com\\\/en\\\/#organization\",\"name\":\"Tibermont Antiquit\u00e9s\",\"url\":\"https:\\\/\\\/artibermont.com\\\/en\\\/\",\"logo\":{\"@type\":\"ImageObject\",\"inLanguage\":\"en-US\",\"@id\":\"https:\\\/\\\/artibermont.com\\\/en\\\/#\\\/schema\\\/logo\\\/image\\\/\",\"url\":\"https:\\\/\\\/artibermont.com\\\/wp-content\\\/uploads\\\/2021\\\/12\\\/Logo-TIBERMONT-white.png\",\"contentUrl\":\"https:\\\/\\\/artibermont.com\\\/wp-content\\\/uploads\\\/2021\\\/12\\\/Logo-TIBERMONT-white.png\",\"width\":713,\"height\":196,\"caption\":\"Tibermont Antiquit\u00e9s\"},\"image\":{\"@id\":\"https:\\\/\\\/artibermont.com\\\/en\\\/#\\\/schema\\\/logo\\\/image\\\/\"}}]}<\/script>\n<!-- \/ Yoast SEO Premium plugin. -->","yoast_head_json":{"title":"Auguste Cl\u00e9singer (1814-1883) - Phryne in front of the Areopagus &#8211; Tibermont","robots":{"index":"index","follow":"follow","max-snippet":"max-snippet:-1","max-image-preview":"max-image-preview:large","max-video-preview":"max-video-preview:-1"},"canonical":"https:\/\/artibermont.com\/en\/product\/clesinger-auguste-phryne-2\/","og_locale":"en_US","og_type":"article","og_title":"Auguste Cl\u00e9singer (1814-1883) - Phryne in front of the Areopagus","og_description":"Jean-Baptiste Cl\u00e9singer also known as Auguste Cl\u00e9singer Besan\u00e7on, 1814 &#8211; Paris, 1883 &#8220;Phryne in front of the Areopagus&#8221; Carrare marble Signed : J Cl\u00e9singer Dated : 1875 Height : 171 cm Phryne (in ancient greek \u03a6\u03c1\u03cd\u03bd\u03b7, literally &#8220;toad&#8221;, because of her yellowish skintone) is a hetaira, famous greek courtesan of the 6th century BCE. Born [&hellip;]","og_url":"https:\/\/artibermont.com\/en\/product\/clesinger-auguste-phryne-2\/","og_site_name":"Tibermont","article_modified_time":"2022-08-21T22:56:06+00:00","og_image":[{"width":1068,"height":1600,"url":"https:\/\/artibermont.com\/wp-content\/uploads\/2022\/04\/TA2100104-0BBD.jpg","type":"image\/jpeg"}],"twitter_card":"summary_large_image","twitter_misc":{"Est. reading time":"2 minutes"},"schema":{"@context":"https:\/\/schema.org","@graph":[{"@type":"WebPage","@id":"https:\/\/artibermont.com\/en\/product\/clesinger-auguste-phryne-2\/","url":"https:\/\/artibermont.com\/en\/product\/clesinger-auguste-phryne-2\/","name":"Auguste Cl\u00e9singer (1814-1883) - Phryne in front of the Areopagus &#8211; Tibermont","isPartOf":{"@id":"https:\/\/artibermont.com\/en\/#website"},"primaryImageOfPage":{"@id":"https:\/\/artibermont.com\/en\/product\/clesinger-auguste-phryne-2\/#primaryimage"},"image":{"@id":"https:\/\/artibermont.com\/en\/product\/clesinger-auguste-phryne-2\/#primaryimage"},"thumbnailUrl":"https:\/\/artibermont.com\/wp-content\/uploads\/2022\/04\/TA2100104-0BBD.jpg","datePublished":"2022-04-04T05:10:12+00:00","dateModified":"2022-08-21T22:56:06+00:00","breadcrumb":{"@id":"https:\/\/artibermont.com\/en\/product\/clesinger-auguste-phryne-2\/#breadcrumb"},"inLanguage":"en-US","potentialAction":[{"@type":"ReadAction","target":["https:\/\/artibermont.com\/en\/product\/clesinger-auguste-phryne-2\/"]}]},{"@type":"ImageObject","inLanguage":"en-US","@id":"https:\/\/artibermont.com\/en\/product\/clesinger-auguste-phryne-2\/#primaryimage","url":"https:\/\/artibermont.com\/wp-content\/uploads\/2022\/04\/TA2100104-0BBD.jpg","contentUrl":"https:\/\/artibermont.com\/wp-content\/uploads\/2022\/04\/TA2100104-0BBD.jpg","width":1068,"height":1600},{"@type":"BreadcrumbList","@id":"https:\/\/artibermont.com\/en\/product\/clesinger-auguste-phryne-2\/#breadcrumb","itemListElement":[{"@type":"ListItem","position":1,"name":"Accueil","item":"https:\/\/artibermont.com\/en\/homepage\/"},{"@type":"ListItem","position":2,"name":"Shop","item":"https:\/\/artibermont.com\/en\/shop\/"},{"@type":"ListItem","position":3,"name":"Auguste Cl\u00e9singer (1814-1883) &#8211; Phryne in front of the Areopagus"}]},{"@type":"WebSite","@id":"https:\/\/artibermont.com\/en\/#website","url":"https:\/\/artibermont.com\/en\/","name":"Tibermont","description":"252, boulevard Saint Germain, 75007 Paris","publisher":{"@id":"https:\/\/artibermont.com\/en\/#organization"},"potentialAction":[{"@type":"SearchAction","target":{"@type":"EntryPoint","urlTemplate":"https:\/\/artibermont.com\/en\/?s={search_term_string}"},"query-input":{"@type":"PropertyValueSpecification","valueRequired":true,"valueName":"search_term_string"}}],"inLanguage":"en-US"},{"@type":"Organization","@id":"https:\/\/artibermont.com\/en\/#organization","name":"Tibermont Antiquit\u00e9s","url":"https:\/\/artibermont.com\/en\/","logo":{"@type":"ImageObject","inLanguage":"en-US","@id":"https:\/\/artibermont.com\/en\/#\/schema\/logo\/image\/","url":"https:\/\/artibermont.com\/wp-content\/uploads\/2021\/12\/Logo-TIBERMONT-white.png","contentUrl":"https:\/\/artibermont.com\/wp-content\/uploads\/2021\/12\/Logo-TIBERMONT-white.png","width":713,"height":196,"caption":"Tibermont Antiquit\u00e9s"},"image":{"@id":"https:\/\/artibermont.com\/en\/#\/schema\/logo\/image\/"}}]}},"_links":{"self":[{"href":"https:\/\/artibermont.com\/en\/wp-json\/wp\/v2\/product\/3679","targetHints":{"allow":["GET"]}}],"collection":[{"href":"https:\/\/artibermont.com\/en\/wp-json\/wp\/v2\/product"}],"about":[{"href":"https:\/\/artibermont.com\/en\/wp-json\/wp\/v2\/types\/product"}],"replies":[{"embeddable":true,"href":"https:\/\/artibermont.com\/en\/wp-json\/wp\/v2\/comments?post=3679"}],"version-history":[{"count":1,"href":"https:\/\/artibermont.com\/en\/wp-json\/wp\/v2\/product\/3679\/revisions"}],"predecessor-version":[{"id":3680,"href":"https:\/\/artibermont.com\/en\/wp-json\/wp\/v2\/product\/3679\/revisions\/3680"}],"wp:featuredmedia":[{"embeddable":true,"href":"https:\/\/artibermont.com\/en\/wp-json\/wp\/v2\/media\/9054"}],"wp:attachment":[{"href":"https:\/\/artibermont.com\/en\/wp-json\/wp\/v2\/media?parent=3679"}],"wp:term":[{"taxonomy":"product_brand","embeddable":true,"href":"https:\/\/artibermont.com\/en\/wp-json\/wp\/v2\/product_brand?post=3679"},{"taxonomy":"product_cat","embeddable":true,"href":"https:\/\/artibermont.com\/en\/wp-json\/wp\/v2\/product_cat?post=3679"},{"taxonomy":"product_tag","embeddable":true,"href":"https:\/\/artibermont.com\/en\/wp-json\/wp\/v2\/product_tag?post=3679"}],"curies":[{"name":"wp","href":"https:\/\/api.w.org\/{rel}","templated":true}]}}