{"id":3793,"date":"2022-08-24T13:38:08","date_gmt":"2022-08-24T11:38:08","guid":{"rendered":"https:\/\/artibermont.com\/produit\/cheri-dubreuil-1828-1880-three-masts-in-the-storm\/"},"modified":"2022-08-24T15:04:43","modified_gmt":"2022-08-24T13:04:43","slug":"cheri-dubreuil-1828-1880-three-masts-in-the-storm","status":"publish","type":"product","link":"https:\/\/artibermont.com\/en\/product\/cheri-dubreuil-1828-1880-three-masts-in-the-storm\/","title":{"rendered":"Ch\u00e9ri Dubreuil (1828-1880), &#8220;Three-masts in the storm&#8221;"},"content":{"rendered":"<p><b>Fran\u00e7ois Marguerite Ch\u00e9ri Dubreuil <\/b>(Vic, France, 6 february 1828 &#8211; 1880)<\/p>\n<p><i>&#8220;Three-masts in the storm&#8221;<\/i><\/p>\n<p>Dated 1862<br \/>\nOil on canvas<br \/>\nSigned C. Dubreuil<br \/>\n61,2 x 92,3 cm (without frame)<br \/>\n84 x 114 cm (with frame)<\/p>\n<p>Fran\u00e7ois-Ch\u00e9ri Dubreuil was born the 6 february 1828 in Vic-en-Bigorre (Hautes-Pyr\u00e9n\u00e9es). He is the son of Pierre-Louis-Marguerite Fusey, baron Dubreuil owner in Vic and of Fran\u00e7oise Guinle<br \/>\nHe was a junior officer and helmsman of the french naval fleet in the mid 19th century. He painted naval scene. He enters the 11 novembre 1840 at the school of navigation of the East at the expense of his father. He was an auxilliary aspiring the 25 septembre 1848 in Richefort on the frigate Mogador and Second Master of wheelhouse the 14 july 1854, volunteer in the Quartier des Saintes.<\/p>\n","protected":false},"excerpt":{"rendered":"<p>Fran\u00e7ois Marguerite Ch\u00e9ri Dubreuil (Vic, France, 6 february 1828 &#8211; 1880) &#8220;Three-masts in the storm&#8221; Dated 1862 Oil on canvas Signed C. Dubreuil 61,2 x 92,3 cm (without frame) 84 x 114 cm (with frame) Fran\u00e7ois-Ch\u00e9ri Dubreuil was born the 6 february 1828 in Vic-en-Bigorre (Hautes-Pyr\u00e9n\u00e9es). He is the son of Pierre-Louis-Marguerite Fusey, baron Dubreuil [&hellip;]<\/p>\n","protected":false},"featured_media":8396,"comment_status":"open","ping_status":"closed","template":"","meta":{"_acf_changed":false},"product_brand":[],"product_cat":[69],"product_tag":[],"class_list":{"0":"post-3793","1":"product","2":"type-product","3":"status-publish","4":"has-post-thumbnail","6":"product_cat-peintures-et-dessins-en","8":"first","9":"instock","10":"taxable","11":"shipping-taxable","12":"purchasable","13":"product-type-simple"},"acf":[],"yoast_head":"<!-- This site is optimized with the Yoast SEO Premium plugin v19.2.1 (Yoast SEO v27.3) - https:\/\/yoast.com\/product\/yoast-seo-premium-wordpress\/ -->\n<title>Ch\u00e9ri Dubreuil (1828-1880), &quot;Three-masts in the storm&quot; &#8211; Tibermont<\/title>\n<meta name=\"robots\" content=\"index, follow, max-snippet:-1, max-image-preview:large, max-video-preview:-1\" \/>\n<link rel=\"canonical\" href=\"https:\/\/artibermont.com\/en\/product\/cheri-dubreuil-1828-1880-three-masts-in-the-storm\/\" \/>\n<meta property=\"og:locale\" content=\"en_US\" \/>\n<meta property=\"og:type\" content=\"article\" \/>\n<meta property=\"og:title\" content=\"Ch\u00e9ri Dubreuil (1828-1880), &quot;Three-masts in the storm&quot;\" \/>\n<meta property=\"og:description\" content=\"Fran\u00e7ois Marguerite Ch\u00e9ri Dubreuil (Vic, France, 6 february 1828 &#8211; 1880) &#8220;Three-masts in the storm&#8221; Dated 1862 Oil on canvas Signed C. Dubreuil 61,2 x 92,3 cm (without frame) 84 x 114 cm (with frame) Fran\u00e7ois-Ch\u00e9ri Dubreuil was born the 6 february 1828 in Vic-en-Bigorre (Hautes-Pyr\u00e9n\u00e9es). He is the son of Pierre-Louis-Marguerite Fusey, baron Dubreuil [&hellip;]\" \/>\n<meta property=\"og:url\" content=\"https:\/\/artibermont.com\/en\/product\/cheri-dubreuil-1828-1880-three-masts-in-the-storm\/\" \/>\n<meta property=\"og:site_name\" content=\"Tibermont\" \/>\n<meta property=\"article:modified_time\" content=\"2022-08-24T13:04:43+00:00\" \/>\n<meta name=\"twitter:card\" content=\"summary_large_image\" \/>\n<meta name=\"twitter:label1\" content=\"Est. reading time\" \/>\n\t<meta name=\"twitter:data1\" content=\"1 minute\" \/>\n<script type=\"application\/ld+json\" class=\"yoast-schema-graph\">{\"@context\":\"https:\\\/\\\/schema.org\",\"@graph\":[{\"@type\":\"WebPage\",\"@id\":\"https:\\\/\\\/artibermont.com\\\/en\\\/product\\\/cheri-dubreuil-1828-1880-three-masts-in-the-storm\\\/\",\"url\":\"https:\\\/\\\/artibermont.com\\\/en\\\/product\\\/cheri-dubreuil-1828-1880-three-masts-in-the-storm\\\/\",\"name\":\"Ch\u00e9ri Dubreuil (1828-1880), \\\"Three-masts in the storm\\\" &#8211; Tibermont\",\"isPartOf\":{\"@id\":\"https:\\\/\\\/artibermont.com\\\/en\\\/#website\"},\"primaryImageOfPage\":{\"@id\":\"https:\\\/\\\/artibermont.com\\\/en\\\/product\\\/cheri-dubreuil-1828-1880-three-masts-in-the-storm\\\/#primaryimage\"},\"image\":{\"@id\":\"https:\\\/\\\/artibermont.com\\\/en\\\/product\\\/cheri-dubreuil-1828-1880-three-masts-in-the-storm\\\/#primaryimage\"},\"thumbnailUrl\":\"https:\\\/\\\/artibermont.com\\\/wp-content\\\/uploads\\\/2022\\\/08\\\/TA1400003-01.jpg\",\"datePublished\":\"2022-08-24T11:38:08+00:00\",\"dateModified\":\"2022-08-24T13:04:43+00:00\",\"breadcrumb\":{\"@id\":\"https:\\\/\\\/artibermont.com\\\/en\\\/product\\\/cheri-dubreuil-1828-1880-three-masts-in-the-storm\\\/#breadcrumb\"},\"inLanguage\":\"en-US\",\"potentialAction\":[{\"@type\":\"ReadAction\",\"target\":[\"https:\\\/\\\/artibermont.com\\\/en\\\/product\\\/cheri-dubreuil-1828-1880-three-masts-in-the-storm\\\/\"]}]},{\"@type\":\"ImageObject\",\"inLanguage\":\"en-US\",\"@id\":\"https:\\\/\\\/artibermont.com\\\/en\\\/product\\\/cheri-dubreuil-1828-1880-three-masts-in-the-storm\\\/#primaryimage\",\"url\":\"https:\\\/\\\/artibermont.com\\\/wp-content\\\/uploads\\\/2022\\\/08\\\/TA1400003-01.jpg\",\"contentUrl\":\"https:\\\/\\\/artibermont.com\\\/wp-content\\\/uploads\\\/2022\\\/08\\\/TA1400003-01.jpg\",\"width\":1600,\"height\":1174},{\"@type\":\"BreadcrumbList\",\"@id\":\"https:\\\/\\\/artibermont.com\\\/en\\\/product\\\/cheri-dubreuil-1828-1880-three-masts-in-the-storm\\\/#breadcrumb\",\"itemListElement\":[{\"@type\":\"ListItem\",\"position\":1,\"name\":\"Accueil\",\"item\":\"https:\\\/\\\/artibermont.com\\\/en\\\/homepage\\\/\"},{\"@type\":\"ListItem\",\"position\":2,\"name\":\"Shop\",\"item\":\"https:\\\/\\\/artibermont.com\\\/en\\\/shop\\\/\"},{\"@type\":\"ListItem\",\"position\":3,\"name\":\"Ch\u00e9ri Dubreuil (1828-1880), \u00ab\u00a0Three-masts in the storm\u00a0\u00bb\"}]},{\"@type\":\"WebSite\",\"@id\":\"https:\\\/\\\/artibermont.com\\\/en\\\/#website\",\"url\":\"https:\\\/\\\/artibermont.com\\\/en\\\/\",\"name\":\"Tibermont\",\"description\":\"252, boulevard Saint Germain, 75007 Paris\",\"publisher\":{\"@id\":\"https:\\\/\\\/artibermont.com\\\/en\\\/#organization\"},\"potentialAction\":[{\"@type\":\"SearchAction\",\"target\":{\"@type\":\"EntryPoint\",\"urlTemplate\":\"https:\\\/\\\/artibermont.com\\\/en\\\/?s={search_term_string}\"},\"query-input\":{\"@type\":\"PropertyValueSpecification\",\"valueRequired\":true,\"valueName\":\"search_term_string\"}}],\"inLanguage\":\"en-US\"},{\"@type\":\"Organization\",\"@id\":\"https:\\\/\\\/artibermont.com\\\/en\\\/#organization\",\"name\":\"Tibermont Antiquit\u00e9s\",\"url\":\"https:\\\/\\\/artibermont.com\\\/en\\\/\",\"logo\":{\"@type\":\"ImageObject\",\"inLanguage\":\"en-US\",\"@id\":\"https:\\\/\\\/artibermont.com\\\/en\\\/#\\\/schema\\\/logo\\\/image\\\/\",\"url\":\"https:\\\/\\\/artibermont.com\\\/wp-content\\\/uploads\\\/2021\\\/12\\\/Logo-TIBERMONT-white.png\",\"contentUrl\":\"https:\\\/\\\/artibermont.com\\\/wp-content\\\/uploads\\\/2021\\\/12\\\/Logo-TIBERMONT-white.png\",\"width\":713,\"height\":196,\"caption\":\"Tibermont Antiquit\u00e9s\"},\"image\":{\"@id\":\"https:\\\/\\\/artibermont.com\\\/en\\\/#\\\/schema\\\/logo\\\/image\\\/\"}}]}<\/script>\n<!-- \/ Yoast SEO Premium plugin. -->","yoast_head_json":{"title":"Ch\u00e9ri Dubreuil (1828-1880), \"Three-masts in the storm\" &#8211; Tibermont","robots":{"index":"index","follow":"follow","max-snippet":"max-snippet:-1","max-image-preview":"max-image-preview:large","max-video-preview":"max-video-preview:-1"},"canonical":"https:\/\/artibermont.com\/en\/product\/cheri-dubreuil-1828-1880-three-masts-in-the-storm\/","og_locale":"en_US","og_type":"article","og_title":"Ch\u00e9ri Dubreuil (1828-1880), \"Three-masts in the storm\"","og_description":"Fran\u00e7ois Marguerite Ch\u00e9ri Dubreuil (Vic, France, 6 february 1828 &#8211; 1880) &#8220;Three-masts in the storm&#8221; Dated 1862 Oil on canvas Signed C. Dubreuil 61,2 x 92,3 cm (without frame) 84 x 114 cm (with frame) Fran\u00e7ois-Ch\u00e9ri Dubreuil was born the 6 february 1828 in Vic-en-Bigorre (Hautes-Pyr\u00e9n\u00e9es). He is the son of Pierre-Louis-Marguerite Fusey, baron Dubreuil [&hellip;]","og_url":"https:\/\/artibermont.com\/en\/product\/cheri-dubreuil-1828-1880-three-masts-in-the-storm\/","og_site_name":"Tibermont","article_modified_time":"2022-08-24T13:04:43+00:00","twitter_card":"summary_large_image","twitter_misc":{"Est. reading time":"1 minute"},"schema":{"@context":"https:\/\/schema.org","@graph":[{"@type":"WebPage","@id":"https:\/\/artibermont.com\/en\/product\/cheri-dubreuil-1828-1880-three-masts-in-the-storm\/","url":"https:\/\/artibermont.com\/en\/product\/cheri-dubreuil-1828-1880-three-masts-in-the-storm\/","name":"Ch\u00e9ri Dubreuil (1828-1880), \"Three-masts in the storm\" &#8211; Tibermont","isPartOf":{"@id":"https:\/\/artibermont.com\/en\/#website"},"primaryImageOfPage":{"@id":"https:\/\/artibermont.com\/en\/product\/cheri-dubreuil-1828-1880-three-masts-in-the-storm\/#primaryimage"},"image":{"@id":"https:\/\/artibermont.com\/en\/product\/cheri-dubreuil-1828-1880-three-masts-in-the-storm\/#primaryimage"},"thumbnailUrl":"https:\/\/artibermont.com\/wp-content\/uploads\/2022\/08\/TA1400003-01.jpg","datePublished":"2022-08-24T11:38:08+00:00","dateModified":"2022-08-24T13:04:43+00:00","breadcrumb":{"@id":"https:\/\/artibermont.com\/en\/product\/cheri-dubreuil-1828-1880-three-masts-in-the-storm\/#breadcrumb"},"inLanguage":"en-US","potentialAction":[{"@type":"ReadAction","target":["https:\/\/artibermont.com\/en\/product\/cheri-dubreuil-1828-1880-three-masts-in-the-storm\/"]}]},{"@type":"ImageObject","inLanguage":"en-US","@id":"https:\/\/artibermont.com\/en\/product\/cheri-dubreuil-1828-1880-three-masts-in-the-storm\/#primaryimage","url":"https:\/\/artibermont.com\/wp-content\/uploads\/2022\/08\/TA1400003-01.jpg","contentUrl":"https:\/\/artibermont.com\/wp-content\/uploads\/2022\/08\/TA1400003-01.jpg","width":1600,"height":1174},{"@type":"BreadcrumbList","@id":"https:\/\/artibermont.com\/en\/product\/cheri-dubreuil-1828-1880-three-masts-in-the-storm\/#breadcrumb","itemListElement":[{"@type":"ListItem","position":1,"name":"Accueil","item":"https:\/\/artibermont.com\/en\/homepage\/"},{"@type":"ListItem","position":2,"name":"Shop","item":"https:\/\/artibermont.com\/en\/shop\/"},{"@type":"ListItem","position":3,"name":"Ch\u00e9ri Dubreuil (1828-1880), \u00ab\u00a0Three-masts in the storm\u00a0\u00bb"}]},{"@type":"WebSite","@id":"https:\/\/artibermont.com\/en\/#website","url":"https:\/\/artibermont.com\/en\/","name":"Tibermont","description":"252, boulevard Saint Germain, 75007 Paris","publisher":{"@id":"https:\/\/artibermont.com\/en\/#organization"},"potentialAction":[{"@type":"SearchAction","target":{"@type":"EntryPoint","urlTemplate":"https:\/\/artibermont.com\/en\/?s={search_term_string}"},"query-input":{"@type":"PropertyValueSpecification","valueRequired":true,"valueName":"search_term_string"}}],"inLanguage":"en-US"},{"@type":"Organization","@id":"https:\/\/artibermont.com\/en\/#organization","name":"Tibermont Antiquit\u00e9s","url":"https:\/\/artibermont.com\/en\/","logo":{"@type":"ImageObject","inLanguage":"en-US","@id":"https:\/\/artibermont.com\/en\/#\/schema\/logo\/image\/","url":"https:\/\/artibermont.com\/wp-content\/uploads\/2021\/12\/Logo-TIBERMONT-white.png","contentUrl":"https:\/\/artibermont.com\/wp-content\/uploads\/2021\/12\/Logo-TIBERMONT-white.png","width":713,"height":196,"caption":"Tibermont Antiquit\u00e9s"},"image":{"@id":"https:\/\/artibermont.com\/en\/#\/schema\/logo\/image\/"}}]}},"_links":{"self":[{"href":"https:\/\/artibermont.com\/en\/wp-json\/wp\/v2\/product\/3793","targetHints":{"allow":["GET"]}}],"collection":[{"href":"https:\/\/artibermont.com\/en\/wp-json\/wp\/v2\/product"}],"about":[{"href":"https:\/\/artibermont.com\/en\/wp-json\/wp\/v2\/types\/product"}],"replies":[{"embeddable":true,"href":"https:\/\/artibermont.com\/en\/wp-json\/wp\/v2\/comments?post=3793"}],"version-history":[{"count":1,"href":"https:\/\/artibermont.com\/en\/wp-json\/wp\/v2\/product\/3793\/revisions"}],"predecessor-version":[{"id":3794,"href":"https:\/\/artibermont.com\/en\/wp-json\/wp\/v2\/product\/3793\/revisions\/3794"}],"wp:featuredmedia":[{"embeddable":true,"href":"https:\/\/artibermont.com\/en\/wp-json\/wp\/v2\/media\/8396"}],"wp:attachment":[{"href":"https:\/\/artibermont.com\/en\/wp-json\/wp\/v2\/media?parent=3793"}],"wp:term":[{"taxonomy":"product_brand","embeddable":true,"href":"https:\/\/artibermont.com\/en\/wp-json\/wp\/v2\/product_brand?post=3793"},{"taxonomy":"product_cat","embeddable":true,"href":"https:\/\/artibermont.com\/en\/wp-json\/wp\/v2\/product_cat?post=3793"},{"taxonomy":"product_tag","embeddable":true,"href":"https:\/\/artibermont.com\/en\/wp-json\/wp\/v2\/product_tag?post=3793"}],"curies":[{"name":"wp","href":"https:\/\/api.w.org\/{rel}","templated":true}]}}