{"id":4116,"date":"2022-08-27T18:19:11","date_gmt":"2022-08-27T16:19:11","guid":{"rendered":"https:\/\/artibermont.com\/?post_type=product&#038;p=4116"},"modified":"2023-12-07T16:03:52","modified_gmt":"2023-12-07T15:03:52","slug":"georges-clairin-1843-1919-arab-chief","status":"publish","type":"product","link":"https:\/\/artibermont.com\/en\/product\/georges-clairin-1843-1919-arab-chief\/","title":{"rendered":"Georges Clairin (1843-1919) \u201cArab chief\u201d Oil on canvas"},"content":{"rendered":"<p><strong>Georges Clairin<\/strong> (Paris, 1843 &#8211; Le Pouldu, 1919)<\/p>\n<p>\u201cArab chief\u201d<\/p>\n<p>Oil on canvas<\/p>\n<p>Circa 1872<\/p>\n<p>Signed : G Clairin<\/p>\n<p>Dimensions: 103 x 74,5 cm (without frame) et 126 x 97,6 cm (with frame)<\/p>\n<p>The Arab chief sits cross-legged, on the lookout, next to an ornate horse saddle and his dog at his feet. On the wall, on the rack, we discover three moukhala, these flintlock rifles from the North African region. Hidden among the fabrics and drapes, we can make out the sheath of a dagger and the pommel of a saber and, harnessed to the rack, the blue embroidered leather gl\u00e2da, a ceremonial element of the horse\u2019s neck, which can play the role of amulet to protect the animal from the bad. We can finally see, arranged on the third rifle, a cartridge belt and even lower a gourd.<\/p>\n<p>Heir to the colorists Delacroix and Chass\u00e9riau, influenced by the compositions of Jean L\u00e9on G\u00e9r\u00f4me, Henri Regnault and Mari\u00e0 Fortuny, his two best friends and traveling companions, with whom he shared a workshop in Tangier.<\/p>\n<p>Our canvas can be compared to the painting at the Metropolitan Museum of New York: \u201cThe opium smokers\u201d, 108 x 100.3 cm, oil on canvas from 1872<\/p>\n<p>&nbsp;<\/p>\n<p>Provenance: First sale of the Atelier de Georges Clairin, Paris, Galerie Georges Petit, Monday February 2, 1902, n \u00b0 61.<\/p>\n","protected":false},"excerpt":{"rendered":"<p>Georges Clairin (Paris, 1843 &#8211; Le Pouldu, 1919) \u201cArab chief\u201d Oil on canvas Circa 1872 Signed : G Clairin Dimensions: 103 x 74,5 cm (without frame) et 126 x 97,6 cm (with frame) The Arab chief sits cross-legged, on the lookout, next to an ornate horse saddle and his dog at his feet. On the [&hellip;]<\/p>\n","protected":false},"featured_media":8230,"comment_status":"open","ping_status":"closed","template":"","meta":{"_acf_changed":false},"product_brand":[],"product_cat":[69],"product_tag":[],"class_list":{"0":"post-4116","1":"product","2":"type-product","3":"status-publish","4":"has-post-thumbnail","6":"product_cat-peintures-et-dessins-en","8":"first","9":"instock","10":"taxable","11":"shipping-taxable","12":"product-type-simple"},"acf":[],"yoast_head":"<!-- This site is optimized with the Yoast SEO Premium plugin v19.2.1 (Yoast SEO v27.4) - https:\/\/yoast.com\/product\/yoast-seo-premium-wordpress\/ -->\n<title>Georges Clairin (1843-1919) \u201cArab chief\u201d Oil on canvas &#8211; Tibermont<\/title>\n<meta name=\"robots\" content=\"index, follow, max-snippet:-1, max-image-preview:large, max-video-preview:-1\" \/>\n<link rel=\"canonical\" href=\"https:\/\/artibermont.com\/en\/product\/georges-clairin-1843-1919-arab-chief\/\" \/>\n<meta property=\"og:locale\" content=\"en_US\" \/>\n<meta property=\"og:type\" content=\"article\" \/>\n<meta property=\"og:title\" content=\"Georges Clairin (1843-1919) \u201cArab chief\u201d Oil on canvas\" \/>\n<meta property=\"og:description\" content=\"Georges Clairin (Paris, 1843 &#8211; Le Pouldu, 1919) \u201cArab chief\u201d Oil on canvas Circa 1872 Signed : G Clairin Dimensions: 103 x 74,5 cm (without frame) et 126 x 97,6 cm (with frame) The Arab chief sits cross-legged, on the lookout, next to an ornate horse saddle and his dog at his feet. On the [&hellip;]\" \/>\n<meta property=\"og:url\" content=\"https:\/\/artibermont.com\/en\/product\/georges-clairin-1843-1919-arab-chief\/\" \/>\n<meta property=\"og:site_name\" content=\"Tibermont\" \/>\n<meta property=\"article:modified_time\" content=\"2023-12-07T15:03:52+00:00\" \/>\n<meta property=\"og:image\" content=\"https:\/\/artibermont.com\/wp-content\/uploads\/2022\/08\/TA2100110-1MD-1-scaled.jpg\" \/>\n\t<meta property=\"og:image:width\" content=\"1707\" \/>\n\t<meta property=\"og:image:height\" content=\"2560\" \/>\n\t<meta property=\"og:image:type\" content=\"image\/jpeg\" \/>\n<meta name=\"twitter:card\" content=\"summary_large_image\" \/>\n<meta name=\"twitter:label1\" content=\"Est. reading time\" \/>\n\t<meta name=\"twitter:data1\" content=\"1 minute\" \/>\n<script type=\"application\/ld+json\" class=\"yoast-schema-graph\">{\"@context\":\"https:\\\/\\\/schema.org\",\"@graph\":[{\"@type\":\"WebPage\",\"@id\":\"https:\\\/\\\/artibermont.com\\\/en\\\/product\\\/georges-clairin-1843-1919-arab-chief\\\/\",\"url\":\"https:\\\/\\\/artibermont.com\\\/en\\\/product\\\/georges-clairin-1843-1919-arab-chief\\\/\",\"name\":\"Georges Clairin (1843-1919) \u201cArab chief\u201d Oil on canvas &#8211; Tibermont\",\"isPartOf\":{\"@id\":\"https:\\\/\\\/artibermont.com\\\/en\\\/#website\"},\"primaryImageOfPage\":{\"@id\":\"https:\\\/\\\/artibermont.com\\\/en\\\/product\\\/georges-clairin-1843-1919-arab-chief\\\/#primaryimage\"},\"image\":{\"@id\":\"https:\\\/\\\/artibermont.com\\\/en\\\/product\\\/georges-clairin-1843-1919-arab-chief\\\/#primaryimage\"},\"thumbnailUrl\":\"https:\\\/\\\/artibermont.com\\\/wp-content\\\/uploads\\\/2022\\\/08\\\/TA2100110-1MD-1-scaled.jpg\",\"datePublished\":\"2022-08-27T16:19:11+00:00\",\"dateModified\":\"2023-12-07T15:03:52+00:00\",\"breadcrumb\":{\"@id\":\"https:\\\/\\\/artibermont.com\\\/en\\\/product\\\/georges-clairin-1843-1919-arab-chief\\\/#breadcrumb\"},\"inLanguage\":\"en-US\",\"potentialAction\":[{\"@type\":\"ReadAction\",\"target\":[\"https:\\\/\\\/artibermont.com\\\/en\\\/product\\\/georges-clairin-1843-1919-arab-chief\\\/\"]}]},{\"@type\":\"ImageObject\",\"inLanguage\":\"en-US\",\"@id\":\"https:\\\/\\\/artibermont.com\\\/en\\\/product\\\/georges-clairin-1843-1919-arab-chief\\\/#primaryimage\",\"url\":\"https:\\\/\\\/artibermont.com\\\/wp-content\\\/uploads\\\/2022\\\/08\\\/TA2100110-1MD-1-scaled.jpg\",\"contentUrl\":\"https:\\\/\\\/artibermont.com\\\/wp-content\\\/uploads\\\/2022\\\/08\\\/TA2100110-1MD-1-scaled.jpg\",\"width\":1707,\"height\":2560},{\"@type\":\"BreadcrumbList\",\"@id\":\"https:\\\/\\\/artibermont.com\\\/en\\\/product\\\/georges-clairin-1843-1919-arab-chief\\\/#breadcrumb\",\"itemListElement\":[{\"@type\":\"ListItem\",\"position\":1,\"name\":\"Accueil\",\"item\":\"https:\\\/\\\/artibermont.com\\\/en\\\/homepage\\\/\"},{\"@type\":\"ListItem\",\"position\":2,\"name\":\"Shop\",\"item\":\"https:\\\/\\\/artibermont.com\\\/en\\\/shop\\\/\"},{\"@type\":\"ListItem\",\"position\":3,\"name\":\"Georges Clairin (1843-1919) \u201cArab chief\u201d Oil on canvas\"}]},{\"@type\":\"WebSite\",\"@id\":\"https:\\\/\\\/artibermont.com\\\/en\\\/#website\",\"url\":\"https:\\\/\\\/artibermont.com\\\/en\\\/\",\"name\":\"Tibermont\",\"description\":\"252, boulevard Saint Germain, 75007 Paris\",\"publisher\":{\"@id\":\"https:\\\/\\\/artibermont.com\\\/en\\\/#organization\"},\"potentialAction\":[{\"@type\":\"SearchAction\",\"target\":{\"@type\":\"EntryPoint\",\"urlTemplate\":\"https:\\\/\\\/artibermont.com\\\/en\\\/?s={search_term_string}\"},\"query-input\":{\"@type\":\"PropertyValueSpecification\",\"valueRequired\":true,\"valueName\":\"search_term_string\"}}],\"inLanguage\":\"en-US\"},{\"@type\":\"Organization\",\"@id\":\"https:\\\/\\\/artibermont.com\\\/en\\\/#organization\",\"name\":\"Tibermont Antiquit\u00e9s\",\"url\":\"https:\\\/\\\/artibermont.com\\\/en\\\/\",\"logo\":{\"@type\":\"ImageObject\",\"inLanguage\":\"en-US\",\"@id\":\"https:\\\/\\\/artibermont.com\\\/en\\\/#\\\/schema\\\/logo\\\/image\\\/\",\"url\":\"https:\\\/\\\/artibermont.com\\\/wp-content\\\/uploads\\\/2021\\\/12\\\/Logo-TIBERMONT-white.png\",\"contentUrl\":\"https:\\\/\\\/artibermont.com\\\/wp-content\\\/uploads\\\/2021\\\/12\\\/Logo-TIBERMONT-white.png\",\"width\":713,\"height\":196,\"caption\":\"Tibermont Antiquit\u00e9s\"},\"image\":{\"@id\":\"https:\\\/\\\/artibermont.com\\\/en\\\/#\\\/schema\\\/logo\\\/image\\\/\"}}]}<\/script>\n<!-- \/ Yoast SEO Premium plugin. -->","yoast_head_json":{"title":"Georges Clairin (1843-1919) \u201cArab chief\u201d Oil on canvas &#8211; Tibermont","robots":{"index":"index","follow":"follow","max-snippet":"max-snippet:-1","max-image-preview":"max-image-preview:large","max-video-preview":"max-video-preview:-1"},"canonical":"https:\/\/artibermont.com\/en\/product\/georges-clairin-1843-1919-arab-chief\/","og_locale":"en_US","og_type":"article","og_title":"Georges Clairin (1843-1919) \u201cArab chief\u201d Oil on canvas","og_description":"Georges Clairin (Paris, 1843 &#8211; Le Pouldu, 1919) \u201cArab chief\u201d Oil on canvas Circa 1872 Signed : G Clairin Dimensions: 103 x 74,5 cm (without frame) et 126 x 97,6 cm (with frame) The Arab chief sits cross-legged, on the lookout, next to an ornate horse saddle and his dog at his feet. On the [&hellip;]","og_url":"https:\/\/artibermont.com\/en\/product\/georges-clairin-1843-1919-arab-chief\/","og_site_name":"Tibermont","article_modified_time":"2023-12-07T15:03:52+00:00","og_image":[{"width":1707,"height":2560,"url":"https:\/\/artibermont.com\/wp-content\/uploads\/2022\/08\/TA2100110-1MD-1-scaled.jpg","type":"image\/jpeg"}],"twitter_card":"summary_large_image","twitter_misc":{"Est. reading time":"1 minute"},"schema":{"@context":"https:\/\/schema.org","@graph":[{"@type":"WebPage","@id":"https:\/\/artibermont.com\/en\/product\/georges-clairin-1843-1919-arab-chief\/","url":"https:\/\/artibermont.com\/en\/product\/georges-clairin-1843-1919-arab-chief\/","name":"Georges Clairin (1843-1919) \u201cArab chief\u201d Oil on canvas &#8211; Tibermont","isPartOf":{"@id":"https:\/\/artibermont.com\/en\/#website"},"primaryImageOfPage":{"@id":"https:\/\/artibermont.com\/en\/product\/georges-clairin-1843-1919-arab-chief\/#primaryimage"},"image":{"@id":"https:\/\/artibermont.com\/en\/product\/georges-clairin-1843-1919-arab-chief\/#primaryimage"},"thumbnailUrl":"https:\/\/artibermont.com\/wp-content\/uploads\/2022\/08\/TA2100110-1MD-1-scaled.jpg","datePublished":"2022-08-27T16:19:11+00:00","dateModified":"2023-12-07T15:03:52+00:00","breadcrumb":{"@id":"https:\/\/artibermont.com\/en\/product\/georges-clairin-1843-1919-arab-chief\/#breadcrumb"},"inLanguage":"en-US","potentialAction":[{"@type":"ReadAction","target":["https:\/\/artibermont.com\/en\/product\/georges-clairin-1843-1919-arab-chief\/"]}]},{"@type":"ImageObject","inLanguage":"en-US","@id":"https:\/\/artibermont.com\/en\/product\/georges-clairin-1843-1919-arab-chief\/#primaryimage","url":"https:\/\/artibermont.com\/wp-content\/uploads\/2022\/08\/TA2100110-1MD-1-scaled.jpg","contentUrl":"https:\/\/artibermont.com\/wp-content\/uploads\/2022\/08\/TA2100110-1MD-1-scaled.jpg","width":1707,"height":2560},{"@type":"BreadcrumbList","@id":"https:\/\/artibermont.com\/en\/product\/georges-clairin-1843-1919-arab-chief\/#breadcrumb","itemListElement":[{"@type":"ListItem","position":1,"name":"Accueil","item":"https:\/\/artibermont.com\/en\/homepage\/"},{"@type":"ListItem","position":2,"name":"Shop","item":"https:\/\/artibermont.com\/en\/shop\/"},{"@type":"ListItem","position":3,"name":"Georges Clairin (1843-1919) \u201cArab chief\u201d Oil on canvas"}]},{"@type":"WebSite","@id":"https:\/\/artibermont.com\/en\/#website","url":"https:\/\/artibermont.com\/en\/","name":"Tibermont","description":"252, boulevard Saint Germain, 75007 Paris","publisher":{"@id":"https:\/\/artibermont.com\/en\/#organization"},"potentialAction":[{"@type":"SearchAction","target":{"@type":"EntryPoint","urlTemplate":"https:\/\/artibermont.com\/en\/?s={search_term_string}"},"query-input":{"@type":"PropertyValueSpecification","valueRequired":true,"valueName":"search_term_string"}}],"inLanguage":"en-US"},{"@type":"Organization","@id":"https:\/\/artibermont.com\/en\/#organization","name":"Tibermont Antiquit\u00e9s","url":"https:\/\/artibermont.com\/en\/","logo":{"@type":"ImageObject","inLanguage":"en-US","@id":"https:\/\/artibermont.com\/en\/#\/schema\/logo\/image\/","url":"https:\/\/artibermont.com\/wp-content\/uploads\/2021\/12\/Logo-TIBERMONT-white.png","contentUrl":"https:\/\/artibermont.com\/wp-content\/uploads\/2021\/12\/Logo-TIBERMONT-white.png","width":713,"height":196,"caption":"Tibermont Antiquit\u00e9s"},"image":{"@id":"https:\/\/artibermont.com\/en\/#\/schema\/logo\/image\/"}}]}},"_links":{"self":[{"href":"https:\/\/artibermont.com\/en\/wp-json\/wp\/v2\/product\/4116","targetHints":{"allow":["GET"]}}],"collection":[{"href":"https:\/\/artibermont.com\/en\/wp-json\/wp\/v2\/product"}],"about":[{"href":"https:\/\/artibermont.com\/en\/wp-json\/wp\/v2\/types\/product"}],"replies":[{"embeddable":true,"href":"https:\/\/artibermont.com\/en\/wp-json\/wp\/v2\/comments?post=4116"}],"version-history":[{"count":2,"href":"https:\/\/artibermont.com\/en\/wp-json\/wp\/v2\/product\/4116\/revisions"}],"predecessor-version":[{"id":4607,"href":"https:\/\/artibermont.com\/en\/wp-json\/wp\/v2\/product\/4116\/revisions\/4607"}],"wp:featuredmedia":[{"embeddable":true,"href":"https:\/\/artibermont.com\/en\/wp-json\/wp\/v2\/media\/8230"}],"wp:attachment":[{"href":"https:\/\/artibermont.com\/en\/wp-json\/wp\/v2\/media?parent=4116"}],"wp:term":[{"taxonomy":"product_brand","embeddable":true,"href":"https:\/\/artibermont.com\/en\/wp-json\/wp\/v2\/product_brand?post=4116"},{"taxonomy":"product_cat","embeddable":true,"href":"https:\/\/artibermont.com\/en\/wp-json\/wp\/v2\/product_cat?post=4116"},{"taxonomy":"product_tag","embeddable":true,"href":"https:\/\/artibermont.com\/en\/wp-json\/wp\/v2\/product_tag?post=4116"}],"curies":[{"name":"wp","href":"https:\/\/api.w.org\/{rel}","templated":true}]}}