{"id":4760,"date":"2023-06-07T17:16:46","date_gmt":"2023-06-07T15:16:46","guid":{"rendered":"https:\/\/artibermont.com\/?post_type=product&#038;p=4760"},"modified":"2025-04-01T16:25:31","modified_gmt":"2025-04-01T14:25:31","slug":"buste-en-marbre-blanc-de-carrare-sculpte-representant-elisabeth-du-roux-comtesse-de-la-rochefoucauld-1815-1875","status":"publish","type":"product","link":"https:\/\/artibermont.com\/en\/produit\/buste-en-marbre-blanc-de-carrare-sculpte-representant-elisabeth-du-roux-comtesse-de-la-rochefoucauld-1815-1875\/","title":{"rendered":"Lorenzo Bartolini (1777-1850) (attribu\u00e9 \u00e0), buste en marbre de Carrare repr\u00e9sentant la comtesse de La Rochefoucauld"},"content":{"rendered":"<p><strong>Lorenzo Bartolini<\/strong> (1777-1850) (attribu\u00e9 \u00e0)<\/p>\n<p>Buste en marbre blanc de Carrare sculpt\u00e9 repr\u00e9sentant \u00c9lisabeth du Roux, comtesse de La Rochefoucauld (1815-1875)<\/p>\n<p>19\u00e8me si\u00e8cle<\/p>\n<p>Reposant sur un socle en porphyre serpentin<\/p>\n<p>85,5 x 54 x 27 cm<\/p>\n<p>Provenance : Ch\u00e2teau de Verteuil, souvenirs de la famille La Rochefoucauld<\/p>\n","protected":false},"excerpt":{"rendered":"<p>Lorenzo Bartolini (1777-1850) (attribu\u00e9 \u00e0) Buste en marbre blanc de Carrare sculpt\u00e9 repr\u00e9sentant \u00c9lisabeth du Roux, comtesse de La Rochefoucauld (1815-1875) 19\u00e8me si\u00e8cle Reposant sur un socle en porphyre serpentin 85,5 x 54 x 27 cm Provenance : Ch\u00e2teau de Verteuil, souvenirs de la famille La Rochefoucauld<\/p>\n","protected":false},"featured_media":9080,"comment_status":"open","ping_status":"closed","template":"","meta":{"_acf_changed":false},"product_brand":[],"product_cat":[73],"product_tag":[],"class_list":{"0":"post-4760","1":"product","2":"type-product","3":"status-publish","4":"has-post-thumbnail","6":"product_cat-sculptures-et-oeuvres-art","8":"first","9":"instock","10":"taxable","11":"shipping-taxable","12":"purchasable","13":"product-type-simple"},"acf":[],"yoast_head":"<!-- This site is optimized with the Yoast SEO Premium plugin v19.2.1 (Yoast SEO v27.3) - https:\/\/yoast.com\/product\/yoast-seo-premium-wordpress\/ -->\n<title>Lorenzo Bartolini (1777-1850) (attribu\u00e9 \u00e0), buste en marbre de Carrare repr\u00e9sentant la comtesse de La Rochefoucauld &#8211; Tibermont<\/title>\n<meta name=\"robots\" content=\"index, follow, max-snippet:-1, max-image-preview:large, max-video-preview:-1\" \/>\n<link rel=\"canonical\" href=\"https:\/\/artibermont.com\/en\/produit\/buste-en-marbre-blanc-de-carrare-sculpte-representant-elisabeth-du-roux-comtesse-de-la-rochefoucauld-1815-1875\/\" \/>\n<meta property=\"og:locale\" content=\"en_US\" \/>\n<meta property=\"og:type\" content=\"article\" \/>\n<meta property=\"og:title\" content=\"Lorenzo Bartolini (1777-1850) (attribu\u00e9 \u00e0), buste en marbre de Carrare repr\u00e9sentant la comtesse de La Rochefoucauld\" \/>\n<meta property=\"og:description\" content=\"Lorenzo Bartolini (1777-1850) (attribu\u00e9 \u00e0) Buste en marbre blanc de Carrare sculpt\u00e9 repr\u00e9sentant \u00c9lisabeth du Roux, comtesse de La Rochefoucauld (1815-1875) 19\u00e8me si\u00e8cle Reposant sur un socle en porphyre serpentin 85,5 x 54 x 27 cm Provenance : Ch\u00e2teau de Verteuil, souvenirs de la famille La Rochefoucauld\" \/>\n<meta property=\"og:url\" content=\"https:\/\/artibermont.com\/en\/produit\/buste-en-marbre-blanc-de-carrare-sculpte-representant-elisabeth-du-roux-comtesse-de-la-rochefoucauld-1815-1875\/\" \/>\n<meta property=\"og:site_name\" content=\"Tibermont\" \/>\n<meta property=\"article:modified_time\" content=\"2025-04-01T14:25:31+00:00\" \/>\n<meta property=\"og:image\" content=\"https:\/\/artibermont.com\/wp-content\/uploads\/2023\/06\/TA2100595-0BD.jpg\" \/>\n\t<meta property=\"og:image:width\" content=\"1200\" \/>\n\t<meta property=\"og:image:height\" content=\"1800\" \/>\n\t<meta property=\"og:image:type\" content=\"image\/jpeg\" \/>\n<meta name=\"twitter:card\" content=\"summary_large_image\" \/>\n<meta name=\"twitter:label1\" content=\"Est. reading time\" \/>\n\t<meta name=\"twitter:data1\" content=\"1 minute\" \/>\n<script type=\"application\/ld+json\" class=\"yoast-schema-graph\">{\"@context\":\"https:\\\/\\\/schema.org\",\"@graph\":[{\"@type\":\"WebPage\",\"@id\":\"https:\\\/\\\/artibermont.com\\\/en\\\/produit\\\/buste-en-marbre-blanc-de-carrare-sculpte-representant-elisabeth-du-roux-comtesse-de-la-rochefoucauld-1815-1875\\\/\",\"url\":\"https:\\\/\\\/artibermont.com\\\/en\\\/produit\\\/buste-en-marbre-blanc-de-carrare-sculpte-representant-elisabeth-du-roux-comtesse-de-la-rochefoucauld-1815-1875\\\/\",\"name\":\"Lorenzo Bartolini (1777-1850) (attribu\u00e9 \u00e0), buste en marbre de Carrare repr\u00e9sentant la comtesse de La Rochefoucauld &#8211; Tibermont\",\"isPartOf\":{\"@id\":\"https:\\\/\\\/artibermont.com\\\/en\\\/#website\"},\"primaryImageOfPage\":{\"@id\":\"https:\\\/\\\/artibermont.com\\\/en\\\/produit\\\/buste-en-marbre-blanc-de-carrare-sculpte-representant-elisabeth-du-roux-comtesse-de-la-rochefoucauld-1815-1875\\\/#primaryimage\"},\"image\":{\"@id\":\"https:\\\/\\\/artibermont.com\\\/en\\\/produit\\\/buste-en-marbre-blanc-de-carrare-sculpte-representant-elisabeth-du-roux-comtesse-de-la-rochefoucauld-1815-1875\\\/#primaryimage\"},\"thumbnailUrl\":\"https:\\\/\\\/artibermont.com\\\/wp-content\\\/uploads\\\/2023\\\/06\\\/TA2100595-0BD.jpg\",\"datePublished\":\"2023-06-07T15:16:46+00:00\",\"dateModified\":\"2025-04-01T14:25:31+00:00\",\"breadcrumb\":{\"@id\":\"https:\\\/\\\/artibermont.com\\\/en\\\/produit\\\/buste-en-marbre-blanc-de-carrare-sculpte-representant-elisabeth-du-roux-comtesse-de-la-rochefoucauld-1815-1875\\\/#breadcrumb\"},\"inLanguage\":\"en-US\",\"potentialAction\":[{\"@type\":\"ReadAction\",\"target\":[\"https:\\\/\\\/artibermont.com\\\/en\\\/produit\\\/buste-en-marbre-blanc-de-carrare-sculpte-representant-elisabeth-du-roux-comtesse-de-la-rochefoucauld-1815-1875\\\/\"]}]},{\"@type\":\"ImageObject\",\"inLanguage\":\"en-US\",\"@id\":\"https:\\\/\\\/artibermont.com\\\/en\\\/produit\\\/buste-en-marbre-blanc-de-carrare-sculpte-representant-elisabeth-du-roux-comtesse-de-la-rochefoucauld-1815-1875\\\/#primaryimage\",\"url\":\"https:\\\/\\\/artibermont.com\\\/wp-content\\\/uploads\\\/2023\\\/06\\\/TA2100595-0BD.jpg\",\"contentUrl\":\"https:\\\/\\\/artibermont.com\\\/wp-content\\\/uploads\\\/2023\\\/06\\\/TA2100595-0BD.jpg\",\"width\":1200,\"height\":1800},{\"@type\":\"BreadcrumbList\",\"@id\":\"https:\\\/\\\/artibermont.com\\\/en\\\/produit\\\/buste-en-marbre-blanc-de-carrare-sculpte-representant-elisabeth-du-roux-comtesse-de-la-rochefoucauld-1815-1875\\\/#breadcrumb\",\"itemListElement\":[{\"@type\":\"ListItem\",\"position\":1,\"name\":\"Accueil\",\"item\":\"https:\\\/\\\/artibermont.com\\\/en\\\/homepage\\\/\"},{\"@type\":\"ListItem\",\"position\":2,\"name\":\"Shop\",\"item\":\"https:\\\/\\\/artibermont.com\\\/en\\\/shop\\\/\"},{\"@type\":\"ListItem\",\"position\":3,\"name\":\"Lorenzo Bartolini (1777-1850) (attribu\u00e9 \u00e0), buste en marbre de Carrare repr\u00e9sentant la comtesse de La Rochefoucauld\"}]},{\"@type\":\"WebSite\",\"@id\":\"https:\\\/\\\/artibermont.com\\\/en\\\/#website\",\"url\":\"https:\\\/\\\/artibermont.com\\\/en\\\/\",\"name\":\"Tibermont\",\"description\":\"252, boulevard Saint Germain, 75007 Paris\",\"publisher\":{\"@id\":\"https:\\\/\\\/artibermont.com\\\/en\\\/#organization\"},\"potentialAction\":[{\"@type\":\"SearchAction\",\"target\":{\"@type\":\"EntryPoint\",\"urlTemplate\":\"https:\\\/\\\/artibermont.com\\\/en\\\/?s={search_term_string}\"},\"query-input\":{\"@type\":\"PropertyValueSpecification\",\"valueRequired\":true,\"valueName\":\"search_term_string\"}}],\"inLanguage\":\"en-US\"},{\"@type\":\"Organization\",\"@id\":\"https:\\\/\\\/artibermont.com\\\/en\\\/#organization\",\"name\":\"Tibermont Antiquit\u00e9s\",\"url\":\"https:\\\/\\\/artibermont.com\\\/en\\\/\",\"logo\":{\"@type\":\"ImageObject\",\"inLanguage\":\"en-US\",\"@id\":\"https:\\\/\\\/artibermont.com\\\/en\\\/#\\\/schema\\\/logo\\\/image\\\/\",\"url\":\"https:\\\/\\\/artibermont.com\\\/wp-content\\\/uploads\\\/2021\\\/12\\\/Logo-TIBERMONT-white.png\",\"contentUrl\":\"https:\\\/\\\/artibermont.com\\\/wp-content\\\/uploads\\\/2021\\\/12\\\/Logo-TIBERMONT-white.png\",\"width\":713,\"height\":196,\"caption\":\"Tibermont Antiquit\u00e9s\"},\"image\":{\"@id\":\"https:\\\/\\\/artibermont.com\\\/en\\\/#\\\/schema\\\/logo\\\/image\\\/\"}}]}<\/script>\n<!-- \/ Yoast SEO Premium plugin. -->","yoast_head_json":{"title":"Lorenzo Bartolini (1777-1850) (attribu\u00e9 \u00e0), buste en marbre de Carrare repr\u00e9sentant la comtesse de La Rochefoucauld &#8211; Tibermont","robots":{"index":"index","follow":"follow","max-snippet":"max-snippet:-1","max-image-preview":"max-image-preview:large","max-video-preview":"max-video-preview:-1"},"canonical":"https:\/\/artibermont.com\/en\/produit\/buste-en-marbre-blanc-de-carrare-sculpte-representant-elisabeth-du-roux-comtesse-de-la-rochefoucauld-1815-1875\/","og_locale":"en_US","og_type":"article","og_title":"Lorenzo Bartolini (1777-1850) (attribu\u00e9 \u00e0), buste en marbre de Carrare repr\u00e9sentant la comtesse de La Rochefoucauld","og_description":"Lorenzo Bartolini (1777-1850) (attribu\u00e9 \u00e0) Buste en marbre blanc de Carrare sculpt\u00e9 repr\u00e9sentant \u00c9lisabeth du Roux, comtesse de La Rochefoucauld (1815-1875) 19\u00e8me si\u00e8cle Reposant sur un socle en porphyre serpentin 85,5 x 54 x 27 cm Provenance : Ch\u00e2teau de Verteuil, souvenirs de la famille La Rochefoucauld","og_url":"https:\/\/artibermont.com\/en\/produit\/buste-en-marbre-blanc-de-carrare-sculpte-representant-elisabeth-du-roux-comtesse-de-la-rochefoucauld-1815-1875\/","og_site_name":"Tibermont","article_modified_time":"2025-04-01T14:25:31+00:00","og_image":[{"width":1200,"height":1800,"url":"https:\/\/artibermont.com\/wp-content\/uploads\/2023\/06\/TA2100595-0BD.jpg","type":"image\/jpeg"}],"twitter_card":"summary_large_image","twitter_misc":{"Est. reading time":"1 minute"},"schema":{"@context":"https:\/\/schema.org","@graph":[{"@type":"WebPage","@id":"https:\/\/artibermont.com\/en\/produit\/buste-en-marbre-blanc-de-carrare-sculpte-representant-elisabeth-du-roux-comtesse-de-la-rochefoucauld-1815-1875\/","url":"https:\/\/artibermont.com\/en\/produit\/buste-en-marbre-blanc-de-carrare-sculpte-representant-elisabeth-du-roux-comtesse-de-la-rochefoucauld-1815-1875\/","name":"Lorenzo Bartolini (1777-1850) (attribu\u00e9 \u00e0), buste en marbre de Carrare repr\u00e9sentant la comtesse de La Rochefoucauld &#8211; Tibermont","isPartOf":{"@id":"https:\/\/artibermont.com\/en\/#website"},"primaryImageOfPage":{"@id":"https:\/\/artibermont.com\/en\/produit\/buste-en-marbre-blanc-de-carrare-sculpte-representant-elisabeth-du-roux-comtesse-de-la-rochefoucauld-1815-1875\/#primaryimage"},"image":{"@id":"https:\/\/artibermont.com\/en\/produit\/buste-en-marbre-blanc-de-carrare-sculpte-representant-elisabeth-du-roux-comtesse-de-la-rochefoucauld-1815-1875\/#primaryimage"},"thumbnailUrl":"https:\/\/artibermont.com\/wp-content\/uploads\/2023\/06\/TA2100595-0BD.jpg","datePublished":"2023-06-07T15:16:46+00:00","dateModified":"2025-04-01T14:25:31+00:00","breadcrumb":{"@id":"https:\/\/artibermont.com\/en\/produit\/buste-en-marbre-blanc-de-carrare-sculpte-representant-elisabeth-du-roux-comtesse-de-la-rochefoucauld-1815-1875\/#breadcrumb"},"inLanguage":"en-US","potentialAction":[{"@type":"ReadAction","target":["https:\/\/artibermont.com\/en\/produit\/buste-en-marbre-blanc-de-carrare-sculpte-representant-elisabeth-du-roux-comtesse-de-la-rochefoucauld-1815-1875\/"]}]},{"@type":"ImageObject","inLanguage":"en-US","@id":"https:\/\/artibermont.com\/en\/produit\/buste-en-marbre-blanc-de-carrare-sculpte-representant-elisabeth-du-roux-comtesse-de-la-rochefoucauld-1815-1875\/#primaryimage","url":"https:\/\/artibermont.com\/wp-content\/uploads\/2023\/06\/TA2100595-0BD.jpg","contentUrl":"https:\/\/artibermont.com\/wp-content\/uploads\/2023\/06\/TA2100595-0BD.jpg","width":1200,"height":1800},{"@type":"BreadcrumbList","@id":"https:\/\/artibermont.com\/en\/produit\/buste-en-marbre-blanc-de-carrare-sculpte-representant-elisabeth-du-roux-comtesse-de-la-rochefoucauld-1815-1875\/#breadcrumb","itemListElement":[{"@type":"ListItem","position":1,"name":"Accueil","item":"https:\/\/artibermont.com\/en\/homepage\/"},{"@type":"ListItem","position":2,"name":"Shop","item":"https:\/\/artibermont.com\/en\/shop\/"},{"@type":"ListItem","position":3,"name":"Lorenzo Bartolini (1777-1850) (attribu\u00e9 \u00e0), buste en marbre de Carrare repr\u00e9sentant la comtesse de La Rochefoucauld"}]},{"@type":"WebSite","@id":"https:\/\/artibermont.com\/en\/#website","url":"https:\/\/artibermont.com\/en\/","name":"Tibermont","description":"252, boulevard Saint Germain, 75007 Paris","publisher":{"@id":"https:\/\/artibermont.com\/en\/#organization"},"potentialAction":[{"@type":"SearchAction","target":{"@type":"EntryPoint","urlTemplate":"https:\/\/artibermont.com\/en\/?s={search_term_string}"},"query-input":{"@type":"PropertyValueSpecification","valueRequired":true,"valueName":"search_term_string"}}],"inLanguage":"en-US"},{"@type":"Organization","@id":"https:\/\/artibermont.com\/en\/#organization","name":"Tibermont Antiquit\u00e9s","url":"https:\/\/artibermont.com\/en\/","logo":{"@type":"ImageObject","inLanguage":"en-US","@id":"https:\/\/artibermont.com\/en\/#\/schema\/logo\/image\/","url":"https:\/\/artibermont.com\/wp-content\/uploads\/2021\/12\/Logo-TIBERMONT-white.png","contentUrl":"https:\/\/artibermont.com\/wp-content\/uploads\/2021\/12\/Logo-TIBERMONT-white.png","width":713,"height":196,"caption":"Tibermont Antiquit\u00e9s"},"image":{"@id":"https:\/\/artibermont.com\/en\/#\/schema\/logo\/image\/"}}]}},"_links":{"self":[{"href":"https:\/\/artibermont.com\/en\/wp-json\/wp\/v2\/product\/4760","targetHints":{"allow":["GET"]}}],"collection":[{"href":"https:\/\/artibermont.com\/en\/wp-json\/wp\/v2\/product"}],"about":[{"href":"https:\/\/artibermont.com\/en\/wp-json\/wp\/v2\/types\/product"}],"replies":[{"embeddable":true,"href":"https:\/\/artibermont.com\/en\/wp-json\/wp\/v2\/comments?post=4760"}],"version-history":[{"count":5,"href":"https:\/\/artibermont.com\/en\/wp-json\/wp\/v2\/product\/4760\/revisions"}],"predecessor-version":[{"id":6695,"href":"https:\/\/artibermont.com\/en\/wp-json\/wp\/v2\/product\/4760\/revisions\/6695"}],"wp:featuredmedia":[{"embeddable":true,"href":"https:\/\/artibermont.com\/en\/wp-json\/wp\/v2\/media\/9080"}],"wp:attachment":[{"href":"https:\/\/artibermont.com\/en\/wp-json\/wp\/v2\/media?parent=4760"}],"wp:term":[{"taxonomy":"product_brand","embeddable":true,"href":"https:\/\/artibermont.com\/en\/wp-json\/wp\/v2\/product_brand?post=4760"},{"taxonomy":"product_cat","embeddable":true,"href":"https:\/\/artibermont.com\/en\/wp-json\/wp\/v2\/product_cat?post=4760"},{"taxonomy":"product_tag","embeddable":true,"href":"https:\/\/artibermont.com\/en\/wp-json\/wp\/v2\/product_tag?post=4760"}],"curies":[{"name":"wp","href":"https:\/\/api.w.org\/{rel}","templated":true}]}}