{"id":5556,"date":"2023-08-10T00:18:38","date_gmt":"2023-08-09T22:18:38","guid":{"rendered":"https:\/\/artibermont.com\/produit\/van-cleef-arpels-set-consisting-of-a-necklace-and-bracelet-18-karat-gold-necklace-set-with-15-gradient-cabochon-turquoises-and-12-diamonds\/"},"modified":"2024-09-13T13:41:42","modified_gmt":"2024-09-13T11:41:42","slug":"van-cleef-arpels-set-consisting-of-a-necklace-and-bracelet-in-18-karat-gold-necklace-set-with-15-turquoise-cabochons-and-12-diamonds","status":"publish","type":"product","link":"https:\/\/artibermont.com\/en\/product\/van-cleef-arpels-set-consisting-of-a-necklace-and-bracelet-in-18-karat-gold-necklace-set-with-15-turquoise-cabochons-and-12-diamonds\/","title":{"rendered":"Van Cleef and Arpels, turquoise and diamond gold parure- SOLD"},"content":{"rendered":"<p>Van Cleef and Arpels Set consisting of a necklace and a bracelet Necklace in 18 karat gold set with 15 turquoise gradations cabochon and 12 diamonds of approx. 0.10 carats for a total of approx. 1.20 carats Signed: Van Cleef Arpels Numbered: 99504 Years 1960 Gross weight: 110.5 grs Bracelet in 18 karat gold set with 16 turquoises cabochon Signed: Van Cleef Arpels Numbered: 98916 Years 1960 Gross weight: 51.1 grs Gross weight of necklace and bracelet: 161.7 grs<\/p>\n","protected":false},"excerpt":{"rendered":"<p>Van Cleef and Arpels Set consisting of a necklace and a bracelet Necklace in 18 karat gold set with 15 turquoise gradations cabochon and 12 diamonds of approx. 0.10 carats for a total of approx. 1.20 carats Signed: Van Cleef Arpels Numbered: 99504 Years 1960 Gross weight: 110.5 grs Bracelet in 18 karat gold set [&hellip;]<\/p>\n","protected":false},"featured_media":7958,"comment_status":"open","ping_status":"closed","template":"","meta":{"_acf_changed":false},"product_brand":[],"product_cat":[65],"product_tag":[],"class_list":{"0":"post-5556","1":"product","2":"type-product","3":"status-publish","4":"has-post-thumbnail","6":"product_cat-jewelry-et-watches","8":"first","9":"outofstock","10":"taxable","11":"shipping-taxable","12":"product-type-simple"},"acf":[],"yoast_head":"<!-- This site is optimized with the Yoast SEO Premium plugin v19.2.1 (Yoast SEO v27.4) - https:\/\/yoast.com\/product\/yoast-seo-premium-wordpress\/ -->\n<title>Van Cleef and Arpels, turquoise and diamond gold parure- SOLD &#8211; Tibermont<\/title>\n<meta name=\"description\" content=\"Van Cleef and Arpels Parure compos\u00e9e d&#039;un collier et d&#039;un bracelet Collier en or 18 k serti de 15 turquoises cabochon en d\u00e9grad\u00e9es et de 12 diamants d&#039;environ 0,10 carats pour un total d&#039;environ 1,20 carats Sign\u00e9: Van Cleef Arpels Num\u00e9rot\u00e9: 99504Ann\u00e9es 1960Poids brut : 110,5 gr Bracelet en or 18 K serti de 16 turquoises cabochons Sign\u00e9: Van Cleef Arpels Num\u00e9rot\u00e9: 98916Ann\u00e9es 1960Poids brut : 51,1 gr\" \/>\n<meta name=\"robots\" content=\"index, follow, max-snippet:-1, max-image-preview:large, max-video-preview:-1\" \/>\n<link rel=\"canonical\" href=\"https:\/\/artibermont.com\/en\/product\/van-cleef-arpels-set-consisting-of-a-necklace-and-bracelet-in-18-karat-gold-necklace-set-with-15-turquoise-cabochons-and-12-diamonds\/\" \/>\n<meta property=\"og:locale\" content=\"en_US\" \/>\n<meta property=\"og:type\" content=\"article\" \/>\n<meta property=\"og:title\" content=\"Van Cleef and Arpels, turquoise and diamond gold parure- SOLD\" \/>\n<meta property=\"og:description\" content=\"Van Cleef and Arpels Parure compos\u00e9e d&#039;un collier et d&#039;un bracelet Collier en or 18 k serti de 15 turquoises cabochon en d\u00e9grad\u00e9es et de 12 diamants d&#039;environ 0,10 carats pour un total d&#039;environ 1,20 carats Sign\u00e9: Van Cleef Arpels Num\u00e9rot\u00e9: 99504Ann\u00e9es 1960Poids brut : 110,5 gr Bracelet en or 18 K serti de 16 turquoises cabochons Sign\u00e9: Van Cleef Arpels Num\u00e9rot\u00e9: 98916Ann\u00e9es 1960Poids brut : 51,1 gr\" \/>\n<meta property=\"og:url\" content=\"https:\/\/artibermont.com\/en\/product\/van-cleef-arpels-set-consisting-of-a-necklace-and-bracelet-in-18-karat-gold-necklace-set-with-15-turquoise-cabochons-and-12-diamonds\/\" \/>\n<meta property=\"og:site_name\" content=\"Tibermont\" \/>\n<meta property=\"article:modified_time\" content=\"2024-09-13T11:41:42+00:00\" \/>\n<meta name=\"twitter:card\" content=\"summary_large_image\" \/>\n<script type=\"application\/ld+json\" class=\"yoast-schema-graph\">{\"@context\":\"https:\\\/\\\/schema.org\",\"@graph\":[{\"@type\":\"WebPage\",\"@id\":\"https:\\\/\\\/artibermont.com\\\/en\\\/product\\\/van-cleef-arpels-set-consisting-of-a-necklace-and-bracelet-in-18-karat-gold-necklace-set-with-15-turquoise-cabochons-and-12-diamonds\\\/\",\"url\":\"https:\\\/\\\/artibermont.com\\\/en\\\/product\\\/van-cleef-arpels-set-consisting-of-a-necklace-and-bracelet-in-18-karat-gold-necklace-set-with-15-turquoise-cabochons-and-12-diamonds\\\/\",\"name\":\"Van Cleef and Arpels, turquoise and diamond gold parure- SOLD &#8211; Tibermont\",\"isPartOf\":{\"@id\":\"https:\\\/\\\/artibermont.com\\\/en\\\/#website\"},\"primaryImageOfPage\":{\"@id\":\"https:\\\/\\\/artibermont.com\\\/en\\\/product\\\/van-cleef-arpels-set-consisting-of-a-necklace-and-bracelet-in-18-karat-gold-necklace-set-with-15-turquoise-cabochons-and-12-diamonds\\\/#primaryimage\"},\"image\":{\"@id\":\"https:\\\/\\\/artibermont.com\\\/en\\\/product\\\/van-cleef-arpels-set-consisting-of-a-necklace-and-bracelet-in-18-karat-gold-necklace-set-with-15-turquoise-cabochons-and-12-diamonds\\\/#primaryimage\"},\"thumbnailUrl\":\"https:\\\/\\\/artibermont.com\\\/wp-content\\\/uploads\\\/2023\\\/08\\\/TA2200047-1-2-0MD-scaled.jpg\",\"datePublished\":\"2023-08-09T22:18:38+00:00\",\"dateModified\":\"2024-09-13T11:41:42+00:00\",\"description\":\"Van Cleef and Arpels Parure compos\u00e9e d'un collier et d'un bracelet Collier en or 18 k serti de 15 turquoises cabochon en d\u00e9grad\u00e9es et de 12 diamants d'environ 0,10 carats pour un total d'environ 1,20 carats Sign\u00e9: Van Cleef Arpels Num\u00e9rot\u00e9: 99504Ann\u00e9es 1960Poids brut : 110,5 gr Bracelet en or 18 K serti de 16 turquoises cabochons Sign\u00e9: Van Cleef Arpels Num\u00e9rot\u00e9: 98916Ann\u00e9es 1960Poids brut : 51,1 gr\",\"breadcrumb\":{\"@id\":\"https:\\\/\\\/artibermont.com\\\/en\\\/product\\\/van-cleef-arpels-set-consisting-of-a-necklace-and-bracelet-in-18-karat-gold-necklace-set-with-15-turquoise-cabochons-and-12-diamonds\\\/#breadcrumb\"},\"inLanguage\":\"en-US\",\"potentialAction\":[{\"@type\":\"ReadAction\",\"target\":[\"https:\\\/\\\/artibermont.com\\\/en\\\/product\\\/van-cleef-arpels-set-consisting-of-a-necklace-and-bracelet-in-18-karat-gold-necklace-set-with-15-turquoise-cabochons-and-12-diamonds\\\/\"]}]},{\"@type\":\"ImageObject\",\"inLanguage\":\"en-US\",\"@id\":\"https:\\\/\\\/artibermont.com\\\/en\\\/product\\\/van-cleef-arpels-set-consisting-of-a-necklace-and-bracelet-in-18-karat-gold-necklace-set-with-15-turquoise-cabochons-and-12-diamonds\\\/#primaryimage\",\"url\":\"https:\\\/\\\/artibermont.com\\\/wp-content\\\/uploads\\\/2023\\\/08\\\/TA2200047-1-2-0MD-scaled.jpg\",\"contentUrl\":\"https:\\\/\\\/artibermont.com\\\/wp-content\\\/uploads\\\/2023\\\/08\\\/TA2200047-1-2-0MD-scaled.jpg\",\"width\":1707,\"height\":2560},{\"@type\":\"BreadcrumbList\",\"@id\":\"https:\\\/\\\/artibermont.com\\\/en\\\/product\\\/van-cleef-arpels-set-consisting-of-a-necklace-and-bracelet-in-18-karat-gold-necklace-set-with-15-turquoise-cabochons-and-12-diamonds\\\/#breadcrumb\",\"itemListElement\":[{\"@type\":\"ListItem\",\"position\":1,\"name\":\"Accueil\",\"item\":\"https:\\\/\\\/artibermont.com\\\/en\\\/homepage\\\/\"},{\"@type\":\"ListItem\",\"position\":2,\"name\":\"Shop\",\"item\":\"https:\\\/\\\/artibermont.com\\\/en\\\/shop\\\/\"},{\"@type\":\"ListItem\",\"position\":3,\"name\":\"Van Cleef and Arpels, turquoise and diamond gold parure- SOLD\"}]},{\"@type\":\"WebSite\",\"@id\":\"https:\\\/\\\/artibermont.com\\\/en\\\/#website\",\"url\":\"https:\\\/\\\/artibermont.com\\\/en\\\/\",\"name\":\"Tibermont\",\"description\":\"252, boulevard Saint Germain, 75007 Paris\",\"publisher\":{\"@id\":\"https:\\\/\\\/artibermont.com\\\/en\\\/#organization\"},\"potentialAction\":[{\"@type\":\"SearchAction\",\"target\":{\"@type\":\"EntryPoint\",\"urlTemplate\":\"https:\\\/\\\/artibermont.com\\\/en\\\/?s={search_term_string}\"},\"query-input\":{\"@type\":\"PropertyValueSpecification\",\"valueRequired\":true,\"valueName\":\"search_term_string\"}}],\"inLanguage\":\"en-US\"},{\"@type\":\"Organization\",\"@id\":\"https:\\\/\\\/artibermont.com\\\/en\\\/#organization\",\"name\":\"Tibermont Antiquit\u00e9s\",\"url\":\"https:\\\/\\\/artibermont.com\\\/en\\\/\",\"logo\":{\"@type\":\"ImageObject\",\"inLanguage\":\"en-US\",\"@id\":\"https:\\\/\\\/artibermont.com\\\/en\\\/#\\\/schema\\\/logo\\\/image\\\/\",\"url\":\"https:\\\/\\\/artibermont.com\\\/wp-content\\\/uploads\\\/2021\\\/12\\\/Logo-TIBERMONT-white.png\",\"contentUrl\":\"https:\\\/\\\/artibermont.com\\\/wp-content\\\/uploads\\\/2021\\\/12\\\/Logo-TIBERMONT-white.png\",\"width\":713,\"height\":196,\"caption\":\"Tibermont Antiquit\u00e9s\"},\"image\":{\"@id\":\"https:\\\/\\\/artibermont.com\\\/en\\\/#\\\/schema\\\/logo\\\/image\\\/\"}}]}<\/script>\n<!-- \/ Yoast SEO Premium plugin. -->","yoast_head_json":{"title":"Van Cleef and Arpels, turquoise and diamond gold parure- SOLD &#8211; Tibermont","description":"Van Cleef and Arpels Parure compos\u00e9e d'un collier et d'un bracelet Collier en or 18 k serti de 15 turquoises cabochon en d\u00e9grad\u00e9es et de 12 diamants d'environ 0,10 carats pour un total d'environ 1,20 carats Sign\u00e9: Van Cleef Arpels Num\u00e9rot\u00e9: 99504Ann\u00e9es 1960Poids brut : 110,5 gr Bracelet en or 18 K serti de 16 turquoises cabochons Sign\u00e9: Van Cleef Arpels Num\u00e9rot\u00e9: 98916Ann\u00e9es 1960Poids brut : 51,1 gr","robots":{"index":"index","follow":"follow","max-snippet":"max-snippet:-1","max-image-preview":"max-image-preview:large","max-video-preview":"max-video-preview:-1"},"canonical":"https:\/\/artibermont.com\/en\/product\/van-cleef-arpels-set-consisting-of-a-necklace-and-bracelet-in-18-karat-gold-necklace-set-with-15-turquoise-cabochons-and-12-diamonds\/","og_locale":"en_US","og_type":"article","og_title":"Van Cleef and Arpels, turquoise and diamond gold parure- SOLD","og_description":"Van Cleef and Arpels Parure compos\u00e9e d'un collier et d'un bracelet Collier en or 18 k serti de 15 turquoises cabochon en d\u00e9grad\u00e9es et de 12 diamants d'environ 0,10 carats pour un total d'environ 1,20 carats Sign\u00e9: Van Cleef Arpels Num\u00e9rot\u00e9: 99504Ann\u00e9es 1960Poids brut : 110,5 gr Bracelet en or 18 K serti de 16 turquoises cabochons Sign\u00e9: Van Cleef Arpels Num\u00e9rot\u00e9: 98916Ann\u00e9es 1960Poids brut : 51,1 gr","og_url":"https:\/\/artibermont.com\/en\/product\/van-cleef-arpels-set-consisting-of-a-necklace-and-bracelet-in-18-karat-gold-necklace-set-with-15-turquoise-cabochons-and-12-diamonds\/","og_site_name":"Tibermont","article_modified_time":"2024-09-13T11:41:42+00:00","twitter_card":"summary_large_image","schema":{"@context":"https:\/\/schema.org","@graph":[{"@type":"WebPage","@id":"https:\/\/artibermont.com\/en\/product\/van-cleef-arpels-set-consisting-of-a-necklace-and-bracelet-in-18-karat-gold-necklace-set-with-15-turquoise-cabochons-and-12-diamonds\/","url":"https:\/\/artibermont.com\/en\/product\/van-cleef-arpels-set-consisting-of-a-necklace-and-bracelet-in-18-karat-gold-necklace-set-with-15-turquoise-cabochons-and-12-diamonds\/","name":"Van Cleef and Arpels, turquoise and diamond gold parure- SOLD &#8211; Tibermont","isPartOf":{"@id":"https:\/\/artibermont.com\/en\/#website"},"primaryImageOfPage":{"@id":"https:\/\/artibermont.com\/en\/product\/van-cleef-arpels-set-consisting-of-a-necklace-and-bracelet-in-18-karat-gold-necklace-set-with-15-turquoise-cabochons-and-12-diamonds\/#primaryimage"},"image":{"@id":"https:\/\/artibermont.com\/en\/product\/van-cleef-arpels-set-consisting-of-a-necklace-and-bracelet-in-18-karat-gold-necklace-set-with-15-turquoise-cabochons-and-12-diamonds\/#primaryimage"},"thumbnailUrl":"https:\/\/artibermont.com\/wp-content\/uploads\/2023\/08\/TA2200047-1-2-0MD-scaled.jpg","datePublished":"2023-08-09T22:18:38+00:00","dateModified":"2024-09-13T11:41:42+00:00","description":"Van Cleef and Arpels Parure compos\u00e9e d'un collier et d'un bracelet Collier en or 18 k serti de 15 turquoises cabochon en d\u00e9grad\u00e9es et de 12 diamants d'environ 0,10 carats pour un total d'environ 1,20 carats Sign\u00e9: Van Cleef Arpels Num\u00e9rot\u00e9: 99504Ann\u00e9es 1960Poids brut : 110,5 gr Bracelet en or 18 K serti de 16 turquoises cabochons Sign\u00e9: Van Cleef Arpels Num\u00e9rot\u00e9: 98916Ann\u00e9es 1960Poids brut : 51,1 gr","breadcrumb":{"@id":"https:\/\/artibermont.com\/en\/product\/van-cleef-arpels-set-consisting-of-a-necklace-and-bracelet-in-18-karat-gold-necklace-set-with-15-turquoise-cabochons-and-12-diamonds\/#breadcrumb"},"inLanguage":"en-US","potentialAction":[{"@type":"ReadAction","target":["https:\/\/artibermont.com\/en\/product\/van-cleef-arpels-set-consisting-of-a-necklace-and-bracelet-in-18-karat-gold-necklace-set-with-15-turquoise-cabochons-and-12-diamonds\/"]}]},{"@type":"ImageObject","inLanguage":"en-US","@id":"https:\/\/artibermont.com\/en\/product\/van-cleef-arpels-set-consisting-of-a-necklace-and-bracelet-in-18-karat-gold-necklace-set-with-15-turquoise-cabochons-and-12-diamonds\/#primaryimage","url":"https:\/\/artibermont.com\/wp-content\/uploads\/2023\/08\/TA2200047-1-2-0MD-scaled.jpg","contentUrl":"https:\/\/artibermont.com\/wp-content\/uploads\/2023\/08\/TA2200047-1-2-0MD-scaled.jpg","width":1707,"height":2560},{"@type":"BreadcrumbList","@id":"https:\/\/artibermont.com\/en\/product\/van-cleef-arpels-set-consisting-of-a-necklace-and-bracelet-in-18-karat-gold-necklace-set-with-15-turquoise-cabochons-and-12-diamonds\/#breadcrumb","itemListElement":[{"@type":"ListItem","position":1,"name":"Accueil","item":"https:\/\/artibermont.com\/en\/homepage\/"},{"@type":"ListItem","position":2,"name":"Shop","item":"https:\/\/artibermont.com\/en\/shop\/"},{"@type":"ListItem","position":3,"name":"Van Cleef and Arpels, turquoise and diamond gold parure- SOLD"}]},{"@type":"WebSite","@id":"https:\/\/artibermont.com\/en\/#website","url":"https:\/\/artibermont.com\/en\/","name":"Tibermont","description":"252, boulevard Saint Germain, 75007 Paris","publisher":{"@id":"https:\/\/artibermont.com\/en\/#organization"},"potentialAction":[{"@type":"SearchAction","target":{"@type":"EntryPoint","urlTemplate":"https:\/\/artibermont.com\/en\/?s={search_term_string}"},"query-input":{"@type":"PropertyValueSpecification","valueRequired":true,"valueName":"search_term_string"}}],"inLanguage":"en-US"},{"@type":"Organization","@id":"https:\/\/artibermont.com\/en\/#organization","name":"Tibermont Antiquit\u00e9s","url":"https:\/\/artibermont.com\/en\/","logo":{"@type":"ImageObject","inLanguage":"en-US","@id":"https:\/\/artibermont.com\/en\/#\/schema\/logo\/image\/","url":"https:\/\/artibermont.com\/wp-content\/uploads\/2021\/12\/Logo-TIBERMONT-white.png","contentUrl":"https:\/\/artibermont.com\/wp-content\/uploads\/2021\/12\/Logo-TIBERMONT-white.png","width":713,"height":196,"caption":"Tibermont Antiquit\u00e9s"},"image":{"@id":"https:\/\/artibermont.com\/en\/#\/schema\/logo\/image\/"}}]}},"_links":{"self":[{"href":"https:\/\/artibermont.com\/en\/wp-json\/wp\/v2\/product\/5556","targetHints":{"allow":["GET"]}}],"collection":[{"href":"https:\/\/artibermont.com\/en\/wp-json\/wp\/v2\/product"}],"about":[{"href":"https:\/\/artibermont.com\/en\/wp-json\/wp\/v2\/types\/product"}],"replies":[{"embeddable":true,"href":"https:\/\/artibermont.com\/en\/wp-json\/wp\/v2\/comments?post=5556"}],"version-history":[{"count":12,"href":"https:\/\/artibermont.com\/en\/wp-json\/wp\/v2\/product\/5556\/revisions"}],"predecessor-version":[{"id":6776,"href":"https:\/\/artibermont.com\/en\/wp-json\/wp\/v2\/product\/5556\/revisions\/6776"}],"wp:featuredmedia":[{"embeddable":true,"href":"https:\/\/artibermont.com\/en\/wp-json\/wp\/v2\/media\/7958"}],"wp:attachment":[{"href":"https:\/\/artibermont.com\/en\/wp-json\/wp\/v2\/media?parent=5556"}],"wp:term":[{"taxonomy":"product_brand","embeddable":true,"href":"https:\/\/artibermont.com\/en\/wp-json\/wp\/v2\/product_brand?post=5556"},{"taxonomy":"product_cat","embeddable":true,"href":"https:\/\/artibermont.com\/en\/wp-json\/wp\/v2\/product_cat?post=5556"},{"taxonomy":"product_tag","embeddable":true,"href":"https:\/\/artibermont.com\/en\/wp-json\/wp\/v2\/product_tag?post=5556"}],"curies":[{"name":"wp","href":"https:\/\/api.w.org\/{rel}","templated":true}]}}