{"id":5562,"date":"2023-08-12T00:07:50","date_gmt":"2023-08-11T22:07:50","guid":{"rendered":"https:\/\/artibermont.com\/produit\/gold-cardinals-ring-set-with-an-aquamarine-and-diamonds\/"},"modified":"2023-10-23T17:24:43","modified_gmt":"2023-10-23T15:24:43","slug":"18-karat-gold-cardinal-ring-set-with-an-hexagonal-aquamarine-and-pave-set-diamonds-on-each-of-the-two-crosses","status":"publish","type":"product","link":"https:\/\/artibermont.com\/en\/product\/18-karat-gold-cardinal-ring-set-with-an-hexagonal-aquamarine-and-pave-set-diamonds-on-each-of-the-two-crosses\/","title":{"rendered":"Gold Cardinal&#8217;s ring, set with an Aquamarine and Diamonds."},"content":{"rendered":"<p>18 Karat gold Cardinal\u2019s ring, set with an hexagonal aquamarine surrounded by stylised greek friezes. A Cross set with diamonds, on each side of the ring.<\/p>\n<p>Hallmark: Herv\u00e9 Matteau (Priest who set up his own Jewelry business in 1867).<\/p>\n<p>Circa 1924.<\/p>\n<p>Gross weight: 33 grs<\/p>\n<p>Provenance: This ring belonged to Cardinal Alfonso Mistrangelo (1852-1930), who was elected Cardinal during the consistory of December 6th 1915 by Pope Benedict XV (1854-1922): Extracted from the Pope\u2019s speech: \u201cBy the authority of Almighty God, of the Holy Apostles Peter and Paul and Ours. We create and proclaim Cardinals Priests of the Holy Roman Church: Jules Tonti, Alphonse-Marie Mistrangelo, Jean Cagliero, Andr\u00e9-Fran\u00e7ois Fruhwirth, Rapha\u00ebl Scapinelli nelli di L\u00e8guigno, Georges Gusmini, with the necessary and opportune dispensations, derogations and clausules\u201d. On the death of Cardinal Mistrangelo in 1930, the ring was passed on to his personal secretary his Eminence L\u00e9on Laffitte (1885-1968), who became the secret Chamberlain of Sovereign Pontiff Pius XI in 1923. In 1943, he was promoted to apostolic prothonotary by Pope Pius XII. On November 30th 1950, his civil rank changed, he was appointed as the Honorary Vicar General of the Diocese of Monaco. He died in Saint-Cloud (Hauts-de-Seine), on March 5th 1968, and he was buried in Saint-Paul-de-Jarrat, three days later. On the death of Monseigneur L\u00e9on Laffitte (1885-1968), the ring was passed down by his heirs to its current owner.<\/p>\n","protected":false},"excerpt":{"rendered":"<p>18 Karat gold Cardinal\u2019s ring, set with an hexagonal aquamarine surrounded by stylised greek friezes. A Cross set with diamonds, on each side of the ring. Hallmark: Herv\u00e9 Matteau (Priest who set up his own Jewelry business in 1867). Circa 1924. Gross weight: 33 grs Provenance: This ring belonged to Cardinal Alfonso Mistrangelo (1852-1930), who [&hellip;]<\/p>\n","protected":false},"featured_media":7447,"comment_status":"open","ping_status":"closed","template":"","meta":{"_acf_changed":false},"product_brand":[],"product_cat":[65],"product_tag":[],"class_list":{"0":"post-5562","1":"product","2":"type-product","3":"status-publish","4":"has-post-thumbnail","6":"product_cat-jewelry-et-watches","8":"first","9":"instock","10":"sold-individually","11":"taxable","12":"shipping-taxable","13":"purchasable","14":"product-type-simple"},"acf":[],"yoast_head":"<!-- This site is optimized with the Yoast SEO Premium plugin v19.2.1 (Yoast SEO v27.3) - https:\/\/yoast.com\/product\/yoast-seo-premium-wordpress\/ -->\n<title>Gold Cardinal&#039;s ring, set with an Aquamarine and Diamonds. &#8211; Tibermont<\/title>\n<meta name=\"robots\" content=\"index, follow, max-snippet:-1, max-image-preview:large, max-video-preview:-1\" \/>\n<link rel=\"canonical\" href=\"https:\/\/artibermont.com\/en\/product\/18-karat-gold-cardinal-ring-set-with-an-hexagonal-aquamarine-and-pave-set-diamonds-on-each-of-the-two-crosses\/\" \/>\n<meta property=\"og:locale\" content=\"en_US\" \/>\n<meta property=\"og:type\" content=\"article\" \/>\n<meta property=\"og:title\" content=\"Gold Cardinal&#039;s ring, set with an Aquamarine and Diamonds.\" \/>\n<meta property=\"og:description\" content=\"18 Karat gold Cardinal\u2019s ring, set with an hexagonal aquamarine surrounded by stylised greek friezes. A Cross set with diamonds, on each side of the ring. Hallmark: Herv\u00e9 Matteau (Priest who set up his own Jewelry business in 1867). Circa 1924. Gross weight: 33 grs Provenance: This ring belonged to Cardinal Alfonso Mistrangelo (1852-1930), who [&hellip;]\" \/>\n<meta property=\"og:url\" content=\"https:\/\/artibermont.com\/en\/product\/18-karat-gold-cardinal-ring-set-with-an-hexagonal-aquamarine-and-pave-set-diamonds-on-each-of-the-two-crosses\/\" \/>\n<meta property=\"og:site_name\" content=\"Tibermont\" \/>\n<meta property=\"article:modified_time\" content=\"2023-10-23T15:24:43+00:00\" \/>\n<meta property=\"og:image\" content=\"https:\/\/artibermont.com\/wp-content\/uploads\/2023\/08\/TA2100640-1MD-scaled.jpg\" \/>\n\t<meta property=\"og:image:width\" content=\"1707\" \/>\n\t<meta property=\"og:image:height\" content=\"2560\" \/>\n\t<meta property=\"og:image:type\" content=\"image\/jpeg\" \/>\n<meta name=\"twitter:card\" content=\"summary_large_image\" \/>\n<meta name=\"twitter:label1\" content=\"Est. reading time\" \/>\n\t<meta name=\"twitter:data1\" content=\"1 minute\" \/>\n<script type=\"application\/ld+json\" class=\"yoast-schema-graph\">{\"@context\":\"https:\\\/\\\/schema.org\",\"@graph\":[{\"@type\":\"WebPage\",\"@id\":\"https:\\\/\\\/artibermont.com\\\/en\\\/product\\\/18-karat-gold-cardinal-ring-set-with-an-hexagonal-aquamarine-and-pave-set-diamonds-on-each-of-the-two-crosses\\\/\",\"url\":\"https:\\\/\\\/artibermont.com\\\/en\\\/product\\\/18-karat-gold-cardinal-ring-set-with-an-hexagonal-aquamarine-and-pave-set-diamonds-on-each-of-the-two-crosses\\\/\",\"name\":\"Gold Cardinal's ring, set with an Aquamarine and Diamonds. &#8211; Tibermont\",\"isPartOf\":{\"@id\":\"https:\\\/\\\/artibermont.com\\\/en\\\/#website\"},\"primaryImageOfPage\":{\"@id\":\"https:\\\/\\\/artibermont.com\\\/en\\\/product\\\/18-karat-gold-cardinal-ring-set-with-an-hexagonal-aquamarine-and-pave-set-diamonds-on-each-of-the-two-crosses\\\/#primaryimage\"},\"image\":{\"@id\":\"https:\\\/\\\/artibermont.com\\\/en\\\/product\\\/18-karat-gold-cardinal-ring-set-with-an-hexagonal-aquamarine-and-pave-set-diamonds-on-each-of-the-two-crosses\\\/#primaryimage\"},\"thumbnailUrl\":\"https:\\\/\\\/artibermont.com\\\/wp-content\\\/uploads\\\/2023\\\/08\\\/TA2100640-1MD-scaled.jpg\",\"datePublished\":\"2023-08-11T22:07:50+00:00\",\"dateModified\":\"2023-10-23T15:24:43+00:00\",\"breadcrumb\":{\"@id\":\"https:\\\/\\\/artibermont.com\\\/en\\\/product\\\/18-karat-gold-cardinal-ring-set-with-an-hexagonal-aquamarine-and-pave-set-diamonds-on-each-of-the-two-crosses\\\/#breadcrumb\"},\"inLanguage\":\"en-US\",\"potentialAction\":[{\"@type\":\"ReadAction\",\"target\":[\"https:\\\/\\\/artibermont.com\\\/en\\\/product\\\/18-karat-gold-cardinal-ring-set-with-an-hexagonal-aquamarine-and-pave-set-diamonds-on-each-of-the-two-crosses\\\/\"]}]},{\"@type\":\"ImageObject\",\"inLanguage\":\"en-US\",\"@id\":\"https:\\\/\\\/artibermont.com\\\/en\\\/product\\\/18-karat-gold-cardinal-ring-set-with-an-hexagonal-aquamarine-and-pave-set-diamonds-on-each-of-the-two-crosses\\\/#primaryimage\",\"url\":\"https:\\\/\\\/artibermont.com\\\/wp-content\\\/uploads\\\/2023\\\/08\\\/TA2100640-1MD-scaled.jpg\",\"contentUrl\":\"https:\\\/\\\/artibermont.com\\\/wp-content\\\/uploads\\\/2023\\\/08\\\/TA2100640-1MD-scaled.jpg\",\"width\":1707,\"height\":2560},{\"@type\":\"BreadcrumbList\",\"@id\":\"https:\\\/\\\/artibermont.com\\\/en\\\/product\\\/18-karat-gold-cardinal-ring-set-with-an-hexagonal-aquamarine-and-pave-set-diamonds-on-each-of-the-two-crosses\\\/#breadcrumb\",\"itemListElement\":[{\"@type\":\"ListItem\",\"position\":1,\"name\":\"Accueil\",\"item\":\"https:\\\/\\\/artibermont.com\\\/en\\\/homepage\\\/\"},{\"@type\":\"ListItem\",\"position\":2,\"name\":\"Shop\",\"item\":\"https:\\\/\\\/artibermont.com\\\/en\\\/shop\\\/\"},{\"@type\":\"ListItem\",\"position\":3,\"name\":\"Gold Cardinal&#8217;s ring, set with an Aquamarine and Diamonds.\"}]},{\"@type\":\"WebSite\",\"@id\":\"https:\\\/\\\/artibermont.com\\\/en\\\/#website\",\"url\":\"https:\\\/\\\/artibermont.com\\\/en\\\/\",\"name\":\"Tibermont\",\"description\":\"252, boulevard Saint Germain, 75007 Paris\",\"publisher\":{\"@id\":\"https:\\\/\\\/artibermont.com\\\/en\\\/#organization\"},\"potentialAction\":[{\"@type\":\"SearchAction\",\"target\":{\"@type\":\"EntryPoint\",\"urlTemplate\":\"https:\\\/\\\/artibermont.com\\\/en\\\/?s={search_term_string}\"},\"query-input\":{\"@type\":\"PropertyValueSpecification\",\"valueRequired\":true,\"valueName\":\"search_term_string\"}}],\"inLanguage\":\"en-US\"},{\"@type\":\"Organization\",\"@id\":\"https:\\\/\\\/artibermont.com\\\/en\\\/#organization\",\"name\":\"Tibermont Antiquit\u00e9s\",\"url\":\"https:\\\/\\\/artibermont.com\\\/en\\\/\",\"logo\":{\"@type\":\"ImageObject\",\"inLanguage\":\"en-US\",\"@id\":\"https:\\\/\\\/artibermont.com\\\/en\\\/#\\\/schema\\\/logo\\\/image\\\/\",\"url\":\"https:\\\/\\\/artibermont.com\\\/wp-content\\\/uploads\\\/2021\\\/12\\\/Logo-TIBERMONT-white.png\",\"contentUrl\":\"https:\\\/\\\/artibermont.com\\\/wp-content\\\/uploads\\\/2021\\\/12\\\/Logo-TIBERMONT-white.png\",\"width\":713,\"height\":196,\"caption\":\"Tibermont Antiquit\u00e9s\"},\"image\":{\"@id\":\"https:\\\/\\\/artibermont.com\\\/en\\\/#\\\/schema\\\/logo\\\/image\\\/\"}}]}<\/script>\n<!-- \/ Yoast SEO Premium plugin. -->","yoast_head_json":{"title":"Gold Cardinal's ring, set with an Aquamarine and Diamonds. &#8211; Tibermont","robots":{"index":"index","follow":"follow","max-snippet":"max-snippet:-1","max-image-preview":"max-image-preview:large","max-video-preview":"max-video-preview:-1"},"canonical":"https:\/\/artibermont.com\/en\/product\/18-karat-gold-cardinal-ring-set-with-an-hexagonal-aquamarine-and-pave-set-diamonds-on-each-of-the-two-crosses\/","og_locale":"en_US","og_type":"article","og_title":"Gold Cardinal's ring, set with an Aquamarine and Diamonds.","og_description":"18 Karat gold Cardinal\u2019s ring, set with an hexagonal aquamarine surrounded by stylised greek friezes. A Cross set with diamonds, on each side of the ring. Hallmark: Herv\u00e9 Matteau (Priest who set up his own Jewelry business in 1867). Circa 1924. Gross weight: 33 grs Provenance: This ring belonged to Cardinal Alfonso Mistrangelo (1852-1930), who [&hellip;]","og_url":"https:\/\/artibermont.com\/en\/product\/18-karat-gold-cardinal-ring-set-with-an-hexagonal-aquamarine-and-pave-set-diamonds-on-each-of-the-two-crosses\/","og_site_name":"Tibermont","article_modified_time":"2023-10-23T15:24:43+00:00","og_image":[{"width":1707,"height":2560,"url":"https:\/\/artibermont.com\/wp-content\/uploads\/2023\/08\/TA2100640-1MD-scaled.jpg","type":"image\/jpeg"}],"twitter_card":"summary_large_image","twitter_misc":{"Est. reading time":"1 minute"},"schema":{"@context":"https:\/\/schema.org","@graph":[{"@type":"WebPage","@id":"https:\/\/artibermont.com\/en\/product\/18-karat-gold-cardinal-ring-set-with-an-hexagonal-aquamarine-and-pave-set-diamonds-on-each-of-the-two-crosses\/","url":"https:\/\/artibermont.com\/en\/product\/18-karat-gold-cardinal-ring-set-with-an-hexagonal-aquamarine-and-pave-set-diamonds-on-each-of-the-two-crosses\/","name":"Gold Cardinal's ring, set with an Aquamarine and Diamonds. &#8211; Tibermont","isPartOf":{"@id":"https:\/\/artibermont.com\/en\/#website"},"primaryImageOfPage":{"@id":"https:\/\/artibermont.com\/en\/product\/18-karat-gold-cardinal-ring-set-with-an-hexagonal-aquamarine-and-pave-set-diamonds-on-each-of-the-two-crosses\/#primaryimage"},"image":{"@id":"https:\/\/artibermont.com\/en\/product\/18-karat-gold-cardinal-ring-set-with-an-hexagonal-aquamarine-and-pave-set-diamonds-on-each-of-the-two-crosses\/#primaryimage"},"thumbnailUrl":"https:\/\/artibermont.com\/wp-content\/uploads\/2023\/08\/TA2100640-1MD-scaled.jpg","datePublished":"2023-08-11T22:07:50+00:00","dateModified":"2023-10-23T15:24:43+00:00","breadcrumb":{"@id":"https:\/\/artibermont.com\/en\/product\/18-karat-gold-cardinal-ring-set-with-an-hexagonal-aquamarine-and-pave-set-diamonds-on-each-of-the-two-crosses\/#breadcrumb"},"inLanguage":"en-US","potentialAction":[{"@type":"ReadAction","target":["https:\/\/artibermont.com\/en\/product\/18-karat-gold-cardinal-ring-set-with-an-hexagonal-aquamarine-and-pave-set-diamonds-on-each-of-the-two-crosses\/"]}]},{"@type":"ImageObject","inLanguage":"en-US","@id":"https:\/\/artibermont.com\/en\/product\/18-karat-gold-cardinal-ring-set-with-an-hexagonal-aquamarine-and-pave-set-diamonds-on-each-of-the-two-crosses\/#primaryimage","url":"https:\/\/artibermont.com\/wp-content\/uploads\/2023\/08\/TA2100640-1MD-scaled.jpg","contentUrl":"https:\/\/artibermont.com\/wp-content\/uploads\/2023\/08\/TA2100640-1MD-scaled.jpg","width":1707,"height":2560},{"@type":"BreadcrumbList","@id":"https:\/\/artibermont.com\/en\/product\/18-karat-gold-cardinal-ring-set-with-an-hexagonal-aquamarine-and-pave-set-diamonds-on-each-of-the-two-crosses\/#breadcrumb","itemListElement":[{"@type":"ListItem","position":1,"name":"Accueil","item":"https:\/\/artibermont.com\/en\/homepage\/"},{"@type":"ListItem","position":2,"name":"Shop","item":"https:\/\/artibermont.com\/en\/shop\/"},{"@type":"ListItem","position":3,"name":"Gold Cardinal&#8217;s ring, set with an Aquamarine and Diamonds."}]},{"@type":"WebSite","@id":"https:\/\/artibermont.com\/en\/#website","url":"https:\/\/artibermont.com\/en\/","name":"Tibermont","description":"252, boulevard Saint Germain, 75007 Paris","publisher":{"@id":"https:\/\/artibermont.com\/en\/#organization"},"potentialAction":[{"@type":"SearchAction","target":{"@type":"EntryPoint","urlTemplate":"https:\/\/artibermont.com\/en\/?s={search_term_string}"},"query-input":{"@type":"PropertyValueSpecification","valueRequired":true,"valueName":"search_term_string"}}],"inLanguage":"en-US"},{"@type":"Organization","@id":"https:\/\/artibermont.com\/en\/#organization","name":"Tibermont Antiquit\u00e9s","url":"https:\/\/artibermont.com\/en\/","logo":{"@type":"ImageObject","inLanguage":"en-US","@id":"https:\/\/artibermont.com\/en\/#\/schema\/logo\/image\/","url":"https:\/\/artibermont.com\/wp-content\/uploads\/2021\/12\/Logo-TIBERMONT-white.png","contentUrl":"https:\/\/artibermont.com\/wp-content\/uploads\/2021\/12\/Logo-TIBERMONT-white.png","width":713,"height":196,"caption":"Tibermont Antiquit\u00e9s"},"image":{"@id":"https:\/\/artibermont.com\/en\/#\/schema\/logo\/image\/"}}]}},"_links":{"self":[{"href":"https:\/\/artibermont.com\/en\/wp-json\/wp\/v2\/product\/5562","targetHints":{"allow":["GET"]}}],"collection":[{"href":"https:\/\/artibermont.com\/en\/wp-json\/wp\/v2\/product"}],"about":[{"href":"https:\/\/artibermont.com\/en\/wp-json\/wp\/v2\/types\/product"}],"replies":[{"embeddable":true,"href":"https:\/\/artibermont.com\/en\/wp-json\/wp\/v2\/comments?post=5562"}],"version-history":[{"count":5,"href":"https:\/\/artibermont.com\/en\/wp-json\/wp\/v2\/product\/5562\/revisions"}],"predecessor-version":[{"id":5964,"href":"https:\/\/artibermont.com\/en\/wp-json\/wp\/v2\/product\/5562\/revisions\/5964"}],"wp:featuredmedia":[{"embeddable":true,"href":"https:\/\/artibermont.com\/en\/wp-json\/wp\/v2\/media\/7447"}],"wp:attachment":[{"href":"https:\/\/artibermont.com\/en\/wp-json\/wp\/v2\/media?parent=5562"}],"wp:term":[{"taxonomy":"product_brand","embeddable":true,"href":"https:\/\/artibermont.com\/en\/wp-json\/wp\/v2\/product_brand?post=5562"},{"taxonomy":"product_cat","embeddable":true,"href":"https:\/\/artibermont.com\/en\/wp-json\/wp\/v2\/product_cat?post=5562"},{"taxonomy":"product_tag","embeddable":true,"href":"https:\/\/artibermont.com\/en\/wp-json\/wp\/v2\/product_tag?post=5562"}],"curies":[{"name":"wp","href":"https:\/\/api.w.org\/{rel}","templated":true}]}}