{"id":6292,"date":"2023-12-07T18:55:21","date_gmt":"2023-12-07T17:55:21","guid":{"rendered":"https:\/\/artibermont.com\/?post_type=product&#038;p=6292"},"modified":"2025-01-15T16:43:40","modified_gmt":"2025-01-15T15:43:40","slug":"paire-de-vases-en-porcelaine-dimari-agrementee-de-dragons-en-fort-relief","status":"publish","type":"product","link":"https:\/\/artibermont.com\/en\/produit\/paire-de-vases-en-porcelaine-dimari-agrementee-de-dragons-en-fort-relief\/","title":{"rendered":"Paire de vases en porcelaine d\u2019Imari agr\u00e9ment\u00e9e de dragons en fort relief enroul\u00e9s autour de chaque vase"},"content":{"rendered":"<p>Paire de vases en porcelaine d\u2019Imari de forme balustre \u00e0 collerette, est agr\u00e9ment\u00e9e de dragons en fort relief enroul\u00e9s autour de chaque vase. D\u00e9cor de type Imari compos\u00e9 d\u2019une frise de palmettes sur la base en bleu de cobalt sous couverte et d\u2019un d\u00e9cor sur la panse repr\u00e9sentant de grands personnages accompagn\u00e9s de r\u00e9serves contenant des oiseaux. Ce d\u00e9cor est r\u00e9alis\u00e9 en \u00e9maux polychromes \u00e0 dominante rouge de fer<\/p>\n<p>Japon<\/p>\n<p>Fin de l\u2019\u00e9poque Edo ou d\u00e9but de l\u2019\u00e9poque Meiji, vers 1860-1880<\/p>\n<p>Inscription : Portent la marque manuscrite Hichozan Shinpo<\/p>\n<p>Hauteur : 62 cm<\/p>\n<p>Hichozan Shinpo. Hichozan est le nom commercial utilis\u00e9 par Tashiro Monzaemon fabriquant et n\u00e9gociant qui regroupe des fours et d\u2019autres fabricants d Arita principalement pour l\u2019exportation, de la fin de l\u2019\u00e8re Edo jusqu\u2019au milieu de l\u2019\u00e9poque Meiji au 19\u00e8me si\u00e8cle. Tashiro Monzaemon de Honk\u00f4bira se trouvait sous l\u2019autorit\u00e9 du fief de Nabeshima, vers 1855, les marchands de porcelaine comme Tashiro Monzaemon de Honk\u00f4bira ont obtenu la permission des autorit\u00e9s du fief de Nabeshima de commercer directement avec les points de vente au Japon, d\u00e9veloppant ainsi le march\u00e9 int\u00e9rieur mais aussi le droit de traiter directement avec l\u2019\u00e9tranger, d\u00e9veloppant ainsi le commerce international.<br \/>\nDiff\u00e9rents exemples de porcelaine portant cette marque sont pr\u00e9sents dans plusieurs grands mus\u00e9es comme le British Museum ou le Mus\u00e9e de Tokyo.<\/p>\n","protected":false},"excerpt":{"rendered":"<p>Paire de vases en porcelaine d\u2019Imari de forme balustre \u00e0 collerette, est agr\u00e9ment\u00e9e de dragons en fort relief enroul\u00e9s autour de chaque vase. D\u00e9cor de type Imari compos\u00e9 d\u2019une frise de palmettes sur la base en bleu de cobalt sous couverte et d\u2019un d\u00e9cor sur la panse repr\u00e9sentant de grands personnages accompagn\u00e9s de r\u00e9serves contenant [&hellip;]<\/p>\n","protected":false},"featured_media":8674,"comment_status":"open","ping_status":"closed","template":"","meta":{"_acf_changed":false},"product_brand":[],"product_cat":[22],"product_tag":[],"class_list":{"0":"post-6292","1":"product","2":"type-product","3":"status-publish","4":"has-post-thumbnail","6":"product_cat-ceramique-et-verrerie","8":"first","9":"instock","10":"taxable","11":"shipping-taxable","12":"purchasable","13":"product-type-simple"},"acf":[],"yoast_head":"<!-- This site is optimized with the Yoast SEO Premium plugin v19.2.1 (Yoast SEO v27.3) - https:\/\/yoast.com\/product\/yoast-seo-premium-wordpress\/ -->\n<title>Paire de vases en porcelaine d\u2019Imari agr\u00e9ment\u00e9e de dragons en fort relief enroul\u00e9s autour de chaque vase &#8211; Tibermont<\/title>\n<meta name=\"robots\" content=\"index, follow, max-snippet:-1, max-image-preview:large, max-video-preview:-1\" \/>\n<link rel=\"canonical\" href=\"https:\/\/artibermont.com\/en\/produit\/paire-de-vases-en-porcelaine-dimari-agrementee-de-dragons-en-fort-relief\/\" \/>\n<meta property=\"og:locale\" content=\"en_US\" \/>\n<meta property=\"og:type\" content=\"article\" \/>\n<meta property=\"og:title\" content=\"Paire de vases en porcelaine d\u2019Imari agr\u00e9ment\u00e9e de dragons en fort relief enroul\u00e9s autour de chaque vase\" \/>\n<meta property=\"og:description\" content=\"Paire de vases en porcelaine d\u2019Imari de forme balustre \u00e0 collerette, est agr\u00e9ment\u00e9e de dragons en fort relief enroul\u00e9s autour de chaque vase. D\u00e9cor de type Imari compos\u00e9 d\u2019une frise de palmettes sur la base en bleu de cobalt sous couverte et d\u2019un d\u00e9cor sur la panse repr\u00e9sentant de grands personnages accompagn\u00e9s de r\u00e9serves contenant [&hellip;]\" \/>\n<meta property=\"og:url\" content=\"https:\/\/artibermont.com\/en\/produit\/paire-de-vases-en-porcelaine-dimari-agrementee-de-dragons-en-fort-relief\/\" \/>\n<meta property=\"og:site_name\" content=\"Tibermont\" \/>\n<meta property=\"article:modified_time\" content=\"2025-01-15T15:43:40+00:00\" \/>\n<meta property=\"og:image\" content=\"https:\/\/artibermont.com\/wp-content\/uploads\/2023\/12\/TA1600008-0MD.jpg\" \/>\n\t<meta property=\"og:image:width\" content=\"1\" \/>\n\t<meta property=\"og:image:height\" content=\"1\" \/>\n\t<meta property=\"og:image:type\" content=\"image\/jpeg\" \/>\n<meta name=\"twitter:card\" content=\"summary_large_image\" \/>\n<meta name=\"twitter:label1\" content=\"Est. reading time\" \/>\n\t<meta name=\"twitter:data1\" content=\"2 minutes\" \/>\n<script type=\"application\/ld+json\" class=\"yoast-schema-graph\">{\"@context\":\"https:\\\/\\\/schema.org\",\"@graph\":[{\"@type\":\"WebPage\",\"@id\":\"https:\\\/\\\/artibermont.com\\\/en\\\/produit\\\/paire-de-vases-en-porcelaine-dimari-agrementee-de-dragons-en-fort-relief\\\/\",\"url\":\"https:\\\/\\\/artibermont.com\\\/en\\\/produit\\\/paire-de-vases-en-porcelaine-dimari-agrementee-de-dragons-en-fort-relief\\\/\",\"name\":\"Paire de vases en porcelaine d\u2019Imari agr\u00e9ment\u00e9e de dragons en fort relief enroul\u00e9s autour de chaque vase &#8211; Tibermont\",\"isPartOf\":{\"@id\":\"https:\\\/\\\/artibermont.com\\\/en\\\/#website\"},\"primaryImageOfPage\":{\"@id\":\"https:\\\/\\\/artibermont.com\\\/en\\\/produit\\\/paire-de-vases-en-porcelaine-dimari-agrementee-de-dragons-en-fort-relief\\\/#primaryimage\"},\"image\":{\"@id\":\"https:\\\/\\\/artibermont.com\\\/en\\\/produit\\\/paire-de-vases-en-porcelaine-dimari-agrementee-de-dragons-en-fort-relief\\\/#primaryimage\"},\"thumbnailUrl\":\"https:\\\/\\\/artibermont.com\\\/wp-content\\\/uploads\\\/2023\\\/12\\\/TA1600008-0MD.jpg\",\"datePublished\":\"2023-12-07T17:55:21+00:00\",\"dateModified\":\"2025-01-15T15:43:40+00:00\",\"breadcrumb\":{\"@id\":\"https:\\\/\\\/artibermont.com\\\/en\\\/produit\\\/paire-de-vases-en-porcelaine-dimari-agrementee-de-dragons-en-fort-relief\\\/#breadcrumb\"},\"inLanguage\":\"en-US\",\"potentialAction\":[{\"@type\":\"ReadAction\",\"target\":[\"https:\\\/\\\/artibermont.com\\\/en\\\/produit\\\/paire-de-vases-en-porcelaine-dimari-agrementee-de-dragons-en-fort-relief\\\/\"]}]},{\"@type\":\"ImageObject\",\"inLanguage\":\"en-US\",\"@id\":\"https:\\\/\\\/artibermont.com\\\/en\\\/produit\\\/paire-de-vases-en-porcelaine-dimari-agrementee-de-dragons-en-fort-relief\\\/#primaryimage\",\"url\":\"https:\\\/\\\/artibermont.com\\\/wp-content\\\/uploads\\\/2023\\\/12\\\/TA1600008-0MD.jpg\",\"contentUrl\":\"https:\\\/\\\/artibermont.com\\\/wp-content\\\/uploads\\\/2023\\\/12\\\/TA1600008-0MD.jpg\"},{\"@type\":\"BreadcrumbList\",\"@id\":\"https:\\\/\\\/artibermont.com\\\/en\\\/produit\\\/paire-de-vases-en-porcelaine-dimari-agrementee-de-dragons-en-fort-relief\\\/#breadcrumb\",\"itemListElement\":[{\"@type\":\"ListItem\",\"position\":1,\"name\":\"Accueil\",\"item\":\"https:\\\/\\\/artibermont.com\\\/en\\\/homepage\\\/\"},{\"@type\":\"ListItem\",\"position\":2,\"name\":\"Shop\",\"item\":\"https:\\\/\\\/artibermont.com\\\/en\\\/shop\\\/\"},{\"@type\":\"ListItem\",\"position\":3,\"name\":\"Paire de vases en porcelaine d\u2019Imari agr\u00e9ment\u00e9e de dragons en fort relief enroul\u00e9s autour de chaque vase\"}]},{\"@type\":\"WebSite\",\"@id\":\"https:\\\/\\\/artibermont.com\\\/en\\\/#website\",\"url\":\"https:\\\/\\\/artibermont.com\\\/en\\\/\",\"name\":\"Tibermont\",\"description\":\"252, boulevard Saint Germain, 75007 Paris\",\"publisher\":{\"@id\":\"https:\\\/\\\/artibermont.com\\\/en\\\/#organization\"},\"potentialAction\":[{\"@type\":\"SearchAction\",\"target\":{\"@type\":\"EntryPoint\",\"urlTemplate\":\"https:\\\/\\\/artibermont.com\\\/en\\\/?s={search_term_string}\"},\"query-input\":{\"@type\":\"PropertyValueSpecification\",\"valueRequired\":true,\"valueName\":\"search_term_string\"}}],\"inLanguage\":\"en-US\"},{\"@type\":\"Organization\",\"@id\":\"https:\\\/\\\/artibermont.com\\\/en\\\/#organization\",\"name\":\"Tibermont Antiquit\u00e9s\",\"url\":\"https:\\\/\\\/artibermont.com\\\/en\\\/\",\"logo\":{\"@type\":\"ImageObject\",\"inLanguage\":\"en-US\",\"@id\":\"https:\\\/\\\/artibermont.com\\\/en\\\/#\\\/schema\\\/logo\\\/image\\\/\",\"url\":\"https:\\\/\\\/artibermont.com\\\/wp-content\\\/uploads\\\/2021\\\/12\\\/Logo-TIBERMONT-white.png\",\"contentUrl\":\"https:\\\/\\\/artibermont.com\\\/wp-content\\\/uploads\\\/2021\\\/12\\\/Logo-TIBERMONT-white.png\",\"width\":713,\"height\":196,\"caption\":\"Tibermont Antiquit\u00e9s\"},\"image\":{\"@id\":\"https:\\\/\\\/artibermont.com\\\/en\\\/#\\\/schema\\\/logo\\\/image\\\/\"}}]}<\/script>\n<!-- \/ Yoast SEO Premium plugin. -->","yoast_head_json":{"title":"Paire de vases en porcelaine d\u2019Imari agr\u00e9ment\u00e9e de dragons en fort relief enroul\u00e9s autour de chaque vase &#8211; Tibermont","robots":{"index":"index","follow":"follow","max-snippet":"max-snippet:-1","max-image-preview":"max-image-preview:large","max-video-preview":"max-video-preview:-1"},"canonical":"https:\/\/artibermont.com\/en\/produit\/paire-de-vases-en-porcelaine-dimari-agrementee-de-dragons-en-fort-relief\/","og_locale":"en_US","og_type":"article","og_title":"Paire de vases en porcelaine d\u2019Imari agr\u00e9ment\u00e9e de dragons en fort relief enroul\u00e9s autour de chaque vase","og_description":"Paire de vases en porcelaine d\u2019Imari de forme balustre \u00e0 collerette, est agr\u00e9ment\u00e9e de dragons en fort relief enroul\u00e9s autour de chaque vase. D\u00e9cor de type Imari compos\u00e9 d\u2019une frise de palmettes sur la base en bleu de cobalt sous couverte et d\u2019un d\u00e9cor sur la panse repr\u00e9sentant de grands personnages accompagn\u00e9s de r\u00e9serves contenant [&hellip;]","og_url":"https:\/\/artibermont.com\/en\/produit\/paire-de-vases-en-porcelaine-dimari-agrementee-de-dragons-en-fort-relief\/","og_site_name":"Tibermont","article_modified_time":"2025-01-15T15:43:40+00:00","og_image":[{"url":"https:\/\/artibermont.com\/wp-content\/uploads\/2023\/12\/TA1600008-0MD.jpg","width":1,"height":1,"type":"image\/jpeg"}],"twitter_card":"summary_large_image","twitter_misc":{"Est. reading time":"2 minutes"},"schema":{"@context":"https:\/\/schema.org","@graph":[{"@type":"WebPage","@id":"https:\/\/artibermont.com\/en\/produit\/paire-de-vases-en-porcelaine-dimari-agrementee-de-dragons-en-fort-relief\/","url":"https:\/\/artibermont.com\/en\/produit\/paire-de-vases-en-porcelaine-dimari-agrementee-de-dragons-en-fort-relief\/","name":"Paire de vases en porcelaine d\u2019Imari agr\u00e9ment\u00e9e de dragons en fort relief enroul\u00e9s autour de chaque vase &#8211; Tibermont","isPartOf":{"@id":"https:\/\/artibermont.com\/en\/#website"},"primaryImageOfPage":{"@id":"https:\/\/artibermont.com\/en\/produit\/paire-de-vases-en-porcelaine-dimari-agrementee-de-dragons-en-fort-relief\/#primaryimage"},"image":{"@id":"https:\/\/artibermont.com\/en\/produit\/paire-de-vases-en-porcelaine-dimari-agrementee-de-dragons-en-fort-relief\/#primaryimage"},"thumbnailUrl":"https:\/\/artibermont.com\/wp-content\/uploads\/2023\/12\/TA1600008-0MD.jpg","datePublished":"2023-12-07T17:55:21+00:00","dateModified":"2025-01-15T15:43:40+00:00","breadcrumb":{"@id":"https:\/\/artibermont.com\/en\/produit\/paire-de-vases-en-porcelaine-dimari-agrementee-de-dragons-en-fort-relief\/#breadcrumb"},"inLanguage":"en-US","potentialAction":[{"@type":"ReadAction","target":["https:\/\/artibermont.com\/en\/produit\/paire-de-vases-en-porcelaine-dimari-agrementee-de-dragons-en-fort-relief\/"]}]},{"@type":"ImageObject","inLanguage":"en-US","@id":"https:\/\/artibermont.com\/en\/produit\/paire-de-vases-en-porcelaine-dimari-agrementee-de-dragons-en-fort-relief\/#primaryimage","url":"https:\/\/artibermont.com\/wp-content\/uploads\/2023\/12\/TA1600008-0MD.jpg","contentUrl":"https:\/\/artibermont.com\/wp-content\/uploads\/2023\/12\/TA1600008-0MD.jpg"},{"@type":"BreadcrumbList","@id":"https:\/\/artibermont.com\/en\/produit\/paire-de-vases-en-porcelaine-dimari-agrementee-de-dragons-en-fort-relief\/#breadcrumb","itemListElement":[{"@type":"ListItem","position":1,"name":"Accueil","item":"https:\/\/artibermont.com\/en\/homepage\/"},{"@type":"ListItem","position":2,"name":"Shop","item":"https:\/\/artibermont.com\/en\/shop\/"},{"@type":"ListItem","position":3,"name":"Paire de vases en porcelaine d\u2019Imari agr\u00e9ment\u00e9e de dragons en fort relief enroul\u00e9s autour de chaque vase"}]},{"@type":"WebSite","@id":"https:\/\/artibermont.com\/en\/#website","url":"https:\/\/artibermont.com\/en\/","name":"Tibermont","description":"252, boulevard Saint Germain, 75007 Paris","publisher":{"@id":"https:\/\/artibermont.com\/en\/#organization"},"potentialAction":[{"@type":"SearchAction","target":{"@type":"EntryPoint","urlTemplate":"https:\/\/artibermont.com\/en\/?s={search_term_string}"},"query-input":{"@type":"PropertyValueSpecification","valueRequired":true,"valueName":"search_term_string"}}],"inLanguage":"en-US"},{"@type":"Organization","@id":"https:\/\/artibermont.com\/en\/#organization","name":"Tibermont Antiquit\u00e9s","url":"https:\/\/artibermont.com\/en\/","logo":{"@type":"ImageObject","inLanguage":"en-US","@id":"https:\/\/artibermont.com\/en\/#\/schema\/logo\/image\/","url":"https:\/\/artibermont.com\/wp-content\/uploads\/2021\/12\/Logo-TIBERMONT-white.png","contentUrl":"https:\/\/artibermont.com\/wp-content\/uploads\/2021\/12\/Logo-TIBERMONT-white.png","width":713,"height":196,"caption":"Tibermont Antiquit\u00e9s"},"image":{"@id":"https:\/\/artibermont.com\/en\/#\/schema\/logo\/image\/"}}]}},"_links":{"self":[{"href":"https:\/\/artibermont.com\/en\/wp-json\/wp\/v2\/product\/6292","targetHints":{"allow":["GET"]}}],"collection":[{"href":"https:\/\/artibermont.com\/en\/wp-json\/wp\/v2\/product"}],"about":[{"href":"https:\/\/artibermont.com\/en\/wp-json\/wp\/v2\/types\/product"}],"replies":[{"embeddable":true,"href":"https:\/\/artibermont.com\/en\/wp-json\/wp\/v2\/comments?post=6292"}],"version-history":[{"count":2,"href":"https:\/\/artibermont.com\/en\/wp-json\/wp\/v2\/product\/6292\/revisions"}],"predecessor-version":[{"id":6297,"href":"https:\/\/artibermont.com\/en\/wp-json\/wp\/v2\/product\/6292\/revisions\/6297"}],"wp:featuredmedia":[{"embeddable":true,"href":"https:\/\/artibermont.com\/en\/wp-json\/wp\/v2\/media\/8674"}],"wp:attachment":[{"href":"https:\/\/artibermont.com\/en\/wp-json\/wp\/v2\/media?parent=6292"}],"wp:term":[{"taxonomy":"product_brand","embeddable":true,"href":"https:\/\/artibermont.com\/en\/wp-json\/wp\/v2\/product_brand?post=6292"},{"taxonomy":"product_cat","embeddable":true,"href":"https:\/\/artibermont.com\/en\/wp-json\/wp\/v2\/product_cat?post=6292"},{"taxonomy":"product_tag","embeddable":true,"href":"https:\/\/artibermont.com\/en\/wp-json\/wp\/v2\/product_tag?post=6292"}],"curies":[{"name":"wp","href":"https:\/\/api.w.org\/{rel}","templated":true}]}}