{"id":8726,"date":"2025-01-23T16:30:36","date_gmt":"2025-01-23T15:30:36","guid":{"rendered":"https:\/\/artibermont.com\/?post_type=product&#038;p=8726"},"modified":"2025-01-23T16:35:56","modified_gmt":"2025-01-23T15:35:56","slug":"rene-boivin-bracelet-rigide-ouvrant-en-or-jaune-18-karats-orne-de-deux-motifs-en-s","status":"publish","type":"product","link":"https:\/\/artibermont.com\/en\/produit\/rene-boivin-bracelet-rigide-ouvrant-en-or-jaune-18-karats-orne-de-deux-motifs-en-s\/","title":{"rendered":"Ren\u00e9 Boivin, bracelet rigide ouvrant en or jaune 18 karats orn\u00e9 de deux motifs en \u00abS\u00bb"},"content":{"rendered":"<p>Ren\u00e9 Boivin, bracelet rigide ouvrant en or jaune 18 karats orn\u00e9 de deux motifs en \u00abS\u00bb<\/p>\n<p>Amovibles pouvant former clips de revers en platine enti\u00e8rement sertis de diamants d&#8217;un poids total d&#8217;environ 8 carats<\/p>\n<p>Vers 1935<\/p>\n<p>Sign\u00e9 sur chaque clip et sur le corps du bracelet<\/p>\n<p>Diam\u00e8tre int\u00e9rieur du bracelet ouvert : 75 mm<\/p>\n<p>Diam\u00e8tre int\u00e9rieur du bracelet ferm\u00e9 : 57 mm<\/p>\n<p>Hauteur des clips : 54 mm<\/p>\n<p>Poids brut total. : 89,8 grs<\/p>\n","protected":false},"excerpt":{"rendered":"<p>Ren\u00e9 Boivin, bracelet rigide ouvrant en or jaune 18 karats orn\u00e9 de deux motifs en \u00abS\u00bb Amovibles pouvant former clips de revers en platine enti\u00e8rement sertis de diamants d&#8217;un poids total d&#8217;environ 8 carats Vers 1935 Sign\u00e9 sur chaque clip et sur le corps du bracelet Diam\u00e8tre int\u00e9rieur du bracelet ouvert : 75 mm Diam\u00e8tre [&hellip;]<\/p>\n","protected":false},"featured_media":8727,"comment_status":"open","ping_status":"closed","template":"","meta":{"_acf_changed":false},"product_brand":[],"product_cat":[23],"product_tag":[],"class_list":{"0":"post-8726","1":"product","2":"type-product","3":"status-publish","4":"has-post-thumbnail","6":"product_cat-bijoux-et-montres","8":"first","9":"instock","10":"taxable","11":"shipping-taxable","12":"product-type-simple"},"acf":[],"yoast_head":"<!-- This site is optimized with the Yoast SEO Premium plugin v19.2.1 (Yoast SEO v27.4) - https:\/\/yoast.com\/product\/yoast-seo-premium-wordpress\/ -->\n<title>Ren\u00e9 Boivin, bracelet rigide ouvrant en or jaune 18 karats orn\u00e9 de deux motifs en \u00abS\u00bb &#8211; Tibermont<\/title>\n<meta name=\"robots\" content=\"index, follow, max-snippet:-1, max-image-preview:large, max-video-preview:-1\" \/>\n<link rel=\"canonical\" href=\"https:\/\/artibermont.com\/en\/produit\/rene-boivin-bracelet-rigide-ouvrant-en-or-jaune-18-karats-orne-de-deux-motifs-en-s\/\" \/>\n<meta property=\"og:locale\" content=\"en_US\" \/>\n<meta property=\"og:type\" content=\"article\" \/>\n<meta property=\"og:title\" content=\"Ren\u00e9 Boivin, bracelet rigide ouvrant en or jaune 18 karats orn\u00e9 de deux motifs en \u00abS\u00bb\" \/>\n<meta property=\"og:description\" content=\"Ren\u00e9 Boivin, bracelet rigide ouvrant en or jaune 18 karats orn\u00e9 de deux motifs en \u00abS\u00bb Amovibles pouvant former clips de revers en platine enti\u00e8rement sertis de diamants d&#8217;un poids total d&#8217;environ 8 carats Vers 1935 Sign\u00e9 sur chaque clip et sur le corps du bracelet Diam\u00e8tre int\u00e9rieur du bracelet ouvert : 75 mm Diam\u00e8tre [&hellip;]\" \/>\n<meta property=\"og:url\" content=\"https:\/\/artibermont.com\/en\/produit\/rene-boivin-bracelet-rigide-ouvrant-en-or-jaune-18-karats-orne-de-deux-motifs-en-s\/\" \/>\n<meta property=\"og:site_name\" content=\"Tibermont\" \/>\n<meta property=\"article:modified_time\" content=\"2025-01-23T15:35:56+00:00\" \/>\n<meta property=\"og:image\" content=\"https:\/\/artibermont.com\/wp-content\/uploads\/2025\/01\/TA2100597-0MD-scaled.jpg\" \/>\n\t<meta property=\"og:image:width\" content=\"1707\" \/>\n\t<meta property=\"og:image:height\" content=\"2560\" \/>\n\t<meta property=\"og:image:type\" content=\"image\/jpeg\" \/>\n<meta name=\"twitter:card\" content=\"summary_large_image\" \/>\n<meta name=\"twitter:label1\" content=\"Est. reading time\" \/>\n\t<meta name=\"twitter:data1\" content=\"1 minute\" \/>\n<script type=\"application\/ld+json\" class=\"yoast-schema-graph\">{\"@context\":\"https:\\\/\\\/schema.org\",\"@graph\":[{\"@type\":\"WebPage\",\"@id\":\"https:\\\/\\\/artibermont.com\\\/en\\\/produit\\\/rene-boivin-bracelet-rigide-ouvrant-en-or-jaune-18-karats-orne-de-deux-motifs-en-s\\\/\",\"url\":\"https:\\\/\\\/artibermont.com\\\/en\\\/produit\\\/rene-boivin-bracelet-rigide-ouvrant-en-or-jaune-18-karats-orne-de-deux-motifs-en-s\\\/\",\"name\":\"Ren\u00e9 Boivin, bracelet rigide ouvrant en or jaune 18 karats orn\u00e9 de deux motifs en \u00abS\u00bb &#8211; Tibermont\",\"isPartOf\":{\"@id\":\"https:\\\/\\\/artibermont.com\\\/en\\\/#website\"},\"primaryImageOfPage\":{\"@id\":\"https:\\\/\\\/artibermont.com\\\/en\\\/produit\\\/rene-boivin-bracelet-rigide-ouvrant-en-or-jaune-18-karats-orne-de-deux-motifs-en-s\\\/#primaryimage\"},\"image\":{\"@id\":\"https:\\\/\\\/artibermont.com\\\/en\\\/produit\\\/rene-boivin-bracelet-rigide-ouvrant-en-or-jaune-18-karats-orne-de-deux-motifs-en-s\\\/#primaryimage\"},\"thumbnailUrl\":\"https:\\\/\\\/artibermont.com\\\/wp-content\\\/uploads\\\/2025\\\/01\\\/TA2100597-0MD-scaled.jpg\",\"datePublished\":\"2025-01-23T15:30:36+00:00\",\"dateModified\":\"2025-01-23T15:35:56+00:00\",\"breadcrumb\":{\"@id\":\"https:\\\/\\\/artibermont.com\\\/en\\\/produit\\\/rene-boivin-bracelet-rigide-ouvrant-en-or-jaune-18-karats-orne-de-deux-motifs-en-s\\\/#breadcrumb\"},\"inLanguage\":\"en-US\",\"potentialAction\":[{\"@type\":\"ReadAction\",\"target\":[\"https:\\\/\\\/artibermont.com\\\/en\\\/produit\\\/rene-boivin-bracelet-rigide-ouvrant-en-or-jaune-18-karats-orne-de-deux-motifs-en-s\\\/\"]}]},{\"@type\":\"ImageObject\",\"inLanguage\":\"en-US\",\"@id\":\"https:\\\/\\\/artibermont.com\\\/en\\\/produit\\\/rene-boivin-bracelet-rigide-ouvrant-en-or-jaune-18-karats-orne-de-deux-motifs-en-s\\\/#primaryimage\",\"url\":\"https:\\\/\\\/artibermont.com\\\/wp-content\\\/uploads\\\/2025\\\/01\\\/TA2100597-0MD-scaled.jpg\",\"contentUrl\":\"https:\\\/\\\/artibermont.com\\\/wp-content\\\/uploads\\\/2025\\\/01\\\/TA2100597-0MD-scaled.jpg\",\"width\":1707,\"height\":2560},{\"@type\":\"BreadcrumbList\",\"@id\":\"https:\\\/\\\/artibermont.com\\\/en\\\/produit\\\/rene-boivin-bracelet-rigide-ouvrant-en-or-jaune-18-karats-orne-de-deux-motifs-en-s\\\/#breadcrumb\",\"itemListElement\":[{\"@type\":\"ListItem\",\"position\":1,\"name\":\"Accueil\",\"item\":\"https:\\\/\\\/artibermont.com\\\/en\\\/homepage\\\/\"},{\"@type\":\"ListItem\",\"position\":2,\"name\":\"Shop\",\"item\":\"https:\\\/\\\/artibermont.com\\\/en\\\/shop\\\/\"},{\"@type\":\"ListItem\",\"position\":3,\"name\":\"Ren\u00e9 Boivin, bracelet rigide ouvrant en or jaune 18 karats orn\u00e9 de deux motifs en \u00abS\u00bb\"}]},{\"@type\":\"WebSite\",\"@id\":\"https:\\\/\\\/artibermont.com\\\/en\\\/#website\",\"url\":\"https:\\\/\\\/artibermont.com\\\/en\\\/\",\"name\":\"Tibermont\",\"description\":\"252, boulevard Saint Germain, 75007 Paris\",\"publisher\":{\"@id\":\"https:\\\/\\\/artibermont.com\\\/en\\\/#organization\"},\"potentialAction\":[{\"@type\":\"SearchAction\",\"target\":{\"@type\":\"EntryPoint\",\"urlTemplate\":\"https:\\\/\\\/artibermont.com\\\/en\\\/?s={search_term_string}\"},\"query-input\":{\"@type\":\"PropertyValueSpecification\",\"valueRequired\":true,\"valueName\":\"search_term_string\"}}],\"inLanguage\":\"en-US\"},{\"@type\":\"Organization\",\"@id\":\"https:\\\/\\\/artibermont.com\\\/en\\\/#organization\",\"name\":\"Tibermont Antiquit\u00e9s\",\"url\":\"https:\\\/\\\/artibermont.com\\\/en\\\/\",\"logo\":{\"@type\":\"ImageObject\",\"inLanguage\":\"en-US\",\"@id\":\"https:\\\/\\\/artibermont.com\\\/en\\\/#\\\/schema\\\/logo\\\/image\\\/\",\"url\":\"https:\\\/\\\/artibermont.com\\\/wp-content\\\/uploads\\\/2021\\\/12\\\/Logo-TIBERMONT-white.png\",\"contentUrl\":\"https:\\\/\\\/artibermont.com\\\/wp-content\\\/uploads\\\/2021\\\/12\\\/Logo-TIBERMONT-white.png\",\"width\":713,\"height\":196,\"caption\":\"Tibermont Antiquit\u00e9s\"},\"image\":{\"@id\":\"https:\\\/\\\/artibermont.com\\\/en\\\/#\\\/schema\\\/logo\\\/image\\\/\"}}]}<\/script>\n<!-- \/ Yoast SEO Premium plugin. -->","yoast_head_json":{"title":"Ren\u00e9 Boivin, bracelet rigide ouvrant en or jaune 18 karats orn\u00e9 de deux motifs en \u00abS\u00bb &#8211; Tibermont","robots":{"index":"index","follow":"follow","max-snippet":"max-snippet:-1","max-image-preview":"max-image-preview:large","max-video-preview":"max-video-preview:-1"},"canonical":"https:\/\/artibermont.com\/en\/produit\/rene-boivin-bracelet-rigide-ouvrant-en-or-jaune-18-karats-orne-de-deux-motifs-en-s\/","og_locale":"en_US","og_type":"article","og_title":"Ren\u00e9 Boivin, bracelet rigide ouvrant en or jaune 18 karats orn\u00e9 de deux motifs en \u00abS\u00bb","og_description":"Ren\u00e9 Boivin, bracelet rigide ouvrant en or jaune 18 karats orn\u00e9 de deux motifs en \u00abS\u00bb Amovibles pouvant former clips de revers en platine enti\u00e8rement sertis de diamants d&#8217;un poids total d&#8217;environ 8 carats Vers 1935 Sign\u00e9 sur chaque clip et sur le corps du bracelet Diam\u00e8tre int\u00e9rieur du bracelet ouvert : 75 mm Diam\u00e8tre [&hellip;]","og_url":"https:\/\/artibermont.com\/en\/produit\/rene-boivin-bracelet-rigide-ouvrant-en-or-jaune-18-karats-orne-de-deux-motifs-en-s\/","og_site_name":"Tibermont","article_modified_time":"2025-01-23T15:35:56+00:00","og_image":[{"width":1707,"height":2560,"url":"https:\/\/artibermont.com\/wp-content\/uploads\/2025\/01\/TA2100597-0MD-scaled.jpg","type":"image\/jpeg"}],"twitter_card":"summary_large_image","twitter_misc":{"Est. reading time":"1 minute"},"schema":{"@context":"https:\/\/schema.org","@graph":[{"@type":"WebPage","@id":"https:\/\/artibermont.com\/en\/produit\/rene-boivin-bracelet-rigide-ouvrant-en-or-jaune-18-karats-orne-de-deux-motifs-en-s\/","url":"https:\/\/artibermont.com\/en\/produit\/rene-boivin-bracelet-rigide-ouvrant-en-or-jaune-18-karats-orne-de-deux-motifs-en-s\/","name":"Ren\u00e9 Boivin, bracelet rigide ouvrant en or jaune 18 karats orn\u00e9 de deux motifs en \u00abS\u00bb &#8211; Tibermont","isPartOf":{"@id":"https:\/\/artibermont.com\/en\/#website"},"primaryImageOfPage":{"@id":"https:\/\/artibermont.com\/en\/produit\/rene-boivin-bracelet-rigide-ouvrant-en-or-jaune-18-karats-orne-de-deux-motifs-en-s\/#primaryimage"},"image":{"@id":"https:\/\/artibermont.com\/en\/produit\/rene-boivin-bracelet-rigide-ouvrant-en-or-jaune-18-karats-orne-de-deux-motifs-en-s\/#primaryimage"},"thumbnailUrl":"https:\/\/artibermont.com\/wp-content\/uploads\/2025\/01\/TA2100597-0MD-scaled.jpg","datePublished":"2025-01-23T15:30:36+00:00","dateModified":"2025-01-23T15:35:56+00:00","breadcrumb":{"@id":"https:\/\/artibermont.com\/en\/produit\/rene-boivin-bracelet-rigide-ouvrant-en-or-jaune-18-karats-orne-de-deux-motifs-en-s\/#breadcrumb"},"inLanguage":"en-US","potentialAction":[{"@type":"ReadAction","target":["https:\/\/artibermont.com\/en\/produit\/rene-boivin-bracelet-rigide-ouvrant-en-or-jaune-18-karats-orne-de-deux-motifs-en-s\/"]}]},{"@type":"ImageObject","inLanguage":"en-US","@id":"https:\/\/artibermont.com\/en\/produit\/rene-boivin-bracelet-rigide-ouvrant-en-or-jaune-18-karats-orne-de-deux-motifs-en-s\/#primaryimage","url":"https:\/\/artibermont.com\/wp-content\/uploads\/2025\/01\/TA2100597-0MD-scaled.jpg","contentUrl":"https:\/\/artibermont.com\/wp-content\/uploads\/2025\/01\/TA2100597-0MD-scaled.jpg","width":1707,"height":2560},{"@type":"BreadcrumbList","@id":"https:\/\/artibermont.com\/en\/produit\/rene-boivin-bracelet-rigide-ouvrant-en-or-jaune-18-karats-orne-de-deux-motifs-en-s\/#breadcrumb","itemListElement":[{"@type":"ListItem","position":1,"name":"Accueil","item":"https:\/\/artibermont.com\/en\/homepage\/"},{"@type":"ListItem","position":2,"name":"Shop","item":"https:\/\/artibermont.com\/en\/shop\/"},{"@type":"ListItem","position":3,"name":"Ren\u00e9 Boivin, bracelet rigide ouvrant en or jaune 18 karats orn\u00e9 de deux motifs en \u00abS\u00bb"}]},{"@type":"WebSite","@id":"https:\/\/artibermont.com\/en\/#website","url":"https:\/\/artibermont.com\/en\/","name":"Tibermont","description":"252, boulevard Saint Germain, 75007 Paris","publisher":{"@id":"https:\/\/artibermont.com\/en\/#organization"},"potentialAction":[{"@type":"SearchAction","target":{"@type":"EntryPoint","urlTemplate":"https:\/\/artibermont.com\/en\/?s={search_term_string}"},"query-input":{"@type":"PropertyValueSpecification","valueRequired":true,"valueName":"search_term_string"}}],"inLanguage":"en-US"},{"@type":"Organization","@id":"https:\/\/artibermont.com\/en\/#organization","name":"Tibermont Antiquit\u00e9s","url":"https:\/\/artibermont.com\/en\/","logo":{"@type":"ImageObject","inLanguage":"en-US","@id":"https:\/\/artibermont.com\/en\/#\/schema\/logo\/image\/","url":"https:\/\/artibermont.com\/wp-content\/uploads\/2021\/12\/Logo-TIBERMONT-white.png","contentUrl":"https:\/\/artibermont.com\/wp-content\/uploads\/2021\/12\/Logo-TIBERMONT-white.png","width":713,"height":196,"caption":"Tibermont Antiquit\u00e9s"},"image":{"@id":"https:\/\/artibermont.com\/en\/#\/schema\/logo\/image\/"}}]}},"_links":{"self":[{"href":"https:\/\/artibermont.com\/en\/wp-json\/wp\/v2\/product\/8726","targetHints":{"allow":["GET"]}}],"collection":[{"href":"https:\/\/artibermont.com\/en\/wp-json\/wp\/v2\/product"}],"about":[{"href":"https:\/\/artibermont.com\/en\/wp-json\/wp\/v2\/types\/product"}],"replies":[{"embeddable":true,"href":"https:\/\/artibermont.com\/en\/wp-json\/wp\/v2\/comments?post=8726"}],"version-history":[{"count":1,"href":"https:\/\/artibermont.com\/en\/wp-json\/wp\/v2\/product\/8726\/revisions"}],"predecessor-version":[{"id":8736,"href":"https:\/\/artibermont.com\/en\/wp-json\/wp\/v2\/product\/8726\/revisions\/8736"}],"wp:featuredmedia":[{"embeddable":true,"href":"https:\/\/artibermont.com\/en\/wp-json\/wp\/v2\/media\/8727"}],"wp:attachment":[{"href":"https:\/\/artibermont.com\/en\/wp-json\/wp\/v2\/media?parent=8726"}],"wp:term":[{"taxonomy":"product_brand","embeddable":true,"href":"https:\/\/artibermont.com\/en\/wp-json\/wp\/v2\/product_brand?post=8726"},{"taxonomy":"product_cat","embeddable":true,"href":"https:\/\/artibermont.com\/en\/wp-json\/wp\/v2\/product_cat?post=8726"},{"taxonomy":"product_tag","embeddable":true,"href":"https:\/\/artibermont.com\/en\/wp-json\/wp\/v2\/product_tag?post=8726"}],"curies":[{"name":"wp","href":"https:\/\/api.w.org\/{rel}","templated":true}]}}