{"id":8848,"date":"2025-01-24T14:51:17","date_gmt":"2025-01-24T13:51:17","guid":{"rendered":"https:\/\/artibermont.com\/?post_type=product&#038;p=8848"},"modified":"2025-02-03T17:07:39","modified_gmt":"2025-02-03T16:07:39","slug":"montre-tagheuer-en-acier-et-ceramique-blanc","status":"publish","type":"product","link":"https:\/\/artibermont.com\/en\/produit\/montre-tagheuer-en-acier-et-ceramique-blanc\/","title":{"rendered":"Tag Heuer, montre en acier et c\u00e9ramique blanche"},"content":{"rendered":"<p><strong>Tag Heuer<\/strong><\/p>\n<p>Montre &#8220;Formula 1&#8221; en acier et c\u00e9ramique blanche avec date, mouvement \u00e0 quartz, bo\u00eetier water resistant 200m, crystal sapphire, bo\u00eetier d&#8217;environ 40 mm<\/p>\n<p>Sign\u00e9 Tag Heuer<\/p>\n<p>Num\u00e9rot\u00e9 WAH1211 EKA4872<\/p>\n<p>Poids brut : 98 grs<\/p>\n","protected":false},"excerpt":{"rendered":"<p>Tag Heuer Montre &#8220;Formula 1&#8221; en acier et c\u00e9ramique blanche avec date, mouvement \u00e0 quartz, bo\u00eetier water resistant 200m, crystal sapphire, bo\u00eetier d&#8217;environ 40 mm Sign\u00e9 Tag Heuer Num\u00e9rot\u00e9 WAH1211 EKA4872 Poids brut : 98 grs<\/p>\n","protected":false},"featured_media":8849,"comment_status":"open","ping_status":"closed","template":"","meta":{"_acf_changed":false},"product_brand":[],"product_cat":[23],"product_tag":[],"class_list":{"0":"post-8848","1":"product","2":"type-product","3":"status-publish","4":"has-post-thumbnail","6":"product_cat-bijoux-et-montres","8":"first","9":"instock","10":"sold-individually","11":"taxable","12":"shipping-taxable","13":"purchasable","14":"product-type-simple"},"acf":[],"yoast_head":"<!-- This site is optimized with the Yoast SEO Premium plugin v19.2.1 (Yoast SEO v27.4) - https:\/\/yoast.com\/product\/yoast-seo-premium-wordpress\/ -->\n<title>Tag Heuer, montre en acier et c\u00e9ramique blanche &#8211; Tibermont<\/title>\n<meta name=\"robots\" content=\"index, follow, max-snippet:-1, max-image-preview:large, max-video-preview:-1\" \/>\n<link rel=\"canonical\" href=\"https:\/\/artibermont.com\/en\/produit\/montre-tagheuer-en-acier-et-ceramique-blanc\/\" \/>\n<meta property=\"og:locale\" content=\"en_US\" \/>\n<meta property=\"og:type\" content=\"article\" \/>\n<meta property=\"og:title\" content=\"Tag Heuer, montre en acier et c\u00e9ramique blanche\" \/>\n<meta property=\"og:description\" content=\"Tag Heuer Montre &#8220;Formula 1&#8221; en acier et c\u00e9ramique blanche avec date, mouvement \u00e0 quartz, bo\u00eetier water resistant 200m, crystal sapphire, bo\u00eetier d&#8217;environ 40 mm Sign\u00e9 Tag Heuer Num\u00e9rot\u00e9 WAH1211 EKA4872 Poids brut : 98 grs\" \/>\n<meta property=\"og:url\" content=\"https:\/\/artibermont.com\/en\/produit\/montre-tagheuer-en-acier-et-ceramique-blanc\/\" \/>\n<meta property=\"og:site_name\" content=\"Tibermont\" \/>\n<meta property=\"article:modified_time\" content=\"2025-02-03T16:07:39+00:00\" \/>\n<meta property=\"og:image\" content=\"https:\/\/artibermont.com\/wp-content\/uploads\/2025\/01\/TA2400256-0MD-scaled.jpg\" \/>\n\t<meta property=\"og:image:width\" content=\"1707\" \/>\n\t<meta property=\"og:image:height\" content=\"2560\" \/>\n\t<meta property=\"og:image:type\" content=\"image\/jpeg\" \/>\n<meta name=\"twitter:card\" content=\"summary_large_image\" \/>\n<meta name=\"twitter:label1\" content=\"Est. reading time\" \/>\n\t<meta name=\"twitter:data1\" content=\"1 minute\" \/>\n<script type=\"application\/ld+json\" class=\"yoast-schema-graph\">{\"@context\":\"https:\\\/\\\/schema.org\",\"@graph\":[{\"@type\":\"WebPage\",\"@id\":\"https:\\\/\\\/artibermont.com\\\/en\\\/produit\\\/montre-tagheuer-en-acier-et-ceramique-blanc\\\/\",\"url\":\"https:\\\/\\\/artibermont.com\\\/en\\\/produit\\\/montre-tagheuer-en-acier-et-ceramique-blanc\\\/\",\"name\":\"Tag Heuer, montre en acier et c\u00e9ramique blanche &#8211; Tibermont\",\"isPartOf\":{\"@id\":\"https:\\\/\\\/artibermont.com\\\/en\\\/#website\"},\"primaryImageOfPage\":{\"@id\":\"https:\\\/\\\/artibermont.com\\\/en\\\/produit\\\/montre-tagheuer-en-acier-et-ceramique-blanc\\\/#primaryimage\"},\"image\":{\"@id\":\"https:\\\/\\\/artibermont.com\\\/en\\\/produit\\\/montre-tagheuer-en-acier-et-ceramique-blanc\\\/#primaryimage\"},\"thumbnailUrl\":\"https:\\\/\\\/artibermont.com\\\/wp-content\\\/uploads\\\/2025\\\/01\\\/TA2400256-0MD-scaled.jpg\",\"datePublished\":\"2025-01-24T13:51:17+00:00\",\"dateModified\":\"2025-02-03T16:07:39+00:00\",\"breadcrumb\":{\"@id\":\"https:\\\/\\\/artibermont.com\\\/en\\\/produit\\\/montre-tagheuer-en-acier-et-ceramique-blanc\\\/#breadcrumb\"},\"inLanguage\":\"en-US\",\"potentialAction\":[{\"@type\":\"ReadAction\",\"target\":[\"https:\\\/\\\/artibermont.com\\\/en\\\/produit\\\/montre-tagheuer-en-acier-et-ceramique-blanc\\\/\"]}]},{\"@type\":\"ImageObject\",\"inLanguage\":\"en-US\",\"@id\":\"https:\\\/\\\/artibermont.com\\\/en\\\/produit\\\/montre-tagheuer-en-acier-et-ceramique-blanc\\\/#primaryimage\",\"url\":\"https:\\\/\\\/artibermont.com\\\/wp-content\\\/uploads\\\/2025\\\/01\\\/TA2400256-0MD-scaled.jpg\",\"contentUrl\":\"https:\\\/\\\/artibermont.com\\\/wp-content\\\/uploads\\\/2025\\\/01\\\/TA2400256-0MD-scaled.jpg\",\"width\":1707,\"height\":2560},{\"@type\":\"BreadcrumbList\",\"@id\":\"https:\\\/\\\/artibermont.com\\\/en\\\/produit\\\/montre-tagheuer-en-acier-et-ceramique-blanc\\\/#breadcrumb\",\"itemListElement\":[{\"@type\":\"ListItem\",\"position\":1,\"name\":\"Accueil\",\"item\":\"https:\\\/\\\/artibermont.com\\\/en\\\/homepage\\\/\"},{\"@type\":\"ListItem\",\"position\":2,\"name\":\"Shop\",\"item\":\"https:\\\/\\\/artibermont.com\\\/en\\\/shop\\\/\"},{\"@type\":\"ListItem\",\"position\":3,\"name\":\"Tag Heuer, montre en acier et c\u00e9ramique blanche\"}]},{\"@type\":\"WebSite\",\"@id\":\"https:\\\/\\\/artibermont.com\\\/en\\\/#website\",\"url\":\"https:\\\/\\\/artibermont.com\\\/en\\\/\",\"name\":\"Tibermont\",\"description\":\"252, boulevard Saint Germain, 75007 Paris\",\"publisher\":{\"@id\":\"https:\\\/\\\/artibermont.com\\\/en\\\/#organization\"},\"potentialAction\":[{\"@type\":\"SearchAction\",\"target\":{\"@type\":\"EntryPoint\",\"urlTemplate\":\"https:\\\/\\\/artibermont.com\\\/en\\\/?s={search_term_string}\"},\"query-input\":{\"@type\":\"PropertyValueSpecification\",\"valueRequired\":true,\"valueName\":\"search_term_string\"}}],\"inLanguage\":\"en-US\"},{\"@type\":\"Organization\",\"@id\":\"https:\\\/\\\/artibermont.com\\\/en\\\/#organization\",\"name\":\"Tibermont Antiquit\u00e9s\",\"url\":\"https:\\\/\\\/artibermont.com\\\/en\\\/\",\"logo\":{\"@type\":\"ImageObject\",\"inLanguage\":\"en-US\",\"@id\":\"https:\\\/\\\/artibermont.com\\\/en\\\/#\\\/schema\\\/logo\\\/image\\\/\",\"url\":\"https:\\\/\\\/artibermont.com\\\/wp-content\\\/uploads\\\/2021\\\/12\\\/Logo-TIBERMONT-white.png\",\"contentUrl\":\"https:\\\/\\\/artibermont.com\\\/wp-content\\\/uploads\\\/2021\\\/12\\\/Logo-TIBERMONT-white.png\",\"width\":713,\"height\":196,\"caption\":\"Tibermont Antiquit\u00e9s\"},\"image\":{\"@id\":\"https:\\\/\\\/artibermont.com\\\/en\\\/#\\\/schema\\\/logo\\\/image\\\/\"}}]}<\/script>\n<!-- \/ Yoast SEO Premium plugin. -->","yoast_head_json":{"title":"Tag Heuer, montre en acier et c\u00e9ramique blanche &#8211; Tibermont","robots":{"index":"index","follow":"follow","max-snippet":"max-snippet:-1","max-image-preview":"max-image-preview:large","max-video-preview":"max-video-preview:-1"},"canonical":"https:\/\/artibermont.com\/en\/produit\/montre-tagheuer-en-acier-et-ceramique-blanc\/","og_locale":"en_US","og_type":"article","og_title":"Tag Heuer, montre en acier et c\u00e9ramique blanche","og_description":"Tag Heuer Montre &#8220;Formula 1&#8221; en acier et c\u00e9ramique blanche avec date, mouvement \u00e0 quartz, bo\u00eetier water resistant 200m, crystal sapphire, bo\u00eetier d&#8217;environ 40 mm Sign\u00e9 Tag Heuer Num\u00e9rot\u00e9 WAH1211 EKA4872 Poids brut : 98 grs","og_url":"https:\/\/artibermont.com\/en\/produit\/montre-tagheuer-en-acier-et-ceramique-blanc\/","og_site_name":"Tibermont","article_modified_time":"2025-02-03T16:07:39+00:00","og_image":[{"width":1707,"height":2560,"url":"https:\/\/artibermont.com\/wp-content\/uploads\/2025\/01\/TA2400256-0MD-scaled.jpg","type":"image\/jpeg"}],"twitter_card":"summary_large_image","twitter_misc":{"Est. reading time":"1 minute"},"schema":{"@context":"https:\/\/schema.org","@graph":[{"@type":"WebPage","@id":"https:\/\/artibermont.com\/en\/produit\/montre-tagheuer-en-acier-et-ceramique-blanc\/","url":"https:\/\/artibermont.com\/en\/produit\/montre-tagheuer-en-acier-et-ceramique-blanc\/","name":"Tag Heuer, montre en acier et c\u00e9ramique blanche &#8211; Tibermont","isPartOf":{"@id":"https:\/\/artibermont.com\/en\/#website"},"primaryImageOfPage":{"@id":"https:\/\/artibermont.com\/en\/produit\/montre-tagheuer-en-acier-et-ceramique-blanc\/#primaryimage"},"image":{"@id":"https:\/\/artibermont.com\/en\/produit\/montre-tagheuer-en-acier-et-ceramique-blanc\/#primaryimage"},"thumbnailUrl":"https:\/\/artibermont.com\/wp-content\/uploads\/2025\/01\/TA2400256-0MD-scaled.jpg","datePublished":"2025-01-24T13:51:17+00:00","dateModified":"2025-02-03T16:07:39+00:00","breadcrumb":{"@id":"https:\/\/artibermont.com\/en\/produit\/montre-tagheuer-en-acier-et-ceramique-blanc\/#breadcrumb"},"inLanguage":"en-US","potentialAction":[{"@type":"ReadAction","target":["https:\/\/artibermont.com\/en\/produit\/montre-tagheuer-en-acier-et-ceramique-blanc\/"]}]},{"@type":"ImageObject","inLanguage":"en-US","@id":"https:\/\/artibermont.com\/en\/produit\/montre-tagheuer-en-acier-et-ceramique-blanc\/#primaryimage","url":"https:\/\/artibermont.com\/wp-content\/uploads\/2025\/01\/TA2400256-0MD-scaled.jpg","contentUrl":"https:\/\/artibermont.com\/wp-content\/uploads\/2025\/01\/TA2400256-0MD-scaled.jpg","width":1707,"height":2560},{"@type":"BreadcrumbList","@id":"https:\/\/artibermont.com\/en\/produit\/montre-tagheuer-en-acier-et-ceramique-blanc\/#breadcrumb","itemListElement":[{"@type":"ListItem","position":1,"name":"Accueil","item":"https:\/\/artibermont.com\/en\/homepage\/"},{"@type":"ListItem","position":2,"name":"Shop","item":"https:\/\/artibermont.com\/en\/shop\/"},{"@type":"ListItem","position":3,"name":"Tag Heuer, montre en acier et c\u00e9ramique blanche"}]},{"@type":"WebSite","@id":"https:\/\/artibermont.com\/en\/#website","url":"https:\/\/artibermont.com\/en\/","name":"Tibermont","description":"252, boulevard Saint Germain, 75007 Paris","publisher":{"@id":"https:\/\/artibermont.com\/en\/#organization"},"potentialAction":[{"@type":"SearchAction","target":{"@type":"EntryPoint","urlTemplate":"https:\/\/artibermont.com\/en\/?s={search_term_string}"},"query-input":{"@type":"PropertyValueSpecification","valueRequired":true,"valueName":"search_term_string"}}],"inLanguage":"en-US"},{"@type":"Organization","@id":"https:\/\/artibermont.com\/en\/#organization","name":"Tibermont Antiquit\u00e9s","url":"https:\/\/artibermont.com\/en\/","logo":{"@type":"ImageObject","inLanguage":"en-US","@id":"https:\/\/artibermont.com\/en\/#\/schema\/logo\/image\/","url":"https:\/\/artibermont.com\/wp-content\/uploads\/2021\/12\/Logo-TIBERMONT-white.png","contentUrl":"https:\/\/artibermont.com\/wp-content\/uploads\/2021\/12\/Logo-TIBERMONT-white.png","width":713,"height":196,"caption":"Tibermont Antiquit\u00e9s"},"image":{"@id":"https:\/\/artibermont.com\/en\/#\/schema\/logo\/image\/"}}]}},"_links":{"self":[{"href":"https:\/\/artibermont.com\/en\/wp-json\/wp\/v2\/product\/8848","targetHints":{"allow":["GET"]}}],"collection":[{"href":"https:\/\/artibermont.com\/en\/wp-json\/wp\/v2\/product"}],"about":[{"href":"https:\/\/artibermont.com\/en\/wp-json\/wp\/v2\/types\/product"}],"replies":[{"embeddable":true,"href":"https:\/\/artibermont.com\/en\/wp-json\/wp\/v2\/comments?post=8848"}],"version-history":[{"count":5,"href":"https:\/\/artibermont.com\/en\/wp-json\/wp\/v2\/product\/8848\/revisions"}],"predecessor-version":[{"id":8943,"href":"https:\/\/artibermont.com\/en\/wp-json\/wp\/v2\/product\/8848\/revisions\/8943"}],"wp:featuredmedia":[{"embeddable":true,"href":"https:\/\/artibermont.com\/en\/wp-json\/wp\/v2\/media\/8849"}],"wp:attachment":[{"href":"https:\/\/artibermont.com\/en\/wp-json\/wp\/v2\/media?parent=8848"}],"wp:term":[{"taxonomy":"product_brand","embeddable":true,"href":"https:\/\/artibermont.com\/en\/wp-json\/wp\/v2\/product_brand?post=8848"},{"taxonomy":"product_cat","embeddable":true,"href":"https:\/\/artibermont.com\/en\/wp-json\/wp\/v2\/product_cat?post=8848"},{"taxonomy":"product_tag","embeddable":true,"href":"https:\/\/artibermont.com\/en\/wp-json\/wp\/v2\/product_tag?post=8848"}],"curies":[{"name":"wp","href":"https:\/\/api.w.org\/{rel}","templated":true}]}}