{"id":8885,"date":"2025-01-25T15:02:48","date_gmt":"2025-01-25T14:02:48","guid":{"rendered":"https:\/\/artibermont.com\/?post_type=product&#038;p=8885"},"modified":"2025-01-25T15:02:50","modified_gmt":"2025-01-25T14:02:50","slug":"paire-de-coupes-en-porcelaine-blanche-polychrome-de-chine","status":"publish","type":"product","link":"https:\/\/artibermont.com\/en\/produit\/paire-de-coupes-en-porcelaine-blanche-polychrome-de-chine\/","title":{"rendered":"Paire de coupes en porcelaine blanche polychrome de Chine"},"content":{"rendered":"<p>Paire de coupes en porcelaine blanche polychrome de Chine,<\/p>\n<p>Epoque 18\u00e8me si\u00e8cle<\/p>\n<p>Monture en bronze dor\u00e9 et cisel\u00e9 d&#8217;\u00e9poque Napol\u00e9on III<\/p>\n<p>Hauteur avec les anses : 28 cm<\/p>\n","protected":false},"excerpt":{"rendered":"<p>Paire de coupes en porcelaine blanche polychrome de Chine, Epoque 18\u00e8me si\u00e8cle Monture en bronze dor\u00e9 et cisel\u00e9 d&#8217;\u00e9poque Napol\u00e9on III Hauteur avec les anses : 28 cm<\/p>\n","protected":false},"featured_media":8886,"comment_status":"open","ping_status":"closed","template":"","meta":{"_acf_changed":false},"product_brand":[],"product_cat":[22],"product_tag":[],"class_list":{"0":"post-8885","1":"product","2":"type-product","3":"status-publish","4":"has-post-thumbnail","6":"product_cat-ceramique-et-verrerie","8":"first","9":"instock","10":"sold-individually","11":"taxable","12":"shipping-taxable","13":"purchasable","14":"product-type-simple"},"acf":[],"yoast_head":"<!-- This site is optimized with the Yoast SEO Premium plugin v19.2.1 (Yoast SEO v27.3) - https:\/\/yoast.com\/product\/yoast-seo-premium-wordpress\/ -->\n<title>Paire de coupes en porcelaine blanche polychrome de Chine &#8211; Tibermont<\/title>\n<meta name=\"robots\" content=\"index, follow, max-snippet:-1, max-image-preview:large, max-video-preview:-1\" \/>\n<link rel=\"canonical\" href=\"https:\/\/artibermont.com\/en\/produit\/paire-de-coupes-en-porcelaine-blanche-polychrome-de-chine\/\" \/>\n<meta property=\"og:locale\" content=\"en_US\" \/>\n<meta property=\"og:type\" content=\"article\" \/>\n<meta property=\"og:title\" content=\"Paire de coupes en porcelaine blanche polychrome de Chine\" \/>\n<meta property=\"og:description\" content=\"Paire de coupes en porcelaine blanche polychrome de Chine, Epoque 18\u00e8me si\u00e8cle Monture en bronze dor\u00e9 et cisel\u00e9 d&#8217;\u00e9poque Napol\u00e9on III Hauteur avec les anses : 28 cm\" \/>\n<meta property=\"og:url\" content=\"https:\/\/artibermont.com\/en\/produit\/paire-de-coupes-en-porcelaine-blanche-polychrome-de-chine\/\" \/>\n<meta property=\"og:site_name\" content=\"Tibermont\" \/>\n<meta property=\"article:modified_time\" content=\"2025-01-25T14:02:50+00:00\" \/>\n<meta property=\"og:image\" content=\"https:\/\/artibermont.com\/wp-content\/uploads\/2025\/01\/TA2100485-0MD-scaled.jpg\" \/>\n\t<meta property=\"og:image:width\" content=\"2560\" \/>\n\t<meta property=\"og:image:height\" content=\"1707\" \/>\n\t<meta property=\"og:image:type\" content=\"image\/jpeg\" \/>\n<meta name=\"twitter:card\" content=\"summary_large_image\" \/>\n<meta name=\"twitter:label1\" content=\"Est. reading time\" \/>\n\t<meta name=\"twitter:data1\" content=\"1 minute\" \/>\n<script type=\"application\/ld+json\" class=\"yoast-schema-graph\">{\"@context\":\"https:\\\/\\\/schema.org\",\"@graph\":[{\"@type\":\"WebPage\",\"@id\":\"https:\\\/\\\/artibermont.com\\\/en\\\/produit\\\/paire-de-coupes-en-porcelaine-blanche-polychrome-de-chine\\\/\",\"url\":\"https:\\\/\\\/artibermont.com\\\/en\\\/produit\\\/paire-de-coupes-en-porcelaine-blanche-polychrome-de-chine\\\/\",\"name\":\"Paire de coupes en porcelaine blanche polychrome de Chine &#8211; Tibermont\",\"isPartOf\":{\"@id\":\"https:\\\/\\\/artibermont.com\\\/en\\\/#website\"},\"primaryImageOfPage\":{\"@id\":\"https:\\\/\\\/artibermont.com\\\/en\\\/produit\\\/paire-de-coupes-en-porcelaine-blanche-polychrome-de-chine\\\/#primaryimage\"},\"image\":{\"@id\":\"https:\\\/\\\/artibermont.com\\\/en\\\/produit\\\/paire-de-coupes-en-porcelaine-blanche-polychrome-de-chine\\\/#primaryimage\"},\"thumbnailUrl\":\"https:\\\/\\\/artibermont.com\\\/wp-content\\\/uploads\\\/2025\\\/01\\\/TA2100485-0MD-scaled.jpg\",\"datePublished\":\"2025-01-25T14:02:48+00:00\",\"dateModified\":\"2025-01-25T14:02:50+00:00\",\"breadcrumb\":{\"@id\":\"https:\\\/\\\/artibermont.com\\\/en\\\/produit\\\/paire-de-coupes-en-porcelaine-blanche-polychrome-de-chine\\\/#breadcrumb\"},\"inLanguage\":\"en-US\",\"potentialAction\":[{\"@type\":\"ReadAction\",\"target\":[\"https:\\\/\\\/artibermont.com\\\/en\\\/produit\\\/paire-de-coupes-en-porcelaine-blanche-polychrome-de-chine\\\/\"]}]},{\"@type\":\"ImageObject\",\"inLanguage\":\"en-US\",\"@id\":\"https:\\\/\\\/artibermont.com\\\/en\\\/produit\\\/paire-de-coupes-en-porcelaine-blanche-polychrome-de-chine\\\/#primaryimage\",\"url\":\"https:\\\/\\\/artibermont.com\\\/wp-content\\\/uploads\\\/2025\\\/01\\\/TA2100485-0MD-scaled.jpg\",\"contentUrl\":\"https:\\\/\\\/artibermont.com\\\/wp-content\\\/uploads\\\/2025\\\/01\\\/TA2100485-0MD-scaled.jpg\",\"width\":2560,\"height\":1707},{\"@type\":\"BreadcrumbList\",\"@id\":\"https:\\\/\\\/artibermont.com\\\/en\\\/produit\\\/paire-de-coupes-en-porcelaine-blanche-polychrome-de-chine\\\/#breadcrumb\",\"itemListElement\":[{\"@type\":\"ListItem\",\"position\":1,\"name\":\"Accueil\",\"item\":\"https:\\\/\\\/artibermont.com\\\/en\\\/homepage\\\/\"},{\"@type\":\"ListItem\",\"position\":2,\"name\":\"Shop\",\"item\":\"https:\\\/\\\/artibermont.com\\\/en\\\/shop\\\/\"},{\"@type\":\"ListItem\",\"position\":3,\"name\":\"Paire de coupes en porcelaine blanche polychrome de Chine\"}]},{\"@type\":\"WebSite\",\"@id\":\"https:\\\/\\\/artibermont.com\\\/en\\\/#website\",\"url\":\"https:\\\/\\\/artibermont.com\\\/en\\\/\",\"name\":\"Tibermont\",\"description\":\"252, boulevard Saint Germain, 75007 Paris\",\"publisher\":{\"@id\":\"https:\\\/\\\/artibermont.com\\\/en\\\/#organization\"},\"potentialAction\":[{\"@type\":\"SearchAction\",\"target\":{\"@type\":\"EntryPoint\",\"urlTemplate\":\"https:\\\/\\\/artibermont.com\\\/en\\\/?s={search_term_string}\"},\"query-input\":{\"@type\":\"PropertyValueSpecification\",\"valueRequired\":true,\"valueName\":\"search_term_string\"}}],\"inLanguage\":\"en-US\"},{\"@type\":\"Organization\",\"@id\":\"https:\\\/\\\/artibermont.com\\\/en\\\/#organization\",\"name\":\"Tibermont Antiquit\u00e9s\",\"url\":\"https:\\\/\\\/artibermont.com\\\/en\\\/\",\"logo\":{\"@type\":\"ImageObject\",\"inLanguage\":\"en-US\",\"@id\":\"https:\\\/\\\/artibermont.com\\\/en\\\/#\\\/schema\\\/logo\\\/image\\\/\",\"url\":\"https:\\\/\\\/artibermont.com\\\/wp-content\\\/uploads\\\/2021\\\/12\\\/Logo-TIBERMONT-white.png\",\"contentUrl\":\"https:\\\/\\\/artibermont.com\\\/wp-content\\\/uploads\\\/2021\\\/12\\\/Logo-TIBERMONT-white.png\",\"width\":713,\"height\":196,\"caption\":\"Tibermont Antiquit\u00e9s\"},\"image\":{\"@id\":\"https:\\\/\\\/artibermont.com\\\/en\\\/#\\\/schema\\\/logo\\\/image\\\/\"}}]}<\/script>\n<!-- \/ Yoast SEO Premium plugin. -->","yoast_head_json":{"title":"Paire de coupes en porcelaine blanche polychrome de Chine &#8211; Tibermont","robots":{"index":"index","follow":"follow","max-snippet":"max-snippet:-1","max-image-preview":"max-image-preview:large","max-video-preview":"max-video-preview:-1"},"canonical":"https:\/\/artibermont.com\/en\/produit\/paire-de-coupes-en-porcelaine-blanche-polychrome-de-chine\/","og_locale":"en_US","og_type":"article","og_title":"Paire de coupes en porcelaine blanche polychrome de Chine","og_description":"Paire de coupes en porcelaine blanche polychrome de Chine, Epoque 18\u00e8me si\u00e8cle Monture en bronze dor\u00e9 et cisel\u00e9 d&#8217;\u00e9poque Napol\u00e9on III Hauteur avec les anses : 28 cm","og_url":"https:\/\/artibermont.com\/en\/produit\/paire-de-coupes-en-porcelaine-blanche-polychrome-de-chine\/","og_site_name":"Tibermont","article_modified_time":"2025-01-25T14:02:50+00:00","og_image":[{"width":2560,"height":1707,"url":"https:\/\/artibermont.com\/wp-content\/uploads\/2025\/01\/TA2100485-0MD-scaled.jpg","type":"image\/jpeg"}],"twitter_card":"summary_large_image","twitter_misc":{"Est. reading time":"1 minute"},"schema":{"@context":"https:\/\/schema.org","@graph":[{"@type":"WebPage","@id":"https:\/\/artibermont.com\/en\/produit\/paire-de-coupes-en-porcelaine-blanche-polychrome-de-chine\/","url":"https:\/\/artibermont.com\/en\/produit\/paire-de-coupes-en-porcelaine-blanche-polychrome-de-chine\/","name":"Paire de coupes en porcelaine blanche polychrome de Chine &#8211; Tibermont","isPartOf":{"@id":"https:\/\/artibermont.com\/en\/#website"},"primaryImageOfPage":{"@id":"https:\/\/artibermont.com\/en\/produit\/paire-de-coupes-en-porcelaine-blanche-polychrome-de-chine\/#primaryimage"},"image":{"@id":"https:\/\/artibermont.com\/en\/produit\/paire-de-coupes-en-porcelaine-blanche-polychrome-de-chine\/#primaryimage"},"thumbnailUrl":"https:\/\/artibermont.com\/wp-content\/uploads\/2025\/01\/TA2100485-0MD-scaled.jpg","datePublished":"2025-01-25T14:02:48+00:00","dateModified":"2025-01-25T14:02:50+00:00","breadcrumb":{"@id":"https:\/\/artibermont.com\/en\/produit\/paire-de-coupes-en-porcelaine-blanche-polychrome-de-chine\/#breadcrumb"},"inLanguage":"en-US","potentialAction":[{"@type":"ReadAction","target":["https:\/\/artibermont.com\/en\/produit\/paire-de-coupes-en-porcelaine-blanche-polychrome-de-chine\/"]}]},{"@type":"ImageObject","inLanguage":"en-US","@id":"https:\/\/artibermont.com\/en\/produit\/paire-de-coupes-en-porcelaine-blanche-polychrome-de-chine\/#primaryimage","url":"https:\/\/artibermont.com\/wp-content\/uploads\/2025\/01\/TA2100485-0MD-scaled.jpg","contentUrl":"https:\/\/artibermont.com\/wp-content\/uploads\/2025\/01\/TA2100485-0MD-scaled.jpg","width":2560,"height":1707},{"@type":"BreadcrumbList","@id":"https:\/\/artibermont.com\/en\/produit\/paire-de-coupes-en-porcelaine-blanche-polychrome-de-chine\/#breadcrumb","itemListElement":[{"@type":"ListItem","position":1,"name":"Accueil","item":"https:\/\/artibermont.com\/en\/homepage\/"},{"@type":"ListItem","position":2,"name":"Shop","item":"https:\/\/artibermont.com\/en\/shop\/"},{"@type":"ListItem","position":3,"name":"Paire de coupes en porcelaine blanche polychrome de Chine"}]},{"@type":"WebSite","@id":"https:\/\/artibermont.com\/en\/#website","url":"https:\/\/artibermont.com\/en\/","name":"Tibermont","description":"252, boulevard Saint Germain, 75007 Paris","publisher":{"@id":"https:\/\/artibermont.com\/en\/#organization"},"potentialAction":[{"@type":"SearchAction","target":{"@type":"EntryPoint","urlTemplate":"https:\/\/artibermont.com\/en\/?s={search_term_string}"},"query-input":{"@type":"PropertyValueSpecification","valueRequired":true,"valueName":"search_term_string"}}],"inLanguage":"en-US"},{"@type":"Organization","@id":"https:\/\/artibermont.com\/en\/#organization","name":"Tibermont Antiquit\u00e9s","url":"https:\/\/artibermont.com\/en\/","logo":{"@type":"ImageObject","inLanguage":"en-US","@id":"https:\/\/artibermont.com\/en\/#\/schema\/logo\/image\/","url":"https:\/\/artibermont.com\/wp-content\/uploads\/2021\/12\/Logo-TIBERMONT-white.png","contentUrl":"https:\/\/artibermont.com\/wp-content\/uploads\/2021\/12\/Logo-TIBERMONT-white.png","width":713,"height":196,"caption":"Tibermont Antiquit\u00e9s"},"image":{"@id":"https:\/\/artibermont.com\/en\/#\/schema\/logo\/image\/"}}]}},"_links":{"self":[{"href":"https:\/\/artibermont.com\/en\/wp-json\/wp\/v2\/product\/8885","targetHints":{"allow":["GET"]}}],"collection":[{"href":"https:\/\/artibermont.com\/en\/wp-json\/wp\/v2\/product"}],"about":[{"href":"https:\/\/artibermont.com\/en\/wp-json\/wp\/v2\/types\/product"}],"replies":[{"embeddable":true,"href":"https:\/\/artibermont.com\/en\/wp-json\/wp\/v2\/comments?post=8885"}],"version-history":[{"count":1,"href":"https:\/\/artibermont.com\/en\/wp-json\/wp\/v2\/product\/8885\/revisions"}],"predecessor-version":[{"id":8892,"href":"https:\/\/artibermont.com\/en\/wp-json\/wp\/v2\/product\/8885\/revisions\/8892"}],"wp:featuredmedia":[{"embeddable":true,"href":"https:\/\/artibermont.com\/en\/wp-json\/wp\/v2\/media\/8886"}],"wp:attachment":[{"href":"https:\/\/artibermont.com\/en\/wp-json\/wp\/v2\/media?parent=8885"}],"wp:term":[{"taxonomy":"product_brand","embeddable":true,"href":"https:\/\/artibermont.com\/en\/wp-json\/wp\/v2\/product_brand?post=8885"},{"taxonomy":"product_cat","embeddable":true,"href":"https:\/\/artibermont.com\/en\/wp-json\/wp\/v2\/product_cat?post=8885"},{"taxonomy":"product_tag","embeddable":true,"href":"https:\/\/artibermont.com\/en\/wp-json\/wp\/v2\/product_tag?post=8885"}],"curies":[{"name":"wp","href":"https:\/\/api.w.org\/{rel}","templated":true}]}}