{"id":4666,"date":"2021-12-16T00:05:09","date_gmt":"2021-12-15T23:05:09","guid":{"rendered":"https:\/\/artibermont.com\/%e9%87%87%e8%b4%ad%e4%bc%b0%e4%bb%b7\/"},"modified":"2023-02-14T17:46:58","modified_gmt":"2023-02-14T16:46:58","slug":"%e9%87%87%e8%b4%ad%e4%bc%b0%e4%bb%b7","status":"publish","type":"page","link":"https:\/\/artibermont.com\/zh-hans\/%e9%87%87%e8%b4%ad%e4%bc%b0%e4%bb%b7\/","title":{"rendered":"\u91c7\u8d2d\u4f30\u4ef7"},"content":{"rendered":"<style>\/*! elementor - v3.7.4 - 31-08-2022 *\/\n.elementor-heading-title{padding:0;margin:0;line-height:1}.elementor-widget-heading .elementor-heading-title[class*=elementor-size-]>a{color:inherit;font-size:inherit;line-height:inherit}.elementor-widget-heading .elementor-heading-title.elementor-size-small{font-size:15px}.elementor-widget-heading .elementor-heading-title.elementor-size-medium{font-size:19px}.elementor-widget-heading .elementor-heading-title.elementor-size-large{font-size:29px}.elementor-widget-heading .elementor-heading-title.elementor-size-xl{font-size:39px}.elementor-widget-heading .elementor-heading-title.elementor-size-xxl{font-size:59px}<\/style>\n<h2>\u827a\u672f\u54c1\u4f30\u4ef7\u53ca\u91c7\u8d2d<\/h2>\n<p>\t\t\u6211\u4eec\u5728\u6cd5\u56fd\u548c\u56fd\u5916\u4ee5\u6700\u4f18\u60e0\u7684\u4ef7\u683c\u5bf9\u60a8\u7684\u53e4\u8463\u548c\u73e0\u5b9d\u8fdb\u884c\u4f30\u4ef7\u548c\u8d2d\u4e70\u3002<br \/>\n\u5982\u679c\u60a8\u6709\u5e0c\u671b\u51fa\u552e\u7684\u827a\u672f\u54c1\u7167\u7247\uff0c\u60a8\u53ef\u4ee5\u901a\u8fc7\u7535\u5b50\u90ae\u4ef6\u6216\u4ee5\u90ae\u5bc4\u65b9\u5f0f\u5c06\u7167\u7247\u53d1\u9001\u7ed9\u6211\u4eec\uff0c\u5728\u5bf9\u60a8\u7684\u827a\u672f\u54c1\u8fdb\u884c\u4e13\u4e1a\u8bc4\u4f30\u4e4b\u540e\uff0c\u6211\u4eec\u5c06\u4e0e\u60a8\u8054\u7cfb\uff0c\u4e3a\u60a8\u63d0\u4f9b\u6536\u8d2d\u4ef7\u683c\u3002<br \/>\n\u8054\u7cfb\u7535\u8bdd: 01 40 49 07 70<br \/>\n\u7535\u5b50\u90ae\u4ef6\uff1a<a href=\"mailto:contact@artibermont.com\">contact@artibermont.com<\/a>\u5730\u5740\uff1aTibermont\uff0c\u6cd5\u56fd\u5df4\u9ece\u5e02\u5723\u65e5\u8033\u66fc\u5927\u9053252\u53f7\uff0c\u90ae\u7f16 75007\t\t<\/p>\n<h2>\u8981\u6c42\u8fdb\u884c\u4f30\u4ef7<\/h2>\n","protected":false},"excerpt":{"rendered":"<p>\u827a\u672f\u54c1\u4f30\u4ef7\u53ca\u91c7\u8d2d \u6211\u4eec\u5728\u6cd5\u56fd\u548c\u56fd\u5916\u4ee5\u6700\u4f18\u60e0\u7684\u4ef7\u683c\u5bf9\u60a8\u7684\u53e4\u8463\u548c\u73e0\u5b9d\u8fdb\u884c\u4f30\u4ef7\u548c\u8d2d\u4e70\u3002 \u5982\u679c\u60a8\u6709\u5e0c\u671b\u51fa\u552e\u7684\u827a\u672f\u54c1\u7167\u7247 [&hellip;]<\/p>\n","protected":false},"author":1,"featured_media":0,"parent":0,"menu_order":0,"comment_status":"closed","ping_status":"closed","template":"","meta":{"_acf_changed":false,"footnotes":""},"class_list":["post-4666","page","type-page","status-publish","hentry"],"acf":[],"yoast_head":"<!-- This site is optimized with the Yoast SEO Premium plugin v19.2.1 (Yoast SEO v27.3) - https:\/\/yoast.com\/product\/yoast-seo-premium-wordpress\/ -->\n<title>\u91c7\u8d2d\u4f30\u4ef7 &#8211; Tibermont<\/title>\n<meta name=\"description\" content=\"Tibermont antiquit\u00e9s est une boutique sp\u00e9cialis\u00e9e dans les oeuvres d&#039;art anciennes dans le 7e arrondissement de Paris. Venez d\u00e9couvrir nos oeuvres !\" \/>\n<meta name=\"robots\" content=\"index, follow, max-snippet:-1, max-image-preview:large, max-video-preview:-1\" \/>\n<link rel=\"canonical\" href=\"https:\/\/artibermont.com\/zh-hans\/%e9%87%87%e8%b4%ad%e4%bc%b0%e4%bb%b7\/\" \/>\n<meta property=\"og:locale\" content=\"zh_CN\" \/>\n<meta property=\"og:type\" content=\"article\" \/>\n<meta property=\"og:title\" content=\"\u91c7\u8d2d\u4f30\u4ef7\" \/>\n<meta property=\"og:description\" content=\"Tibermont antiquit\u00e9s est une boutique sp\u00e9cialis\u00e9e dans les oeuvres d&#039;art anciennes dans le 7e arrondissement de Paris. Venez d\u00e9couvrir nos oeuvres !\" \/>\n<meta property=\"og:url\" content=\"https:\/\/artibermont.com\/zh-hans\/%e9%87%87%e8%b4%ad%e4%bc%b0%e4%bb%b7\/\" \/>\n<meta property=\"og:site_name\" content=\"Tibermont\" \/>\n<meta property=\"article:modified_time\" content=\"2023-02-14T16:46:58+00:00\" \/>\n<meta name=\"twitter:card\" content=\"summary_large_image\" \/>\n<script type=\"application\/ld+json\" class=\"yoast-schema-graph\">{\"@context\":\"https:\\\/\\\/schema.org\",\"@graph\":[{\"@type\":\"WebPage\",\"@id\":\"https:\\\/\\\/artibermont.com\\\/zh-hans\\\/%e9%87%87%e8%b4%ad%e4%bc%b0%e4%bb%b7\\\/\",\"url\":\"https:\\\/\\\/artibermont.com\\\/zh-hans\\\/%e9%87%87%e8%b4%ad%e4%bc%b0%e4%bb%b7\\\/\",\"name\":\"\u91c7\u8d2d\u4f30\u4ef7 &#8211; Tibermont\",\"isPartOf\":{\"@id\":\"https:\\\/\\\/artibermont.com\\\/zh-hans\\\/#website\"},\"datePublished\":\"2021-12-15T23:05:09+00:00\",\"dateModified\":\"2023-02-14T16:46:58+00:00\",\"description\":\"Tibermont antiquit\u00e9s est une boutique sp\u00e9cialis\u00e9e dans les oeuvres d'art anciennes dans le 7e arrondissement de Paris. Venez d\u00e9couvrir nos oeuvres !\",\"breadcrumb\":{\"@id\":\"https:\\\/\\\/artibermont.com\\\/zh-hans\\\/%e9%87%87%e8%b4%ad%e4%bc%b0%e4%bb%b7\\\/#breadcrumb\"},\"inLanguage\":\"zh-Hans\",\"potentialAction\":[{\"@type\":\"ReadAction\",\"target\":[\"https:\\\/\\\/artibermont.com\\\/zh-hans\\\/%e9%87%87%e8%b4%ad%e4%bc%b0%e4%bb%b7\\\/\"]}]},{\"@type\":\"BreadcrumbList\",\"@id\":\"https:\\\/\\\/artibermont.com\\\/zh-hans\\\/%e9%87%87%e8%b4%ad%e4%bc%b0%e4%bb%b7\\\/#breadcrumb\",\"itemListElement\":[{\"@type\":\"ListItem\",\"position\":1,\"name\":\"Accueil\",\"item\":\"https:\\\/\\\/artibermont.com\\\/zh-hans\\\/%e6%ac%a2%e8%bf%8e\\\/\"},{\"@type\":\"ListItem\",\"position\":2,\"name\":\"\u91c7\u8d2d\u4f30\u4ef7\"}]},{\"@type\":\"WebSite\",\"@id\":\"https:\\\/\\\/artibermont.com\\\/zh-hans\\\/#website\",\"url\":\"https:\\\/\\\/artibermont.com\\\/zh-hans\\\/\",\"name\":\"Tibermont\",\"description\":\"252, boulevard Saint Germain, 75007 Paris\",\"publisher\":{\"@id\":\"https:\\\/\\\/artibermont.com\\\/zh-hans\\\/#organization\"},\"potentialAction\":[{\"@type\":\"SearchAction\",\"target\":{\"@type\":\"EntryPoint\",\"urlTemplate\":\"https:\\\/\\\/artibermont.com\\\/zh-hans\\\/?s={search_term_string}\"},\"query-input\":{\"@type\":\"PropertyValueSpecification\",\"valueRequired\":true,\"valueName\":\"search_term_string\"}}],\"inLanguage\":\"zh-Hans\"},{\"@type\":\"Organization\",\"@id\":\"https:\\\/\\\/artibermont.com\\\/zh-hans\\\/#organization\",\"name\":\"Tibermont Antiquit\u00e9s\",\"url\":\"https:\\\/\\\/artibermont.com\\\/zh-hans\\\/\",\"logo\":{\"@type\":\"ImageObject\",\"inLanguage\":\"zh-Hans\",\"@id\":\"https:\\\/\\\/artibermont.com\\\/zh-hans\\\/#\\\/schema\\\/logo\\\/image\\\/\",\"url\":\"https:\\\/\\\/artibermont.com\\\/wp-content\\\/uploads\\\/2021\\\/12\\\/Logo-TIBERMONT-white.png\",\"contentUrl\":\"https:\\\/\\\/artibermont.com\\\/wp-content\\\/uploads\\\/2021\\\/12\\\/Logo-TIBERMONT-white.png\",\"width\":713,\"height\":196,\"caption\":\"Tibermont Antiquit\u00e9s\"},\"image\":{\"@id\":\"https:\\\/\\\/artibermont.com\\\/zh-hans\\\/#\\\/schema\\\/logo\\\/image\\\/\"}}]}<\/script>\n<!-- \/ Yoast SEO Premium plugin. -->","yoast_head_json":{"title":"\u91c7\u8d2d\u4f30\u4ef7 &#8211; Tibermont","description":"Tibermont antiquit\u00e9s est une boutique sp\u00e9cialis\u00e9e dans les oeuvres d'art anciennes dans le 7e arrondissement de Paris. Venez d\u00e9couvrir nos oeuvres !","robots":{"index":"index","follow":"follow","max-snippet":"max-snippet:-1","max-image-preview":"max-image-preview:large","max-video-preview":"max-video-preview:-1"},"canonical":"https:\/\/artibermont.com\/zh-hans\/%e9%87%87%e8%b4%ad%e4%bc%b0%e4%bb%b7\/","og_locale":"zh_CN","og_type":"article","og_title":"\u91c7\u8d2d\u4f30\u4ef7","og_description":"Tibermont antiquit\u00e9s est une boutique sp\u00e9cialis\u00e9e dans les oeuvres d'art anciennes dans le 7e arrondissement de Paris. Venez d\u00e9couvrir nos oeuvres !","og_url":"https:\/\/artibermont.com\/zh-hans\/%e9%87%87%e8%b4%ad%e4%bc%b0%e4%bb%b7\/","og_site_name":"Tibermont","article_modified_time":"2023-02-14T16:46:58+00:00","twitter_card":"summary_large_image","schema":{"@context":"https:\/\/schema.org","@graph":[{"@type":"WebPage","@id":"https:\/\/artibermont.com\/zh-hans\/%e9%87%87%e8%b4%ad%e4%bc%b0%e4%bb%b7\/","url":"https:\/\/artibermont.com\/zh-hans\/%e9%87%87%e8%b4%ad%e4%bc%b0%e4%bb%b7\/","name":"\u91c7\u8d2d\u4f30\u4ef7 &#8211; Tibermont","isPartOf":{"@id":"https:\/\/artibermont.com\/zh-hans\/#website"},"datePublished":"2021-12-15T23:05:09+00:00","dateModified":"2023-02-14T16:46:58+00:00","description":"Tibermont antiquit\u00e9s est une boutique sp\u00e9cialis\u00e9e dans les oeuvres d'art anciennes dans le 7e arrondissement de Paris. Venez d\u00e9couvrir nos oeuvres !","breadcrumb":{"@id":"https:\/\/artibermont.com\/zh-hans\/%e9%87%87%e8%b4%ad%e4%bc%b0%e4%bb%b7\/#breadcrumb"},"inLanguage":"zh-Hans","potentialAction":[{"@type":"ReadAction","target":["https:\/\/artibermont.com\/zh-hans\/%e9%87%87%e8%b4%ad%e4%bc%b0%e4%bb%b7\/"]}]},{"@type":"BreadcrumbList","@id":"https:\/\/artibermont.com\/zh-hans\/%e9%87%87%e8%b4%ad%e4%bc%b0%e4%bb%b7\/#breadcrumb","itemListElement":[{"@type":"ListItem","position":1,"name":"Accueil","item":"https:\/\/artibermont.com\/zh-hans\/%e6%ac%a2%e8%bf%8e\/"},{"@type":"ListItem","position":2,"name":"\u91c7\u8d2d\u4f30\u4ef7"}]},{"@type":"WebSite","@id":"https:\/\/artibermont.com\/zh-hans\/#website","url":"https:\/\/artibermont.com\/zh-hans\/","name":"Tibermont","description":"252, boulevard Saint Germain, 75007 Paris","publisher":{"@id":"https:\/\/artibermont.com\/zh-hans\/#organization"},"potentialAction":[{"@type":"SearchAction","target":{"@type":"EntryPoint","urlTemplate":"https:\/\/artibermont.com\/zh-hans\/?s={search_term_string}"},"query-input":{"@type":"PropertyValueSpecification","valueRequired":true,"valueName":"search_term_string"}}],"inLanguage":"zh-Hans"},{"@type":"Organization","@id":"https:\/\/artibermont.com\/zh-hans\/#organization","name":"Tibermont Antiquit\u00e9s","url":"https:\/\/artibermont.com\/zh-hans\/","logo":{"@type":"ImageObject","inLanguage":"zh-Hans","@id":"https:\/\/artibermont.com\/zh-hans\/#\/schema\/logo\/image\/","url":"https:\/\/artibermont.com\/wp-content\/uploads\/2021\/12\/Logo-TIBERMONT-white.png","contentUrl":"https:\/\/artibermont.com\/wp-content\/uploads\/2021\/12\/Logo-TIBERMONT-white.png","width":713,"height":196,"caption":"Tibermont Antiquit\u00e9s"},"image":{"@id":"https:\/\/artibermont.com\/zh-hans\/#\/schema\/logo\/image\/"}}]}},"_links":{"self":[{"href":"https:\/\/artibermont.com\/zh-hans\/wp-json\/wp\/v2\/pages\/4666","targetHints":{"allow":["GET"]}}],"collection":[{"href":"https:\/\/artibermont.com\/zh-hans\/wp-json\/wp\/v2\/pages"}],"about":[{"href":"https:\/\/artibermont.com\/zh-hans\/wp-json\/wp\/v2\/types\/page"}],"author":[{"embeddable":true,"href":"https:\/\/artibermont.com\/zh-hans\/wp-json\/wp\/v2\/users\/1"}],"replies":[{"embeddable":true,"href":"https:\/\/artibermont.com\/zh-hans\/wp-json\/wp\/v2\/comments?post=4666"}],"version-history":[{"count":1,"href":"https:\/\/artibermont.com\/zh-hans\/wp-json\/wp\/v2\/pages\/4666\/revisions"}],"predecessor-version":[{"id":4667,"href":"https:\/\/artibermont.com\/zh-hans\/wp-json\/wp\/v2\/pages\/4666\/revisions\/4667"}],"wp:attachment":[{"href":"https:\/\/artibermont.com\/zh-hans\/wp-json\/wp\/v2\/media?parent=4666"}],"curies":[{"name":"wp","href":"https:\/\/api.w.org\/{rel}","templated":true}]}}