{"id":4668,"date":"2021-12-17T00:36:33","date_gmt":"2021-12-16T23:36:33","guid":{"rendered":"https:\/\/artibermont.com\/%e7%bb%98%e7%94%bb-%e7%b4%a0%e6%8f%8f\/"},"modified":"2023-02-14T17:47:12","modified_gmt":"2023-02-14T16:47:12","slug":"%e7%bb%98%e7%94%bb-%e7%b4%a0%e6%8f%8f","status":"publish","type":"page","link":"https:\/\/artibermont.com\/zh-hans\/%e7%bb%98%e7%94%bb-%e7%b4%a0%e6%8f%8f\/","title":{"rendered":"\u7ed8\u753b \u7d20\u63cf"},"content":{"rendered":"<div class=\"woocommerce columns-4\"><ul class=\"products columns-4\">\n<li class=\"product-category product first\">\n\t<a aria-label=\"\u8bbf\u95ee\u4ea7\u54c1\u5206\u7c7b \u6cb9\u753b\u548c\u7d20\u63cf\" href=\"https:\/\/artibermont.com\/zh-hans\/categorie-produit\/peintures-et-dessins-cn\/\"><img decoding=\"async\" src=\"https:\/\/artibermont.com\/wp-content\/uploads\/woocommerce-placeholder-300x300.png\" alt=\"\u6cb9\u753b\u548c\u7d20\u63cf\" width=\"300\" height=\"\" \/>\t\t<h2 class=\"woocommerce-loop-category__title\">\n\t\t\t\u6cb9\u753b\u548c\u7d20\u63cf <mark class=\"count\">(27)<\/mark>\t\t<\/h2>\n\t\t<\/a><\/li>\n<\/ul>\n<\/div>\n","protected":false},"excerpt":{"rendered":"","protected":false},"author":1,"featured_media":0,"parent":0,"menu_order":2,"comment_status":"closed","ping_status":"closed","template":"","meta":{"_acf_changed":false,"footnotes":""},"class_list":["post-4668","page","type-page","status-publish","hentry"],"acf":[],"yoast_head":"<!-- This site is optimized with the Yoast SEO Premium plugin v19.2.1 (Yoast SEO v27.3) - https:\/\/yoast.com\/product\/yoast-seo-premium-wordpress\/ -->\n<title>\u7ed8\u753b \u7d20\u63cf &#8211; Tibermont<\/title>\n<meta name=\"description\" content=\"Tibermont antiquit\u00e9s est une boutique sp\u00e9cialis\u00e9e dans les oeuvres d&#039;art anciennes dans le 7e arrondissement de Paris. Venez d\u00e9couvrir nos oeuvres !\" \/>\n<meta name=\"robots\" content=\"index, follow, max-snippet:-1, max-image-preview:large, max-video-preview:-1\" \/>\n<link rel=\"canonical\" href=\"https:\/\/artibermont.com\/zh-hans\/%e7%bb%98%e7%94%bb-%e7%b4%a0%e6%8f%8f\/\" \/>\n<meta property=\"og:locale\" content=\"zh_CN\" \/>\n<meta property=\"og:type\" content=\"article\" \/>\n<meta property=\"og:title\" content=\"\u7ed8\u753b \u7d20\u63cf\" \/>\n<meta property=\"og:description\" content=\"Tibermont antiquit\u00e9s est une boutique sp\u00e9cialis\u00e9e dans les oeuvres d&#039;art anciennes dans le 7e arrondissement de Paris. Venez d\u00e9couvrir nos oeuvres !\" \/>\n<meta property=\"og:url\" content=\"https:\/\/artibermont.com\/zh-hans\/%e7%bb%98%e7%94%bb-%e7%b4%a0%e6%8f%8f\/\" \/>\n<meta property=\"og:site_name\" content=\"Tibermont\" \/>\n<meta property=\"article:modified_time\" content=\"2023-02-14T16:47:12+00:00\" \/>\n<meta name=\"twitter:card\" content=\"summary_large_image\" \/>\n<script type=\"application\/ld+json\" class=\"yoast-schema-graph\">{\"@context\":\"https:\\\/\\\/schema.org\",\"@graph\":[{\"@type\":\"WebPage\",\"@id\":\"https:\\\/\\\/artibermont.com\\\/zh-hans\\\/%e7%bb%98%e7%94%bb-%e7%b4%a0%e6%8f%8f\\\/\",\"url\":\"https:\\\/\\\/artibermont.com\\\/zh-hans\\\/%e7%bb%98%e7%94%bb-%e7%b4%a0%e6%8f%8f\\\/\",\"name\":\"\u7ed8\u753b \u7d20\u63cf &#8211; Tibermont\",\"isPartOf\":{\"@id\":\"https:\\\/\\\/artibermont.com\\\/zh-hans\\\/#website\"},\"datePublished\":\"2021-12-16T23:36:33+00:00\",\"dateModified\":\"2023-02-14T16:47:12+00:00\",\"description\":\"Tibermont antiquit\u00e9s est une boutique sp\u00e9cialis\u00e9e dans les oeuvres d'art anciennes dans le 7e arrondissement de Paris. Venez d\u00e9couvrir nos oeuvres !\",\"breadcrumb\":{\"@id\":\"https:\\\/\\\/artibermont.com\\\/zh-hans\\\/%e7%bb%98%e7%94%bb-%e7%b4%a0%e6%8f%8f\\\/#breadcrumb\"},\"inLanguage\":\"zh-Hans\",\"potentialAction\":[{\"@type\":\"ReadAction\",\"target\":[\"https:\\\/\\\/artibermont.com\\\/zh-hans\\\/%e7%bb%98%e7%94%bb-%e7%b4%a0%e6%8f%8f\\\/\"]}]},{\"@type\":\"BreadcrumbList\",\"@id\":\"https:\\\/\\\/artibermont.com\\\/zh-hans\\\/%e7%bb%98%e7%94%bb-%e7%b4%a0%e6%8f%8f\\\/#breadcrumb\",\"itemListElement\":[{\"@type\":\"ListItem\",\"position\":1,\"name\":\"Accueil\",\"item\":\"https:\\\/\\\/artibermont.com\\\/zh-hans\\\/%e6%ac%a2%e8%bf%8e\\\/\"},{\"@type\":\"ListItem\",\"position\":2,\"name\":\"\u7ed8\u753b \u7d20\u63cf\"}]},{\"@type\":\"WebSite\",\"@id\":\"https:\\\/\\\/artibermont.com\\\/zh-hans\\\/#website\",\"url\":\"https:\\\/\\\/artibermont.com\\\/zh-hans\\\/\",\"name\":\"Tibermont\",\"description\":\"252, boulevard Saint Germain, 75007 Paris\",\"publisher\":{\"@id\":\"https:\\\/\\\/artibermont.com\\\/zh-hans\\\/#organization\"},\"potentialAction\":[{\"@type\":\"SearchAction\",\"target\":{\"@type\":\"EntryPoint\",\"urlTemplate\":\"https:\\\/\\\/artibermont.com\\\/zh-hans\\\/?s={search_term_string}\"},\"query-input\":{\"@type\":\"PropertyValueSpecification\",\"valueRequired\":true,\"valueName\":\"search_term_string\"}}],\"inLanguage\":\"zh-Hans\"},{\"@type\":\"Organization\",\"@id\":\"https:\\\/\\\/artibermont.com\\\/zh-hans\\\/#organization\",\"name\":\"Tibermont Antiquit\u00e9s\",\"url\":\"https:\\\/\\\/artibermont.com\\\/zh-hans\\\/\",\"logo\":{\"@type\":\"ImageObject\",\"inLanguage\":\"zh-Hans\",\"@id\":\"https:\\\/\\\/artibermont.com\\\/zh-hans\\\/#\\\/schema\\\/logo\\\/image\\\/\",\"url\":\"https:\\\/\\\/artibermont.com\\\/wp-content\\\/uploads\\\/2021\\\/12\\\/Logo-TIBERMONT-white.png\",\"contentUrl\":\"https:\\\/\\\/artibermont.com\\\/wp-content\\\/uploads\\\/2021\\\/12\\\/Logo-TIBERMONT-white.png\",\"width\":713,\"height\":196,\"caption\":\"Tibermont Antiquit\u00e9s\"},\"image\":{\"@id\":\"https:\\\/\\\/artibermont.com\\\/zh-hans\\\/#\\\/schema\\\/logo\\\/image\\\/\"}}]}<\/script>\n<!-- \/ Yoast SEO Premium plugin. -->","yoast_head_json":{"title":"\u7ed8\u753b \u7d20\u63cf &#8211; Tibermont","description":"Tibermont antiquit\u00e9s est une boutique sp\u00e9cialis\u00e9e dans les oeuvres d'art anciennes dans le 7e arrondissement de Paris. Venez d\u00e9couvrir nos oeuvres !","robots":{"index":"index","follow":"follow","max-snippet":"max-snippet:-1","max-image-preview":"max-image-preview:large","max-video-preview":"max-video-preview:-1"},"canonical":"https:\/\/artibermont.com\/zh-hans\/%e7%bb%98%e7%94%bb-%e7%b4%a0%e6%8f%8f\/","og_locale":"zh_CN","og_type":"article","og_title":"\u7ed8\u753b \u7d20\u63cf","og_description":"Tibermont antiquit\u00e9s est une boutique sp\u00e9cialis\u00e9e dans les oeuvres d'art anciennes dans le 7e arrondissement de Paris. Venez d\u00e9couvrir nos oeuvres !","og_url":"https:\/\/artibermont.com\/zh-hans\/%e7%bb%98%e7%94%bb-%e7%b4%a0%e6%8f%8f\/","og_site_name":"Tibermont","article_modified_time":"2023-02-14T16:47:12+00:00","twitter_card":"summary_large_image","schema":{"@context":"https:\/\/schema.org","@graph":[{"@type":"WebPage","@id":"https:\/\/artibermont.com\/zh-hans\/%e7%bb%98%e7%94%bb-%e7%b4%a0%e6%8f%8f\/","url":"https:\/\/artibermont.com\/zh-hans\/%e7%bb%98%e7%94%bb-%e7%b4%a0%e6%8f%8f\/","name":"\u7ed8\u753b \u7d20\u63cf &#8211; Tibermont","isPartOf":{"@id":"https:\/\/artibermont.com\/zh-hans\/#website"},"datePublished":"2021-12-16T23:36:33+00:00","dateModified":"2023-02-14T16:47:12+00:00","description":"Tibermont antiquit\u00e9s est une boutique sp\u00e9cialis\u00e9e dans les oeuvres d'art anciennes dans le 7e arrondissement de Paris. Venez d\u00e9couvrir nos oeuvres !","breadcrumb":{"@id":"https:\/\/artibermont.com\/zh-hans\/%e7%bb%98%e7%94%bb-%e7%b4%a0%e6%8f%8f\/#breadcrumb"},"inLanguage":"zh-Hans","potentialAction":[{"@type":"ReadAction","target":["https:\/\/artibermont.com\/zh-hans\/%e7%bb%98%e7%94%bb-%e7%b4%a0%e6%8f%8f\/"]}]},{"@type":"BreadcrumbList","@id":"https:\/\/artibermont.com\/zh-hans\/%e7%bb%98%e7%94%bb-%e7%b4%a0%e6%8f%8f\/#breadcrumb","itemListElement":[{"@type":"ListItem","position":1,"name":"Accueil","item":"https:\/\/artibermont.com\/zh-hans\/%e6%ac%a2%e8%bf%8e\/"},{"@type":"ListItem","position":2,"name":"\u7ed8\u753b \u7d20\u63cf"}]},{"@type":"WebSite","@id":"https:\/\/artibermont.com\/zh-hans\/#website","url":"https:\/\/artibermont.com\/zh-hans\/","name":"Tibermont","description":"252, boulevard Saint Germain, 75007 Paris","publisher":{"@id":"https:\/\/artibermont.com\/zh-hans\/#organization"},"potentialAction":[{"@type":"SearchAction","target":{"@type":"EntryPoint","urlTemplate":"https:\/\/artibermont.com\/zh-hans\/?s={search_term_string}"},"query-input":{"@type":"PropertyValueSpecification","valueRequired":true,"valueName":"search_term_string"}}],"inLanguage":"zh-Hans"},{"@type":"Organization","@id":"https:\/\/artibermont.com\/zh-hans\/#organization","name":"Tibermont Antiquit\u00e9s","url":"https:\/\/artibermont.com\/zh-hans\/","logo":{"@type":"ImageObject","inLanguage":"zh-Hans","@id":"https:\/\/artibermont.com\/zh-hans\/#\/schema\/logo\/image\/","url":"https:\/\/artibermont.com\/wp-content\/uploads\/2021\/12\/Logo-TIBERMONT-white.png","contentUrl":"https:\/\/artibermont.com\/wp-content\/uploads\/2021\/12\/Logo-TIBERMONT-white.png","width":713,"height":196,"caption":"Tibermont Antiquit\u00e9s"},"image":{"@id":"https:\/\/artibermont.com\/zh-hans\/#\/schema\/logo\/image\/"}}]}},"_links":{"self":[{"href":"https:\/\/artibermont.com\/zh-hans\/wp-json\/wp\/v2\/pages\/4668","targetHints":{"allow":["GET"]}}],"collection":[{"href":"https:\/\/artibermont.com\/zh-hans\/wp-json\/wp\/v2\/pages"}],"about":[{"href":"https:\/\/artibermont.com\/zh-hans\/wp-json\/wp\/v2\/types\/page"}],"author":[{"embeddable":true,"href":"https:\/\/artibermont.com\/zh-hans\/wp-json\/wp\/v2\/users\/1"}],"replies":[{"embeddable":true,"href":"https:\/\/artibermont.com\/zh-hans\/wp-json\/wp\/v2\/comments?post=4668"}],"version-history":[{"count":1,"href":"https:\/\/artibermont.com\/zh-hans\/wp-json\/wp\/v2\/pages\/4668\/revisions"}],"predecessor-version":[{"id":4669,"href":"https:\/\/artibermont.com\/zh-hans\/wp-json\/wp\/v2\/pages\/4668\/revisions\/4669"}],"wp:attachment":[{"href":"https:\/\/artibermont.com\/zh-hans\/wp-json\/wp\/v2\/media?parent=4668"}],"curies":[{"name":"wp","href":"https:\/\/api.w.org\/{rel}","templated":true}]}}