{"id":7123,"date":"2021-12-21T23:38:06","date_gmt":"2021-12-21T22:38:06","guid":{"rendered":"https:\/\/artibermont.com\/%e6%b3%95%e5%be%8b%e5%a3%b0%e6%98%8e\/"},"modified":"2024-11-03T18:43:37","modified_gmt":"2024-11-03T17:43:37","slug":"%e6%b3%95%e5%be%8b%e5%a3%b0%e6%98%8e","status":"publish","type":"page","link":"https:\/\/artibermont.com\/zh-hans\/%e6%b3%95%e5%be%8b%e5%a3%b0%e6%98%8e\/","title":{"rendered":"\u6cd5\u5f8b\u58f0\u660e"},"content":{"rendered":"<h2>\u6cd5\u5f8b\u58f0\u660e<\/h2>\n<p><u>\u516c\u53f8\u4fe1\u606f\uff1a<\/u><\/p>\n<p>Tibermont \u53e4\u8463\u516c\u53f8\u7684\u5b98\u65b9\u7f51\u7ad9: <a href=\"https:\/\/artibermont.com\">www.artibermont.com<\/a> <br \/>\u6cd5\u5f8b\u5f62\u5f0f\uff1a\u6709\u9650\u8d23\u4efb\u516c\u53f8\uff08Sarl\uff09<br \/>\u6ce8\u518c\u8d44\u672c\uff1a5,000\u6b27\u5143<br \/>SIRET\u53f7\uff1aRCS PARIS 488 121 096<br \/>\u589e\u503c\u7a0e\u53f7\uff1aFR 84488121096<br \/>\u6cd5\u4eba\u4ee3\u8868\uff1aDavid Folatre de Tibermont<br \/> \u6ce8\u518c\u5730\u5740\uff1a\u5df4\u9ece75007\uff0c\u5723\u65e5\u8033\u66fc\u5927\u9053252\u53f7<\/p>\n<p>\u90ae\u7bb1 : <a href=\"mailto:contact@artibermont.com\">contact@artibermont.com<\/a><\/p>\n<p>\u7f51\u7ad9www.artibermont.com\u7531Junior ISEP\u516c\u53f8\u5236\u4f5c\u3002<\/p>\n<p><u>\u7f51\u7ad9\u4fe1\u606f\uff1a<\/u><\/p>\n<p>\u6258\u7ba1\uff1a\u8be5\u7f51\u7ad9\u7531OVH\u6258\u7ba1\u3002OVH SAS\u662fOVH Groupe SAS\u7684\u5b50\u516c\u53f8\uff0c\u6ce8\u518c\u8d44\u672c\u4e3a10,069,020\u6b27\u5143\uff0c\u6ce8\u518c\u53f7\u4e3a537 407 926\uff0c\u6ce8\u518c\u4e8e\u91cc\u5c14\u5927\u90fd\u4f1a\u5546\u4f1a\uff0c\u6ce8\u518c\u5730\u5740\u4e3a\uff1a59100\u9c81\u8d1d\uff0c\u51ef\u52d2\u66fc\u88572\u53f7\u3002<\/p>\n<p><a href=\"http:\/\/www.hostgator.com\">www.ovh.com<\/a><\/p>\n<p><u>\u4e2a\u4eba\u6570\u636e\u5904\u7406\uff1a<\/u><\/p>\n<p>\u6839\u636e1978\u5e741\u67086\u65e5\u7b2c78-17\u53f7\u6cd5\u5f8b\u7b2c34\u6761\u53ca\u5176\u540e\u7eed\u6761\u6b3e\uff0c\u4efb\u4f55\u4eba\u5747\u53ef\u901a\u8fc7\u90ae\u5bc4\u65b9\u5f0f\u5411\u4f4d\u4e8e\u5df4\u9ece75007\uff0c\u5723\u65e5\u8033\u66fc\u5927\u9053252\u53f7\u7684\u5730\u5740\u7533\u8bf7\u83b7\u53d6\u3001\u4fee\u6539\u6216\u5220\u9664\u4e0e\u5176\u76f8\u5173\u7684\u4fe1\u606f\u3002\u9002\u7528\u6cd5\u5f8b\u53ca\u76f8\u5173\u6cd5\u5f8b\uff1a\u7f51\u7ad9www.artibermont.com\u53d7\u6cd5\u56fd\u6cd5\u5f8b\u7ba1\u8f96\uff0c\u53d7\u52302004\u5e746\u670821\u65e5\u7b2c2004-2005\u53f7\u6cd5\u6848\u3001\u77e5\u8bc6\u4ea7\u6743\u6cd5\u5178\u7b2cL.335-2\u6761\u53ca1978\u5e741\u67086\u65e5\u4fee\u8ba2\u4e8e2004\u5e74\u7684\u201c\u4fe1\u606f\u4e0e\u81ea\u7531\u201d\u6cd5\u7684\u7ea6\u675f\u3002\u4e2a\u4eba\u6570\u636e\uff1a\u60a8\u6709\u6743\u8bbf\u95ee\u548c\u4fee\u6539\u5728\u672c\u7f51\u7ad9\u6536\u96c6\u7684\u4e2a\u4eba\u6570\u636e\u3002\u60a8\u53ef\u4ee5\u901a\u8fc7\u7535\u5b50\u90ae\u4ef6\u884c\u4f7f\u8be5\u6743\u5229\u3002(<a href=\"mailto:contact@artibermont.com\">contact@artibermont.com<\/a>) \u6216\u901a\u8fc7\u90ae\u5bc4\u65b9\u5f0f\u8054\u7cfb\uff1aTibermont\uff0c\u5df4\u9ece75007\uff0c\u5723\u65e5\u8033\u66fc\u5927\u9053252\u53f7\u3002\u901a\u8fc7\u7f51\u7ad9\u8868\u5355\u6536\u96c6\u7684\u6570\u636e\u4ec5\u4f9bTibermont\u53e4\u8463\u4f7f\u7528\uff0c\u65e8\u5728\u4f20\u8fbe\u4fe1\u606f\u3002<\/p>\n","protected":false},"excerpt":{"rendered":"<p>\u6cd5\u5f8b\u58f0\u660e \u516c\u53f8\u4fe1\u606f\uff1a Tibermont \u53e4\u8463\u516c\u53f8\u7684\u5b98\u65b9\u7f51\u7ad9: www.artibermont.com \u6cd5\u5f8b\u5f62 [&hellip;]<\/p>\n","protected":false},"author":1,"featured_media":0,"parent":0,"menu_order":0,"comment_status":"closed","ping_status":"closed","template":"","meta":{"_acf_changed":false,"footnotes":""},"class_list":["post-7123","page","type-page","status-publish","hentry"],"acf":[],"yoast_head":"<!-- This site is optimized with the Yoast SEO Premium plugin v19.2.1 (Yoast SEO v27.3) - https:\/\/yoast.com\/product\/yoast-seo-premium-wordpress\/ -->\n<title>\u6cd5\u5f8b\u58f0\u660e &#8211; Tibermont<\/title>\n<meta name=\"description\" content=\"Tibermont antiquit\u00e9s est une boutique sp\u00e9cialis\u00e9e dans les oeuvres d&#039;art anciennes dans le 7e arrondissement de Paris. Venez d\u00e9couvrir nos oeuvres !\" \/>\n<meta name=\"robots\" content=\"index, follow, max-snippet:-1, max-image-preview:large, max-video-preview:-1\" \/>\n<link rel=\"canonical\" href=\"https:\/\/artibermont.com\/zh-hans\/%e6%b3%95%e5%be%8b%e5%a3%b0%e6%98%8e\/\" \/>\n<meta property=\"og:locale\" content=\"zh_CN\" \/>\n<meta property=\"og:type\" content=\"article\" \/>\n<meta property=\"og:title\" content=\"\u6cd5\u5f8b\u58f0\u660e\" \/>\n<meta property=\"og:description\" content=\"Tibermont antiquit\u00e9s est une boutique sp\u00e9cialis\u00e9e dans les oeuvres d&#039;art anciennes dans le 7e arrondissement de Paris. Venez d\u00e9couvrir nos oeuvres !\" \/>\n<meta property=\"og:url\" content=\"https:\/\/artibermont.com\/zh-hans\/%e6%b3%95%e5%be%8b%e5%a3%b0%e6%98%8e\/\" \/>\n<meta property=\"og:site_name\" content=\"Tibermont\" \/>\n<meta property=\"article:modified_time\" content=\"2024-11-03T17:43:37+00:00\" \/>\n<meta name=\"twitter:card\" content=\"summary_large_image\" \/>\n<script type=\"application\/ld+json\" class=\"yoast-schema-graph\">{\"@context\":\"https:\\\/\\\/schema.org\",\"@graph\":[{\"@type\":\"WebPage\",\"@id\":\"https:\\\/\\\/artibermont.com\\\/zh-hans\\\/%e6%b3%95%e5%be%8b%e5%a3%b0%e6%98%8e\\\/\",\"url\":\"https:\\\/\\\/artibermont.com\\\/zh-hans\\\/%e6%b3%95%e5%be%8b%e5%a3%b0%e6%98%8e\\\/\",\"name\":\"\u6cd5\u5f8b\u58f0\u660e &#8211; Tibermont\",\"isPartOf\":{\"@id\":\"https:\\\/\\\/artibermont.com\\\/zh-hans\\\/#website\"},\"datePublished\":\"2021-12-21T22:38:06+00:00\",\"dateModified\":\"2024-11-03T17:43:37+00:00\",\"description\":\"Tibermont antiquit\u00e9s est une boutique sp\u00e9cialis\u00e9e dans les oeuvres d'art anciennes dans le 7e arrondissement de Paris. Venez d\u00e9couvrir nos oeuvres !\",\"breadcrumb\":{\"@id\":\"https:\\\/\\\/artibermont.com\\\/zh-hans\\\/%e6%b3%95%e5%be%8b%e5%a3%b0%e6%98%8e\\\/#breadcrumb\"},\"inLanguage\":\"zh-Hans\",\"potentialAction\":[{\"@type\":\"ReadAction\",\"target\":[\"https:\\\/\\\/artibermont.com\\\/zh-hans\\\/%e6%b3%95%e5%be%8b%e5%a3%b0%e6%98%8e\\\/\"]}]},{\"@type\":\"BreadcrumbList\",\"@id\":\"https:\\\/\\\/artibermont.com\\\/zh-hans\\\/%e6%b3%95%e5%be%8b%e5%a3%b0%e6%98%8e\\\/#breadcrumb\",\"itemListElement\":[{\"@type\":\"ListItem\",\"position\":1,\"name\":\"Accueil\",\"item\":\"https:\\\/\\\/artibermont.com\\\/zh-hans\\\/%e6%ac%a2%e8%bf%8e\\\/\"},{\"@type\":\"ListItem\",\"position\":2,\"name\":\"\u6cd5\u5f8b\u58f0\u660e\"}]},{\"@type\":\"WebSite\",\"@id\":\"https:\\\/\\\/artibermont.com\\\/zh-hans\\\/#website\",\"url\":\"https:\\\/\\\/artibermont.com\\\/zh-hans\\\/\",\"name\":\"Tibermont\",\"description\":\"252, boulevard Saint Germain, 75007 Paris\",\"publisher\":{\"@id\":\"https:\\\/\\\/artibermont.com\\\/zh-hans\\\/#organization\"},\"potentialAction\":[{\"@type\":\"SearchAction\",\"target\":{\"@type\":\"EntryPoint\",\"urlTemplate\":\"https:\\\/\\\/artibermont.com\\\/zh-hans\\\/?s={search_term_string}\"},\"query-input\":{\"@type\":\"PropertyValueSpecification\",\"valueRequired\":true,\"valueName\":\"search_term_string\"}}],\"inLanguage\":\"zh-Hans\"},{\"@type\":\"Organization\",\"@id\":\"https:\\\/\\\/artibermont.com\\\/zh-hans\\\/#organization\",\"name\":\"Tibermont Antiquit\u00e9s\",\"url\":\"https:\\\/\\\/artibermont.com\\\/zh-hans\\\/\",\"logo\":{\"@type\":\"ImageObject\",\"inLanguage\":\"zh-Hans\",\"@id\":\"https:\\\/\\\/artibermont.com\\\/zh-hans\\\/#\\\/schema\\\/logo\\\/image\\\/\",\"url\":\"https:\\\/\\\/artibermont.com\\\/wp-content\\\/uploads\\\/2021\\\/12\\\/Logo-TIBERMONT-white.png\",\"contentUrl\":\"https:\\\/\\\/artibermont.com\\\/wp-content\\\/uploads\\\/2021\\\/12\\\/Logo-TIBERMONT-white.png\",\"width\":713,\"height\":196,\"caption\":\"Tibermont Antiquit\u00e9s\"},\"image\":{\"@id\":\"https:\\\/\\\/artibermont.com\\\/zh-hans\\\/#\\\/schema\\\/logo\\\/image\\\/\"}}]}<\/script>\n<!-- \/ Yoast SEO Premium plugin. -->","yoast_head_json":{"title":"\u6cd5\u5f8b\u58f0\u660e &#8211; Tibermont","description":"Tibermont antiquit\u00e9s est une boutique sp\u00e9cialis\u00e9e dans les oeuvres d'art anciennes dans le 7e arrondissement de Paris. Venez d\u00e9couvrir nos oeuvres !","robots":{"index":"index","follow":"follow","max-snippet":"max-snippet:-1","max-image-preview":"max-image-preview:large","max-video-preview":"max-video-preview:-1"},"canonical":"https:\/\/artibermont.com\/zh-hans\/%e6%b3%95%e5%be%8b%e5%a3%b0%e6%98%8e\/","og_locale":"zh_CN","og_type":"article","og_title":"\u6cd5\u5f8b\u58f0\u660e","og_description":"Tibermont antiquit\u00e9s est une boutique sp\u00e9cialis\u00e9e dans les oeuvres d'art anciennes dans le 7e arrondissement de Paris. Venez d\u00e9couvrir nos oeuvres !","og_url":"https:\/\/artibermont.com\/zh-hans\/%e6%b3%95%e5%be%8b%e5%a3%b0%e6%98%8e\/","og_site_name":"Tibermont","article_modified_time":"2024-11-03T17:43:37+00:00","twitter_card":"summary_large_image","schema":{"@context":"https:\/\/schema.org","@graph":[{"@type":"WebPage","@id":"https:\/\/artibermont.com\/zh-hans\/%e6%b3%95%e5%be%8b%e5%a3%b0%e6%98%8e\/","url":"https:\/\/artibermont.com\/zh-hans\/%e6%b3%95%e5%be%8b%e5%a3%b0%e6%98%8e\/","name":"\u6cd5\u5f8b\u58f0\u660e &#8211; Tibermont","isPartOf":{"@id":"https:\/\/artibermont.com\/zh-hans\/#website"},"datePublished":"2021-12-21T22:38:06+00:00","dateModified":"2024-11-03T17:43:37+00:00","description":"Tibermont antiquit\u00e9s est une boutique sp\u00e9cialis\u00e9e dans les oeuvres d'art anciennes dans le 7e arrondissement de Paris. Venez d\u00e9couvrir nos oeuvres !","breadcrumb":{"@id":"https:\/\/artibermont.com\/zh-hans\/%e6%b3%95%e5%be%8b%e5%a3%b0%e6%98%8e\/#breadcrumb"},"inLanguage":"zh-Hans","potentialAction":[{"@type":"ReadAction","target":["https:\/\/artibermont.com\/zh-hans\/%e6%b3%95%e5%be%8b%e5%a3%b0%e6%98%8e\/"]}]},{"@type":"BreadcrumbList","@id":"https:\/\/artibermont.com\/zh-hans\/%e6%b3%95%e5%be%8b%e5%a3%b0%e6%98%8e\/#breadcrumb","itemListElement":[{"@type":"ListItem","position":1,"name":"Accueil","item":"https:\/\/artibermont.com\/zh-hans\/%e6%ac%a2%e8%bf%8e\/"},{"@type":"ListItem","position":2,"name":"\u6cd5\u5f8b\u58f0\u660e"}]},{"@type":"WebSite","@id":"https:\/\/artibermont.com\/zh-hans\/#website","url":"https:\/\/artibermont.com\/zh-hans\/","name":"Tibermont","description":"252, boulevard Saint Germain, 75007 Paris","publisher":{"@id":"https:\/\/artibermont.com\/zh-hans\/#organization"},"potentialAction":[{"@type":"SearchAction","target":{"@type":"EntryPoint","urlTemplate":"https:\/\/artibermont.com\/zh-hans\/?s={search_term_string}"},"query-input":{"@type":"PropertyValueSpecification","valueRequired":true,"valueName":"search_term_string"}}],"inLanguage":"zh-Hans"},{"@type":"Organization","@id":"https:\/\/artibermont.com\/zh-hans\/#organization","name":"Tibermont Antiquit\u00e9s","url":"https:\/\/artibermont.com\/zh-hans\/","logo":{"@type":"ImageObject","inLanguage":"zh-Hans","@id":"https:\/\/artibermont.com\/zh-hans\/#\/schema\/logo\/image\/","url":"https:\/\/artibermont.com\/wp-content\/uploads\/2021\/12\/Logo-TIBERMONT-white.png","contentUrl":"https:\/\/artibermont.com\/wp-content\/uploads\/2021\/12\/Logo-TIBERMONT-white.png","width":713,"height":196,"caption":"Tibermont Antiquit\u00e9s"},"image":{"@id":"https:\/\/artibermont.com\/zh-hans\/#\/schema\/logo\/image\/"}}]}},"_links":{"self":[{"href":"https:\/\/artibermont.com\/zh-hans\/wp-json\/wp\/v2\/pages\/7123","targetHints":{"allow":["GET"]}}],"collection":[{"href":"https:\/\/artibermont.com\/zh-hans\/wp-json\/wp\/v2\/pages"}],"about":[{"href":"https:\/\/artibermont.com\/zh-hans\/wp-json\/wp\/v2\/types\/page"}],"author":[{"embeddable":true,"href":"https:\/\/artibermont.com\/zh-hans\/wp-json\/wp\/v2\/users\/1"}],"replies":[{"embeddable":true,"href":"https:\/\/artibermont.com\/zh-hans\/wp-json\/wp\/v2\/comments?post=7123"}],"version-history":[{"count":1,"href":"https:\/\/artibermont.com\/zh-hans\/wp-json\/wp\/v2\/pages\/7123\/revisions"}],"predecessor-version":[{"id":7124,"href":"https:\/\/artibermont.com\/zh-hans\/wp-json\/wp\/v2\/pages\/7123\/revisions\/7124"}],"wp:attachment":[{"href":"https:\/\/artibermont.com\/zh-hans\/wp-json\/wp\/v2\/media?parent=7123"}],"curies":[{"name":"wp","href":"https:\/\/api.w.org\/{rel}","templated":true}]}}