{"id":3067,"date":"2022-04-04T07:10:09","date_gmt":"2022-04-04T05:10:09","guid":{"rendered":"https:\/\/artibermont.com\/?post_type=product&#038;p=3067"},"modified":"2025-01-14T15:41:47","modified_gmt":"2025-01-14T14:41:47","slug":"hiremy-hirschl-adolf-aphrodite-huile-toile","status":"publish","type":"product","link":"https:\/\/artibermont.com\/zh-hans\/produit\/hiremy-hirschl-adolf-aphrodite-huile-toile\/","title":{"rendered":"Adolf Hiremy-Hirschl (1860-1933), &#8220;Aphrodite&#8221;"},"content":{"rendered":"<p><strong>Adolf Hiremy-Hirschl<\/strong> (Timi\u015foara, Hongrie, 1860 &#8211; Rome, 1933)<\/p>\n<p>&#8220;Aphrodite&#8221;<\/p>\n<p>Huile sur toile<br \/>\nSign\u00e9 : A Hiremy<br \/>\nVers 1893<br \/>\n110,7 x 275,6 cm (sans cadre)<br \/>\n144 cm x 308,30 cm (avec cadre)<br \/>\nCe tableau a \u00e9t\u00e9 expos\u00e9 au Mus\u00e9e du Havre (France) pour une exposition intitul\u00e9e &#8220;N\u00e9(e)s de l&#8217;\u00e9cume et des r\u00eaves&#8221; (voir catalogue ci-dessous)<\/p>\n<p>Plusieurs des tableaux du peintre sont expos\u00e9s au mus\u00e9e du Belv\u00e9d\u00e8re (Vienne, Autriche), au mus\u00e9e de Dallas (USA) et au MET (New-York, USA)<\/p>\n<p>Hiremy-Hirschl est n\u00e9 le 31 janvier 1860 \u00e0 Timi\u015foara, qui fait alors partie de la Hongrie. Il est all\u00e9, tr\u00e8s jeune, \u00e0 Vienne pour \u00e9tudier et a re\u00e7u une bourse pour l&#8217;Acad\u00e9mie des beaux-arts de Vienne en 1878. Il remporte son premier prix deux ans plus tard avec &#8220;Farewell : Sc\u00e8ne de Hannibal franchissant les Alpes&#8221;. En 1882, il gagne un prix qui lui permet de se rendre \u00e0 Rome. Son s\u00e9jour \u00e0 Rome a eu une grande influence sur le choix de ses sujets. Apr\u00e8s son retour \u00e0 Vienne, il peint &#8220;La Peste \u00e0 Rome&#8221; (1884), \u0153uvre aujourd&#8217;hui perdue. Il re\u00e7oit de tr\u00e8s bonnes critiques et gagne le Prix Imp\u00e9rial en 1891 et en 1898 la grande m\u00e9daille d\u2019or de l\u2019\u00c9tat. En 1901, il re\u00e7oit lors de la Grande Exposition d\u2019art de Berlin la petite m\u00e9daille d\u2019or.<br \/>\nDans les ann\u00e9es 1890, il fait scandale car il a une liaison avec une femme mari\u00e9e Isabella Henriette Victoria Ruston. Il finira par l\u2019\u00e9pouser. Le couple a une fille Maud. En 1899, il change son nom Hirschl pour Hiremy-Hirschl. Il quitte Vienne et se rend \u00e0 Rome, o\u00f9 il passe les 35 derni\u00e8res ann\u00e9es de sa vie en tant que membre \u00e9minent de la communaut\u00e9 artistique expatri\u00e9e. En 1904, soixante-dix de ses \u0153uvres ont \u00e9t\u00e9 expos\u00e9es lors d&#8217;une r\u00e9trospective. Il a \u00e9t\u00e9 admis \u00e0 l&#8217;Accademia di San Luca en 1911.<br \/>\nUne de ses derni\u00e8res \u0153uvres \u00e9tait &#8220;Sic Transit &#8230;&#8221; (1912), une immense all\u00e9gorie polyptyque sur la chute de l&#8217;Empire romain et la mont\u00e9e du christianisme. Ses h\u00e9ritiers ont conserv\u00e9 son atelier pendant des d\u00e9cennies apr\u00e8s sa mort. Un grand nombre de ses dessins, aquarelles, pastels et esquisses \u00e0 l&#8217;huile est devenu publique seulement \u00e0 partir des ann\u00e9es 1980. Il meurt \u00e0 Rome le 7 avril 1933.<\/p>\n<p>(Bilbliographie : encyclop\u00e9die wilkipedia.org)<\/p>\n","protected":false},"excerpt":{"rendered":"<p>Adolf Hiremy-Hirschl (Timi\u015foara, Hongrie, 1860 &#8211;  [&hellip;]<\/p>\n","protected":false},"featured_media":8135,"comment_status":"closed","ping_status":"closed","template":"","meta":{"_acf_changed":false},"product_brand":[],"product_cat":[20],"product_tag":[],"class_list":{"0":"post-3067","1":"product","2":"type-product","3":"status-publish","4":"has-post-thumbnail","6":"product_cat-peintures-et-dessins","8":"first","9":"instock","10":"taxable","11":"shipping-taxable","12":"product-type-simple"},"acf":[],"yoast_head":"<!-- This site is optimized with the Yoast SEO Premium plugin v19.2.1 (Yoast SEO v27.4) - https:\/\/yoast.com\/product\/yoast-seo-premium-wordpress\/ -->\n<title>Adolf Hiremy-Hirschl (1860-1933), &quot;Aphrodite&quot; &#8211; Tibermont<\/title>\n<meta name=\"robots\" content=\"index, follow, max-snippet:-1, max-image-preview:large, max-video-preview:-1\" \/>\n<link rel=\"canonical\" href=\"https:\/\/artibermont.com\/zh-hans\/produit\/hiremy-hirschl-adolf-aphrodite-huile-toile\/\" \/>\n<meta property=\"og:locale\" content=\"zh_CN\" \/>\n<meta property=\"og:type\" content=\"article\" \/>\n<meta property=\"og:title\" content=\"Adolf Hiremy-Hirschl (1860-1933), &quot;Aphrodite&quot;\" \/>\n<meta property=\"og:description\" content=\"Adolf Hiremy-Hirschl (Timi\u015foara, Hongrie, 1860 &#8211; [&hellip;]\" \/>\n<meta property=\"og:url\" content=\"https:\/\/artibermont.com\/zh-hans\/produit\/hiremy-hirschl-adolf-aphrodite-huile-toile\/\" \/>\n<meta property=\"og:site_name\" content=\"Tibermont\" \/>\n<meta property=\"article:modified_time\" content=\"2025-01-14T14:41:47+00:00\" \/>\n<meta property=\"og:image\" content=\"https:\/\/artibermont.com\/wp-content\/uploads\/2022\/04\/TA1700020-5MD-scaled.jpg\" \/>\n\t<meta property=\"og:image:width\" content=\"2560\" \/>\n\t<meta property=\"og:image:height\" content=\"1225\" \/>\n\t<meta property=\"og:image:type\" content=\"image\/jpeg\" \/>\n<meta name=\"twitter:card\" content=\"summary_large_image\" \/>\n<meta name=\"twitter:label1\" content=\"\u9884\u8ba1\u9605\u8bfb\u65f6\u95f4\" \/>\n\t<meta name=\"twitter:data1\" content=\"3 \u5206\" \/>\n<script type=\"application\/ld+json\" class=\"yoast-schema-graph\">{\"@context\":\"https:\\\/\\\/schema.org\",\"@graph\":[{\"@type\":\"WebPage\",\"@id\":\"https:\\\/\\\/artibermont.com\\\/zh-hans\\\/produit\\\/hiremy-hirschl-adolf-aphrodite-huile-toile\\\/\",\"url\":\"https:\\\/\\\/artibermont.com\\\/zh-hans\\\/produit\\\/hiremy-hirschl-adolf-aphrodite-huile-toile\\\/\",\"name\":\"Adolf Hiremy-Hirschl (1860-1933), \\\"Aphrodite\\\" &#8211; Tibermont\",\"isPartOf\":{\"@id\":\"https:\\\/\\\/artibermont.com\\\/zh-hans\\\/#website\"},\"primaryImageOfPage\":{\"@id\":\"https:\\\/\\\/artibermont.com\\\/zh-hans\\\/produit\\\/hiremy-hirschl-adolf-aphrodite-huile-toile\\\/#primaryimage\"},\"image\":{\"@id\":\"https:\\\/\\\/artibermont.com\\\/zh-hans\\\/produit\\\/hiremy-hirschl-adolf-aphrodite-huile-toile\\\/#primaryimage\"},\"thumbnailUrl\":\"https:\\\/\\\/artibermont.com\\\/wp-content\\\/uploads\\\/2022\\\/04\\\/TA1700020-5MD-scaled.jpg\",\"datePublished\":\"2022-04-04T05:10:09+00:00\",\"dateModified\":\"2025-01-14T14:41:47+00:00\",\"breadcrumb\":{\"@id\":\"https:\\\/\\\/artibermont.com\\\/zh-hans\\\/produit\\\/hiremy-hirschl-adolf-aphrodite-huile-toile\\\/#breadcrumb\"},\"inLanguage\":\"zh-Hans\",\"potentialAction\":[{\"@type\":\"ReadAction\",\"target\":[\"https:\\\/\\\/artibermont.com\\\/zh-hans\\\/produit\\\/hiremy-hirschl-adolf-aphrodite-huile-toile\\\/\"]}]},{\"@type\":\"ImageObject\",\"inLanguage\":\"zh-Hans\",\"@id\":\"https:\\\/\\\/artibermont.com\\\/zh-hans\\\/produit\\\/hiremy-hirschl-adolf-aphrodite-huile-toile\\\/#primaryimage\",\"url\":\"https:\\\/\\\/artibermont.com\\\/wp-content\\\/uploads\\\/2022\\\/04\\\/TA1700020-5MD-scaled.jpg\",\"contentUrl\":\"https:\\\/\\\/artibermont.com\\\/wp-content\\\/uploads\\\/2022\\\/04\\\/TA1700020-5MD-scaled.jpg\",\"width\":2560,\"height\":1225},{\"@type\":\"BreadcrumbList\",\"@id\":\"https:\\\/\\\/artibermont.com\\\/zh-hans\\\/produit\\\/hiremy-hirschl-adolf-aphrodite-huile-toile\\\/#breadcrumb\",\"itemListElement\":[{\"@type\":\"ListItem\",\"position\":1,\"name\":\"Accueil\",\"item\":\"https:\\\/\\\/artibermont.com\\\/zh-hans\\\/%e6%ac%a2%e8%bf%8e\\\/\"},{\"@type\":\"ListItem\",\"position\":2,\"name\":\"\u5546\u5e97\",\"item\":\"https:\\\/\\\/artibermont.com\\\/zh-hans\\\/boutique-2\\\/\"},{\"@type\":\"ListItem\",\"position\":3,\"name\":\"Adolf Hiremy-Hirschl (1860-1933), &#8220;Aphrodite&#8221;\"}]},{\"@type\":\"WebSite\",\"@id\":\"https:\\\/\\\/artibermont.com\\\/zh-hans\\\/#website\",\"url\":\"https:\\\/\\\/artibermont.com\\\/zh-hans\\\/\",\"name\":\"Tibermont\",\"description\":\"252, boulevard Saint Germain, 75007 Paris\",\"publisher\":{\"@id\":\"https:\\\/\\\/artibermont.com\\\/zh-hans\\\/#organization\"},\"potentialAction\":[{\"@type\":\"SearchAction\",\"target\":{\"@type\":\"EntryPoint\",\"urlTemplate\":\"https:\\\/\\\/artibermont.com\\\/zh-hans\\\/?s={search_term_string}\"},\"query-input\":{\"@type\":\"PropertyValueSpecification\",\"valueRequired\":true,\"valueName\":\"search_term_string\"}}],\"inLanguage\":\"zh-Hans\"},{\"@type\":\"Organization\",\"@id\":\"https:\\\/\\\/artibermont.com\\\/zh-hans\\\/#organization\",\"name\":\"Tibermont Antiquit\u00e9s\",\"url\":\"https:\\\/\\\/artibermont.com\\\/zh-hans\\\/\",\"logo\":{\"@type\":\"ImageObject\",\"inLanguage\":\"zh-Hans\",\"@id\":\"https:\\\/\\\/artibermont.com\\\/zh-hans\\\/#\\\/schema\\\/logo\\\/image\\\/\",\"url\":\"https:\\\/\\\/artibermont.com\\\/wp-content\\\/uploads\\\/2021\\\/12\\\/Logo-TIBERMONT-white.png\",\"contentUrl\":\"https:\\\/\\\/artibermont.com\\\/wp-content\\\/uploads\\\/2021\\\/12\\\/Logo-TIBERMONT-white.png\",\"width\":713,\"height\":196,\"caption\":\"Tibermont Antiquit\u00e9s\"},\"image\":{\"@id\":\"https:\\\/\\\/artibermont.com\\\/zh-hans\\\/#\\\/schema\\\/logo\\\/image\\\/\"}}]}<\/script>\n<!-- \/ Yoast SEO Premium plugin. -->","yoast_head_json":{"title":"Adolf Hiremy-Hirschl (1860-1933), \"Aphrodite\" &#8211; Tibermont","robots":{"index":"index","follow":"follow","max-snippet":"max-snippet:-1","max-image-preview":"max-image-preview:large","max-video-preview":"max-video-preview:-1"},"canonical":"https:\/\/artibermont.com\/zh-hans\/produit\/hiremy-hirschl-adolf-aphrodite-huile-toile\/","og_locale":"zh_CN","og_type":"article","og_title":"Adolf Hiremy-Hirschl (1860-1933), \"Aphrodite\"","og_description":"Adolf Hiremy-Hirschl (Timi\u015foara, Hongrie, 1860 &#8211; [&hellip;]","og_url":"https:\/\/artibermont.com\/zh-hans\/produit\/hiremy-hirschl-adolf-aphrodite-huile-toile\/","og_site_name":"Tibermont","article_modified_time":"2025-01-14T14:41:47+00:00","og_image":[{"width":2560,"height":1225,"url":"https:\/\/artibermont.com\/wp-content\/uploads\/2022\/04\/TA1700020-5MD-scaled.jpg","type":"image\/jpeg"}],"twitter_card":"summary_large_image","twitter_misc":{"\u9884\u8ba1\u9605\u8bfb\u65f6\u95f4":"3 \u5206"},"schema":{"@context":"https:\/\/schema.org","@graph":[{"@type":"WebPage","@id":"https:\/\/artibermont.com\/zh-hans\/produit\/hiremy-hirschl-adolf-aphrodite-huile-toile\/","url":"https:\/\/artibermont.com\/zh-hans\/produit\/hiremy-hirschl-adolf-aphrodite-huile-toile\/","name":"Adolf Hiremy-Hirschl (1860-1933), \"Aphrodite\" &#8211; Tibermont","isPartOf":{"@id":"https:\/\/artibermont.com\/zh-hans\/#website"},"primaryImageOfPage":{"@id":"https:\/\/artibermont.com\/zh-hans\/produit\/hiremy-hirschl-adolf-aphrodite-huile-toile\/#primaryimage"},"image":{"@id":"https:\/\/artibermont.com\/zh-hans\/produit\/hiremy-hirschl-adolf-aphrodite-huile-toile\/#primaryimage"},"thumbnailUrl":"https:\/\/artibermont.com\/wp-content\/uploads\/2022\/04\/TA1700020-5MD-scaled.jpg","datePublished":"2022-04-04T05:10:09+00:00","dateModified":"2025-01-14T14:41:47+00:00","breadcrumb":{"@id":"https:\/\/artibermont.com\/zh-hans\/produit\/hiremy-hirschl-adolf-aphrodite-huile-toile\/#breadcrumb"},"inLanguage":"zh-Hans","potentialAction":[{"@type":"ReadAction","target":["https:\/\/artibermont.com\/zh-hans\/produit\/hiremy-hirschl-adolf-aphrodite-huile-toile\/"]}]},{"@type":"ImageObject","inLanguage":"zh-Hans","@id":"https:\/\/artibermont.com\/zh-hans\/produit\/hiremy-hirschl-adolf-aphrodite-huile-toile\/#primaryimage","url":"https:\/\/artibermont.com\/wp-content\/uploads\/2022\/04\/TA1700020-5MD-scaled.jpg","contentUrl":"https:\/\/artibermont.com\/wp-content\/uploads\/2022\/04\/TA1700020-5MD-scaled.jpg","width":2560,"height":1225},{"@type":"BreadcrumbList","@id":"https:\/\/artibermont.com\/zh-hans\/produit\/hiremy-hirschl-adolf-aphrodite-huile-toile\/#breadcrumb","itemListElement":[{"@type":"ListItem","position":1,"name":"Accueil","item":"https:\/\/artibermont.com\/zh-hans\/%e6%ac%a2%e8%bf%8e\/"},{"@type":"ListItem","position":2,"name":"\u5546\u5e97","item":"https:\/\/artibermont.com\/zh-hans\/boutique-2\/"},{"@type":"ListItem","position":3,"name":"Adolf Hiremy-Hirschl (1860-1933), &#8220;Aphrodite&#8221;"}]},{"@type":"WebSite","@id":"https:\/\/artibermont.com\/zh-hans\/#website","url":"https:\/\/artibermont.com\/zh-hans\/","name":"Tibermont","description":"252, boulevard Saint Germain, 75007 Paris","publisher":{"@id":"https:\/\/artibermont.com\/zh-hans\/#organization"},"potentialAction":[{"@type":"SearchAction","target":{"@type":"EntryPoint","urlTemplate":"https:\/\/artibermont.com\/zh-hans\/?s={search_term_string}"},"query-input":{"@type":"PropertyValueSpecification","valueRequired":true,"valueName":"search_term_string"}}],"inLanguage":"zh-Hans"},{"@type":"Organization","@id":"https:\/\/artibermont.com\/zh-hans\/#organization","name":"Tibermont Antiquit\u00e9s","url":"https:\/\/artibermont.com\/zh-hans\/","logo":{"@type":"ImageObject","inLanguage":"zh-Hans","@id":"https:\/\/artibermont.com\/zh-hans\/#\/schema\/logo\/image\/","url":"https:\/\/artibermont.com\/wp-content\/uploads\/2021\/12\/Logo-TIBERMONT-white.png","contentUrl":"https:\/\/artibermont.com\/wp-content\/uploads\/2021\/12\/Logo-TIBERMONT-white.png","width":713,"height":196,"caption":"Tibermont Antiquit\u00e9s"},"image":{"@id":"https:\/\/artibermont.com\/zh-hans\/#\/schema\/logo\/image\/"}}]}},"_links":{"self":[{"href":"https:\/\/artibermont.com\/zh-hans\/wp-json\/wp\/v2\/product\/3067","targetHints":{"allow":["GET"]}}],"collection":[{"href":"https:\/\/artibermont.com\/zh-hans\/wp-json\/wp\/v2\/product"}],"about":[{"href":"https:\/\/artibermont.com\/zh-hans\/wp-json\/wp\/v2\/types\/product"}],"replies":[{"embeddable":true,"href":"https:\/\/artibermont.com\/zh-hans\/wp-json\/wp\/v2\/comments?post=3067"}],"version-history":[{"count":2,"href":"https:\/\/artibermont.com\/zh-hans\/wp-json\/wp\/v2\/product\/3067\/revisions"}],"predecessor-version":[{"id":3694,"href":"https:\/\/artibermont.com\/zh-hans\/wp-json\/wp\/v2\/product\/3067\/revisions\/3694"}],"wp:featuredmedia":[{"embeddable":true,"href":"https:\/\/artibermont.com\/zh-hans\/wp-json\/wp\/v2\/media\/8135"}],"wp:attachment":[{"href":"https:\/\/artibermont.com\/zh-hans\/wp-json\/wp\/v2\/media?parent=3067"}],"wp:term":[{"taxonomy":"product_brand","embeddable":true,"href":"https:\/\/artibermont.com\/zh-hans\/wp-json\/wp\/v2\/product_brand?post=3067"},{"taxonomy":"product_cat","embeddable":true,"href":"https:\/\/artibermont.com\/zh-hans\/wp-json\/wp\/v2\/product_cat?post=3067"},{"taxonomy":"product_tag","embeddable":true,"href":"https:\/\/artibermont.com\/zh-hans\/wp-json\/wp\/v2\/product_tag?post=3067"}],"curies":[{"name":"wp","href":"https:\/\/api.w.org\/{rel}","templated":true}]}}