{"id":3069,"date":"2022-04-04T07:10:09","date_gmt":"2022-04-04T05:10:09","guid":{"rendered":"https:\/\/artibermont.com\/?post_type=product&#038;p=3069"},"modified":"2025-01-14T14:29:42","modified_gmt":"2025-01-14T13:29:42","slug":"lancon-auguste-huile-toile-femme-terrassee-tigre","status":"publish","type":"product","link":"https:\/\/artibermont.com\/zh-hans\/produit\/lancon-auguste-huile-toile-femme-terrassee-tigre\/","title":{"rendered":"Auguste Lan\u00e7on (1836-1885), &#8220;Femme terrass\u00e9e par un tigre&#8221; &#8211; VENDU"},"content":{"rendered":"<p><strong>Andr\u00e9 Lan\u00e7on<\/strong> dit <strong>Auguste Lan\u00e7on<\/strong> (Saint-Claude, Jura, 1836 &#8211; Paris, 1885)<\/p>\n<p>&#8220;Femme terrass\u00e9e par un tigre&#8221;<\/p>\n<p>Huile sur toile<br \/>\nDate : 1867<br \/>\nDimensions : 233 x 195,5 cm (avec cadre) et 200 x 164 cm (sans cadre)<br \/>\nCette peinture fait partie d&#8217;un diptyque avec l'&#8221;Homme terrass\u00e9 par un lion&#8221;<\/p>\n<p>Auguste-Andr\u00e9 Lan\u00e7on naqu\u00eet le 16 d\u00e9cembre 1836 \u00e0 Saint-Claude. Il fait ses \u00e9tudes au coll\u00e8ge de Saint-Claude, et \u00e0 l&#8217;\u00e2ge de dix sept ans, il entra comme apprenti dans une imprimerie de Lons-le-Saunier. Ce fut un court apprentissage. A Lyon, il se perfectionna dans son m\u00e9tier d&#8217;ouvrier lithographe. Entre temps, il prenait part au concours d&#8217;entr\u00e9e \u00e0 l&#8217;Ecole des beaux arts de Lyon. Re\u00e7u \u00e0 l&#8217;\u00e9cole, il fut admis presque imm\u00e9diatement \u00e0 suivre les le\u00e7ons du directeur, le peintre Bonnefond qui avait remarqu\u00e9 tout de suite ses dispositions pour le dessin. Apr\u00e8s ce s\u00e9jour \u00e0 Lyon de 1853 \u00e0 1857, il vint \u00e0 Paris et entra, en 1858, dans l&#8217;atelier de Picot o\u00f9 pour ainsi dire, il ne fit que passer. Les spectacles multiples constamment renouvel\u00e9 de la rue, le jardin zoologique, la Morgue, le sollicitent bien plus que l&#8217;enseignement froid et correct d&#8217;un membre de l&#8217;institut qui r\u00e9pugnait \u00e0 sa nature. En 1861, il produisait ses premiers tableaux, on vit \u00e0 l&#8217;Exposition de Lyon des &#8220;Turcos&#8221; et \u00e0 Paris au salon, le &#8220;portrait de M. Lan\u00e7on p\u00e8re&#8221;. D\u00e8s 1860 Lan\u00e7on collaborait au &#8220;Temps, illustrateur universel&#8221; au c\u00f4t\u00e9 de Daumier et \u00e0 &#8220;l&#8217;Illustration&#8221;. Pas de salon en 1862, en 1863 le jury accepte une peinture de Lan\u00e7on le &#8220;Cimeti\u00e8re des moines&#8221;. Par contre il refusait la seconde toile : &#8220;La sentinelle et le Clairon&#8221; pr\u00e9sent\u00e9e par l&#8217;artiste. Lan\u00e7on n&#8217;\u00e9tait pas le seul \u00e0 essuyer les r\u00e9probations du jury : il \u00e9tait en bonne compagnie avec Manet, Jongkind, Whistler, Pissarro, Fantin-Latour, et d&#8217;autres encore. Au salons suivants Lan\u00e7on exposa &#8220;un ours dans un paysage&#8221; (1864), &#8220;cuirassier en vedette&#8221; (1866). &#8230; sous l&#8217;influence de Delacroix, il peignit un &#8220;arabe terrass\u00e9 par une lionne&#8221; et &#8220;un tigre buvant&#8221; au salon de 1868, il a grande tournure, et il suffisait d\u00e8s lors \u00e0 montrer quelle connaissance approfondie Lan\u00e7on avait, \u00e0 cette \u00e9poque, de la musculature et du pelage des grands f\u00e9lins. Au salon de 1869, deux tableaux y figuraient : &#8220;Mil huit cent treize&#8221; et des &#8220;Lions&#8221;. Son talent en plein d\u00e9veloppement, allait se donner libre carri\u00e8re dans l&#8217;eau-forte. Il se servit de ses dessins pour illustrer &#8220;La troisi\u00e8me invasion&#8221; d&#8217;Eug\u00e8ne Veron (juillet 1870 &#8211; mars 1871). A coup s\u00fbr c&#8217;est le commentaire le plus saisissant et le plus lugubre sur la guerre. Le nom de Goya fut prononc\u00e9 lorsqu&#8217;on vit expos\u00e9 au Salon de 1873 une premi\u00e8re suite de dix sept eaux-fortes consacr\u00e9e \u00e0 la campagne franco-allemande. Les connaisseurs ne se trompaient point. Et, sans essayer de faire ici un parall\u00e8le entre les eaux fortes de Lan\u00e7on et les planches des d\u00e9sastres de la guerre du ma\u00eetre espagnol, nous pouvons affirmer que notre graveur, avec plus de pr\u00e9cision, atteint la puissance dramatique de Goya. Aux salons des ann\u00e9es suivantes, il produisit de nouvelles s\u00e9ries d&#8217;eaux-fortes qui achev\u00e8rent de consacrer sa r\u00e9putation. Il exposa aux salon de 1874, 1876, 1877, 1879, 1880, 1882 des peintures.<br \/>\nLan\u00e7on fut un travailleur infatigable jusqu&#8217;au dernier moment, tr\u00e8s malade du diab\u00e8te, il se fit transporter \u00e0 l&#8217;h\u00f4pital Necker o\u00f9 il mourut le 14 avril 1885, il avait quarante huit ans. Il fut inhum\u00e9 au cimeti\u00e8re Montparnasse : sur sa tombe fut inaugur\u00e9 en novembre 1891 un petit monument \u00e9lev\u00e9 par souscription : une st\u00e8le surmont\u00e9e du masque de l&#8217;artiste en bronze par son compatriote Charles Gautier, avec un bas-relief reproduisant une de ses eaux-fortes : le &#8220;Lion buvant&#8221;.<\/p>\n<p>(Bibliographie : Extraits de la gazette des beaux-arts de 1920 par Charles L\u00e9ger)<\/p>\n","protected":false},"excerpt":{"rendered":"<p>Andr\u00e9 Lan\u00e7on dit Auguste Lan\u00e7on (Saint-Claude, Jura, 18 [&hellip;]<\/p>\n","protected":false},"featured_media":8165,"comment_status":"closed","ping_status":"closed","template":"","meta":{"_acf_changed":false},"product_brand":[],"product_cat":[20],"product_tag":[],"class_list":{"0":"post-3069","1":"product","2":"type-product","3":"status-publish","4":"has-post-thumbnail","6":"product_cat-peintures-et-dessins","8":"first","9":"outofstock","10":"taxable","11":"shipping-taxable","12":"product-type-simple"},"acf":[],"yoast_head":"<!-- This site is optimized with the Yoast SEO Premium plugin v19.2.1 (Yoast SEO v27.4) - https:\/\/yoast.com\/product\/yoast-seo-premium-wordpress\/ -->\n<title>Auguste Lan\u00e7on (1836-1885), &quot;Femme terrass\u00e9e par un tigre&quot; - VENDU &#8211; Tibermont<\/title>\n<meta name=\"robots\" content=\"index, follow, max-snippet:-1, max-image-preview:large, max-video-preview:-1\" \/>\n<link rel=\"canonical\" href=\"https:\/\/artibermont.com\/zh-hans\/produit\/lancon-auguste-huile-toile-femme-terrassee-tigre\/\" \/>\n<meta property=\"og:locale\" content=\"zh_CN\" \/>\n<meta property=\"og:type\" content=\"article\" \/>\n<meta property=\"og:title\" content=\"Auguste Lan\u00e7on (1836-1885), &quot;Femme terrass\u00e9e par un tigre&quot; - VENDU\" \/>\n<meta property=\"og:description\" content=\"Andr\u00e9 Lan\u00e7on dit Auguste Lan\u00e7on (Saint-Claude, Jura, 18 [&hellip;]\" \/>\n<meta property=\"og:url\" content=\"https:\/\/artibermont.com\/zh-hans\/produit\/lancon-auguste-huile-toile-femme-terrassee-tigre\/\" \/>\n<meta property=\"og:site_name\" content=\"Tibermont\" \/>\n<meta property=\"article:modified_time\" content=\"2025-01-14T13:29:42+00:00\" \/>\n<meta property=\"og:image\" content=\"https:\/\/artibermont.com\/wp-content\/uploads\/2022\/04\/TA1500044-0MD-1-scaled.jpg\" \/>\n\t<meta property=\"og:image:width\" content=\"2171\" \/>\n\t<meta property=\"og:image:height\" content=\"2560\" \/>\n\t<meta property=\"og:image:type\" content=\"image\/jpeg\" \/>\n<meta name=\"twitter:card\" content=\"summary_large_image\" \/>\n<meta name=\"twitter:label1\" content=\"\u9884\u8ba1\u9605\u8bfb\u65f6\u95f4\" \/>\n\t<meta name=\"twitter:data1\" content=\"4 \u5206\" \/>\n<script type=\"application\/ld+json\" class=\"yoast-schema-graph\">{\"@context\":\"https:\\\/\\\/schema.org\",\"@graph\":[{\"@type\":\"WebPage\",\"@id\":\"https:\\\/\\\/artibermont.com\\\/zh-hans\\\/produit\\\/lancon-auguste-huile-toile-femme-terrassee-tigre\\\/\",\"url\":\"https:\\\/\\\/artibermont.com\\\/zh-hans\\\/produit\\\/lancon-auguste-huile-toile-femme-terrassee-tigre\\\/\",\"name\":\"Auguste Lan\u00e7on (1836-1885), \\\"Femme terrass\u00e9e par un tigre\\\" - VENDU &#8211; Tibermont\",\"isPartOf\":{\"@id\":\"https:\\\/\\\/artibermont.com\\\/zh-hans\\\/#website\"},\"primaryImageOfPage\":{\"@id\":\"https:\\\/\\\/artibermont.com\\\/zh-hans\\\/produit\\\/lancon-auguste-huile-toile-femme-terrassee-tigre\\\/#primaryimage\"},\"image\":{\"@id\":\"https:\\\/\\\/artibermont.com\\\/zh-hans\\\/produit\\\/lancon-auguste-huile-toile-femme-terrassee-tigre\\\/#primaryimage\"},\"thumbnailUrl\":\"https:\\\/\\\/artibermont.com\\\/wp-content\\\/uploads\\\/2022\\\/04\\\/TA1500044-0MD-1-scaled.jpg\",\"datePublished\":\"2022-04-04T05:10:09+00:00\",\"dateModified\":\"2025-01-14T13:29:42+00:00\",\"breadcrumb\":{\"@id\":\"https:\\\/\\\/artibermont.com\\\/zh-hans\\\/produit\\\/lancon-auguste-huile-toile-femme-terrassee-tigre\\\/#breadcrumb\"},\"inLanguage\":\"zh-Hans\",\"potentialAction\":[{\"@type\":\"ReadAction\",\"target\":[\"https:\\\/\\\/artibermont.com\\\/zh-hans\\\/produit\\\/lancon-auguste-huile-toile-femme-terrassee-tigre\\\/\"]}]},{\"@type\":\"ImageObject\",\"inLanguage\":\"zh-Hans\",\"@id\":\"https:\\\/\\\/artibermont.com\\\/zh-hans\\\/produit\\\/lancon-auguste-huile-toile-femme-terrassee-tigre\\\/#primaryimage\",\"url\":\"https:\\\/\\\/artibermont.com\\\/wp-content\\\/uploads\\\/2022\\\/04\\\/TA1500044-0MD-1-scaled.jpg\",\"contentUrl\":\"https:\\\/\\\/artibermont.com\\\/wp-content\\\/uploads\\\/2022\\\/04\\\/TA1500044-0MD-1-scaled.jpg\",\"width\":2171,\"height\":2560},{\"@type\":\"BreadcrumbList\",\"@id\":\"https:\\\/\\\/artibermont.com\\\/zh-hans\\\/produit\\\/lancon-auguste-huile-toile-femme-terrassee-tigre\\\/#breadcrumb\",\"itemListElement\":[{\"@type\":\"ListItem\",\"position\":1,\"name\":\"Accueil\",\"item\":\"https:\\\/\\\/artibermont.com\\\/zh-hans\\\/%e6%ac%a2%e8%bf%8e\\\/\"},{\"@type\":\"ListItem\",\"position\":2,\"name\":\"\u5546\u5e97\",\"item\":\"https:\\\/\\\/artibermont.com\\\/zh-hans\\\/boutique-2\\\/\"},{\"@type\":\"ListItem\",\"position\":3,\"name\":\"Auguste Lan\u00e7on (1836-1885), &#8220;Femme terrass\u00e9e par un tigre&#8221; &#8211; VENDU\"}]},{\"@type\":\"WebSite\",\"@id\":\"https:\\\/\\\/artibermont.com\\\/zh-hans\\\/#website\",\"url\":\"https:\\\/\\\/artibermont.com\\\/zh-hans\\\/\",\"name\":\"Tibermont\",\"description\":\"252, boulevard Saint Germain, 75007 Paris\",\"publisher\":{\"@id\":\"https:\\\/\\\/artibermont.com\\\/zh-hans\\\/#organization\"},\"potentialAction\":[{\"@type\":\"SearchAction\",\"target\":{\"@type\":\"EntryPoint\",\"urlTemplate\":\"https:\\\/\\\/artibermont.com\\\/zh-hans\\\/?s={search_term_string}\"},\"query-input\":{\"@type\":\"PropertyValueSpecification\",\"valueRequired\":true,\"valueName\":\"search_term_string\"}}],\"inLanguage\":\"zh-Hans\"},{\"@type\":\"Organization\",\"@id\":\"https:\\\/\\\/artibermont.com\\\/zh-hans\\\/#organization\",\"name\":\"Tibermont Antiquit\u00e9s\",\"url\":\"https:\\\/\\\/artibermont.com\\\/zh-hans\\\/\",\"logo\":{\"@type\":\"ImageObject\",\"inLanguage\":\"zh-Hans\",\"@id\":\"https:\\\/\\\/artibermont.com\\\/zh-hans\\\/#\\\/schema\\\/logo\\\/image\\\/\",\"url\":\"https:\\\/\\\/artibermont.com\\\/wp-content\\\/uploads\\\/2021\\\/12\\\/Logo-TIBERMONT-white.png\",\"contentUrl\":\"https:\\\/\\\/artibermont.com\\\/wp-content\\\/uploads\\\/2021\\\/12\\\/Logo-TIBERMONT-white.png\",\"width\":713,\"height\":196,\"caption\":\"Tibermont Antiquit\u00e9s\"},\"image\":{\"@id\":\"https:\\\/\\\/artibermont.com\\\/zh-hans\\\/#\\\/schema\\\/logo\\\/image\\\/\"}}]}<\/script>\n<!-- \/ Yoast SEO Premium plugin. -->","yoast_head_json":{"title":"Auguste Lan\u00e7on (1836-1885), \"Femme terrass\u00e9e par un tigre\" - VENDU &#8211; Tibermont","robots":{"index":"index","follow":"follow","max-snippet":"max-snippet:-1","max-image-preview":"max-image-preview:large","max-video-preview":"max-video-preview:-1"},"canonical":"https:\/\/artibermont.com\/zh-hans\/produit\/lancon-auguste-huile-toile-femme-terrassee-tigre\/","og_locale":"zh_CN","og_type":"article","og_title":"Auguste Lan\u00e7on (1836-1885), \"Femme terrass\u00e9e par un tigre\" - VENDU","og_description":"Andr\u00e9 Lan\u00e7on dit Auguste Lan\u00e7on (Saint-Claude, Jura, 18 [&hellip;]","og_url":"https:\/\/artibermont.com\/zh-hans\/produit\/lancon-auguste-huile-toile-femme-terrassee-tigre\/","og_site_name":"Tibermont","article_modified_time":"2025-01-14T13:29:42+00:00","og_image":[{"width":2171,"height":2560,"url":"https:\/\/artibermont.com\/wp-content\/uploads\/2022\/04\/TA1500044-0MD-1-scaled.jpg","type":"image\/jpeg"}],"twitter_card":"summary_large_image","twitter_misc":{"\u9884\u8ba1\u9605\u8bfb\u65f6\u95f4":"4 \u5206"},"schema":{"@context":"https:\/\/schema.org","@graph":[{"@type":"WebPage","@id":"https:\/\/artibermont.com\/zh-hans\/produit\/lancon-auguste-huile-toile-femme-terrassee-tigre\/","url":"https:\/\/artibermont.com\/zh-hans\/produit\/lancon-auguste-huile-toile-femme-terrassee-tigre\/","name":"Auguste Lan\u00e7on (1836-1885), \"Femme terrass\u00e9e par un tigre\" - VENDU &#8211; Tibermont","isPartOf":{"@id":"https:\/\/artibermont.com\/zh-hans\/#website"},"primaryImageOfPage":{"@id":"https:\/\/artibermont.com\/zh-hans\/produit\/lancon-auguste-huile-toile-femme-terrassee-tigre\/#primaryimage"},"image":{"@id":"https:\/\/artibermont.com\/zh-hans\/produit\/lancon-auguste-huile-toile-femme-terrassee-tigre\/#primaryimage"},"thumbnailUrl":"https:\/\/artibermont.com\/wp-content\/uploads\/2022\/04\/TA1500044-0MD-1-scaled.jpg","datePublished":"2022-04-04T05:10:09+00:00","dateModified":"2025-01-14T13:29:42+00:00","breadcrumb":{"@id":"https:\/\/artibermont.com\/zh-hans\/produit\/lancon-auguste-huile-toile-femme-terrassee-tigre\/#breadcrumb"},"inLanguage":"zh-Hans","potentialAction":[{"@type":"ReadAction","target":["https:\/\/artibermont.com\/zh-hans\/produit\/lancon-auguste-huile-toile-femme-terrassee-tigre\/"]}]},{"@type":"ImageObject","inLanguage":"zh-Hans","@id":"https:\/\/artibermont.com\/zh-hans\/produit\/lancon-auguste-huile-toile-femme-terrassee-tigre\/#primaryimage","url":"https:\/\/artibermont.com\/wp-content\/uploads\/2022\/04\/TA1500044-0MD-1-scaled.jpg","contentUrl":"https:\/\/artibermont.com\/wp-content\/uploads\/2022\/04\/TA1500044-0MD-1-scaled.jpg","width":2171,"height":2560},{"@type":"BreadcrumbList","@id":"https:\/\/artibermont.com\/zh-hans\/produit\/lancon-auguste-huile-toile-femme-terrassee-tigre\/#breadcrumb","itemListElement":[{"@type":"ListItem","position":1,"name":"Accueil","item":"https:\/\/artibermont.com\/zh-hans\/%e6%ac%a2%e8%bf%8e\/"},{"@type":"ListItem","position":2,"name":"\u5546\u5e97","item":"https:\/\/artibermont.com\/zh-hans\/boutique-2\/"},{"@type":"ListItem","position":3,"name":"Auguste Lan\u00e7on (1836-1885), &#8220;Femme terrass\u00e9e par un tigre&#8221; &#8211; VENDU"}]},{"@type":"WebSite","@id":"https:\/\/artibermont.com\/zh-hans\/#website","url":"https:\/\/artibermont.com\/zh-hans\/","name":"Tibermont","description":"252, boulevard Saint Germain, 75007 Paris","publisher":{"@id":"https:\/\/artibermont.com\/zh-hans\/#organization"},"potentialAction":[{"@type":"SearchAction","target":{"@type":"EntryPoint","urlTemplate":"https:\/\/artibermont.com\/zh-hans\/?s={search_term_string}"},"query-input":{"@type":"PropertyValueSpecification","valueRequired":true,"valueName":"search_term_string"}}],"inLanguage":"zh-Hans"},{"@type":"Organization","@id":"https:\/\/artibermont.com\/zh-hans\/#organization","name":"Tibermont Antiquit\u00e9s","url":"https:\/\/artibermont.com\/zh-hans\/","logo":{"@type":"ImageObject","inLanguage":"zh-Hans","@id":"https:\/\/artibermont.com\/zh-hans\/#\/schema\/logo\/image\/","url":"https:\/\/artibermont.com\/wp-content\/uploads\/2021\/12\/Logo-TIBERMONT-white.png","contentUrl":"https:\/\/artibermont.com\/wp-content\/uploads\/2021\/12\/Logo-TIBERMONT-white.png","width":713,"height":196,"caption":"Tibermont Antiquit\u00e9s"},"image":{"@id":"https:\/\/artibermont.com\/zh-hans\/#\/schema\/logo\/image\/"}}]}},"_links":{"self":[{"href":"https:\/\/artibermont.com\/zh-hans\/wp-json\/wp\/v2\/product\/3069","targetHints":{"allow":["GET"]}}],"collection":[{"href":"https:\/\/artibermont.com\/zh-hans\/wp-json\/wp\/v2\/product"}],"about":[{"href":"https:\/\/artibermont.com\/zh-hans\/wp-json\/wp\/v2\/types\/product"}],"replies":[{"embeddable":true,"href":"https:\/\/artibermont.com\/zh-hans\/wp-json\/wp\/v2\/comments?post=3069"}],"version-history":[{"count":3,"href":"https:\/\/artibermont.com\/zh-hans\/wp-json\/wp\/v2\/product\/3069\/revisions"}],"predecessor-version":[{"id":5510,"href":"https:\/\/artibermont.com\/zh-hans\/wp-json\/wp\/v2\/product\/3069\/revisions\/5510"}],"wp:featuredmedia":[{"embeddable":true,"href":"https:\/\/artibermont.com\/zh-hans\/wp-json\/wp\/v2\/media\/8165"}],"wp:attachment":[{"href":"https:\/\/artibermont.com\/zh-hans\/wp-json\/wp\/v2\/media?parent=3069"}],"wp:term":[{"taxonomy":"product_brand","embeddable":true,"href":"https:\/\/artibermont.com\/zh-hans\/wp-json\/wp\/v2\/product_brand?post=3069"},{"taxonomy":"product_cat","embeddable":true,"href":"https:\/\/artibermont.com\/zh-hans\/wp-json\/wp\/v2\/product_cat?post=3069"},{"taxonomy":"product_tag","embeddable":true,"href":"https:\/\/artibermont.com\/zh-hans\/wp-json\/wp\/v2\/product_tag?post=3069"}],"curies":[{"name":"wp","href":"https:\/\/api.w.org\/{rel}","templated":true}]}}