{"id":3072,"date":"2022-04-04T07:10:10","date_gmt":"2022-04-04T05:10:10","guid":{"rendered":"https:\/\/artibermont.com\/?post_type=product&#038;p=3072"},"modified":"2025-01-14T15:44:47","modified_gmt":"2025-01-14T14:44:47","slug":"vanni-giovanni-battista-cleopatre-huile-toile","status":"publish","type":"product","link":"https:\/\/artibermont.com\/zh-hans\/produit\/vanni-giovanni-battista-cleopatre-huile-toile\/","title":{"rendered":"Giovan Battista Vanni (1599\/1600 -1660), &#8220;Cl\u00e9op\u00e2tre&#8221;"},"content":{"rendered":"<p><strong>Giovanni Battista Vanni<\/strong> (Florence ou Pise, 1599\/1600 &#8211; Pistoia, 1660)<\/p>\n<p>&#8220;Cl\u00e9op\u00e2tre&#8221;<\/p>\n<p>Circa 1650 &#8211; 1660<br \/>\nHuile sur toile<br \/>\n186,7 x 142 cm (sans cadre)<br \/>\n238 x 184 cm (avec cadre)<\/p>\n<p>C&#8217;est une oeuvre capitale du peintre florentin Giovanni Battista Vanni. Apr\u00e8s un premier apprentissage \u00e0 l&#8217;\u00e9cole d&#8217;Aurelio Lomi et de Matteo Rosselli, il entre en 1616, \u00e0 l&#8217;acad\u00e9mie de Jacopo da Empoli qui l&#8217;initie \u00e0 la peinture. A ces d\u00e9buts, il se rapproche des styles de Cristofano Allori, de Bilivert et de Furini.<br \/>\nUn certificat en italien de Francesca Baldassari experte mondiale du peintre sera remis \u00e0 l&#8217;acheteur.<br \/>\nExtrait de l&#8217;expertise de Mme Baldassari : &#8220;Ultima regina d\u2019Egitto (69-30 A.C.) prima della conquista romana, Cleopatra \u00e8 dipinta, come vuole la leggenda, in atto di darsi la morte con il serpente velenoso nascosto nel cesto di frutta che si era fatta portare dal servo, una volta saputo che l\u2019imperatore Ottaviano voleva catturarla viva per portarla a Roma con s\u00e9 nel corteo trionfale. Il suicidio consent\u00ec alla bella e colta regina di evitare l\u2019umiliazione di essere sconfitta dai romani e di vedere l\u2019Egitto divenire una semplice propriet\u00e0 personale dell\u2019imperatore Cesare Ottaviano Augusto.&#8221;&#8230;..&#8221;Il Suicidio di Cleopatra in esame appartiene all\u2019ultimo decennio della carriera di Vanni&#8221;&#8230;..&#8221;i panneggi mossi e gonfi e il vivace cromatismo, che ha il suo apice nell\u2019azzurro della veste della regina e nelle decorazioni dei preziosi manufatti, presuppongono la lezione di Pietro da Cortona e del Volterrano. L\u2019ampio respiro della composizione, l\u2019abbigliamento all\u2019antica dei protagonisti e il sentimento fortemente patetico dell\u2019episodio confermano l\u2019adesione di Vanni al nuovo gusto barocco.&#8221; &#8230;&#8221;Le cesellature dei vasi rimandano alle preziosit\u00e0 messe in scena da Francesco Furini (penso, ad esempio, al Parto di Rachele eseguito per Don Lorenzo de\u2019 Medici nel corso del 1632, oggi alla Bayerische Museum di Schleissheim), riprese da Cesare Dandini. Non bisogna dimenticare per\u00f2 che Vanni deriv\u00f2 l\u2019amore per i manufatti lussuosi anche dal padre Orazio e dai due fratelli, Niccol\u00f2 e Jacopo, che erano orefici molto stimati, attivi anche per la corte granducale dei Medici, proprietari di una gioielleria rinomata sul Ponte Vecchio.&#8221;<\/p>\n","protected":false},"excerpt":{"rendered":"<p>Giovanni Battista Vanni (Florence ou Pise, 1599\/1600 &#038;# [&hellip;]<\/p>\n","protected":false},"featured_media":8255,"comment_status":"closed","ping_status":"closed","template":"","meta":{"_acf_changed":false},"product_brand":[],"product_cat":[20],"product_tag":[],"class_list":{"0":"post-3072","1":"product","2":"type-product","3":"status-publish","4":"has-post-thumbnail","6":"product_cat-peintures-et-dessins","8":"first","9":"instock","10":"taxable","11":"shipping-taxable","12":"product-type-simple"},"acf":[],"yoast_head":"<!-- This site is optimized with the Yoast SEO Premium plugin v19.2.1 (Yoast SEO v27.4) - https:\/\/yoast.com\/product\/yoast-seo-premium-wordpress\/ -->\n<title>Giovan Battista Vanni (1599\/1600 -1660), &quot;Cl\u00e9op\u00e2tre&quot; &#8211; Tibermont<\/title>\n<meta name=\"robots\" content=\"index, follow, max-snippet:-1, max-image-preview:large, max-video-preview:-1\" \/>\n<link rel=\"canonical\" href=\"https:\/\/artibermont.com\/zh-hans\/produit\/vanni-giovanni-battista-cleopatre-huile-toile\/\" \/>\n<meta property=\"og:locale\" content=\"zh_CN\" \/>\n<meta property=\"og:type\" content=\"article\" \/>\n<meta property=\"og:title\" content=\"Giovan Battista Vanni (1599\/1600 -1660), &quot;Cl\u00e9op\u00e2tre&quot;\" \/>\n<meta property=\"og:description\" content=\"Giovanni Battista Vanni (Florence ou Pise, 1599\/1600 &amp;# [&hellip;]\" \/>\n<meta property=\"og:url\" content=\"https:\/\/artibermont.com\/zh-hans\/produit\/vanni-giovanni-battista-cleopatre-huile-toile\/\" \/>\n<meta property=\"og:site_name\" content=\"Tibermont\" \/>\n<meta property=\"article:modified_time\" content=\"2025-01-14T14:44:47+00:00\" \/>\n<meta property=\"og:image\" content=\"https:\/\/artibermont.com\/wp-content\/uploads\/2022\/04\/TA1300004-1.jpg\" \/>\n\t<meta property=\"og:image:width\" content=\"1223\" \/>\n\t<meta property=\"og:image:height\" content=\"1600\" \/>\n\t<meta property=\"og:image:type\" content=\"image\/jpeg\" \/>\n<meta name=\"twitter:card\" content=\"summary_large_image\" \/>\n<meta name=\"twitter:label1\" content=\"\u9884\u8ba1\u9605\u8bfb\u65f6\u95f4\" \/>\n\t<meta name=\"twitter:data1\" content=\"2 \u5206\" \/>\n<script type=\"application\/ld+json\" class=\"yoast-schema-graph\">{\"@context\":\"https:\\\/\\\/schema.org\",\"@graph\":[{\"@type\":\"WebPage\",\"@id\":\"https:\\\/\\\/artibermont.com\\\/zh-hans\\\/produit\\\/vanni-giovanni-battista-cleopatre-huile-toile\\\/\",\"url\":\"https:\\\/\\\/artibermont.com\\\/zh-hans\\\/produit\\\/vanni-giovanni-battista-cleopatre-huile-toile\\\/\",\"name\":\"Giovan Battista Vanni (1599\\\/1600 -1660), \\\"Cl\u00e9op\u00e2tre\\\" &#8211; Tibermont\",\"isPartOf\":{\"@id\":\"https:\\\/\\\/artibermont.com\\\/zh-hans\\\/#website\"},\"primaryImageOfPage\":{\"@id\":\"https:\\\/\\\/artibermont.com\\\/zh-hans\\\/produit\\\/vanni-giovanni-battista-cleopatre-huile-toile\\\/#primaryimage\"},\"image\":{\"@id\":\"https:\\\/\\\/artibermont.com\\\/zh-hans\\\/produit\\\/vanni-giovanni-battista-cleopatre-huile-toile\\\/#primaryimage\"},\"thumbnailUrl\":\"https:\\\/\\\/artibermont.com\\\/wp-content\\\/uploads\\\/2022\\\/04\\\/TA1300004-1.jpg\",\"datePublished\":\"2022-04-04T05:10:10+00:00\",\"dateModified\":\"2025-01-14T14:44:47+00:00\",\"breadcrumb\":{\"@id\":\"https:\\\/\\\/artibermont.com\\\/zh-hans\\\/produit\\\/vanni-giovanni-battista-cleopatre-huile-toile\\\/#breadcrumb\"},\"inLanguage\":\"zh-Hans\",\"potentialAction\":[{\"@type\":\"ReadAction\",\"target\":[\"https:\\\/\\\/artibermont.com\\\/zh-hans\\\/produit\\\/vanni-giovanni-battista-cleopatre-huile-toile\\\/\"]}]},{\"@type\":\"ImageObject\",\"inLanguage\":\"zh-Hans\",\"@id\":\"https:\\\/\\\/artibermont.com\\\/zh-hans\\\/produit\\\/vanni-giovanni-battista-cleopatre-huile-toile\\\/#primaryimage\",\"url\":\"https:\\\/\\\/artibermont.com\\\/wp-content\\\/uploads\\\/2022\\\/04\\\/TA1300004-1.jpg\",\"contentUrl\":\"https:\\\/\\\/artibermont.com\\\/wp-content\\\/uploads\\\/2022\\\/04\\\/TA1300004-1.jpg\",\"width\":1223,\"height\":1600},{\"@type\":\"BreadcrumbList\",\"@id\":\"https:\\\/\\\/artibermont.com\\\/zh-hans\\\/produit\\\/vanni-giovanni-battista-cleopatre-huile-toile\\\/#breadcrumb\",\"itemListElement\":[{\"@type\":\"ListItem\",\"position\":1,\"name\":\"Accueil\",\"item\":\"https:\\\/\\\/artibermont.com\\\/zh-hans\\\/%e6%ac%a2%e8%bf%8e\\\/\"},{\"@type\":\"ListItem\",\"position\":2,\"name\":\"\u5546\u5e97\",\"item\":\"https:\\\/\\\/artibermont.com\\\/zh-hans\\\/boutique-2\\\/\"},{\"@type\":\"ListItem\",\"position\":3,\"name\":\"Giovan Battista Vanni (1599\\\/1600 -1660), &#8220;Cl\u00e9op\u00e2tre&#8221;\"}]},{\"@type\":\"WebSite\",\"@id\":\"https:\\\/\\\/artibermont.com\\\/zh-hans\\\/#website\",\"url\":\"https:\\\/\\\/artibermont.com\\\/zh-hans\\\/\",\"name\":\"Tibermont\",\"description\":\"252, boulevard Saint Germain, 75007 Paris\",\"publisher\":{\"@id\":\"https:\\\/\\\/artibermont.com\\\/zh-hans\\\/#organization\"},\"potentialAction\":[{\"@type\":\"SearchAction\",\"target\":{\"@type\":\"EntryPoint\",\"urlTemplate\":\"https:\\\/\\\/artibermont.com\\\/zh-hans\\\/?s={search_term_string}\"},\"query-input\":{\"@type\":\"PropertyValueSpecification\",\"valueRequired\":true,\"valueName\":\"search_term_string\"}}],\"inLanguage\":\"zh-Hans\"},{\"@type\":\"Organization\",\"@id\":\"https:\\\/\\\/artibermont.com\\\/zh-hans\\\/#organization\",\"name\":\"Tibermont Antiquit\u00e9s\",\"url\":\"https:\\\/\\\/artibermont.com\\\/zh-hans\\\/\",\"logo\":{\"@type\":\"ImageObject\",\"inLanguage\":\"zh-Hans\",\"@id\":\"https:\\\/\\\/artibermont.com\\\/zh-hans\\\/#\\\/schema\\\/logo\\\/image\\\/\",\"url\":\"https:\\\/\\\/artibermont.com\\\/wp-content\\\/uploads\\\/2021\\\/12\\\/Logo-TIBERMONT-white.png\",\"contentUrl\":\"https:\\\/\\\/artibermont.com\\\/wp-content\\\/uploads\\\/2021\\\/12\\\/Logo-TIBERMONT-white.png\",\"width\":713,\"height\":196,\"caption\":\"Tibermont Antiquit\u00e9s\"},\"image\":{\"@id\":\"https:\\\/\\\/artibermont.com\\\/zh-hans\\\/#\\\/schema\\\/logo\\\/image\\\/\"}}]}<\/script>\n<!-- \/ Yoast SEO Premium plugin. -->","yoast_head_json":{"title":"Giovan Battista Vanni (1599\/1600 -1660), \"Cl\u00e9op\u00e2tre\" &#8211; Tibermont","robots":{"index":"index","follow":"follow","max-snippet":"max-snippet:-1","max-image-preview":"max-image-preview:large","max-video-preview":"max-video-preview:-1"},"canonical":"https:\/\/artibermont.com\/zh-hans\/produit\/vanni-giovanni-battista-cleopatre-huile-toile\/","og_locale":"zh_CN","og_type":"article","og_title":"Giovan Battista Vanni (1599\/1600 -1660), \"Cl\u00e9op\u00e2tre\"","og_description":"Giovanni Battista Vanni (Florence ou Pise, 1599\/1600 &# [&hellip;]","og_url":"https:\/\/artibermont.com\/zh-hans\/produit\/vanni-giovanni-battista-cleopatre-huile-toile\/","og_site_name":"Tibermont","article_modified_time":"2025-01-14T14:44:47+00:00","og_image":[{"width":1223,"height":1600,"url":"https:\/\/artibermont.com\/wp-content\/uploads\/2022\/04\/TA1300004-1.jpg","type":"image\/jpeg"}],"twitter_card":"summary_large_image","twitter_misc":{"\u9884\u8ba1\u9605\u8bfb\u65f6\u95f4":"2 \u5206"},"schema":{"@context":"https:\/\/schema.org","@graph":[{"@type":"WebPage","@id":"https:\/\/artibermont.com\/zh-hans\/produit\/vanni-giovanni-battista-cleopatre-huile-toile\/","url":"https:\/\/artibermont.com\/zh-hans\/produit\/vanni-giovanni-battista-cleopatre-huile-toile\/","name":"Giovan Battista Vanni (1599\/1600 -1660), \"Cl\u00e9op\u00e2tre\" &#8211; Tibermont","isPartOf":{"@id":"https:\/\/artibermont.com\/zh-hans\/#website"},"primaryImageOfPage":{"@id":"https:\/\/artibermont.com\/zh-hans\/produit\/vanni-giovanni-battista-cleopatre-huile-toile\/#primaryimage"},"image":{"@id":"https:\/\/artibermont.com\/zh-hans\/produit\/vanni-giovanni-battista-cleopatre-huile-toile\/#primaryimage"},"thumbnailUrl":"https:\/\/artibermont.com\/wp-content\/uploads\/2022\/04\/TA1300004-1.jpg","datePublished":"2022-04-04T05:10:10+00:00","dateModified":"2025-01-14T14:44:47+00:00","breadcrumb":{"@id":"https:\/\/artibermont.com\/zh-hans\/produit\/vanni-giovanni-battista-cleopatre-huile-toile\/#breadcrumb"},"inLanguage":"zh-Hans","potentialAction":[{"@type":"ReadAction","target":["https:\/\/artibermont.com\/zh-hans\/produit\/vanni-giovanni-battista-cleopatre-huile-toile\/"]}]},{"@type":"ImageObject","inLanguage":"zh-Hans","@id":"https:\/\/artibermont.com\/zh-hans\/produit\/vanni-giovanni-battista-cleopatre-huile-toile\/#primaryimage","url":"https:\/\/artibermont.com\/wp-content\/uploads\/2022\/04\/TA1300004-1.jpg","contentUrl":"https:\/\/artibermont.com\/wp-content\/uploads\/2022\/04\/TA1300004-1.jpg","width":1223,"height":1600},{"@type":"BreadcrumbList","@id":"https:\/\/artibermont.com\/zh-hans\/produit\/vanni-giovanni-battista-cleopatre-huile-toile\/#breadcrumb","itemListElement":[{"@type":"ListItem","position":1,"name":"Accueil","item":"https:\/\/artibermont.com\/zh-hans\/%e6%ac%a2%e8%bf%8e\/"},{"@type":"ListItem","position":2,"name":"\u5546\u5e97","item":"https:\/\/artibermont.com\/zh-hans\/boutique-2\/"},{"@type":"ListItem","position":3,"name":"Giovan Battista Vanni (1599\/1600 -1660), &#8220;Cl\u00e9op\u00e2tre&#8221;"}]},{"@type":"WebSite","@id":"https:\/\/artibermont.com\/zh-hans\/#website","url":"https:\/\/artibermont.com\/zh-hans\/","name":"Tibermont","description":"252, boulevard Saint Germain, 75007 Paris","publisher":{"@id":"https:\/\/artibermont.com\/zh-hans\/#organization"},"potentialAction":[{"@type":"SearchAction","target":{"@type":"EntryPoint","urlTemplate":"https:\/\/artibermont.com\/zh-hans\/?s={search_term_string}"},"query-input":{"@type":"PropertyValueSpecification","valueRequired":true,"valueName":"search_term_string"}}],"inLanguage":"zh-Hans"},{"@type":"Organization","@id":"https:\/\/artibermont.com\/zh-hans\/#organization","name":"Tibermont Antiquit\u00e9s","url":"https:\/\/artibermont.com\/zh-hans\/","logo":{"@type":"ImageObject","inLanguage":"zh-Hans","@id":"https:\/\/artibermont.com\/zh-hans\/#\/schema\/logo\/image\/","url":"https:\/\/artibermont.com\/wp-content\/uploads\/2021\/12\/Logo-TIBERMONT-white.png","contentUrl":"https:\/\/artibermont.com\/wp-content\/uploads\/2021\/12\/Logo-TIBERMONT-white.png","width":713,"height":196,"caption":"Tibermont Antiquit\u00e9s"},"image":{"@id":"https:\/\/artibermont.com\/zh-hans\/#\/schema\/logo\/image\/"}}]}},"_links":{"self":[{"href":"https:\/\/artibermont.com\/zh-hans\/wp-json\/wp\/v2\/product\/3072","targetHints":{"allow":["GET"]}}],"collection":[{"href":"https:\/\/artibermont.com\/zh-hans\/wp-json\/wp\/v2\/product"}],"about":[{"href":"https:\/\/artibermont.com\/zh-hans\/wp-json\/wp\/v2\/types\/product"}],"replies":[{"embeddable":true,"href":"https:\/\/artibermont.com\/zh-hans\/wp-json\/wp\/v2\/comments?post=3072"}],"version-history":[{"count":4,"href":"https:\/\/artibermont.com\/zh-hans\/wp-json\/wp\/v2\/product\/3072\/revisions"}],"predecessor-version":[{"id":4739,"href":"https:\/\/artibermont.com\/zh-hans\/wp-json\/wp\/v2\/product\/3072\/revisions\/4739"}],"wp:featuredmedia":[{"embeddable":true,"href":"https:\/\/artibermont.com\/zh-hans\/wp-json\/wp\/v2\/media\/8255"}],"wp:attachment":[{"href":"https:\/\/artibermont.com\/zh-hans\/wp-json\/wp\/v2\/media?parent=3072"}],"wp:term":[{"taxonomy":"product_brand","embeddable":true,"href":"https:\/\/artibermont.com\/zh-hans\/wp-json\/wp\/v2\/product_brand?post=3072"},{"taxonomy":"product_cat","embeddable":true,"href":"https:\/\/artibermont.com\/zh-hans\/wp-json\/wp\/v2\/product_cat?post=3072"},{"taxonomy":"product_tag","embeddable":true,"href":"https:\/\/artibermont.com\/zh-hans\/wp-json\/wp\/v2\/product_tag?post=3072"}],"curies":[{"name":"wp","href":"https:\/\/api.w.org\/{rel}","templated":true}]}}