{"id":3078,"date":"2022-04-04T07:10:11","date_gmt":"2022-04-04T05:10:11","guid":{"rendered":"https:\/\/artibermont.com\/?post_type=product&#038;p=3078"},"modified":"2025-04-01T15:09:56","modified_gmt":"2025-04-01T13:09:56","slug":"clesinger-auguste-cleopatre-bronze-marnyhac","status":"publish","type":"product","link":"https:\/\/artibermont.com\/zh-hans\/produit\/clesinger-auguste-cleopatre-bronze-marnyhac\/","title":{"rendered":"Auguste Cl\u00e9singer (1814-1883), Cl\u00e9op\u00e2tre &#8211; VENDU"},"content":{"rendered":"<p><strong>Jean-Baptiste Cl\u00e9singer<\/strong> dit <strong>Auguste Cl\u00e9singer<\/strong> (Besan\u00e7on, le 22 octobre 1814 &#8211; Paris, le 5 janvier 1883)<\/p>\n<p>&#8220;Cl\u00e9op\u00e2tre&#8221;<\/p>\n<p>Bronze \u00e0 double patine m\u00e9daille et dor\u00e9<\/p>\n<p>Circa 1850-1875<\/p>\n<p>Sign\u00e9 : J Cl\u00e9singer<br \/>\nFondeur : Marnyhac 1 rue de la paix<br \/>\nInscription : Bronze artistique de Paris<br \/>\nHauteur : 68,50 cm<\/p>\n","protected":false},"excerpt":{"rendered":"<p>Jean-Baptiste Cl\u00e9singer dit Auguste Cl\u00e9singer (Besan\u00e7on [&hellip;]<\/p>\n","protected":false},"featured_media":9022,"comment_status":"closed","ping_status":"closed","template":"","meta":{"_acf_changed":false},"product_brand":[],"product_cat":[72,73],"product_tag":[],"class_list":{"0":"post-3078","1":"product","2":"type-product","3":"status-publish","4":"has-post-thumbnail","6":"product_cat-sculptures","7":"product_cat-sculptures-et-oeuvres-art","9":"first","10":"outofstock","11":"taxable","12":"shipping-taxable","13":"product-type-simple"},"acf":[],"yoast_head":"<!-- This site is optimized with the Yoast SEO Premium plugin v19.2.1 (Yoast SEO v27.4) - https:\/\/yoast.com\/product\/yoast-seo-premium-wordpress\/ -->\n<title>Auguste Cl\u00e9singer (1814-1883), Cl\u00e9op\u00e2tre - VENDU &#8211; Tibermont<\/title>\n<meta name=\"robots\" content=\"index, follow, max-snippet:-1, max-image-preview:large, max-video-preview:-1\" \/>\n<link rel=\"canonical\" href=\"https:\/\/artibermont.com\/zh-hans\/produit\/clesinger-auguste-cleopatre-bronze-marnyhac\/\" \/>\n<meta property=\"og:locale\" content=\"zh_CN\" \/>\n<meta property=\"og:type\" content=\"article\" \/>\n<meta property=\"og:title\" content=\"Auguste Cl\u00e9singer (1814-1883), Cl\u00e9op\u00e2tre - VENDU\" \/>\n<meta property=\"og:description\" content=\"Jean-Baptiste Cl\u00e9singer dit Auguste Cl\u00e9singer (Besan\u00e7on [&hellip;]\" \/>\n<meta property=\"og:url\" content=\"https:\/\/artibermont.com\/zh-hans\/produit\/clesinger-auguste-cleopatre-bronze-marnyhac\/\" \/>\n<meta property=\"og:site_name\" content=\"Tibermont\" \/>\n<meta property=\"article:modified_time\" content=\"2025-04-01T13:09:56+00:00\" \/>\n<meta property=\"og:image\" content=\"https:\/\/artibermont.com\/wp-content\/uploads\/2022\/04\/TA1700019-0BD.jpg\" \/>\n\t<meta property=\"og:image:width\" content=\"1067\" \/>\n\t<meta property=\"og:image:height\" content=\"1600\" \/>\n\t<meta property=\"og:image:type\" content=\"image\/jpeg\" \/>\n<meta name=\"twitter:card\" content=\"summary_large_image\" \/>\n<meta name=\"twitter:label1\" content=\"\u9884\u8ba1\u9605\u8bfb\u65f6\u95f4\" \/>\n\t<meta name=\"twitter:data1\" content=\"1 \u5206\" \/>\n<script type=\"application\/ld+json\" class=\"yoast-schema-graph\">{\"@context\":\"https:\\\/\\\/schema.org\",\"@graph\":[{\"@type\":\"WebPage\",\"@id\":\"https:\\\/\\\/artibermont.com\\\/zh-hans\\\/produit\\\/clesinger-auguste-cleopatre-bronze-marnyhac\\\/\",\"url\":\"https:\\\/\\\/artibermont.com\\\/zh-hans\\\/produit\\\/clesinger-auguste-cleopatre-bronze-marnyhac\\\/\",\"name\":\"Auguste Cl\u00e9singer (1814-1883), Cl\u00e9op\u00e2tre - VENDU &#8211; Tibermont\",\"isPartOf\":{\"@id\":\"https:\\\/\\\/artibermont.com\\\/zh-hans\\\/#website\"},\"primaryImageOfPage\":{\"@id\":\"https:\\\/\\\/artibermont.com\\\/zh-hans\\\/produit\\\/clesinger-auguste-cleopatre-bronze-marnyhac\\\/#primaryimage\"},\"image\":{\"@id\":\"https:\\\/\\\/artibermont.com\\\/zh-hans\\\/produit\\\/clesinger-auguste-cleopatre-bronze-marnyhac\\\/#primaryimage\"},\"thumbnailUrl\":\"https:\\\/\\\/artibermont.com\\\/wp-content\\\/uploads\\\/2022\\\/04\\\/TA1700019-0BD.jpg\",\"datePublished\":\"2022-04-04T05:10:11+00:00\",\"dateModified\":\"2025-04-01T13:09:56+00:00\",\"breadcrumb\":{\"@id\":\"https:\\\/\\\/artibermont.com\\\/zh-hans\\\/produit\\\/clesinger-auguste-cleopatre-bronze-marnyhac\\\/#breadcrumb\"},\"inLanguage\":\"zh-Hans\",\"potentialAction\":[{\"@type\":\"ReadAction\",\"target\":[\"https:\\\/\\\/artibermont.com\\\/zh-hans\\\/produit\\\/clesinger-auguste-cleopatre-bronze-marnyhac\\\/\"]}]},{\"@type\":\"ImageObject\",\"inLanguage\":\"zh-Hans\",\"@id\":\"https:\\\/\\\/artibermont.com\\\/zh-hans\\\/produit\\\/clesinger-auguste-cleopatre-bronze-marnyhac\\\/#primaryimage\",\"url\":\"https:\\\/\\\/artibermont.com\\\/wp-content\\\/uploads\\\/2022\\\/04\\\/TA1700019-0BD.jpg\",\"contentUrl\":\"https:\\\/\\\/artibermont.com\\\/wp-content\\\/uploads\\\/2022\\\/04\\\/TA1700019-0BD.jpg\",\"width\":1067,\"height\":1600},{\"@type\":\"BreadcrumbList\",\"@id\":\"https:\\\/\\\/artibermont.com\\\/zh-hans\\\/produit\\\/clesinger-auguste-cleopatre-bronze-marnyhac\\\/#breadcrumb\",\"itemListElement\":[{\"@type\":\"ListItem\",\"position\":1,\"name\":\"Accueil\",\"item\":\"https:\\\/\\\/artibermont.com\\\/zh-hans\\\/%e6%ac%a2%e8%bf%8e\\\/\"},{\"@type\":\"ListItem\",\"position\":2,\"name\":\"\u5546\u5e97\",\"item\":\"https:\\\/\\\/artibermont.com\\\/zh-hans\\\/boutique-2\\\/\"},{\"@type\":\"ListItem\",\"position\":3,\"name\":\"Auguste Cl\u00e9singer (1814-1883), Cl\u00e9op\u00e2tre &#8211; VENDU\"}]},{\"@type\":\"WebSite\",\"@id\":\"https:\\\/\\\/artibermont.com\\\/zh-hans\\\/#website\",\"url\":\"https:\\\/\\\/artibermont.com\\\/zh-hans\\\/\",\"name\":\"Tibermont\",\"description\":\"252, boulevard Saint Germain, 75007 Paris\",\"publisher\":{\"@id\":\"https:\\\/\\\/artibermont.com\\\/zh-hans\\\/#organization\"},\"potentialAction\":[{\"@type\":\"SearchAction\",\"target\":{\"@type\":\"EntryPoint\",\"urlTemplate\":\"https:\\\/\\\/artibermont.com\\\/zh-hans\\\/?s={search_term_string}\"},\"query-input\":{\"@type\":\"PropertyValueSpecification\",\"valueRequired\":true,\"valueName\":\"search_term_string\"}}],\"inLanguage\":\"zh-Hans\"},{\"@type\":\"Organization\",\"@id\":\"https:\\\/\\\/artibermont.com\\\/zh-hans\\\/#organization\",\"name\":\"Tibermont Antiquit\u00e9s\",\"url\":\"https:\\\/\\\/artibermont.com\\\/zh-hans\\\/\",\"logo\":{\"@type\":\"ImageObject\",\"inLanguage\":\"zh-Hans\",\"@id\":\"https:\\\/\\\/artibermont.com\\\/zh-hans\\\/#\\\/schema\\\/logo\\\/image\\\/\",\"url\":\"https:\\\/\\\/artibermont.com\\\/wp-content\\\/uploads\\\/2021\\\/12\\\/Logo-TIBERMONT-white.png\",\"contentUrl\":\"https:\\\/\\\/artibermont.com\\\/wp-content\\\/uploads\\\/2021\\\/12\\\/Logo-TIBERMONT-white.png\",\"width\":713,\"height\":196,\"caption\":\"Tibermont Antiquit\u00e9s\"},\"image\":{\"@id\":\"https:\\\/\\\/artibermont.com\\\/zh-hans\\\/#\\\/schema\\\/logo\\\/image\\\/\"}}]}<\/script>\n<!-- \/ Yoast SEO Premium plugin. -->","yoast_head_json":{"title":"Auguste Cl\u00e9singer (1814-1883), Cl\u00e9op\u00e2tre - VENDU &#8211; Tibermont","robots":{"index":"index","follow":"follow","max-snippet":"max-snippet:-1","max-image-preview":"max-image-preview:large","max-video-preview":"max-video-preview:-1"},"canonical":"https:\/\/artibermont.com\/zh-hans\/produit\/clesinger-auguste-cleopatre-bronze-marnyhac\/","og_locale":"zh_CN","og_type":"article","og_title":"Auguste Cl\u00e9singer (1814-1883), Cl\u00e9op\u00e2tre - VENDU","og_description":"Jean-Baptiste Cl\u00e9singer dit Auguste Cl\u00e9singer (Besan\u00e7on [&hellip;]","og_url":"https:\/\/artibermont.com\/zh-hans\/produit\/clesinger-auguste-cleopatre-bronze-marnyhac\/","og_site_name":"Tibermont","article_modified_time":"2025-04-01T13:09:56+00:00","og_image":[{"width":1067,"height":1600,"url":"https:\/\/artibermont.com\/wp-content\/uploads\/2022\/04\/TA1700019-0BD.jpg","type":"image\/jpeg"}],"twitter_card":"summary_large_image","twitter_misc":{"\u9884\u8ba1\u9605\u8bfb\u65f6\u95f4":"1 \u5206"},"schema":{"@context":"https:\/\/schema.org","@graph":[{"@type":"WebPage","@id":"https:\/\/artibermont.com\/zh-hans\/produit\/clesinger-auguste-cleopatre-bronze-marnyhac\/","url":"https:\/\/artibermont.com\/zh-hans\/produit\/clesinger-auguste-cleopatre-bronze-marnyhac\/","name":"Auguste Cl\u00e9singer (1814-1883), Cl\u00e9op\u00e2tre - VENDU &#8211; Tibermont","isPartOf":{"@id":"https:\/\/artibermont.com\/zh-hans\/#website"},"primaryImageOfPage":{"@id":"https:\/\/artibermont.com\/zh-hans\/produit\/clesinger-auguste-cleopatre-bronze-marnyhac\/#primaryimage"},"image":{"@id":"https:\/\/artibermont.com\/zh-hans\/produit\/clesinger-auguste-cleopatre-bronze-marnyhac\/#primaryimage"},"thumbnailUrl":"https:\/\/artibermont.com\/wp-content\/uploads\/2022\/04\/TA1700019-0BD.jpg","datePublished":"2022-04-04T05:10:11+00:00","dateModified":"2025-04-01T13:09:56+00:00","breadcrumb":{"@id":"https:\/\/artibermont.com\/zh-hans\/produit\/clesinger-auguste-cleopatre-bronze-marnyhac\/#breadcrumb"},"inLanguage":"zh-Hans","potentialAction":[{"@type":"ReadAction","target":["https:\/\/artibermont.com\/zh-hans\/produit\/clesinger-auguste-cleopatre-bronze-marnyhac\/"]}]},{"@type":"ImageObject","inLanguage":"zh-Hans","@id":"https:\/\/artibermont.com\/zh-hans\/produit\/clesinger-auguste-cleopatre-bronze-marnyhac\/#primaryimage","url":"https:\/\/artibermont.com\/wp-content\/uploads\/2022\/04\/TA1700019-0BD.jpg","contentUrl":"https:\/\/artibermont.com\/wp-content\/uploads\/2022\/04\/TA1700019-0BD.jpg","width":1067,"height":1600},{"@type":"BreadcrumbList","@id":"https:\/\/artibermont.com\/zh-hans\/produit\/clesinger-auguste-cleopatre-bronze-marnyhac\/#breadcrumb","itemListElement":[{"@type":"ListItem","position":1,"name":"Accueil","item":"https:\/\/artibermont.com\/zh-hans\/%e6%ac%a2%e8%bf%8e\/"},{"@type":"ListItem","position":2,"name":"\u5546\u5e97","item":"https:\/\/artibermont.com\/zh-hans\/boutique-2\/"},{"@type":"ListItem","position":3,"name":"Auguste Cl\u00e9singer (1814-1883), Cl\u00e9op\u00e2tre &#8211; VENDU"}]},{"@type":"WebSite","@id":"https:\/\/artibermont.com\/zh-hans\/#website","url":"https:\/\/artibermont.com\/zh-hans\/","name":"Tibermont","description":"252, boulevard Saint Germain, 75007 Paris","publisher":{"@id":"https:\/\/artibermont.com\/zh-hans\/#organization"},"potentialAction":[{"@type":"SearchAction","target":{"@type":"EntryPoint","urlTemplate":"https:\/\/artibermont.com\/zh-hans\/?s={search_term_string}"},"query-input":{"@type":"PropertyValueSpecification","valueRequired":true,"valueName":"search_term_string"}}],"inLanguage":"zh-Hans"},{"@type":"Organization","@id":"https:\/\/artibermont.com\/zh-hans\/#organization","name":"Tibermont Antiquit\u00e9s","url":"https:\/\/artibermont.com\/zh-hans\/","logo":{"@type":"ImageObject","inLanguage":"zh-Hans","@id":"https:\/\/artibermont.com\/zh-hans\/#\/schema\/logo\/image\/","url":"https:\/\/artibermont.com\/wp-content\/uploads\/2021\/12\/Logo-TIBERMONT-white.png","contentUrl":"https:\/\/artibermont.com\/wp-content\/uploads\/2021\/12\/Logo-TIBERMONT-white.png","width":713,"height":196,"caption":"Tibermont Antiquit\u00e9s"},"image":{"@id":"https:\/\/artibermont.com\/zh-hans\/#\/schema\/logo\/image\/"}}]}},"_links":{"self":[{"href":"https:\/\/artibermont.com\/zh-hans\/wp-json\/wp\/v2\/product\/3078","targetHints":{"allow":["GET"]}}],"collection":[{"href":"https:\/\/artibermont.com\/zh-hans\/wp-json\/wp\/v2\/product"}],"about":[{"href":"https:\/\/artibermont.com\/zh-hans\/wp-json\/wp\/v2\/types\/product"}],"replies":[{"embeddable":true,"href":"https:\/\/artibermont.com\/zh-hans\/wp-json\/wp\/v2\/comments?post=3078"}],"version-history":[{"count":3,"href":"https:\/\/artibermont.com\/zh-hans\/wp-json\/wp\/v2\/product\/3078\/revisions"}],"predecessor-version":[{"id":3686,"href":"https:\/\/artibermont.com\/zh-hans\/wp-json\/wp\/v2\/product\/3078\/revisions\/3686"}],"wp:featuredmedia":[{"embeddable":true,"href":"https:\/\/artibermont.com\/zh-hans\/wp-json\/wp\/v2\/media\/9022"}],"wp:attachment":[{"href":"https:\/\/artibermont.com\/zh-hans\/wp-json\/wp\/v2\/media?parent=3078"}],"wp:term":[{"taxonomy":"product_brand","embeddable":true,"href":"https:\/\/artibermont.com\/zh-hans\/wp-json\/wp\/v2\/product_brand?post=3078"},{"taxonomy":"product_cat","embeddable":true,"href":"https:\/\/artibermont.com\/zh-hans\/wp-json\/wp\/v2\/product_cat?post=3078"},{"taxonomy":"product_tag","embeddable":true,"href":"https:\/\/artibermont.com\/zh-hans\/wp-json\/wp\/v2\/product_tag?post=3078"}],"curies":[{"name":"wp","href":"https:\/\/api.w.org\/{rel}","templated":true}]}}