{"id":3079,"date":"2022-04-04T07:10:12","date_gmt":"2022-04-04T05:10:12","guid":{"rendered":"https:\/\/artibermont.com\/?post_type=product&#038;p=3079"},"modified":"2025-04-01T15:44:26","modified_gmt":"2025-04-01T13:44:26","slug":"clesinger-auguste-phryne","status":"publish","type":"product","link":"https:\/\/artibermont.com\/zh-hans\/produit\/clesinger-auguste-phryne\/","title":{"rendered":"Auguste Cl\u00e9singer (1814-1883), Phryn\u00e9 devant l&#8217;A\u00e9ropage, marbre de Carrare"},"content":{"rendered":"<p><strong>Jean-Baptiste Cl\u00e9singer dit Auguste Cl\u00e9singer<\/strong><br \/>\nBesan\u00e7on, 1814 &#8211; Paris, 1883<\/p>\n<p>&#8220;Phryn\u00e9 devant l&#8217;A\u00e9ropage&#8221;<\/p>\n<p>Marbre de Carrare<br \/>\nSign\u00e9 : J Cl\u00e9singer<br \/>\nDat\u00e9 : 1875<br \/>\nHauteur : 171 cm<\/p>\n<p>Phryn\u00e9 (en grec ancien Phr\u00fdn\u00ea, litt\u00e9ralement \u00ab crapaud \u00bb, surnom donn\u00e9 \u00e0 cause de son teint jaun\u00e2tre) est une h\u00e9ta\u00efre, courtisane grecque c\u00e9l\u00e8bre du IVe si\u00e8cle av. J.-C. N\u00e9e Mn\u00e9saret\u00e9, (\u00ab celle qui se souvient de la vertu \u00bb) \u00e0 Thespies, en B\u00e9otie, elle se rend \u00e0 Ath\u00e8nes o\u00f9 elle devient h\u00e9ta\u00efre. Rapidement, elle a pour amants certains des hommes les plus distingu\u00e9s du moment. Ainsi du sculpteur Praxit\u00e8le qui, selon Ath\u00e9n\u00e9e et Pline l&#8217;Ancien, l&#8217;utilise comme mod\u00e8le pour son Aphrodite de Cnide. Ath\u00e9n\u00e9e y ajoute le peintre Apelle, qui l&#8217;utilise comme mod\u00e8le pour son Aphrodite Anadyom\u00e8ne.<br \/>\nElle est c\u00e9l\u00e8bre pour ses tarifs \u00e9lev\u00e9s : selon le po\u00e8te comique Machon, elle r\u00e9clame une mine pour une nuit. Le scholiaste du v. 149 du Ploutos d&#8217;Aristophane mentionne le prix extravagant de 10 000 drachmes, soit un talent. Toujours selon Machon, son tarif varie suivant ses humeurs. Elle accumule de telles richesses que, selon le grammairien Callistrate6 elle aurait offert de reb\u00e2tir les murailles de Th\u00e8bes, abattues en -336 par Alexandre le Grand, sous r\u00e9serve qu&#8217;on y grave l&#8217;inscription \u00ab D\u00e9truites par Alexandre, reb\u00e2ties par Phryn\u00e9, l&#8217;h\u00e9ta\u00efre \u00bb. L&#8217;offre aurait \u00e9t\u00e9 refus\u00e9e.<br \/>\nOrganisatrice d&#8217;une confr\u00e9rie religieuse vou\u00e9e au culte du dieu thrace Isodaetes, elle est accus\u00e9e par l&#8217;un de ses anciens amants d&#8217;introduire une divinit\u00e9 \u00e9trang\u00e8re \u00e0 Ath\u00e8nes et par l\u00e0-m\u00eame de corrompre les jeunes femmes. Elle est d\u00e9fendue par l&#8217;orateur Hyp\u00e9ride, l&#8217;un de ses amants. Selon Ath\u00e9n\u00e9e, celui-ci, sentant la cause perdue, aurait d\u00e9chir\u00e9 la tunique de Phryn\u00e9, d\u00e9voilant aux H\u00e9liastes sa poitrine et emportant ainsi la faveur du jury : Phryn\u00e9 est acquitt\u00e9e et port\u00e9e en triomphe au temple d&#8217;Aphrodite tandis que le rh\u00e9teur adverse est chass\u00e9 de l&#8217;Ar\u00e9opage.<br \/>\nSelon \u00c9lien, les Grecs auraient dress\u00e9 sur une colonne, \u00e0 Delphes, une statue en or de Phryn\u00e9. Ath\u00e9n\u00e9e de Naucratis pr\u00e9cise qu&#8217;elle est l&#8217;\u0153uvre de Praxit\u00e8le et qu&#8217;elle porte l&#8217;inscription \u00ab Phryn\u00e9, fille d&#8217;\u00c9picl\u00e8s de Thespies \u00bb. Plutarque parle \u00e9galement de cette statue comme \u0153uvre de Praxit\u00e8le pr\u00e9sente dans le sanctuaire d&#8217;Apollon \u00e0 Delphes.<br \/>\n(Bibliographie : wilkipedia.fr)<\/p>\n<p>Provenance :<br \/>\n2017 : Galerie Tibermont (Paris)<br \/>\n1923 &#8211; 2017 : Collection de Monsieur Rives (France)<br \/>\n1923 : Achat par Monsieur Rives \u00e0 la vente de l&#8217;atelier de Cl\u00e9singer \u00e0 l&#8217;h\u00f4tel Drouot de Paris<br \/>\n1916 &#8211; 1923 : Collection de Monsieur Jean de Gourmont par h\u00e9ritage (France)<br \/>\n1883 &#8211; 1916 : Collection Madame Berthe de Courri\u00e8re par h\u00e9ritage (France)<br \/>\n1875 &#8211; 1883 : Jean-Baptiste Cl\u00e9singer (France)<\/p>\n","protected":false},"excerpt":{"rendered":"<p>Jean-Baptiste Cl\u00e9singer dit Auguste Cl\u00e9singer Besan\u00e7on, [&hellip;]<\/p>\n","protected":false},"featured_media":9052,"comment_status":"closed","ping_status":"closed","template":"","meta":{"_acf_changed":false},"product_brand":[],"product_cat":[73],"product_tag":[],"class_list":{"0":"post-3079","1":"product","2":"type-product","3":"status-publish","4":"has-post-thumbnail","6":"product_cat-sculptures-et-oeuvres-art","8":"first","9":"instock","10":"taxable","11":"shipping-taxable","12":"purchasable","13":"product-type-simple"},"acf":[],"yoast_head":"<!-- This site is optimized with the Yoast SEO Premium plugin v19.2.1 (Yoast SEO v27.4) - https:\/\/yoast.com\/product\/yoast-seo-premium-wordpress\/ -->\n<title>Auguste Cl\u00e9singer (1814-1883), Phryn\u00e9 devant l&#039;A\u00e9ropage, marbre de Carrare &#8211; Tibermont<\/title>\n<meta name=\"robots\" content=\"index, follow, max-snippet:-1, max-image-preview:large, max-video-preview:-1\" \/>\n<link rel=\"canonical\" href=\"https:\/\/artibermont.com\/zh-hans\/produit\/clesinger-auguste-phryne\/\" \/>\n<meta property=\"og:locale\" content=\"zh_CN\" \/>\n<meta property=\"og:type\" content=\"article\" \/>\n<meta property=\"og:title\" content=\"Auguste Cl\u00e9singer (1814-1883), Phryn\u00e9 devant l&#039;A\u00e9ropage, marbre de Carrare\" \/>\n<meta property=\"og:description\" content=\"Jean-Baptiste Cl\u00e9singer dit Auguste Cl\u00e9singer Besan\u00e7on, [&hellip;]\" \/>\n<meta property=\"og:url\" content=\"https:\/\/artibermont.com\/zh-hans\/produit\/clesinger-auguste-phryne\/\" \/>\n<meta property=\"og:site_name\" content=\"Tibermont\" \/>\n<meta property=\"article:modified_time\" content=\"2025-04-01T13:44:26+00:00\" \/>\n<meta property=\"og:image\" content=\"https:\/\/artibermont.com\/wp-content\/uploads\/2022\/04\/TA2100104-0BBD.jpg\" \/>\n\t<meta property=\"og:image:width\" content=\"1068\" \/>\n\t<meta property=\"og:image:height\" content=\"1600\" \/>\n\t<meta property=\"og:image:type\" content=\"image\/jpeg\" \/>\n<meta name=\"twitter:card\" content=\"summary_large_image\" \/>\n<meta name=\"twitter:label1\" content=\"\u9884\u8ba1\u9605\u8bfb\u65f6\u95f4\" \/>\n\t<meta name=\"twitter:data1\" content=\"3 \u5206\" \/>\n<script type=\"application\/ld+json\" class=\"yoast-schema-graph\">{\"@context\":\"https:\\\/\\\/schema.org\",\"@graph\":[{\"@type\":\"WebPage\",\"@id\":\"https:\\\/\\\/artibermont.com\\\/zh-hans\\\/produit\\\/clesinger-auguste-phryne\\\/\",\"url\":\"https:\\\/\\\/artibermont.com\\\/zh-hans\\\/produit\\\/clesinger-auguste-phryne\\\/\",\"name\":\"Auguste Cl\u00e9singer (1814-1883), Phryn\u00e9 devant l'A\u00e9ropage, marbre de Carrare &#8211; Tibermont\",\"isPartOf\":{\"@id\":\"https:\\\/\\\/artibermont.com\\\/zh-hans\\\/#website\"},\"primaryImageOfPage\":{\"@id\":\"https:\\\/\\\/artibermont.com\\\/zh-hans\\\/produit\\\/clesinger-auguste-phryne\\\/#primaryimage\"},\"image\":{\"@id\":\"https:\\\/\\\/artibermont.com\\\/zh-hans\\\/produit\\\/clesinger-auguste-phryne\\\/#primaryimage\"},\"thumbnailUrl\":\"https:\\\/\\\/artibermont.com\\\/wp-content\\\/uploads\\\/2022\\\/04\\\/TA2100104-0BBD.jpg\",\"datePublished\":\"2022-04-04T05:10:12+00:00\",\"dateModified\":\"2025-04-01T13:44:26+00:00\",\"breadcrumb\":{\"@id\":\"https:\\\/\\\/artibermont.com\\\/zh-hans\\\/produit\\\/clesinger-auguste-phryne\\\/#breadcrumb\"},\"inLanguage\":\"zh-Hans\",\"potentialAction\":[{\"@type\":\"ReadAction\",\"target\":[\"https:\\\/\\\/artibermont.com\\\/zh-hans\\\/produit\\\/clesinger-auguste-phryne\\\/\"]}]},{\"@type\":\"ImageObject\",\"inLanguage\":\"zh-Hans\",\"@id\":\"https:\\\/\\\/artibermont.com\\\/zh-hans\\\/produit\\\/clesinger-auguste-phryne\\\/#primaryimage\",\"url\":\"https:\\\/\\\/artibermont.com\\\/wp-content\\\/uploads\\\/2022\\\/04\\\/TA2100104-0BBD.jpg\",\"contentUrl\":\"https:\\\/\\\/artibermont.com\\\/wp-content\\\/uploads\\\/2022\\\/04\\\/TA2100104-0BBD.jpg\",\"width\":1068,\"height\":1600},{\"@type\":\"BreadcrumbList\",\"@id\":\"https:\\\/\\\/artibermont.com\\\/zh-hans\\\/produit\\\/clesinger-auguste-phryne\\\/#breadcrumb\",\"itemListElement\":[{\"@type\":\"ListItem\",\"position\":1,\"name\":\"Accueil\",\"item\":\"https:\\\/\\\/artibermont.com\\\/zh-hans\\\/%e6%ac%a2%e8%bf%8e\\\/\"},{\"@type\":\"ListItem\",\"position\":2,\"name\":\"\u5546\u5e97\",\"item\":\"https:\\\/\\\/artibermont.com\\\/zh-hans\\\/boutique-2\\\/\"},{\"@type\":\"ListItem\",\"position\":3,\"name\":\"Auguste Cl\u00e9singer (1814-1883), Phryn\u00e9 devant l&rsquo;A\u00e9ropage, marbre de Carrare\"}]},{\"@type\":\"WebSite\",\"@id\":\"https:\\\/\\\/artibermont.com\\\/zh-hans\\\/#website\",\"url\":\"https:\\\/\\\/artibermont.com\\\/zh-hans\\\/\",\"name\":\"Tibermont\",\"description\":\"252, boulevard Saint Germain, 75007 Paris\",\"publisher\":{\"@id\":\"https:\\\/\\\/artibermont.com\\\/zh-hans\\\/#organization\"},\"potentialAction\":[{\"@type\":\"SearchAction\",\"target\":{\"@type\":\"EntryPoint\",\"urlTemplate\":\"https:\\\/\\\/artibermont.com\\\/zh-hans\\\/?s={search_term_string}\"},\"query-input\":{\"@type\":\"PropertyValueSpecification\",\"valueRequired\":true,\"valueName\":\"search_term_string\"}}],\"inLanguage\":\"zh-Hans\"},{\"@type\":\"Organization\",\"@id\":\"https:\\\/\\\/artibermont.com\\\/zh-hans\\\/#organization\",\"name\":\"Tibermont Antiquit\u00e9s\",\"url\":\"https:\\\/\\\/artibermont.com\\\/zh-hans\\\/\",\"logo\":{\"@type\":\"ImageObject\",\"inLanguage\":\"zh-Hans\",\"@id\":\"https:\\\/\\\/artibermont.com\\\/zh-hans\\\/#\\\/schema\\\/logo\\\/image\\\/\",\"url\":\"https:\\\/\\\/artibermont.com\\\/wp-content\\\/uploads\\\/2021\\\/12\\\/Logo-TIBERMONT-white.png\",\"contentUrl\":\"https:\\\/\\\/artibermont.com\\\/wp-content\\\/uploads\\\/2021\\\/12\\\/Logo-TIBERMONT-white.png\",\"width\":713,\"height\":196,\"caption\":\"Tibermont Antiquit\u00e9s\"},\"image\":{\"@id\":\"https:\\\/\\\/artibermont.com\\\/zh-hans\\\/#\\\/schema\\\/logo\\\/image\\\/\"}}]}<\/script>\n<!-- \/ Yoast SEO Premium plugin. -->","yoast_head_json":{"title":"Auguste Cl\u00e9singer (1814-1883), Phryn\u00e9 devant l'A\u00e9ropage, marbre de Carrare &#8211; Tibermont","robots":{"index":"index","follow":"follow","max-snippet":"max-snippet:-1","max-image-preview":"max-image-preview:large","max-video-preview":"max-video-preview:-1"},"canonical":"https:\/\/artibermont.com\/zh-hans\/produit\/clesinger-auguste-phryne\/","og_locale":"zh_CN","og_type":"article","og_title":"Auguste Cl\u00e9singer (1814-1883), Phryn\u00e9 devant l'A\u00e9ropage, marbre de Carrare","og_description":"Jean-Baptiste Cl\u00e9singer dit Auguste Cl\u00e9singer Besan\u00e7on, [&hellip;]","og_url":"https:\/\/artibermont.com\/zh-hans\/produit\/clesinger-auguste-phryne\/","og_site_name":"Tibermont","article_modified_time":"2025-04-01T13:44:26+00:00","og_image":[{"width":1068,"height":1600,"url":"https:\/\/artibermont.com\/wp-content\/uploads\/2022\/04\/TA2100104-0BBD.jpg","type":"image\/jpeg"}],"twitter_card":"summary_large_image","twitter_misc":{"\u9884\u8ba1\u9605\u8bfb\u65f6\u95f4":"3 \u5206"},"schema":{"@context":"https:\/\/schema.org","@graph":[{"@type":"WebPage","@id":"https:\/\/artibermont.com\/zh-hans\/produit\/clesinger-auguste-phryne\/","url":"https:\/\/artibermont.com\/zh-hans\/produit\/clesinger-auguste-phryne\/","name":"Auguste Cl\u00e9singer (1814-1883), Phryn\u00e9 devant l'A\u00e9ropage, marbre de Carrare &#8211; Tibermont","isPartOf":{"@id":"https:\/\/artibermont.com\/zh-hans\/#website"},"primaryImageOfPage":{"@id":"https:\/\/artibermont.com\/zh-hans\/produit\/clesinger-auguste-phryne\/#primaryimage"},"image":{"@id":"https:\/\/artibermont.com\/zh-hans\/produit\/clesinger-auguste-phryne\/#primaryimage"},"thumbnailUrl":"https:\/\/artibermont.com\/wp-content\/uploads\/2022\/04\/TA2100104-0BBD.jpg","datePublished":"2022-04-04T05:10:12+00:00","dateModified":"2025-04-01T13:44:26+00:00","breadcrumb":{"@id":"https:\/\/artibermont.com\/zh-hans\/produit\/clesinger-auguste-phryne\/#breadcrumb"},"inLanguage":"zh-Hans","potentialAction":[{"@type":"ReadAction","target":["https:\/\/artibermont.com\/zh-hans\/produit\/clesinger-auguste-phryne\/"]}]},{"@type":"ImageObject","inLanguage":"zh-Hans","@id":"https:\/\/artibermont.com\/zh-hans\/produit\/clesinger-auguste-phryne\/#primaryimage","url":"https:\/\/artibermont.com\/wp-content\/uploads\/2022\/04\/TA2100104-0BBD.jpg","contentUrl":"https:\/\/artibermont.com\/wp-content\/uploads\/2022\/04\/TA2100104-0BBD.jpg","width":1068,"height":1600},{"@type":"BreadcrumbList","@id":"https:\/\/artibermont.com\/zh-hans\/produit\/clesinger-auguste-phryne\/#breadcrumb","itemListElement":[{"@type":"ListItem","position":1,"name":"Accueil","item":"https:\/\/artibermont.com\/zh-hans\/%e6%ac%a2%e8%bf%8e\/"},{"@type":"ListItem","position":2,"name":"\u5546\u5e97","item":"https:\/\/artibermont.com\/zh-hans\/boutique-2\/"},{"@type":"ListItem","position":3,"name":"Auguste Cl\u00e9singer (1814-1883), Phryn\u00e9 devant l&rsquo;A\u00e9ropage, marbre de Carrare"}]},{"@type":"WebSite","@id":"https:\/\/artibermont.com\/zh-hans\/#website","url":"https:\/\/artibermont.com\/zh-hans\/","name":"Tibermont","description":"252, boulevard Saint Germain, 75007 Paris","publisher":{"@id":"https:\/\/artibermont.com\/zh-hans\/#organization"},"potentialAction":[{"@type":"SearchAction","target":{"@type":"EntryPoint","urlTemplate":"https:\/\/artibermont.com\/zh-hans\/?s={search_term_string}"},"query-input":{"@type":"PropertyValueSpecification","valueRequired":true,"valueName":"search_term_string"}}],"inLanguage":"zh-Hans"},{"@type":"Organization","@id":"https:\/\/artibermont.com\/zh-hans\/#organization","name":"Tibermont Antiquit\u00e9s","url":"https:\/\/artibermont.com\/zh-hans\/","logo":{"@type":"ImageObject","inLanguage":"zh-Hans","@id":"https:\/\/artibermont.com\/zh-hans\/#\/schema\/logo\/image\/","url":"https:\/\/artibermont.com\/wp-content\/uploads\/2021\/12\/Logo-TIBERMONT-white.png","contentUrl":"https:\/\/artibermont.com\/wp-content\/uploads\/2021\/12\/Logo-TIBERMONT-white.png","width":713,"height":196,"caption":"Tibermont Antiquit\u00e9s"},"image":{"@id":"https:\/\/artibermont.com\/zh-hans\/#\/schema\/logo\/image\/"}}]}},"_links":{"self":[{"href":"https:\/\/artibermont.com\/zh-hans\/wp-json\/wp\/v2\/product\/3079","targetHints":{"allow":["GET"]}}],"collection":[{"href":"https:\/\/artibermont.com\/zh-hans\/wp-json\/wp\/v2\/product"}],"about":[{"href":"https:\/\/artibermont.com\/zh-hans\/wp-json\/wp\/v2\/types\/product"}],"replies":[{"embeddable":true,"href":"https:\/\/artibermont.com\/zh-hans\/wp-json\/wp\/v2\/comments?post=3079"}],"version-history":[{"count":4,"href":"https:\/\/artibermont.com\/zh-hans\/wp-json\/wp\/v2\/product\/3079\/revisions"}],"predecessor-version":[{"id":9055,"href":"https:\/\/artibermont.com\/zh-hans\/wp-json\/wp\/v2\/product\/3079\/revisions\/9055"}],"wp:featuredmedia":[{"embeddable":true,"href":"https:\/\/artibermont.com\/zh-hans\/wp-json\/wp\/v2\/media\/9052"}],"wp:attachment":[{"href":"https:\/\/artibermont.com\/zh-hans\/wp-json\/wp\/v2\/media?parent=3079"}],"wp:term":[{"taxonomy":"product_brand","embeddable":true,"href":"https:\/\/artibermont.com\/zh-hans\/wp-json\/wp\/v2\/product_brand?post=3079"},{"taxonomy":"product_cat","embeddable":true,"href":"https:\/\/artibermont.com\/zh-hans\/wp-json\/wp\/v2\/product_cat?post=3079"},{"taxonomy":"product_tag","embeddable":true,"href":"https:\/\/artibermont.com\/zh-hans\/wp-json\/wp\/v2\/product_tag?post=3079"}],"curies":[{"name":"wp","href":"https:\/\/api.w.org\/{rel}","templated":true}]}}