{"id":3080,"date":"2022-04-04T07:10:12","date_gmt":"2022-04-04T05:10:12","guid":{"rendered":"https:\/\/artibermont.com\/?post_type=product&#038;p=3080"},"modified":"2025-04-02T12:41:24","modified_gmt":"2025-04-02T10:41:24","slug":"houdon-jean-antoine-diane-chasseresse","status":"publish","type":"product","link":"https:\/\/artibermont.com\/zh-hans\/produit\/houdon-jean-antoine-diane-chasseresse\/","title":{"rendered":"Jean Antoine Houdon (1741-1828), &#8220;Diane chasseresse &#8221; &#8211; VENDU"},"content":{"rendered":"<p><strong>Jean Antoine Houdon <\/strong>(Versailles, 1741 &#8211; Paris, 1828)<\/p>\n<p>&#8220;Diane chasseresse &#8221;<\/p>\n<p>Bronze \u00e0 patine brune d&#8217;apr\u00e8s le pl\u00e2tre grandeur nature qui fut pr\u00e9sent\u00e9 par le sculpteur dans son atelier en marge du Salon de 1777<br \/>\nBase circulaire \u00e0 gradins ourl\u00e9e d&#8217;une frise de perles en bronze dor\u00e9, pos\u00e9e sur un socle en marbre.<br \/>\nSignature apocryphe en creux sur la base : Houdon<br \/>\nFonte de la fin du 19\u00e8me si\u00e8cle<br \/>\nHauteur : 65 cm<\/p>\n","protected":false},"excerpt":{"rendered":"<p>Jean Antoine Houdon (Versailles, 1741 &#8211; Paris, 18 [&hellip;]<\/p>\n","protected":false},"featured_media":9169,"comment_status":"closed","ping_status":"closed","template":"","meta":{"_acf_changed":false},"product_brand":[],"product_cat":[72,73],"product_tag":[],"class_list":{"0":"post-3080","1":"product","2":"type-product","3":"status-publish","4":"has-post-thumbnail","6":"product_cat-sculptures","7":"product_cat-sculptures-et-oeuvres-art","9":"first","10":"outofstock","11":"taxable","12":"shipping-taxable","13":"product-type-simple"},"acf":[],"yoast_head":"<!-- This site is optimized with the Yoast SEO Premium plugin v19.2.1 (Yoast SEO v27.4) - https:\/\/yoast.com\/product\/yoast-seo-premium-wordpress\/ -->\n<title>Jean Antoine Houdon (1741-1828), &quot;Diane chasseresse &quot; - VENDU &#8211; Tibermont<\/title>\n<meta name=\"robots\" content=\"index, follow, max-snippet:-1, max-image-preview:large, max-video-preview:-1\" \/>\n<link rel=\"canonical\" href=\"https:\/\/artibermont.com\/zh-hans\/produit\/houdon-jean-antoine-diane-chasseresse\/\" \/>\n<meta property=\"og:locale\" content=\"zh_CN\" \/>\n<meta property=\"og:type\" content=\"article\" \/>\n<meta property=\"og:title\" content=\"Jean Antoine Houdon (1741-1828), &quot;Diane chasseresse &quot; - VENDU\" \/>\n<meta property=\"og:description\" content=\"Jean Antoine Houdon (Versailles, 1741 &#8211; Paris, 18 [&hellip;]\" \/>\n<meta property=\"og:url\" content=\"https:\/\/artibermont.com\/zh-hans\/produit\/houdon-jean-antoine-diane-chasseresse\/\" \/>\n<meta property=\"og:site_name\" content=\"Tibermont\" \/>\n<meta property=\"article:modified_time\" content=\"2025-04-02T10:41:24+00:00\" \/>\n<meta property=\"og:image\" content=\"https:\/\/artibermont.com\/wp-content\/uploads\/2022\/04\/TA1700025.jpg\" \/>\n\t<meta property=\"og:image:width\" content=\"517\" \/>\n\t<meta property=\"og:image:height\" content=\"512\" \/>\n\t<meta property=\"og:image:type\" content=\"image\/jpeg\" \/>\n<meta name=\"twitter:card\" content=\"summary_large_image\" \/>\n<meta name=\"twitter:label1\" content=\"\u9884\u8ba1\u9605\u8bfb\u65f6\u95f4\" \/>\n\t<meta name=\"twitter:data1\" content=\"1 \u5206\" \/>\n<script type=\"application\/ld+json\" class=\"yoast-schema-graph\">{\"@context\":\"https:\\\/\\\/schema.org\",\"@graph\":[{\"@type\":\"WebPage\",\"@id\":\"https:\\\/\\\/artibermont.com\\\/zh-hans\\\/produit\\\/houdon-jean-antoine-diane-chasseresse\\\/\",\"url\":\"https:\\\/\\\/artibermont.com\\\/zh-hans\\\/produit\\\/houdon-jean-antoine-diane-chasseresse\\\/\",\"name\":\"Jean Antoine Houdon (1741-1828), \\\"Diane chasseresse \\\" - VENDU &#8211; Tibermont\",\"isPartOf\":{\"@id\":\"https:\\\/\\\/artibermont.com\\\/zh-hans\\\/#website\"},\"primaryImageOfPage\":{\"@id\":\"https:\\\/\\\/artibermont.com\\\/zh-hans\\\/produit\\\/houdon-jean-antoine-diane-chasseresse\\\/#primaryimage\"},\"image\":{\"@id\":\"https:\\\/\\\/artibermont.com\\\/zh-hans\\\/produit\\\/houdon-jean-antoine-diane-chasseresse\\\/#primaryimage\"},\"thumbnailUrl\":\"https:\\\/\\\/artibermont.com\\\/wp-content\\\/uploads\\\/2022\\\/04\\\/TA1700025.jpg\",\"datePublished\":\"2022-04-04T05:10:12+00:00\",\"dateModified\":\"2025-04-02T10:41:24+00:00\",\"breadcrumb\":{\"@id\":\"https:\\\/\\\/artibermont.com\\\/zh-hans\\\/produit\\\/houdon-jean-antoine-diane-chasseresse\\\/#breadcrumb\"},\"inLanguage\":\"zh-Hans\",\"potentialAction\":[{\"@type\":\"ReadAction\",\"target\":[\"https:\\\/\\\/artibermont.com\\\/zh-hans\\\/produit\\\/houdon-jean-antoine-diane-chasseresse\\\/\"]}]},{\"@type\":\"ImageObject\",\"inLanguage\":\"zh-Hans\",\"@id\":\"https:\\\/\\\/artibermont.com\\\/zh-hans\\\/produit\\\/houdon-jean-antoine-diane-chasseresse\\\/#primaryimage\",\"url\":\"https:\\\/\\\/artibermont.com\\\/wp-content\\\/uploads\\\/2022\\\/04\\\/TA1700025.jpg\",\"contentUrl\":\"https:\\\/\\\/artibermont.com\\\/wp-content\\\/uploads\\\/2022\\\/04\\\/TA1700025.jpg\",\"width\":517,\"height\":512},{\"@type\":\"BreadcrumbList\",\"@id\":\"https:\\\/\\\/artibermont.com\\\/zh-hans\\\/produit\\\/houdon-jean-antoine-diane-chasseresse\\\/#breadcrumb\",\"itemListElement\":[{\"@type\":\"ListItem\",\"position\":1,\"name\":\"Accueil\",\"item\":\"https:\\\/\\\/artibermont.com\\\/zh-hans\\\/%e6%ac%a2%e8%bf%8e\\\/\"},{\"@type\":\"ListItem\",\"position\":2,\"name\":\"\u5546\u5e97\",\"item\":\"https:\\\/\\\/artibermont.com\\\/zh-hans\\\/boutique-2\\\/\"},{\"@type\":\"ListItem\",\"position\":3,\"name\":\"Jean Antoine Houdon (1741-1828), \u00ab\u00a0Diane chasseresse \u00a0\u00bb &#8211; VENDU\"}]},{\"@type\":\"WebSite\",\"@id\":\"https:\\\/\\\/artibermont.com\\\/zh-hans\\\/#website\",\"url\":\"https:\\\/\\\/artibermont.com\\\/zh-hans\\\/\",\"name\":\"Tibermont\",\"description\":\"252, boulevard Saint Germain, 75007 Paris\",\"publisher\":{\"@id\":\"https:\\\/\\\/artibermont.com\\\/zh-hans\\\/#organization\"},\"potentialAction\":[{\"@type\":\"SearchAction\",\"target\":{\"@type\":\"EntryPoint\",\"urlTemplate\":\"https:\\\/\\\/artibermont.com\\\/zh-hans\\\/?s={search_term_string}\"},\"query-input\":{\"@type\":\"PropertyValueSpecification\",\"valueRequired\":true,\"valueName\":\"search_term_string\"}}],\"inLanguage\":\"zh-Hans\"},{\"@type\":\"Organization\",\"@id\":\"https:\\\/\\\/artibermont.com\\\/zh-hans\\\/#organization\",\"name\":\"Tibermont Antiquit\u00e9s\",\"url\":\"https:\\\/\\\/artibermont.com\\\/zh-hans\\\/\",\"logo\":{\"@type\":\"ImageObject\",\"inLanguage\":\"zh-Hans\",\"@id\":\"https:\\\/\\\/artibermont.com\\\/zh-hans\\\/#\\\/schema\\\/logo\\\/image\\\/\",\"url\":\"https:\\\/\\\/artibermont.com\\\/wp-content\\\/uploads\\\/2021\\\/12\\\/Logo-TIBERMONT-white.png\",\"contentUrl\":\"https:\\\/\\\/artibermont.com\\\/wp-content\\\/uploads\\\/2021\\\/12\\\/Logo-TIBERMONT-white.png\",\"width\":713,\"height\":196,\"caption\":\"Tibermont Antiquit\u00e9s\"},\"image\":{\"@id\":\"https:\\\/\\\/artibermont.com\\\/zh-hans\\\/#\\\/schema\\\/logo\\\/image\\\/\"}}]}<\/script>\n<!-- \/ Yoast SEO Premium plugin. -->","yoast_head_json":{"title":"Jean Antoine Houdon (1741-1828), \"Diane chasseresse \" - VENDU &#8211; Tibermont","robots":{"index":"index","follow":"follow","max-snippet":"max-snippet:-1","max-image-preview":"max-image-preview:large","max-video-preview":"max-video-preview:-1"},"canonical":"https:\/\/artibermont.com\/zh-hans\/produit\/houdon-jean-antoine-diane-chasseresse\/","og_locale":"zh_CN","og_type":"article","og_title":"Jean Antoine Houdon (1741-1828), \"Diane chasseresse \" - VENDU","og_description":"Jean Antoine Houdon (Versailles, 1741 &#8211; Paris, 18 [&hellip;]","og_url":"https:\/\/artibermont.com\/zh-hans\/produit\/houdon-jean-antoine-diane-chasseresse\/","og_site_name":"Tibermont","article_modified_time":"2025-04-02T10:41:24+00:00","og_image":[{"width":517,"height":512,"url":"https:\/\/artibermont.com\/wp-content\/uploads\/2022\/04\/TA1700025.jpg","type":"image\/jpeg"}],"twitter_card":"summary_large_image","twitter_misc":{"\u9884\u8ba1\u9605\u8bfb\u65f6\u95f4":"1 \u5206"},"schema":{"@context":"https:\/\/schema.org","@graph":[{"@type":"WebPage","@id":"https:\/\/artibermont.com\/zh-hans\/produit\/houdon-jean-antoine-diane-chasseresse\/","url":"https:\/\/artibermont.com\/zh-hans\/produit\/houdon-jean-antoine-diane-chasseresse\/","name":"Jean Antoine Houdon (1741-1828), \"Diane chasseresse \" - VENDU &#8211; Tibermont","isPartOf":{"@id":"https:\/\/artibermont.com\/zh-hans\/#website"},"primaryImageOfPage":{"@id":"https:\/\/artibermont.com\/zh-hans\/produit\/houdon-jean-antoine-diane-chasseresse\/#primaryimage"},"image":{"@id":"https:\/\/artibermont.com\/zh-hans\/produit\/houdon-jean-antoine-diane-chasseresse\/#primaryimage"},"thumbnailUrl":"https:\/\/artibermont.com\/wp-content\/uploads\/2022\/04\/TA1700025.jpg","datePublished":"2022-04-04T05:10:12+00:00","dateModified":"2025-04-02T10:41:24+00:00","breadcrumb":{"@id":"https:\/\/artibermont.com\/zh-hans\/produit\/houdon-jean-antoine-diane-chasseresse\/#breadcrumb"},"inLanguage":"zh-Hans","potentialAction":[{"@type":"ReadAction","target":["https:\/\/artibermont.com\/zh-hans\/produit\/houdon-jean-antoine-diane-chasseresse\/"]}]},{"@type":"ImageObject","inLanguage":"zh-Hans","@id":"https:\/\/artibermont.com\/zh-hans\/produit\/houdon-jean-antoine-diane-chasseresse\/#primaryimage","url":"https:\/\/artibermont.com\/wp-content\/uploads\/2022\/04\/TA1700025.jpg","contentUrl":"https:\/\/artibermont.com\/wp-content\/uploads\/2022\/04\/TA1700025.jpg","width":517,"height":512},{"@type":"BreadcrumbList","@id":"https:\/\/artibermont.com\/zh-hans\/produit\/houdon-jean-antoine-diane-chasseresse\/#breadcrumb","itemListElement":[{"@type":"ListItem","position":1,"name":"Accueil","item":"https:\/\/artibermont.com\/zh-hans\/%e6%ac%a2%e8%bf%8e\/"},{"@type":"ListItem","position":2,"name":"\u5546\u5e97","item":"https:\/\/artibermont.com\/zh-hans\/boutique-2\/"},{"@type":"ListItem","position":3,"name":"Jean Antoine Houdon (1741-1828), \u00ab\u00a0Diane chasseresse \u00a0\u00bb &#8211; VENDU"}]},{"@type":"WebSite","@id":"https:\/\/artibermont.com\/zh-hans\/#website","url":"https:\/\/artibermont.com\/zh-hans\/","name":"Tibermont","description":"252, boulevard Saint Germain, 75007 Paris","publisher":{"@id":"https:\/\/artibermont.com\/zh-hans\/#organization"},"potentialAction":[{"@type":"SearchAction","target":{"@type":"EntryPoint","urlTemplate":"https:\/\/artibermont.com\/zh-hans\/?s={search_term_string}"},"query-input":{"@type":"PropertyValueSpecification","valueRequired":true,"valueName":"search_term_string"}}],"inLanguage":"zh-Hans"},{"@type":"Organization","@id":"https:\/\/artibermont.com\/zh-hans\/#organization","name":"Tibermont Antiquit\u00e9s","url":"https:\/\/artibermont.com\/zh-hans\/","logo":{"@type":"ImageObject","inLanguage":"zh-Hans","@id":"https:\/\/artibermont.com\/zh-hans\/#\/schema\/logo\/image\/","url":"https:\/\/artibermont.com\/wp-content\/uploads\/2021\/12\/Logo-TIBERMONT-white.png","contentUrl":"https:\/\/artibermont.com\/wp-content\/uploads\/2021\/12\/Logo-TIBERMONT-white.png","width":713,"height":196,"caption":"Tibermont Antiquit\u00e9s"},"image":{"@id":"https:\/\/artibermont.com\/zh-hans\/#\/schema\/logo\/image\/"}}]}},"_links":{"self":[{"href":"https:\/\/artibermont.com\/zh-hans\/wp-json\/wp\/v2\/product\/3080","targetHints":{"allow":["GET"]}}],"collection":[{"href":"https:\/\/artibermont.com\/zh-hans\/wp-json\/wp\/v2\/product"}],"about":[{"href":"https:\/\/artibermont.com\/zh-hans\/wp-json\/wp\/v2\/types\/product"}],"replies":[{"embeddable":true,"href":"https:\/\/artibermont.com\/zh-hans\/wp-json\/wp\/v2\/comments?post=3080"}],"version-history":[{"count":4,"href":"https:\/\/artibermont.com\/zh-hans\/wp-json\/wp\/v2\/product\/3080\/revisions"}],"predecessor-version":[{"id":3681,"href":"https:\/\/artibermont.com\/zh-hans\/wp-json\/wp\/v2\/product\/3080\/revisions\/3681"}],"wp:featuredmedia":[{"embeddable":true,"href":"https:\/\/artibermont.com\/zh-hans\/wp-json\/wp\/v2\/media\/9169"}],"wp:attachment":[{"href":"https:\/\/artibermont.com\/zh-hans\/wp-json\/wp\/v2\/media?parent=3080"}],"wp:term":[{"taxonomy":"product_brand","embeddable":true,"href":"https:\/\/artibermont.com\/zh-hans\/wp-json\/wp\/v2\/product_brand?post=3080"},{"taxonomy":"product_cat","embeddable":true,"href":"https:\/\/artibermont.com\/zh-hans\/wp-json\/wp\/v2\/product_cat?post=3080"},{"taxonomy":"product_tag","embeddable":true,"href":"https:\/\/artibermont.com\/zh-hans\/wp-json\/wp\/v2\/product_tag?post=3080"}],"curies":[{"name":"wp","href":"https:\/\/api.w.org\/{rel}","templated":true}]}}