{"id":3188,"date":"2022-04-04T07:10:55","date_gmt":"2022-04-04T05:10:55","guid":{"rendered":"https:\/\/artibermont.com\/?post_type=product&#038;p=3188"},"modified":"2025-01-15T16:50:49","modified_gmt":"2025-01-15T15:50:49","slug":"paire-de-grands-vases-chinois","status":"publish","type":"product","link":"https:\/\/artibermont.com\/zh-hans\/produit\/paire-de-grands-vases-chinois\/","title":{"rendered":"Paire de vases en porcelaine de Chine \u00e0 d\u00e9cor floral, d\u2019oiseaux, et de papillons"},"content":{"rendered":"<p>Paire de vases en porcelaine \u00e0 d\u00e9cor floral, d\u2019oiseaux, et de papillons, dans deux cartouches, et semi de v\u00e9g\u00e9taux stylis\u00e9s sur fond noir. Sur l\u2019\u00e9paule, frise de papillons volants sur fond jaune, scand\u00e9e de quatre cartouches figurant des oiseaux dans un marais. Sur le col, deux grands cartouches \u00e0 d\u00e9cor de fleurs et rochers.<br \/>\nPos\u00e9 sur un socle en bois avec incrustations de nacre.<br \/>\n1er tiers du 20\u00e8me si\u00e8cle<br \/>\nHauteur : 157 cm (sans socle) &amp; 194 cm (avec socle)<\/p>\n","protected":false},"excerpt":{"rendered":"<p>Paire de vases en porcelaine \u00e0 d\u00e9cor floral, d\u2019oiseaux, [&hellip;]<\/p>\n","protected":false},"featured_media":8689,"comment_status":"closed","ping_status":"closed","template":"","meta":{"_acf_changed":false},"product_brand":[],"product_cat":[22],"product_tag":[],"class_list":{"0":"post-3188","1":"product","2":"type-product","3":"status-publish","4":"has-post-thumbnail","6":"product_cat-ceramique-et-verrerie","8":"first","9":"instock","10":"taxable","11":"shipping-taxable","12":"purchasable","13":"product-type-simple"},"acf":[],"yoast_head":"<!-- This site is optimized with the Yoast SEO Premium plugin v19.2.1 (Yoast SEO v27.3) - https:\/\/yoast.com\/product\/yoast-seo-premium-wordpress\/ -->\n<title>Paire de vases en porcelaine de Chine \u00e0 d\u00e9cor floral, d\u2019oiseaux, et de papillons &#8211; Tibermont<\/title>\n<meta name=\"robots\" content=\"index, follow, max-snippet:-1, max-image-preview:large, max-video-preview:-1\" \/>\n<link rel=\"canonical\" href=\"https:\/\/artibermont.com\/zh-hans\/produit\/paire-de-grands-vases-chinois\/\" \/>\n<meta property=\"og:locale\" content=\"zh_CN\" \/>\n<meta property=\"og:type\" content=\"article\" \/>\n<meta property=\"og:title\" content=\"Paire de vases en porcelaine de Chine \u00e0 d\u00e9cor floral, d\u2019oiseaux, et de papillons\" \/>\n<meta property=\"og:description\" content=\"Paire de vases en porcelaine \u00e0 d\u00e9cor floral, d\u2019oiseaux, [&hellip;]\" \/>\n<meta property=\"og:url\" content=\"https:\/\/artibermont.com\/zh-hans\/produit\/paire-de-grands-vases-chinois\/\" \/>\n<meta property=\"og:site_name\" content=\"Tibermont\" \/>\n<meta property=\"article:modified_time\" content=\"2025-01-15T15:50:49+00:00\" \/>\n<meta property=\"og:image\" content=\"https:\/\/artibermont.com\/wp-content\/uploads\/2022\/04\/TA1900084-1BD.jpg\" \/>\n\t<meta property=\"og:image:width\" content=\"1\" \/>\n\t<meta property=\"og:image:height\" content=\"1\" \/>\n\t<meta property=\"og:image:type\" content=\"image\/jpeg\" \/>\n<meta name=\"twitter:card\" content=\"summary_large_image\" \/>\n<meta name=\"twitter:label1\" content=\"\u9884\u8ba1\u9605\u8bfb\u65f6\u95f4\" \/>\n\t<meta name=\"twitter:data1\" content=\"1 \u5206\" \/>\n<script type=\"application\/ld+json\" class=\"yoast-schema-graph\">{\"@context\":\"https:\\\/\\\/schema.org\",\"@graph\":[{\"@type\":\"WebPage\",\"@id\":\"https:\\\/\\\/artibermont.com\\\/zh-hans\\\/produit\\\/paire-de-grands-vases-chinois\\\/\",\"url\":\"https:\\\/\\\/artibermont.com\\\/zh-hans\\\/produit\\\/paire-de-grands-vases-chinois\\\/\",\"name\":\"Paire de vases en porcelaine de Chine \u00e0 d\u00e9cor floral, d\u2019oiseaux, et de papillons &#8211; Tibermont\",\"isPartOf\":{\"@id\":\"https:\\\/\\\/artibermont.com\\\/zh-hans\\\/#website\"},\"primaryImageOfPage\":{\"@id\":\"https:\\\/\\\/artibermont.com\\\/zh-hans\\\/produit\\\/paire-de-grands-vases-chinois\\\/#primaryimage\"},\"image\":{\"@id\":\"https:\\\/\\\/artibermont.com\\\/zh-hans\\\/produit\\\/paire-de-grands-vases-chinois\\\/#primaryimage\"},\"thumbnailUrl\":\"https:\\\/\\\/artibermont.com\\\/wp-content\\\/uploads\\\/2022\\\/04\\\/TA1900084-1BD.jpg\",\"datePublished\":\"2022-04-04T05:10:55+00:00\",\"dateModified\":\"2025-01-15T15:50:49+00:00\",\"breadcrumb\":{\"@id\":\"https:\\\/\\\/artibermont.com\\\/zh-hans\\\/produit\\\/paire-de-grands-vases-chinois\\\/#breadcrumb\"},\"inLanguage\":\"zh-Hans\",\"potentialAction\":[{\"@type\":\"ReadAction\",\"target\":[\"https:\\\/\\\/artibermont.com\\\/zh-hans\\\/produit\\\/paire-de-grands-vases-chinois\\\/\"]}]},{\"@type\":\"ImageObject\",\"inLanguage\":\"zh-Hans\",\"@id\":\"https:\\\/\\\/artibermont.com\\\/zh-hans\\\/produit\\\/paire-de-grands-vases-chinois\\\/#primaryimage\",\"url\":\"https:\\\/\\\/artibermont.com\\\/wp-content\\\/uploads\\\/2022\\\/04\\\/TA1900084-1BD.jpg\",\"contentUrl\":\"https:\\\/\\\/artibermont.com\\\/wp-content\\\/uploads\\\/2022\\\/04\\\/TA1900084-1BD.jpg\"},{\"@type\":\"BreadcrumbList\",\"@id\":\"https:\\\/\\\/artibermont.com\\\/zh-hans\\\/produit\\\/paire-de-grands-vases-chinois\\\/#breadcrumb\",\"itemListElement\":[{\"@type\":\"ListItem\",\"position\":1,\"name\":\"Accueil\",\"item\":\"https:\\\/\\\/artibermont.com\\\/zh-hans\\\/%e6%ac%a2%e8%bf%8e\\\/\"},{\"@type\":\"ListItem\",\"position\":2,\"name\":\"\u5546\u5e97\",\"item\":\"https:\\\/\\\/artibermont.com\\\/zh-hans\\\/boutique-2\\\/\"},{\"@type\":\"ListItem\",\"position\":3,\"name\":\"Paire de vases en porcelaine de Chine \u00e0 d\u00e9cor floral, d\u2019oiseaux, et de papillons\"}]},{\"@type\":\"WebSite\",\"@id\":\"https:\\\/\\\/artibermont.com\\\/zh-hans\\\/#website\",\"url\":\"https:\\\/\\\/artibermont.com\\\/zh-hans\\\/\",\"name\":\"Tibermont\",\"description\":\"252, boulevard Saint Germain, 75007 Paris\",\"publisher\":{\"@id\":\"https:\\\/\\\/artibermont.com\\\/zh-hans\\\/#organization\"},\"potentialAction\":[{\"@type\":\"SearchAction\",\"target\":{\"@type\":\"EntryPoint\",\"urlTemplate\":\"https:\\\/\\\/artibermont.com\\\/zh-hans\\\/?s={search_term_string}\"},\"query-input\":{\"@type\":\"PropertyValueSpecification\",\"valueRequired\":true,\"valueName\":\"search_term_string\"}}],\"inLanguage\":\"zh-Hans\"},{\"@type\":\"Organization\",\"@id\":\"https:\\\/\\\/artibermont.com\\\/zh-hans\\\/#organization\",\"name\":\"Tibermont Antiquit\u00e9s\",\"url\":\"https:\\\/\\\/artibermont.com\\\/zh-hans\\\/\",\"logo\":{\"@type\":\"ImageObject\",\"inLanguage\":\"zh-Hans\",\"@id\":\"https:\\\/\\\/artibermont.com\\\/zh-hans\\\/#\\\/schema\\\/logo\\\/image\\\/\",\"url\":\"https:\\\/\\\/artibermont.com\\\/wp-content\\\/uploads\\\/2021\\\/12\\\/Logo-TIBERMONT-white.png\",\"contentUrl\":\"https:\\\/\\\/artibermont.com\\\/wp-content\\\/uploads\\\/2021\\\/12\\\/Logo-TIBERMONT-white.png\",\"width\":713,\"height\":196,\"caption\":\"Tibermont Antiquit\u00e9s\"},\"image\":{\"@id\":\"https:\\\/\\\/artibermont.com\\\/zh-hans\\\/#\\\/schema\\\/logo\\\/image\\\/\"}}]}<\/script>\n<!-- \/ Yoast SEO Premium plugin. -->","yoast_head_json":{"title":"Paire de vases en porcelaine de Chine \u00e0 d\u00e9cor floral, d\u2019oiseaux, et de papillons &#8211; Tibermont","robots":{"index":"index","follow":"follow","max-snippet":"max-snippet:-1","max-image-preview":"max-image-preview:large","max-video-preview":"max-video-preview:-1"},"canonical":"https:\/\/artibermont.com\/zh-hans\/produit\/paire-de-grands-vases-chinois\/","og_locale":"zh_CN","og_type":"article","og_title":"Paire de vases en porcelaine de Chine \u00e0 d\u00e9cor floral, d\u2019oiseaux, et de papillons","og_description":"Paire de vases en porcelaine \u00e0 d\u00e9cor floral, d\u2019oiseaux, [&hellip;]","og_url":"https:\/\/artibermont.com\/zh-hans\/produit\/paire-de-grands-vases-chinois\/","og_site_name":"Tibermont","article_modified_time":"2025-01-15T15:50:49+00:00","og_image":[{"url":"https:\/\/artibermont.com\/wp-content\/uploads\/2022\/04\/TA1900084-1BD.jpg","width":1,"height":1,"type":"image\/jpeg"}],"twitter_card":"summary_large_image","twitter_misc":{"\u9884\u8ba1\u9605\u8bfb\u65f6\u95f4":"1 \u5206"},"schema":{"@context":"https:\/\/schema.org","@graph":[{"@type":"WebPage","@id":"https:\/\/artibermont.com\/zh-hans\/produit\/paire-de-grands-vases-chinois\/","url":"https:\/\/artibermont.com\/zh-hans\/produit\/paire-de-grands-vases-chinois\/","name":"Paire de vases en porcelaine de Chine \u00e0 d\u00e9cor floral, d\u2019oiseaux, et de papillons &#8211; Tibermont","isPartOf":{"@id":"https:\/\/artibermont.com\/zh-hans\/#website"},"primaryImageOfPage":{"@id":"https:\/\/artibermont.com\/zh-hans\/produit\/paire-de-grands-vases-chinois\/#primaryimage"},"image":{"@id":"https:\/\/artibermont.com\/zh-hans\/produit\/paire-de-grands-vases-chinois\/#primaryimage"},"thumbnailUrl":"https:\/\/artibermont.com\/wp-content\/uploads\/2022\/04\/TA1900084-1BD.jpg","datePublished":"2022-04-04T05:10:55+00:00","dateModified":"2025-01-15T15:50:49+00:00","breadcrumb":{"@id":"https:\/\/artibermont.com\/zh-hans\/produit\/paire-de-grands-vases-chinois\/#breadcrumb"},"inLanguage":"zh-Hans","potentialAction":[{"@type":"ReadAction","target":["https:\/\/artibermont.com\/zh-hans\/produit\/paire-de-grands-vases-chinois\/"]}]},{"@type":"ImageObject","inLanguage":"zh-Hans","@id":"https:\/\/artibermont.com\/zh-hans\/produit\/paire-de-grands-vases-chinois\/#primaryimage","url":"https:\/\/artibermont.com\/wp-content\/uploads\/2022\/04\/TA1900084-1BD.jpg","contentUrl":"https:\/\/artibermont.com\/wp-content\/uploads\/2022\/04\/TA1900084-1BD.jpg"},{"@type":"BreadcrumbList","@id":"https:\/\/artibermont.com\/zh-hans\/produit\/paire-de-grands-vases-chinois\/#breadcrumb","itemListElement":[{"@type":"ListItem","position":1,"name":"Accueil","item":"https:\/\/artibermont.com\/zh-hans\/%e6%ac%a2%e8%bf%8e\/"},{"@type":"ListItem","position":2,"name":"\u5546\u5e97","item":"https:\/\/artibermont.com\/zh-hans\/boutique-2\/"},{"@type":"ListItem","position":3,"name":"Paire de vases en porcelaine de Chine \u00e0 d\u00e9cor floral, d\u2019oiseaux, et de papillons"}]},{"@type":"WebSite","@id":"https:\/\/artibermont.com\/zh-hans\/#website","url":"https:\/\/artibermont.com\/zh-hans\/","name":"Tibermont","description":"252, boulevard Saint Germain, 75007 Paris","publisher":{"@id":"https:\/\/artibermont.com\/zh-hans\/#organization"},"potentialAction":[{"@type":"SearchAction","target":{"@type":"EntryPoint","urlTemplate":"https:\/\/artibermont.com\/zh-hans\/?s={search_term_string}"},"query-input":{"@type":"PropertyValueSpecification","valueRequired":true,"valueName":"search_term_string"}}],"inLanguage":"zh-Hans"},{"@type":"Organization","@id":"https:\/\/artibermont.com\/zh-hans\/#organization","name":"Tibermont Antiquit\u00e9s","url":"https:\/\/artibermont.com\/zh-hans\/","logo":{"@type":"ImageObject","inLanguage":"zh-Hans","@id":"https:\/\/artibermont.com\/zh-hans\/#\/schema\/logo\/image\/","url":"https:\/\/artibermont.com\/wp-content\/uploads\/2021\/12\/Logo-TIBERMONT-white.png","contentUrl":"https:\/\/artibermont.com\/wp-content\/uploads\/2021\/12\/Logo-TIBERMONT-white.png","width":713,"height":196,"caption":"Tibermont Antiquit\u00e9s"},"image":{"@id":"https:\/\/artibermont.com\/zh-hans\/#\/schema\/logo\/image\/"}}]}},"_links":{"self":[{"href":"https:\/\/artibermont.com\/zh-hans\/wp-json\/wp\/v2\/product\/3188","targetHints":{"allow":["GET"]}}],"collection":[{"href":"https:\/\/artibermont.com\/zh-hans\/wp-json\/wp\/v2\/product"}],"about":[{"href":"https:\/\/artibermont.com\/zh-hans\/wp-json\/wp\/v2\/types\/product"}],"replies":[{"embeddable":true,"href":"https:\/\/artibermont.com\/zh-hans\/wp-json\/wp\/v2\/comments?post=3188"}],"version-history":[{"count":5,"href":"https:\/\/artibermont.com\/zh-hans\/wp-json\/wp\/v2\/product\/3188\/revisions"}],"predecessor-version":[{"id":4514,"href":"https:\/\/artibermont.com\/zh-hans\/wp-json\/wp\/v2\/product\/3188\/revisions\/4514"}],"wp:featuredmedia":[{"embeddable":true,"href":"https:\/\/artibermont.com\/zh-hans\/wp-json\/wp\/v2\/media\/8689"}],"wp:attachment":[{"href":"https:\/\/artibermont.com\/zh-hans\/wp-json\/wp\/v2\/media?parent=3188"}],"wp:term":[{"taxonomy":"product_brand","embeddable":true,"href":"https:\/\/artibermont.com\/zh-hans\/wp-json\/wp\/v2\/product_brand?post=3188"},{"taxonomy":"product_cat","embeddable":true,"href":"https:\/\/artibermont.com\/zh-hans\/wp-json\/wp\/v2\/product_cat?post=3188"},{"taxonomy":"product_tag","embeddable":true,"href":"https:\/\/artibermont.com\/zh-hans\/wp-json\/wp\/v2\/product_tag?post=3188"}],"curies":[{"name":"wp","href":"https:\/\/api.w.org\/{rel}","templated":true}]}}