{"id":3876,"date":"2022-08-25T15:31:47","date_gmt":"2022-08-25T13:31:47","guid":{"rendered":"https:\/\/artibermont.com\/?post_type=product&#038;p=3876"},"modified":"2025-01-14T16:40:03","modified_gmt":"2025-01-14T15:40:03","slug":"pieter-bout-1658-1719-attribue-a-vue-de-paris-vue-de-la-tour-de-nesle-et-du-pont-neuf","status":"publish","type":"product","link":"https:\/\/artibermont.com\/zh-hans\/produit\/pieter-bout-1658-1719-attribue-a-vue-de-paris-vue-de-la-tour-de-nesle-et-du-pont-neuf\/","title":{"rendered":"Pieter Bout (1658 -1719) (Attribu\u00e9 \u00e0), Vue de Paris : vue de la tour de Nesle et du Pont Neuf &#8211; VENDU"},"content":{"rendered":"<p>Pieter Bout (1658 -1719) (Attribu\u00e9 \u00e0)<\/p>\n<p>Vue de Paris : vue de la tour de Nesle et du Pont Neuf<\/p>\n<p>Vers 1700<\/p>\n<p>Huile sur toile<\/p>\n<p>115 x 156,5 cm (avec cadre) et 99,5 x 141 cm (sans cadre)<\/p>\n<p>Au revers de chaque tableau, une \u00e9tiquette du Getty Museum<\/p>\n","protected":false},"excerpt":{"rendered":"<p>Pieter Bout (1658 -1719) (Attribu\u00e9 \u00e0) Vue de Paris : vu [&hellip;]<\/p>\n","protected":false},"featured_media":8352,"comment_status":"open","ping_status":"closed","template":"","meta":{"_acf_changed":false},"product_brand":[],"product_cat":[20],"product_tag":[],"class_list":{"0":"post-3876","1":"product","2":"type-product","3":"status-publish","4":"has-post-thumbnail","6":"product_cat-peintures-et-dessins","8":"first","9":"outofstock","10":"taxable","11":"shipping-taxable","12":"product-type-simple"},"acf":[],"yoast_head":"<!-- This site is optimized with the Yoast SEO Premium plugin v19.2.1 (Yoast SEO v27.4) - https:\/\/yoast.com\/product\/yoast-seo-premium-wordpress\/ -->\n<title>Pieter Bout (1658 -1719) (Attribu\u00e9 \u00e0), Vue de Paris : vue de la tour de Nesle et du Pont Neuf - VENDU &#8211; Tibermont<\/title>\n<meta name=\"robots\" content=\"index, follow, max-snippet:-1, max-image-preview:large, max-video-preview:-1\" \/>\n<link rel=\"canonical\" href=\"https:\/\/artibermont.com\/zh-hans\/produit\/pieter-bout-1658-1719-attribue-a-vue-de-paris-vue-de-la-tour-de-nesle-et-du-pont-neuf\/\" \/>\n<meta property=\"og:locale\" content=\"zh_CN\" \/>\n<meta property=\"og:type\" content=\"article\" \/>\n<meta property=\"og:title\" content=\"Pieter Bout (1658 -1719) (Attribu\u00e9 \u00e0), Vue de Paris : vue de la tour de Nesle et du Pont Neuf - VENDU\" \/>\n<meta property=\"og:description\" content=\"Pieter Bout (1658 -1719) (Attribu\u00e9 \u00e0) Vue de Paris : vu [&hellip;]\" \/>\n<meta property=\"og:url\" content=\"https:\/\/artibermont.com\/zh-hans\/produit\/pieter-bout-1658-1719-attribue-a-vue-de-paris-vue-de-la-tour-de-nesle-et-du-pont-neuf\/\" \/>\n<meta property=\"og:site_name\" content=\"Tibermont\" \/>\n<meta property=\"article:modified_time\" content=\"2025-01-14T15:40:03+00:00\" \/>\n<meta property=\"og:image\" content=\"https:\/\/artibermont.com\/wp-content\/uploads\/2022\/08\/TA2000165MD-1.jpg\" \/>\n\t<meta property=\"og:image:width\" content=\"2000\" \/>\n\t<meta property=\"og:image:height\" content=\"1441\" \/>\n\t<meta property=\"og:image:type\" content=\"image\/jpeg\" \/>\n<meta name=\"twitter:card\" content=\"summary_large_image\" \/>\n<meta name=\"twitter:label1\" content=\"\u9884\u8ba1\u9605\u8bfb\u65f6\u95f4\" \/>\n\t<meta name=\"twitter:data1\" content=\"1 \u5206\" \/>\n<script type=\"application\/ld+json\" class=\"yoast-schema-graph\">{\"@context\":\"https:\\\/\\\/schema.org\",\"@graph\":[{\"@type\":\"WebPage\",\"@id\":\"https:\\\/\\\/artibermont.com\\\/zh-hans\\\/produit\\\/pieter-bout-1658-1719-attribue-a-vue-de-paris-vue-de-la-tour-de-nesle-et-du-pont-neuf\\\/\",\"url\":\"https:\\\/\\\/artibermont.com\\\/zh-hans\\\/produit\\\/pieter-bout-1658-1719-attribue-a-vue-de-paris-vue-de-la-tour-de-nesle-et-du-pont-neuf\\\/\",\"name\":\"Pieter Bout (1658 -1719) (Attribu\u00e9 \u00e0), Vue de Paris : vue de la tour de Nesle et du Pont Neuf - VENDU &#8211; Tibermont\",\"isPartOf\":{\"@id\":\"https:\\\/\\\/artibermont.com\\\/zh-hans\\\/#website\"},\"primaryImageOfPage\":{\"@id\":\"https:\\\/\\\/artibermont.com\\\/zh-hans\\\/produit\\\/pieter-bout-1658-1719-attribue-a-vue-de-paris-vue-de-la-tour-de-nesle-et-du-pont-neuf\\\/#primaryimage\"},\"image\":{\"@id\":\"https:\\\/\\\/artibermont.com\\\/zh-hans\\\/produit\\\/pieter-bout-1658-1719-attribue-a-vue-de-paris-vue-de-la-tour-de-nesle-et-du-pont-neuf\\\/#primaryimage\"},\"thumbnailUrl\":\"https:\\\/\\\/artibermont.com\\\/wp-content\\\/uploads\\\/2022\\\/08\\\/TA2000165MD-1.jpg\",\"datePublished\":\"2022-08-25T13:31:47+00:00\",\"dateModified\":\"2025-01-14T15:40:03+00:00\",\"breadcrumb\":{\"@id\":\"https:\\\/\\\/artibermont.com\\\/zh-hans\\\/produit\\\/pieter-bout-1658-1719-attribue-a-vue-de-paris-vue-de-la-tour-de-nesle-et-du-pont-neuf\\\/#breadcrumb\"},\"inLanguage\":\"zh-Hans\",\"potentialAction\":[{\"@type\":\"ReadAction\",\"target\":[\"https:\\\/\\\/artibermont.com\\\/zh-hans\\\/produit\\\/pieter-bout-1658-1719-attribue-a-vue-de-paris-vue-de-la-tour-de-nesle-et-du-pont-neuf\\\/\"]}]},{\"@type\":\"ImageObject\",\"inLanguage\":\"zh-Hans\",\"@id\":\"https:\\\/\\\/artibermont.com\\\/zh-hans\\\/produit\\\/pieter-bout-1658-1719-attribue-a-vue-de-paris-vue-de-la-tour-de-nesle-et-du-pont-neuf\\\/#primaryimage\",\"url\":\"https:\\\/\\\/artibermont.com\\\/wp-content\\\/uploads\\\/2022\\\/08\\\/TA2000165MD-1.jpg\",\"contentUrl\":\"https:\\\/\\\/artibermont.com\\\/wp-content\\\/uploads\\\/2022\\\/08\\\/TA2000165MD-1.jpg\",\"width\":2000,\"height\":1441},{\"@type\":\"BreadcrumbList\",\"@id\":\"https:\\\/\\\/artibermont.com\\\/zh-hans\\\/produit\\\/pieter-bout-1658-1719-attribue-a-vue-de-paris-vue-de-la-tour-de-nesle-et-du-pont-neuf\\\/#breadcrumb\",\"itemListElement\":[{\"@type\":\"ListItem\",\"position\":1,\"name\":\"Accueil\",\"item\":\"https:\\\/\\\/artibermont.com\\\/zh-hans\\\/%e6%ac%a2%e8%bf%8e\\\/\"},{\"@type\":\"ListItem\",\"position\":2,\"name\":\"\u5546\u5e97\",\"item\":\"https:\\\/\\\/artibermont.com\\\/zh-hans\\\/boutique-2\\\/\"},{\"@type\":\"ListItem\",\"position\":3,\"name\":\"Pieter Bout (1658 -1719) (Attribu\u00e9 \u00e0), Vue de Paris : vue de la tour de Nesle et du Pont Neuf &#8211; VENDU\"}]},{\"@type\":\"WebSite\",\"@id\":\"https:\\\/\\\/artibermont.com\\\/zh-hans\\\/#website\",\"url\":\"https:\\\/\\\/artibermont.com\\\/zh-hans\\\/\",\"name\":\"Tibermont\",\"description\":\"252, boulevard Saint Germain, 75007 Paris\",\"publisher\":{\"@id\":\"https:\\\/\\\/artibermont.com\\\/zh-hans\\\/#organization\"},\"potentialAction\":[{\"@type\":\"SearchAction\",\"target\":{\"@type\":\"EntryPoint\",\"urlTemplate\":\"https:\\\/\\\/artibermont.com\\\/zh-hans\\\/?s={search_term_string}\"},\"query-input\":{\"@type\":\"PropertyValueSpecification\",\"valueRequired\":true,\"valueName\":\"search_term_string\"}}],\"inLanguage\":\"zh-Hans\"},{\"@type\":\"Organization\",\"@id\":\"https:\\\/\\\/artibermont.com\\\/zh-hans\\\/#organization\",\"name\":\"Tibermont Antiquit\u00e9s\",\"url\":\"https:\\\/\\\/artibermont.com\\\/zh-hans\\\/\",\"logo\":{\"@type\":\"ImageObject\",\"inLanguage\":\"zh-Hans\",\"@id\":\"https:\\\/\\\/artibermont.com\\\/zh-hans\\\/#\\\/schema\\\/logo\\\/image\\\/\",\"url\":\"https:\\\/\\\/artibermont.com\\\/wp-content\\\/uploads\\\/2021\\\/12\\\/Logo-TIBERMONT-white.png\",\"contentUrl\":\"https:\\\/\\\/artibermont.com\\\/wp-content\\\/uploads\\\/2021\\\/12\\\/Logo-TIBERMONT-white.png\",\"width\":713,\"height\":196,\"caption\":\"Tibermont Antiquit\u00e9s\"},\"image\":{\"@id\":\"https:\\\/\\\/artibermont.com\\\/zh-hans\\\/#\\\/schema\\\/logo\\\/image\\\/\"}}]}<\/script>\n<!-- \/ Yoast SEO Premium plugin. -->","yoast_head_json":{"title":"Pieter Bout (1658 -1719) (Attribu\u00e9 \u00e0), Vue de Paris : vue de la tour de Nesle et du Pont Neuf - VENDU &#8211; Tibermont","robots":{"index":"index","follow":"follow","max-snippet":"max-snippet:-1","max-image-preview":"max-image-preview:large","max-video-preview":"max-video-preview:-1"},"canonical":"https:\/\/artibermont.com\/zh-hans\/produit\/pieter-bout-1658-1719-attribue-a-vue-de-paris-vue-de-la-tour-de-nesle-et-du-pont-neuf\/","og_locale":"zh_CN","og_type":"article","og_title":"Pieter Bout (1658 -1719) (Attribu\u00e9 \u00e0), Vue de Paris : vue de la tour de Nesle et du Pont Neuf - VENDU","og_description":"Pieter Bout (1658 -1719) (Attribu\u00e9 \u00e0) Vue de Paris : vu [&hellip;]","og_url":"https:\/\/artibermont.com\/zh-hans\/produit\/pieter-bout-1658-1719-attribue-a-vue-de-paris-vue-de-la-tour-de-nesle-et-du-pont-neuf\/","og_site_name":"Tibermont","article_modified_time":"2025-01-14T15:40:03+00:00","og_image":[{"width":2000,"height":1441,"url":"https:\/\/artibermont.com\/wp-content\/uploads\/2022\/08\/TA2000165MD-1.jpg","type":"image\/jpeg"}],"twitter_card":"summary_large_image","twitter_misc":{"\u9884\u8ba1\u9605\u8bfb\u65f6\u95f4":"1 \u5206"},"schema":{"@context":"https:\/\/schema.org","@graph":[{"@type":"WebPage","@id":"https:\/\/artibermont.com\/zh-hans\/produit\/pieter-bout-1658-1719-attribue-a-vue-de-paris-vue-de-la-tour-de-nesle-et-du-pont-neuf\/","url":"https:\/\/artibermont.com\/zh-hans\/produit\/pieter-bout-1658-1719-attribue-a-vue-de-paris-vue-de-la-tour-de-nesle-et-du-pont-neuf\/","name":"Pieter Bout (1658 -1719) (Attribu\u00e9 \u00e0), Vue de Paris : vue de la tour de Nesle et du Pont Neuf - VENDU &#8211; Tibermont","isPartOf":{"@id":"https:\/\/artibermont.com\/zh-hans\/#website"},"primaryImageOfPage":{"@id":"https:\/\/artibermont.com\/zh-hans\/produit\/pieter-bout-1658-1719-attribue-a-vue-de-paris-vue-de-la-tour-de-nesle-et-du-pont-neuf\/#primaryimage"},"image":{"@id":"https:\/\/artibermont.com\/zh-hans\/produit\/pieter-bout-1658-1719-attribue-a-vue-de-paris-vue-de-la-tour-de-nesle-et-du-pont-neuf\/#primaryimage"},"thumbnailUrl":"https:\/\/artibermont.com\/wp-content\/uploads\/2022\/08\/TA2000165MD-1.jpg","datePublished":"2022-08-25T13:31:47+00:00","dateModified":"2025-01-14T15:40:03+00:00","breadcrumb":{"@id":"https:\/\/artibermont.com\/zh-hans\/produit\/pieter-bout-1658-1719-attribue-a-vue-de-paris-vue-de-la-tour-de-nesle-et-du-pont-neuf\/#breadcrumb"},"inLanguage":"zh-Hans","potentialAction":[{"@type":"ReadAction","target":["https:\/\/artibermont.com\/zh-hans\/produit\/pieter-bout-1658-1719-attribue-a-vue-de-paris-vue-de-la-tour-de-nesle-et-du-pont-neuf\/"]}]},{"@type":"ImageObject","inLanguage":"zh-Hans","@id":"https:\/\/artibermont.com\/zh-hans\/produit\/pieter-bout-1658-1719-attribue-a-vue-de-paris-vue-de-la-tour-de-nesle-et-du-pont-neuf\/#primaryimage","url":"https:\/\/artibermont.com\/wp-content\/uploads\/2022\/08\/TA2000165MD-1.jpg","contentUrl":"https:\/\/artibermont.com\/wp-content\/uploads\/2022\/08\/TA2000165MD-1.jpg","width":2000,"height":1441},{"@type":"BreadcrumbList","@id":"https:\/\/artibermont.com\/zh-hans\/produit\/pieter-bout-1658-1719-attribue-a-vue-de-paris-vue-de-la-tour-de-nesle-et-du-pont-neuf\/#breadcrumb","itemListElement":[{"@type":"ListItem","position":1,"name":"Accueil","item":"https:\/\/artibermont.com\/zh-hans\/%e6%ac%a2%e8%bf%8e\/"},{"@type":"ListItem","position":2,"name":"\u5546\u5e97","item":"https:\/\/artibermont.com\/zh-hans\/boutique-2\/"},{"@type":"ListItem","position":3,"name":"Pieter Bout (1658 -1719) (Attribu\u00e9 \u00e0), Vue de Paris : vue de la tour de Nesle et du Pont Neuf &#8211; VENDU"}]},{"@type":"WebSite","@id":"https:\/\/artibermont.com\/zh-hans\/#website","url":"https:\/\/artibermont.com\/zh-hans\/","name":"Tibermont","description":"252, boulevard Saint Germain, 75007 Paris","publisher":{"@id":"https:\/\/artibermont.com\/zh-hans\/#organization"},"potentialAction":[{"@type":"SearchAction","target":{"@type":"EntryPoint","urlTemplate":"https:\/\/artibermont.com\/zh-hans\/?s={search_term_string}"},"query-input":{"@type":"PropertyValueSpecification","valueRequired":true,"valueName":"search_term_string"}}],"inLanguage":"zh-Hans"},{"@type":"Organization","@id":"https:\/\/artibermont.com\/zh-hans\/#organization","name":"Tibermont Antiquit\u00e9s","url":"https:\/\/artibermont.com\/zh-hans\/","logo":{"@type":"ImageObject","inLanguage":"zh-Hans","@id":"https:\/\/artibermont.com\/zh-hans\/#\/schema\/logo\/image\/","url":"https:\/\/artibermont.com\/wp-content\/uploads\/2021\/12\/Logo-TIBERMONT-white.png","contentUrl":"https:\/\/artibermont.com\/wp-content\/uploads\/2021\/12\/Logo-TIBERMONT-white.png","width":713,"height":196,"caption":"Tibermont Antiquit\u00e9s"},"image":{"@id":"https:\/\/artibermont.com\/zh-hans\/#\/schema\/logo\/image\/"}}]}},"_links":{"self":[{"href":"https:\/\/artibermont.com\/zh-hans\/wp-json\/wp\/v2\/product\/3876","targetHints":{"allow":["GET"]}}],"collection":[{"href":"https:\/\/artibermont.com\/zh-hans\/wp-json\/wp\/v2\/product"}],"about":[{"href":"https:\/\/artibermont.com\/zh-hans\/wp-json\/wp\/v2\/types\/product"}],"replies":[{"embeddable":true,"href":"https:\/\/artibermont.com\/zh-hans\/wp-json\/wp\/v2\/comments?post=3876"}],"version-history":[{"count":5,"href":"https:\/\/artibermont.com\/zh-hans\/wp-json\/wp\/v2\/product\/3876\/revisions"}],"predecessor-version":[{"id":6780,"href":"https:\/\/artibermont.com\/zh-hans\/wp-json\/wp\/v2\/product\/3876\/revisions\/6780"}],"wp:featuredmedia":[{"embeddable":true,"href":"https:\/\/artibermont.com\/zh-hans\/wp-json\/wp\/v2\/media\/8352"}],"wp:attachment":[{"href":"https:\/\/artibermont.com\/zh-hans\/wp-json\/wp\/v2\/media?parent=3876"}],"wp:term":[{"taxonomy":"product_brand","embeddable":true,"href":"https:\/\/artibermont.com\/zh-hans\/wp-json\/wp\/v2\/product_brand?post=3876"},{"taxonomy":"product_cat","embeddable":true,"href":"https:\/\/artibermont.com\/zh-hans\/wp-json\/wp\/v2\/product_cat?post=3876"},{"taxonomy":"product_tag","embeddable":true,"href":"https:\/\/artibermont.com\/zh-hans\/wp-json\/wp\/v2\/product_tag?post=3876"}],"curies":[{"name":"wp","href":"https:\/\/api.w.org\/{rel}","templated":true}]}}