{"id":5557,"date":"2023-08-11T23:50:44","date_gmt":"2023-08-11T21:50:44","guid":{"rendered":"https:\/\/artibermont.com\/?post_type=product&#038;p=5557"},"modified":"2025-01-08T17:54:02","modified_gmt":"2025-01-08T16:54:02","slug":"sautoir-art-deco-en-platine-sertie-dune-emeraude-de-colombie-de-8-carats-et-d-environ-28-carats-de-diamants","status":"publish","type":"product","link":"https:\/\/artibermont.com\/zh-hans\/produit\/sautoir-art-deco-en-platine-sertie-dune-emeraude-de-colombie-de-8-carats-et-d-environ-28-carats-de-diamants\/","title":{"rendered":"Sautoir Art d\u00e9co en platine sertie d&#8217;une \u00e9meraude de Colombie de 8 carats et d&#8217;environ 28 carats de diamants"},"content":{"rendered":"<p>Sautoir en platine compos\u00e9 de 3 bracelets pav\u00e9s de diamants, pouvant former un ras du cou, orn\u00e9e d&#8217;un pendentif d\u00e9tachable \u00e0 d\u00e9cor d&#8217;arabesque centr\u00e9 d&#8217;une \u00e9meraude de Colombie de 8 carats environ entour\u00e9e de quatre diamants totalisant 6 carats environ dans un pavage articul\u00e9 de diamants. Poids total des diamants environ 28 carats<\/p>\n<p>Vers 1925<\/p>\n<p>Longueur : sautoir : 57 cm, ras du cou : 38 cm, bracelet : 19 cm, pendentif : 7,5 cm<\/p>\n<p>Poids brut : 99,67 grs<\/p>\n<p>Accompagn\u00e9 d&#8217;un certificat du laboratoire GEM Paris N\u00b020221976238 du 04\/02\/2022<\/p>\n","protected":false},"excerpt":{"rendered":"<p>Sautoir en platine compos\u00e9 de 3 bracelets pav\u00e9s de diam [&hellip;]<\/p>\n","protected":false},"featured_media":7816,"comment_status":"open","ping_status":"closed","template":"","meta":{"_acf_changed":false},"product_brand":[],"product_cat":[23],"product_tag":[],"class_list":{"0":"post-5557","1":"product","2":"type-product","3":"status-publish","4":"has-post-thumbnail","6":"product_cat-bijoux-et-montres","8":"first","9":"instock","10":"sold-individually","11":"taxable","12":"shipping-taxable","13":"product-type-simple"},"acf":[],"yoast_head":"<!-- This site is optimized with the Yoast SEO Premium plugin v19.2.1 (Yoast SEO v27.3) - https:\/\/yoast.com\/product\/yoast-seo-premium-wordpress\/ -->\n<title>Sautoir Art d\u00e9co en platine sertie d&#039;une \u00e9meraude de Colombie de 8 carats et d&#039;environ 28 carats de diamants &#8211; Tibermont<\/title>\n<meta name=\"description\" content=\"Sautoir en platine compos\u00e9 de 3 bracelets pav\u00e9s de diamants, pouvant former un ras du cou, orn\u00e9e d&#039;un pendentif d\u00e9tachable \u00e0 d\u00e9cor d&#039;arabesque centr\u00e9 d&#039;une \u00e9meraude de Colombie de 8 carats environ entour\u00e9e de quatre diamants totalisant 6 carats environ dans un pavage articul\u00e9 de diamants. Poids total des diamants environ 28 carats Vers 1925Longueur : sautoir : 57 cm, ras du cou : 38 cm, bracelet : 19 cm, pendentif : 7,5 cm Poids brut : 99,67 grs Accompagn\u00e9 d&#039;un certificat du laboratoire GEM Paris N\u00b020221976238 du 04\/02\/2022\" \/>\n<meta name=\"robots\" content=\"index, follow, max-snippet:-1, max-image-preview:large, max-video-preview:-1\" \/>\n<link rel=\"canonical\" href=\"https:\/\/artibermont.com\/zh-hans\/produit\/sautoir-art-deco-en-platine-sertie-dune-emeraude-de-colombie-de-8-carats-et-d-environ-28-carats-de-diamants\/\" \/>\n<meta property=\"og:locale\" content=\"zh_CN\" \/>\n<meta property=\"og:type\" content=\"article\" \/>\n<meta property=\"og:title\" content=\"Sautoir Art d\u00e9co en platine sertie d&#039;une \u00e9meraude de Colombie de 8 carats et d&#039;environ 28 carats de diamants\" \/>\n<meta property=\"og:description\" content=\"Sautoir en platine compos\u00e9 de 3 bracelets pav\u00e9s de diamants, pouvant former un ras du cou, orn\u00e9e d&#039;un pendentif d\u00e9tachable \u00e0 d\u00e9cor d&#039;arabesque centr\u00e9 d&#039;une \u00e9meraude de Colombie de 8 carats environ entour\u00e9e de quatre diamants totalisant 6 carats environ dans un pavage articul\u00e9 de diamants. Poids total des diamants environ 28 carats Vers 1925Longueur : sautoir : 57 cm, ras du cou : 38 cm, bracelet : 19 cm, pendentif : 7,5 cm Poids brut : 99,67 grs Accompagn\u00e9 d&#039;un certificat du laboratoire GEM Paris N\u00b020221976238 du 04\/02\/2022\" \/>\n<meta property=\"og:url\" content=\"https:\/\/artibermont.com\/zh-hans\/produit\/sautoir-art-deco-en-platine-sertie-dune-emeraude-de-colombie-de-8-carats-et-d-environ-28-carats-de-diamants\/\" \/>\n<meta property=\"og:site_name\" content=\"Tibermont\" \/>\n<meta property=\"article:modified_time\" content=\"2025-01-08T16:54:02+00:00\" \/>\n<meta property=\"og:image\" content=\"https:\/\/artibermont.com\/wp-content\/uploads\/2023\/08\/TA2200037-0MD-scaled.jpg\" \/>\n\t<meta property=\"og:image:width\" content=\"1707\" \/>\n\t<meta property=\"og:image:height\" content=\"2560\" \/>\n\t<meta property=\"og:image:type\" content=\"image\/jpeg\" \/>\n<meta name=\"twitter:card\" content=\"summary_large_image\" \/>\n<meta name=\"twitter:label1\" content=\"\u9884\u8ba1\u9605\u8bfb\u65f6\u95f4\" \/>\n\t<meta name=\"twitter:data1\" content=\"1 \u5206\" \/>\n<script type=\"application\/ld+json\" class=\"yoast-schema-graph\">{\"@context\":\"https:\\\/\\\/schema.org\",\"@graph\":[{\"@type\":\"WebPage\",\"@id\":\"https:\\\/\\\/artibermont.com\\\/zh-hans\\\/produit\\\/sautoir-art-deco-en-platine-sertie-dune-emeraude-de-colombie-de-8-carats-et-d-environ-28-carats-de-diamants\\\/\",\"url\":\"https:\\\/\\\/artibermont.com\\\/zh-hans\\\/produit\\\/sautoir-art-deco-en-platine-sertie-dune-emeraude-de-colombie-de-8-carats-et-d-environ-28-carats-de-diamants\\\/\",\"name\":\"Sautoir Art d\u00e9co en platine sertie d'une \u00e9meraude de Colombie de 8 carats et d'environ 28 carats de diamants &#8211; Tibermont\",\"isPartOf\":{\"@id\":\"https:\\\/\\\/artibermont.com\\\/zh-hans\\\/#website\"},\"primaryImageOfPage\":{\"@id\":\"https:\\\/\\\/artibermont.com\\\/zh-hans\\\/produit\\\/sautoir-art-deco-en-platine-sertie-dune-emeraude-de-colombie-de-8-carats-et-d-environ-28-carats-de-diamants\\\/#primaryimage\"},\"image\":{\"@id\":\"https:\\\/\\\/artibermont.com\\\/zh-hans\\\/produit\\\/sautoir-art-deco-en-platine-sertie-dune-emeraude-de-colombie-de-8-carats-et-d-environ-28-carats-de-diamants\\\/#primaryimage\"},\"thumbnailUrl\":\"https:\\\/\\\/artibermont.com\\\/wp-content\\\/uploads\\\/2023\\\/08\\\/TA2200037-0MD-scaled.jpg\",\"datePublished\":\"2023-08-11T21:50:44+00:00\",\"dateModified\":\"2025-01-08T16:54:02+00:00\",\"description\":\"Sautoir en platine compos\u00e9 de 3 bracelets pav\u00e9s de diamants, pouvant former un ras du cou, orn\u00e9e d'un pendentif d\u00e9tachable \u00e0 d\u00e9cor d'arabesque centr\u00e9 d'une \u00e9meraude de Colombie de 8 carats environ entour\u00e9e de quatre diamants totalisant 6 carats environ dans un pavage articul\u00e9 de diamants. Poids total des diamants environ 28 carats Vers 1925Longueur : sautoir : 57 cm, ras du cou : 38 cm, bracelet : 19 cm, pendentif : 7,5 cm Poids brut : 99,67 grs Accompagn\u00e9 d'un certificat du laboratoire GEM Paris N\u00b020221976238 du 04\\\/02\\\/2022\",\"breadcrumb\":{\"@id\":\"https:\\\/\\\/artibermont.com\\\/zh-hans\\\/produit\\\/sautoir-art-deco-en-platine-sertie-dune-emeraude-de-colombie-de-8-carats-et-d-environ-28-carats-de-diamants\\\/#breadcrumb\"},\"inLanguage\":\"zh-Hans\",\"potentialAction\":[{\"@type\":\"ReadAction\",\"target\":[\"https:\\\/\\\/artibermont.com\\\/zh-hans\\\/produit\\\/sautoir-art-deco-en-platine-sertie-dune-emeraude-de-colombie-de-8-carats-et-d-environ-28-carats-de-diamants\\\/\"]}]},{\"@type\":\"ImageObject\",\"inLanguage\":\"zh-Hans\",\"@id\":\"https:\\\/\\\/artibermont.com\\\/zh-hans\\\/produit\\\/sautoir-art-deco-en-platine-sertie-dune-emeraude-de-colombie-de-8-carats-et-d-environ-28-carats-de-diamants\\\/#primaryimage\",\"url\":\"https:\\\/\\\/artibermont.com\\\/wp-content\\\/uploads\\\/2023\\\/08\\\/TA2200037-0MD-scaled.jpg\",\"contentUrl\":\"https:\\\/\\\/artibermont.com\\\/wp-content\\\/uploads\\\/2023\\\/08\\\/TA2200037-0MD-scaled.jpg\",\"width\":1707,\"height\":2560},{\"@type\":\"BreadcrumbList\",\"@id\":\"https:\\\/\\\/artibermont.com\\\/zh-hans\\\/produit\\\/sautoir-art-deco-en-platine-sertie-dune-emeraude-de-colombie-de-8-carats-et-d-environ-28-carats-de-diamants\\\/#breadcrumb\",\"itemListElement\":[{\"@type\":\"ListItem\",\"position\":1,\"name\":\"Accueil\",\"item\":\"https:\\\/\\\/artibermont.com\\\/zh-hans\\\/%e6%ac%a2%e8%bf%8e\\\/\"},{\"@type\":\"ListItem\",\"position\":2,\"name\":\"\u5546\u5e97\",\"item\":\"https:\\\/\\\/artibermont.com\\\/zh-hans\\\/boutique-2\\\/\"},{\"@type\":\"ListItem\",\"position\":3,\"name\":\"Sautoir Art d\u00e9co en platine sertie d&#8217;une \u00e9meraude de Colombie de 8 carats et d&#8217;environ 28 carats de diamants\"}]},{\"@type\":\"WebSite\",\"@id\":\"https:\\\/\\\/artibermont.com\\\/zh-hans\\\/#website\",\"url\":\"https:\\\/\\\/artibermont.com\\\/zh-hans\\\/\",\"name\":\"Tibermont\",\"description\":\"252, boulevard Saint Germain, 75007 Paris\",\"publisher\":{\"@id\":\"https:\\\/\\\/artibermont.com\\\/zh-hans\\\/#organization\"},\"potentialAction\":[{\"@type\":\"SearchAction\",\"target\":{\"@type\":\"EntryPoint\",\"urlTemplate\":\"https:\\\/\\\/artibermont.com\\\/zh-hans\\\/?s={search_term_string}\"},\"query-input\":{\"@type\":\"PropertyValueSpecification\",\"valueRequired\":true,\"valueName\":\"search_term_string\"}}],\"inLanguage\":\"zh-Hans\"},{\"@type\":\"Organization\",\"@id\":\"https:\\\/\\\/artibermont.com\\\/zh-hans\\\/#organization\",\"name\":\"Tibermont Antiquit\u00e9s\",\"url\":\"https:\\\/\\\/artibermont.com\\\/zh-hans\\\/\",\"logo\":{\"@type\":\"ImageObject\",\"inLanguage\":\"zh-Hans\",\"@id\":\"https:\\\/\\\/artibermont.com\\\/zh-hans\\\/#\\\/schema\\\/logo\\\/image\\\/\",\"url\":\"https:\\\/\\\/artibermont.com\\\/wp-content\\\/uploads\\\/2021\\\/12\\\/Logo-TIBERMONT-white.png\",\"contentUrl\":\"https:\\\/\\\/artibermont.com\\\/wp-content\\\/uploads\\\/2021\\\/12\\\/Logo-TIBERMONT-white.png\",\"width\":713,\"height\":196,\"caption\":\"Tibermont Antiquit\u00e9s\"},\"image\":{\"@id\":\"https:\\\/\\\/artibermont.com\\\/zh-hans\\\/#\\\/schema\\\/logo\\\/image\\\/\"}}]}<\/script>\n<!-- \/ Yoast SEO Premium plugin. -->","yoast_head_json":{"title":"Sautoir Art d\u00e9co en platine sertie d'une \u00e9meraude de Colombie de 8 carats et d'environ 28 carats de diamants &#8211; Tibermont","description":"Sautoir en platine compos\u00e9 de 3 bracelets pav\u00e9s de diamants, pouvant former un ras du cou, orn\u00e9e d'un pendentif d\u00e9tachable \u00e0 d\u00e9cor d'arabesque centr\u00e9 d'une \u00e9meraude de Colombie de 8 carats environ entour\u00e9e de quatre diamants totalisant 6 carats environ dans un pavage articul\u00e9 de diamants. Poids total des diamants environ 28 carats Vers 1925Longueur : sautoir : 57 cm, ras du cou : 38 cm, bracelet : 19 cm, pendentif : 7,5 cm Poids brut : 99,67 grs Accompagn\u00e9 d'un certificat du laboratoire GEM Paris N\u00b020221976238 du 04\/02\/2022","robots":{"index":"index","follow":"follow","max-snippet":"max-snippet:-1","max-image-preview":"max-image-preview:large","max-video-preview":"max-video-preview:-1"},"canonical":"https:\/\/artibermont.com\/zh-hans\/produit\/sautoir-art-deco-en-platine-sertie-dune-emeraude-de-colombie-de-8-carats-et-d-environ-28-carats-de-diamants\/","og_locale":"zh_CN","og_type":"article","og_title":"Sautoir Art d\u00e9co en platine sertie d'une \u00e9meraude de Colombie de 8 carats et d'environ 28 carats de diamants","og_description":"Sautoir en platine compos\u00e9 de 3 bracelets pav\u00e9s de diamants, pouvant former un ras du cou, orn\u00e9e d'un pendentif d\u00e9tachable \u00e0 d\u00e9cor d'arabesque centr\u00e9 d'une \u00e9meraude de Colombie de 8 carats environ entour\u00e9e de quatre diamants totalisant 6 carats environ dans un pavage articul\u00e9 de diamants. Poids total des diamants environ 28 carats Vers 1925Longueur : sautoir : 57 cm, ras du cou : 38 cm, bracelet : 19 cm, pendentif : 7,5 cm Poids brut : 99,67 grs Accompagn\u00e9 d'un certificat du laboratoire GEM Paris N\u00b020221976238 du 04\/02\/2022","og_url":"https:\/\/artibermont.com\/zh-hans\/produit\/sautoir-art-deco-en-platine-sertie-dune-emeraude-de-colombie-de-8-carats-et-d-environ-28-carats-de-diamants\/","og_site_name":"Tibermont","article_modified_time":"2025-01-08T16:54:02+00:00","og_image":[{"width":1707,"height":2560,"url":"https:\/\/artibermont.com\/wp-content\/uploads\/2023\/08\/TA2200037-0MD-scaled.jpg","type":"image\/jpeg"}],"twitter_card":"summary_large_image","twitter_misc":{"\u9884\u8ba1\u9605\u8bfb\u65f6\u95f4":"1 \u5206"},"schema":{"@context":"https:\/\/schema.org","@graph":[{"@type":"WebPage","@id":"https:\/\/artibermont.com\/zh-hans\/produit\/sautoir-art-deco-en-platine-sertie-dune-emeraude-de-colombie-de-8-carats-et-d-environ-28-carats-de-diamants\/","url":"https:\/\/artibermont.com\/zh-hans\/produit\/sautoir-art-deco-en-platine-sertie-dune-emeraude-de-colombie-de-8-carats-et-d-environ-28-carats-de-diamants\/","name":"Sautoir Art d\u00e9co en platine sertie d'une \u00e9meraude de Colombie de 8 carats et d'environ 28 carats de diamants &#8211; Tibermont","isPartOf":{"@id":"https:\/\/artibermont.com\/zh-hans\/#website"},"primaryImageOfPage":{"@id":"https:\/\/artibermont.com\/zh-hans\/produit\/sautoir-art-deco-en-platine-sertie-dune-emeraude-de-colombie-de-8-carats-et-d-environ-28-carats-de-diamants\/#primaryimage"},"image":{"@id":"https:\/\/artibermont.com\/zh-hans\/produit\/sautoir-art-deco-en-platine-sertie-dune-emeraude-de-colombie-de-8-carats-et-d-environ-28-carats-de-diamants\/#primaryimage"},"thumbnailUrl":"https:\/\/artibermont.com\/wp-content\/uploads\/2023\/08\/TA2200037-0MD-scaled.jpg","datePublished":"2023-08-11T21:50:44+00:00","dateModified":"2025-01-08T16:54:02+00:00","description":"Sautoir en platine compos\u00e9 de 3 bracelets pav\u00e9s de diamants, pouvant former un ras du cou, orn\u00e9e d'un pendentif d\u00e9tachable \u00e0 d\u00e9cor d'arabesque centr\u00e9 d'une \u00e9meraude de Colombie de 8 carats environ entour\u00e9e de quatre diamants totalisant 6 carats environ dans un pavage articul\u00e9 de diamants. Poids total des diamants environ 28 carats Vers 1925Longueur : sautoir : 57 cm, ras du cou : 38 cm, bracelet : 19 cm, pendentif : 7,5 cm Poids brut : 99,67 grs Accompagn\u00e9 d'un certificat du laboratoire GEM Paris N\u00b020221976238 du 04\/02\/2022","breadcrumb":{"@id":"https:\/\/artibermont.com\/zh-hans\/produit\/sautoir-art-deco-en-platine-sertie-dune-emeraude-de-colombie-de-8-carats-et-d-environ-28-carats-de-diamants\/#breadcrumb"},"inLanguage":"zh-Hans","potentialAction":[{"@type":"ReadAction","target":["https:\/\/artibermont.com\/zh-hans\/produit\/sautoir-art-deco-en-platine-sertie-dune-emeraude-de-colombie-de-8-carats-et-d-environ-28-carats-de-diamants\/"]}]},{"@type":"ImageObject","inLanguage":"zh-Hans","@id":"https:\/\/artibermont.com\/zh-hans\/produit\/sautoir-art-deco-en-platine-sertie-dune-emeraude-de-colombie-de-8-carats-et-d-environ-28-carats-de-diamants\/#primaryimage","url":"https:\/\/artibermont.com\/wp-content\/uploads\/2023\/08\/TA2200037-0MD-scaled.jpg","contentUrl":"https:\/\/artibermont.com\/wp-content\/uploads\/2023\/08\/TA2200037-0MD-scaled.jpg","width":1707,"height":2560},{"@type":"BreadcrumbList","@id":"https:\/\/artibermont.com\/zh-hans\/produit\/sautoir-art-deco-en-platine-sertie-dune-emeraude-de-colombie-de-8-carats-et-d-environ-28-carats-de-diamants\/#breadcrumb","itemListElement":[{"@type":"ListItem","position":1,"name":"Accueil","item":"https:\/\/artibermont.com\/zh-hans\/%e6%ac%a2%e8%bf%8e\/"},{"@type":"ListItem","position":2,"name":"\u5546\u5e97","item":"https:\/\/artibermont.com\/zh-hans\/boutique-2\/"},{"@type":"ListItem","position":3,"name":"Sautoir Art d\u00e9co en platine sertie d&#8217;une \u00e9meraude de Colombie de 8 carats et d&#8217;environ 28 carats de diamants"}]},{"@type":"WebSite","@id":"https:\/\/artibermont.com\/zh-hans\/#website","url":"https:\/\/artibermont.com\/zh-hans\/","name":"Tibermont","description":"252, boulevard Saint Germain, 75007 Paris","publisher":{"@id":"https:\/\/artibermont.com\/zh-hans\/#organization"},"potentialAction":[{"@type":"SearchAction","target":{"@type":"EntryPoint","urlTemplate":"https:\/\/artibermont.com\/zh-hans\/?s={search_term_string}"},"query-input":{"@type":"PropertyValueSpecification","valueRequired":true,"valueName":"search_term_string"}}],"inLanguage":"zh-Hans"},{"@type":"Organization","@id":"https:\/\/artibermont.com\/zh-hans\/#organization","name":"Tibermont Antiquit\u00e9s","url":"https:\/\/artibermont.com\/zh-hans\/","logo":{"@type":"ImageObject","inLanguage":"zh-Hans","@id":"https:\/\/artibermont.com\/zh-hans\/#\/schema\/logo\/image\/","url":"https:\/\/artibermont.com\/wp-content\/uploads\/2021\/12\/Logo-TIBERMONT-white.png","contentUrl":"https:\/\/artibermont.com\/wp-content\/uploads\/2021\/12\/Logo-TIBERMONT-white.png","width":713,"height":196,"caption":"Tibermont Antiquit\u00e9s"},"image":{"@id":"https:\/\/artibermont.com\/zh-hans\/#\/schema\/logo\/image\/"}}]}},"_links":{"self":[{"href":"https:\/\/artibermont.com\/zh-hans\/wp-json\/wp\/v2\/product\/5557","targetHints":{"allow":["GET"]}}],"collection":[{"href":"https:\/\/artibermont.com\/zh-hans\/wp-json\/wp\/v2\/product"}],"about":[{"href":"https:\/\/artibermont.com\/zh-hans\/wp-json\/wp\/v2\/types\/product"}],"replies":[{"embeddable":true,"href":"https:\/\/artibermont.com\/zh-hans\/wp-json\/wp\/v2\/comments?post=5557"}],"version-history":[{"count":1,"href":"https:\/\/artibermont.com\/zh-hans\/wp-json\/wp\/v2\/product\/5557\/revisions"}],"predecessor-version":[{"id":5558,"href":"https:\/\/artibermont.com\/zh-hans\/wp-json\/wp\/v2\/product\/5557\/revisions\/5558"}],"wp:featuredmedia":[{"embeddable":true,"href":"https:\/\/artibermont.com\/zh-hans\/wp-json\/wp\/v2\/media\/7816"}],"wp:attachment":[{"href":"https:\/\/artibermont.com\/zh-hans\/wp-json\/wp\/v2\/media?parent=5557"}],"wp:term":[{"taxonomy":"product_brand","embeddable":true,"href":"https:\/\/artibermont.com\/zh-hans\/wp-json\/wp\/v2\/product_brand?post=5557"},{"taxonomy":"product_cat","embeddable":true,"href":"https:\/\/artibermont.com\/zh-hans\/wp-json\/wp\/v2\/product_cat?post=5557"},{"taxonomy":"product_tag","embeddable":true,"href":"https:\/\/artibermont.com\/zh-hans\/wp-json\/wp\/v2\/product_tag?post=5557"}],"curies":[{"name":"wp","href":"https:\/\/api.w.org\/{rel}","templated":true}]}}