{"id":7184,"date":"2023-11-02T18:32:13","date_gmt":"2023-11-02T17:32:13","guid":{"rendered":"https:\/\/artibermont.com\/produit\/%e6%a2%b5%e5%85%8b%e9%9b%85%e5%ae%9d-van-cleef-arples-%e7%ba%bd%e7%ba%a6%ef%bc%8c%e9%bb%84%e9%87%91%e6%89%ad%e6%9b%b2%e9%a1%b9%e9%93%be%ef%bc%8c%e9%95%b6%e5%b5%8c%e7%a5%96%e6%af%8d%e7%bb%bf\/"},"modified":"2024-11-30T11:47:21","modified_gmt":"2024-11-30T10:47:21","slug":"%e6%a2%b5%e5%85%8b%e9%9b%85%e5%ae%9d-van-cleef-arples-%e7%ba%bd%e7%ba%a6%ef%bc%8c%e9%bb%84%e9%87%91%e6%89%ad%e6%9b%b2%e9%a1%b9%e9%93%be%ef%bc%8c%e9%95%b6%e5%b5%8c%e7%a5%96%e6%af%8d%e7%bb%bf","status":"publish","type":"product","link":"https:\/\/artibermont.com\/zh-hans\/product\/%e6%a2%b5%e5%85%8b%e9%9b%85%e5%ae%9d-van-cleef-arples-%e7%ba%bd%e7%ba%a6%ef%bc%8c%e9%bb%84%e9%87%91%e6%89%ad%e6%9b%b2%e9%a1%b9%e9%93%be%ef%bc%8c%e9%95%b6%e5%b5%8c%e7%a5%96%e6%af%8d%e7%bb%bf\/","title":{"rendered":"\u68b5\u514b\u96c5\u5b9d ( Van Cleef &amp; Arples ) \u7ebd\u7ea6 \u9ec4\u91d1\u9879\u5708\uff0c\u9576\u5d4c\u7fe1\u7fe0\u3001\u84dd\u5b9d\u77f3\u548c\u94bb\u77f3 &#8211; \u5df2\u552e\u51fa"},"content":{"rendered":"<p>\u68b5\u514b\u96c5\u5b9d ( Van Cleef &amp; Arples ) \u7ebd\u7ea6 <span style=\"font-size: 1rem;\">New York <\/span><\/p>\n<p><span style=\"font-size: 1rem;\">Collier torque en o<\/span>r 14\u514b\u62c9\u9ec4\u91d1\u626d\u66f2\u9879\u94fe\uff0c\u9576\u5d4c\u5706\u5f62\u7956\u6bcd\u7eff\u4e0e\u84dd\u5b9d\u77f3\uff0c\u70b9\u7f00\u94bb\u77f3<\/p>\n<p><span style=\"font-size: 1rem;\">Sign\u00e9 V C &amp; A NY et num\u00e9rot\u00e9 3086<\/span><\/p>\n<p>Ann\u00e9es 1980<\/p>\n<p>Diam\u00e8tre : 11-12 cm<\/p>\n<p>Poids brut : 81,6 grs<\/p>\n","protected":false},"excerpt":{"rendered":"<p>\u68b5\u514b\u96c5\u5b9d ( Van Cleef &amp; Arples ) \u7ebd\u7ea6 New York Collier tor [&hellip;]<\/p>\n","protected":false},"featured_media":7298,"comment_status":"open","ping_status":"closed","template":"","meta":{"_acf_changed":false},"product_brand":[],"product_cat":[60],"product_tag":[],"class_list":{"0":"post-7184","1":"product","2":"type-product","3":"status-publish","4":"has-post-thumbnail","6":"product_cat-bijoux-et-montres-cn","8":"first","9":"outofstock","10":"taxable","11":"shipping-taxable","12":"product-type-simple"},"acf":[],"yoast_head":"<!-- This site is optimized with the Yoast SEO Premium plugin v19.2.1 (Yoast SEO v27.3) - https:\/\/yoast.com\/product\/yoast-seo-premium-wordpress\/ -->\n<title>\u68b5\u514b\u96c5\u5b9d ( Van Cleef &amp; Arples ) \u7ebd\u7ea6 \u9ec4\u91d1\u9879\u5708\uff0c\u9576\u5d4c\u7fe1\u7fe0\u3001\u84dd\u5b9d\u77f3\u548c\u94bb\u77f3 - \u5df2\u552e\u51fa &#8211; Tibermont<\/title>\n<meta name=\"robots\" content=\"index, follow, max-snippet:-1, max-image-preview:large, max-video-preview:-1\" \/>\n<link rel=\"canonical\" href=\"https:\/\/artibermont.com\/zh-hans\/product\/%e6%a2%b5%e5%85%8b%e9%9b%85%e5%ae%9d-van-cleef-arples-%e7%ba%bd%e7%ba%a6%ef%bc%8c%e9%bb%84%e9%87%91%e6%89%ad%e6%9b%b2%e9%a1%b9%e9%93%be%ef%bc%8c%e9%95%b6%e5%b5%8c%e7%a5%96%e6%af%8d%e7%bb%bf\/\" \/>\n<meta property=\"og:locale\" content=\"zh_CN\" \/>\n<meta property=\"og:type\" content=\"article\" \/>\n<meta property=\"og:title\" content=\"\u68b5\u514b\u96c5\u5b9d ( Van Cleef &amp; Arples ) \u7ebd\u7ea6 \u9ec4\u91d1\u9879\u5708\uff0c\u9576\u5d4c\u7fe1\u7fe0\u3001\u84dd\u5b9d\u77f3\u548c\u94bb\u77f3 - \u5df2\u552e\u51fa\" \/>\n<meta property=\"og:description\" content=\"\u68b5\u514b\u96c5\u5b9d ( Van Cleef &amp; Arples ) \u7ebd\u7ea6 New York Collier tor [&hellip;]\" \/>\n<meta property=\"og:url\" content=\"https:\/\/artibermont.com\/zh-hans\/product\/%e6%a2%b5%e5%85%8b%e9%9b%85%e5%ae%9d-van-cleef-arples-%e7%ba%bd%e7%ba%a6%ef%bc%8c%e9%bb%84%e9%87%91%e6%89%ad%e6%9b%b2%e9%a1%b9%e9%93%be%ef%bc%8c%e9%95%b6%e5%b5%8c%e7%a5%96%e6%af%8d%e7%bb%bf\/\" \/>\n<meta property=\"og:site_name\" content=\"Tibermont\" \/>\n<meta property=\"article:modified_time\" content=\"2024-11-30T10:47:21+00:00\" \/>\n<meta property=\"og:image\" content=\"https:\/\/artibermont.com\/wp-content\/uploads\/2023\/11\/TA2100403-MD-3-scaled.jpg\" \/>\n\t<meta property=\"og:image:width\" content=\"1707\" \/>\n\t<meta property=\"og:image:height\" content=\"2560\" \/>\n\t<meta property=\"og:image:type\" content=\"image\/jpeg\" \/>\n<meta name=\"twitter:card\" content=\"summary_large_image\" \/>\n<script type=\"application\/ld+json\" class=\"yoast-schema-graph\">{\"@context\":\"https:\\\/\\\/schema.org\",\"@graph\":[{\"@type\":\"WebPage\",\"@id\":\"https:\\\/\\\/artibermont.com\\\/zh-hans\\\/product\\\/%e6%a2%b5%e5%85%8b%e9%9b%85%e5%ae%9d-van-cleef-arples-%e7%ba%bd%e7%ba%a6%ef%bc%8c%e9%bb%84%e9%87%91%e6%89%ad%e6%9b%b2%e9%a1%b9%e9%93%be%ef%bc%8c%e9%95%b6%e5%b5%8c%e7%a5%96%e6%af%8d%e7%bb%bf\\\/\",\"url\":\"https:\\\/\\\/artibermont.com\\\/zh-hans\\\/product\\\/%e6%a2%b5%e5%85%8b%e9%9b%85%e5%ae%9d-van-cleef-arples-%e7%ba%bd%e7%ba%a6%ef%bc%8c%e9%bb%84%e9%87%91%e6%89%ad%e6%9b%b2%e9%a1%b9%e9%93%be%ef%bc%8c%e9%95%b6%e5%b5%8c%e7%a5%96%e6%af%8d%e7%bb%bf\\\/\",\"name\":\"\u68b5\u514b\u96c5\u5b9d ( Van Cleef &amp; Arples ) \u7ebd\u7ea6 \u9ec4\u91d1\u9879\u5708\uff0c\u9576\u5d4c\u7fe1\u7fe0\u3001\u84dd\u5b9d\u77f3\u548c\u94bb\u77f3 - \u5df2\u552e\u51fa &#8211; Tibermont\",\"isPartOf\":{\"@id\":\"https:\\\/\\\/artibermont.com\\\/zh-hans\\\/#website\"},\"primaryImageOfPage\":{\"@id\":\"https:\\\/\\\/artibermont.com\\\/zh-hans\\\/product\\\/%e6%a2%b5%e5%85%8b%e9%9b%85%e5%ae%9d-van-cleef-arples-%e7%ba%bd%e7%ba%a6%ef%bc%8c%e9%bb%84%e9%87%91%e6%89%ad%e6%9b%b2%e9%a1%b9%e9%93%be%ef%bc%8c%e9%95%b6%e5%b5%8c%e7%a5%96%e6%af%8d%e7%bb%bf\\\/#primaryimage\"},\"image\":{\"@id\":\"https:\\\/\\\/artibermont.com\\\/zh-hans\\\/product\\\/%e6%a2%b5%e5%85%8b%e9%9b%85%e5%ae%9d-van-cleef-arples-%e7%ba%bd%e7%ba%a6%ef%bc%8c%e9%bb%84%e9%87%91%e6%89%ad%e6%9b%b2%e9%a1%b9%e9%93%be%ef%bc%8c%e9%95%b6%e5%b5%8c%e7%a5%96%e6%af%8d%e7%bb%bf\\\/#primaryimage\"},\"thumbnailUrl\":\"https:\\\/\\\/artibermont.com\\\/wp-content\\\/uploads\\\/2023\\\/11\\\/TA2100403-MD-3-scaled.jpg\",\"datePublished\":\"2023-11-02T17:32:13+00:00\",\"dateModified\":\"2024-11-30T10:47:21+00:00\",\"breadcrumb\":{\"@id\":\"https:\\\/\\\/artibermont.com\\\/zh-hans\\\/product\\\/%e6%a2%b5%e5%85%8b%e9%9b%85%e5%ae%9d-van-cleef-arples-%e7%ba%bd%e7%ba%a6%ef%bc%8c%e9%bb%84%e9%87%91%e6%89%ad%e6%9b%b2%e9%a1%b9%e9%93%be%ef%bc%8c%e9%95%b6%e5%b5%8c%e7%a5%96%e6%af%8d%e7%bb%bf\\\/#breadcrumb\"},\"inLanguage\":\"zh-Hans\",\"potentialAction\":[{\"@type\":\"ReadAction\",\"target\":[\"https:\\\/\\\/artibermont.com\\\/zh-hans\\\/product\\\/%e6%a2%b5%e5%85%8b%e9%9b%85%e5%ae%9d-van-cleef-arples-%e7%ba%bd%e7%ba%a6%ef%bc%8c%e9%bb%84%e9%87%91%e6%89%ad%e6%9b%b2%e9%a1%b9%e9%93%be%ef%bc%8c%e9%95%b6%e5%b5%8c%e7%a5%96%e6%af%8d%e7%bb%bf\\\/\"]}]},{\"@type\":\"ImageObject\",\"inLanguage\":\"zh-Hans\",\"@id\":\"https:\\\/\\\/artibermont.com\\\/zh-hans\\\/product\\\/%e6%a2%b5%e5%85%8b%e9%9b%85%e5%ae%9d-van-cleef-arples-%e7%ba%bd%e7%ba%a6%ef%bc%8c%e9%bb%84%e9%87%91%e6%89%ad%e6%9b%b2%e9%a1%b9%e9%93%be%ef%bc%8c%e9%95%b6%e5%b5%8c%e7%a5%96%e6%af%8d%e7%bb%bf\\\/#primaryimage\",\"url\":\"https:\\\/\\\/artibermont.com\\\/wp-content\\\/uploads\\\/2023\\\/11\\\/TA2100403-MD-3-scaled.jpg\",\"contentUrl\":\"https:\\\/\\\/artibermont.com\\\/wp-content\\\/uploads\\\/2023\\\/11\\\/TA2100403-MD-3-scaled.jpg\",\"width\":1707,\"height\":2560},{\"@type\":\"BreadcrumbList\",\"@id\":\"https:\\\/\\\/artibermont.com\\\/zh-hans\\\/product\\\/%e6%a2%b5%e5%85%8b%e9%9b%85%e5%ae%9d-van-cleef-arples-%e7%ba%bd%e7%ba%a6%ef%bc%8c%e9%bb%84%e9%87%91%e6%89%ad%e6%9b%b2%e9%a1%b9%e9%93%be%ef%bc%8c%e9%95%b6%e5%b5%8c%e7%a5%96%e6%af%8d%e7%bb%bf\\\/#breadcrumb\",\"itemListElement\":[{\"@type\":\"ListItem\",\"position\":1,\"name\":\"Accueil\",\"item\":\"https:\\\/\\\/artibermont.com\\\/zh-hans\\\/%e6%ac%a2%e8%bf%8e\\\/\"},{\"@type\":\"ListItem\",\"position\":2,\"name\":\"\u5546\u5e97\",\"item\":\"https:\\\/\\\/artibermont.com\\\/zh-hans\\\/boutique-2\\\/\"},{\"@type\":\"ListItem\",\"position\":3,\"name\":\"\u68b5\u514b\u96c5\u5b9d ( Van Cleef &amp; Arples ) \u7ebd\u7ea6 \u9ec4\u91d1\u9879\u5708\uff0c\u9576\u5d4c\u7fe1\u7fe0\u3001\u84dd\u5b9d\u77f3\u548c\u94bb\u77f3 &#8211; \u5df2\u552e\u51fa\"}]},{\"@type\":\"WebSite\",\"@id\":\"https:\\\/\\\/artibermont.com\\\/zh-hans\\\/#website\",\"url\":\"https:\\\/\\\/artibermont.com\\\/zh-hans\\\/\",\"name\":\"Tibermont\",\"description\":\"252, boulevard Saint Germain, 75007 Paris\",\"publisher\":{\"@id\":\"https:\\\/\\\/artibermont.com\\\/zh-hans\\\/#organization\"},\"potentialAction\":[{\"@type\":\"SearchAction\",\"target\":{\"@type\":\"EntryPoint\",\"urlTemplate\":\"https:\\\/\\\/artibermont.com\\\/zh-hans\\\/?s={search_term_string}\"},\"query-input\":{\"@type\":\"PropertyValueSpecification\",\"valueRequired\":true,\"valueName\":\"search_term_string\"}}],\"inLanguage\":\"zh-Hans\"},{\"@type\":\"Organization\",\"@id\":\"https:\\\/\\\/artibermont.com\\\/zh-hans\\\/#organization\",\"name\":\"Tibermont Antiquit\u00e9s\",\"url\":\"https:\\\/\\\/artibermont.com\\\/zh-hans\\\/\",\"logo\":{\"@type\":\"ImageObject\",\"inLanguage\":\"zh-Hans\",\"@id\":\"https:\\\/\\\/artibermont.com\\\/zh-hans\\\/#\\\/schema\\\/logo\\\/image\\\/\",\"url\":\"https:\\\/\\\/artibermont.com\\\/wp-content\\\/uploads\\\/2021\\\/12\\\/Logo-TIBERMONT-white.png\",\"contentUrl\":\"https:\\\/\\\/artibermont.com\\\/wp-content\\\/uploads\\\/2021\\\/12\\\/Logo-TIBERMONT-white.png\",\"width\":713,\"height\":196,\"caption\":\"Tibermont Antiquit\u00e9s\"},\"image\":{\"@id\":\"https:\\\/\\\/artibermont.com\\\/zh-hans\\\/#\\\/schema\\\/logo\\\/image\\\/\"}}]}<\/script>\n<!-- \/ Yoast SEO Premium plugin. -->","yoast_head_json":{"title":"\u68b5\u514b\u96c5\u5b9d ( Van Cleef &amp; Arples ) \u7ebd\u7ea6 \u9ec4\u91d1\u9879\u5708\uff0c\u9576\u5d4c\u7fe1\u7fe0\u3001\u84dd\u5b9d\u77f3\u548c\u94bb\u77f3 - \u5df2\u552e\u51fa &#8211; Tibermont","robots":{"index":"index","follow":"follow","max-snippet":"max-snippet:-1","max-image-preview":"max-image-preview:large","max-video-preview":"max-video-preview:-1"},"canonical":"https:\/\/artibermont.com\/zh-hans\/product\/%e6%a2%b5%e5%85%8b%e9%9b%85%e5%ae%9d-van-cleef-arples-%e7%ba%bd%e7%ba%a6%ef%bc%8c%e9%bb%84%e9%87%91%e6%89%ad%e6%9b%b2%e9%a1%b9%e9%93%be%ef%bc%8c%e9%95%b6%e5%b5%8c%e7%a5%96%e6%af%8d%e7%bb%bf\/","og_locale":"zh_CN","og_type":"article","og_title":"\u68b5\u514b\u96c5\u5b9d ( Van Cleef &amp; Arples ) \u7ebd\u7ea6 \u9ec4\u91d1\u9879\u5708\uff0c\u9576\u5d4c\u7fe1\u7fe0\u3001\u84dd\u5b9d\u77f3\u548c\u94bb\u77f3 - \u5df2\u552e\u51fa","og_description":"\u68b5\u514b\u96c5\u5b9d ( Van Cleef &amp; Arples ) \u7ebd\u7ea6 New York Collier tor [&hellip;]","og_url":"https:\/\/artibermont.com\/zh-hans\/product\/%e6%a2%b5%e5%85%8b%e9%9b%85%e5%ae%9d-van-cleef-arples-%e7%ba%bd%e7%ba%a6%ef%bc%8c%e9%bb%84%e9%87%91%e6%89%ad%e6%9b%b2%e9%a1%b9%e9%93%be%ef%bc%8c%e9%95%b6%e5%b5%8c%e7%a5%96%e6%af%8d%e7%bb%bf\/","og_site_name":"Tibermont","article_modified_time":"2024-11-30T10:47:21+00:00","og_image":[{"width":1707,"height":2560,"url":"https:\/\/artibermont.com\/wp-content\/uploads\/2023\/11\/TA2100403-MD-3-scaled.jpg","type":"image\/jpeg"}],"twitter_card":"summary_large_image","schema":{"@context":"https:\/\/schema.org","@graph":[{"@type":"WebPage","@id":"https:\/\/artibermont.com\/zh-hans\/product\/%e6%a2%b5%e5%85%8b%e9%9b%85%e5%ae%9d-van-cleef-arples-%e7%ba%bd%e7%ba%a6%ef%bc%8c%e9%bb%84%e9%87%91%e6%89%ad%e6%9b%b2%e9%a1%b9%e9%93%be%ef%bc%8c%e9%95%b6%e5%b5%8c%e7%a5%96%e6%af%8d%e7%bb%bf\/","url":"https:\/\/artibermont.com\/zh-hans\/product\/%e6%a2%b5%e5%85%8b%e9%9b%85%e5%ae%9d-van-cleef-arples-%e7%ba%bd%e7%ba%a6%ef%bc%8c%e9%bb%84%e9%87%91%e6%89%ad%e6%9b%b2%e9%a1%b9%e9%93%be%ef%bc%8c%e9%95%b6%e5%b5%8c%e7%a5%96%e6%af%8d%e7%bb%bf\/","name":"\u68b5\u514b\u96c5\u5b9d ( Van Cleef &amp; Arples ) \u7ebd\u7ea6 \u9ec4\u91d1\u9879\u5708\uff0c\u9576\u5d4c\u7fe1\u7fe0\u3001\u84dd\u5b9d\u77f3\u548c\u94bb\u77f3 - \u5df2\u552e\u51fa &#8211; Tibermont","isPartOf":{"@id":"https:\/\/artibermont.com\/zh-hans\/#website"},"primaryImageOfPage":{"@id":"https:\/\/artibermont.com\/zh-hans\/product\/%e6%a2%b5%e5%85%8b%e9%9b%85%e5%ae%9d-van-cleef-arples-%e7%ba%bd%e7%ba%a6%ef%bc%8c%e9%bb%84%e9%87%91%e6%89%ad%e6%9b%b2%e9%a1%b9%e9%93%be%ef%bc%8c%e9%95%b6%e5%b5%8c%e7%a5%96%e6%af%8d%e7%bb%bf\/#primaryimage"},"image":{"@id":"https:\/\/artibermont.com\/zh-hans\/product\/%e6%a2%b5%e5%85%8b%e9%9b%85%e5%ae%9d-van-cleef-arples-%e7%ba%bd%e7%ba%a6%ef%bc%8c%e9%bb%84%e9%87%91%e6%89%ad%e6%9b%b2%e9%a1%b9%e9%93%be%ef%bc%8c%e9%95%b6%e5%b5%8c%e7%a5%96%e6%af%8d%e7%bb%bf\/#primaryimage"},"thumbnailUrl":"https:\/\/artibermont.com\/wp-content\/uploads\/2023\/11\/TA2100403-MD-3-scaled.jpg","datePublished":"2023-11-02T17:32:13+00:00","dateModified":"2024-11-30T10:47:21+00:00","breadcrumb":{"@id":"https:\/\/artibermont.com\/zh-hans\/product\/%e6%a2%b5%e5%85%8b%e9%9b%85%e5%ae%9d-van-cleef-arples-%e7%ba%bd%e7%ba%a6%ef%bc%8c%e9%bb%84%e9%87%91%e6%89%ad%e6%9b%b2%e9%a1%b9%e9%93%be%ef%bc%8c%e9%95%b6%e5%b5%8c%e7%a5%96%e6%af%8d%e7%bb%bf\/#breadcrumb"},"inLanguage":"zh-Hans","potentialAction":[{"@type":"ReadAction","target":["https:\/\/artibermont.com\/zh-hans\/product\/%e6%a2%b5%e5%85%8b%e9%9b%85%e5%ae%9d-van-cleef-arples-%e7%ba%bd%e7%ba%a6%ef%bc%8c%e9%bb%84%e9%87%91%e6%89%ad%e6%9b%b2%e9%a1%b9%e9%93%be%ef%bc%8c%e9%95%b6%e5%b5%8c%e7%a5%96%e6%af%8d%e7%bb%bf\/"]}]},{"@type":"ImageObject","inLanguage":"zh-Hans","@id":"https:\/\/artibermont.com\/zh-hans\/product\/%e6%a2%b5%e5%85%8b%e9%9b%85%e5%ae%9d-van-cleef-arples-%e7%ba%bd%e7%ba%a6%ef%bc%8c%e9%bb%84%e9%87%91%e6%89%ad%e6%9b%b2%e9%a1%b9%e9%93%be%ef%bc%8c%e9%95%b6%e5%b5%8c%e7%a5%96%e6%af%8d%e7%bb%bf\/#primaryimage","url":"https:\/\/artibermont.com\/wp-content\/uploads\/2023\/11\/TA2100403-MD-3-scaled.jpg","contentUrl":"https:\/\/artibermont.com\/wp-content\/uploads\/2023\/11\/TA2100403-MD-3-scaled.jpg","width":1707,"height":2560},{"@type":"BreadcrumbList","@id":"https:\/\/artibermont.com\/zh-hans\/product\/%e6%a2%b5%e5%85%8b%e9%9b%85%e5%ae%9d-van-cleef-arples-%e7%ba%bd%e7%ba%a6%ef%bc%8c%e9%bb%84%e9%87%91%e6%89%ad%e6%9b%b2%e9%a1%b9%e9%93%be%ef%bc%8c%e9%95%b6%e5%b5%8c%e7%a5%96%e6%af%8d%e7%bb%bf\/#breadcrumb","itemListElement":[{"@type":"ListItem","position":1,"name":"Accueil","item":"https:\/\/artibermont.com\/zh-hans\/%e6%ac%a2%e8%bf%8e\/"},{"@type":"ListItem","position":2,"name":"\u5546\u5e97","item":"https:\/\/artibermont.com\/zh-hans\/boutique-2\/"},{"@type":"ListItem","position":3,"name":"\u68b5\u514b\u96c5\u5b9d ( Van Cleef &amp; Arples ) \u7ebd\u7ea6 \u9ec4\u91d1\u9879\u5708\uff0c\u9576\u5d4c\u7fe1\u7fe0\u3001\u84dd\u5b9d\u77f3\u548c\u94bb\u77f3 &#8211; \u5df2\u552e\u51fa"}]},{"@type":"WebSite","@id":"https:\/\/artibermont.com\/zh-hans\/#website","url":"https:\/\/artibermont.com\/zh-hans\/","name":"Tibermont","description":"252, boulevard Saint Germain, 75007 Paris","publisher":{"@id":"https:\/\/artibermont.com\/zh-hans\/#organization"},"potentialAction":[{"@type":"SearchAction","target":{"@type":"EntryPoint","urlTemplate":"https:\/\/artibermont.com\/zh-hans\/?s={search_term_string}"},"query-input":{"@type":"PropertyValueSpecification","valueRequired":true,"valueName":"search_term_string"}}],"inLanguage":"zh-Hans"},{"@type":"Organization","@id":"https:\/\/artibermont.com\/zh-hans\/#organization","name":"Tibermont Antiquit\u00e9s","url":"https:\/\/artibermont.com\/zh-hans\/","logo":{"@type":"ImageObject","inLanguage":"zh-Hans","@id":"https:\/\/artibermont.com\/zh-hans\/#\/schema\/logo\/image\/","url":"https:\/\/artibermont.com\/wp-content\/uploads\/2021\/12\/Logo-TIBERMONT-white.png","contentUrl":"https:\/\/artibermont.com\/wp-content\/uploads\/2021\/12\/Logo-TIBERMONT-white.png","width":713,"height":196,"caption":"Tibermont Antiquit\u00e9s"},"image":{"@id":"https:\/\/artibermont.com\/zh-hans\/#\/schema\/logo\/image\/"}}]}},"_links":{"self":[{"href":"https:\/\/artibermont.com\/zh-hans\/wp-json\/wp\/v2\/product\/7184","targetHints":{"allow":["GET"]}}],"collection":[{"href":"https:\/\/artibermont.com\/zh-hans\/wp-json\/wp\/v2\/product"}],"about":[{"href":"https:\/\/artibermont.com\/zh-hans\/wp-json\/wp\/v2\/types\/product"}],"replies":[{"embeddable":true,"href":"https:\/\/artibermont.com\/zh-hans\/wp-json\/wp\/v2\/comments?post=7184"}],"version-history":[{"count":1,"href":"https:\/\/artibermont.com\/zh-hans\/wp-json\/wp\/v2\/product\/7184\/revisions"}],"predecessor-version":[{"id":7321,"href":"https:\/\/artibermont.com\/zh-hans\/wp-json\/wp\/v2\/product\/7184\/revisions\/7321"}],"wp:featuredmedia":[{"embeddable":true,"href":"https:\/\/artibermont.com\/zh-hans\/wp-json\/wp\/v2\/media\/7298"}],"wp:attachment":[{"href":"https:\/\/artibermont.com\/zh-hans\/wp-json\/wp\/v2\/media?parent=7184"}],"wp:term":[{"taxonomy":"product_brand","embeddable":true,"href":"https:\/\/artibermont.com\/zh-hans\/wp-json\/wp\/v2\/product_brand?post=7184"},{"taxonomy":"product_cat","embeddable":true,"href":"https:\/\/artibermont.com\/zh-hans\/wp-json\/wp\/v2\/product_cat?post=7184"},{"taxonomy":"product_tag","embeddable":true,"href":"https:\/\/artibermont.com\/zh-hans\/wp-json\/wp\/v2\/product_tag?post=7184"}],"curies":[{"name":"wp","href":"https:\/\/api.w.org\/{rel}","templated":true}]}}