{"id":7333,"date":"2022-04-04T07:10:09","date_gmt":"2022-04-04T05:10:09","guid":{"rendered":"https:\/\/artibermont.com\/product\/%e5%a5%a5%e5%8f%a4%e6%96%af%e7%89%b9%c2%b7%e5%85%b0%e6%9d%be%ef%bc%881836-1885%ef%bc%89%e3%80%8a%e8%a2%ab%e7%8b%ae%e5%ad%90%e5%8e%8b%e5%80%92%e7%9a%84%e7%94%b7%e4%ba%ba%e3%80%8b%e5%b7%b2%e5%94%ae\/"},"modified":"2024-11-30T15:30:25","modified_gmt":"2024-11-30T14:30:25","slug":"%e5%a5%a5%e5%8f%a4%e6%96%af%e7%89%b9%c2%b7%e5%85%b0%e6%9d%be%ef%bc%881836-1885%ef%bc%89%e3%80%8a%e8%a2%ab%e7%8b%ae%e5%ad%90%e5%8e%8b%e5%80%92%e7%9a%84%e7%94%b7%e4%ba%ba%e3%80%8b%e5%b7%b2%e5%94%ae","status":"publish","type":"product","link":"https:\/\/artibermont.com\/zh-hans\/product\/%e5%a5%a5%e5%8f%a4%e6%96%af%e7%89%b9%c2%b7%e5%85%b0%e6%9d%be%ef%bc%881836-1885%ef%bc%89%e3%80%8a%e8%a2%ab%e7%8b%ae%e5%ad%90%e5%8e%8b%e5%80%92%e7%9a%84%e7%94%b7%e4%ba%ba%e3%80%8b%e5%b7%b2%e5%94%ae\/","title":{"rendered":"\u5965\u53e4\u65af\u7279\u00b7\u5170\u677e\uff081836-1885\uff09\u300a\u88ab\u72ee\u5b50\u538b\u5012\u7684\u7537\u4eba\u300b\u5df2\u552e"},"content":{"rendered":"<p>\u5b89\u5fb7\u70c8\u00b7\u5170\u677e\uff0c\u4ea6\u79f0\u5965\u53e4\u65af\u7279\u00b7\u5170\u677e\uff08Andr\u00e9 Lan\u00e7on dit Auguste Lan\u00e7on\uff09<br \/>\u51fa\u751f\u4e8e1836\u5e7412\u670816\u65e5\uff0c\u6cd5\u56fd\u5723\u514b\u52b3\u5fb7\uff0c\u6c5d\u62c9\u7701\uff1b\u901d\u4e16\u4e8e1885\u5e744\u670814\u65e5\uff0c\u5df4\u9ece<\/p>\n<p><i>\u300a\u88ab\u72ee\u5b50\u538b\u5012\u7684\u7537\u4eba\u300b<\/i><\/p>\n<p>\u6cb9\u753b<br \/>\n\u65e5\u671f : 1867\u5e74<br \/>\n\u7b7e\u540d : Auguste Lan\u00e7on<br \/>\n\u5c3a\u5bf8\uff1a195.5 x 233 cm\uff08\u5e26\u6846\uff09&amp; 164 x 200 cm\uff08\u4e0d\u5e26\u6846)<br \/>\n\u8fd9\u5e45\u753b\u662f\u4e00\u4e2a\u4e8c\u8054\u753b\u7684\u4e00\u90e8\u5206\uff0c\u53e6\u4e00\u5e45\u4f5c\u54c1\u4e3a\u300a\u88ab\u8001\u864e\u538b\u5012\u7684\u5973\u4eba\u300b\u3002<br \/>\u5965\u53e4\u65af\u7279\u00b7\u5b89\u5fb7\u70c8\u00b7\u5170\u677e\uff08Auguste-Andr\u00e9 Lan\u00e7on\uff09\u4e8e1836\u5e7412\u670816\u65e5\u51fa\u751f\u5728\u5723\u514b\u52b3\u5fb7\u3002\u4ed6\u5728\u5723\u514b\u52b3\u5fb7\u7684\u4e2d\u5b66\u5b66\u4e60\uff0c17\u5c81\u65f6\uff0c\u4ed6\u8fdb\u5165\u6717\u52d2\u7d22\u5c3c\u7684\u5370\u5237\u5382\u505a\u5b66\u5f92\u3002\u867d\u7136\u4ed6\u7684\u5370\u5237\u5b66\u5f92\u671f\u5f88\u77ed\uff0c\u4f46\u5728\u91cc\u6602\uff0c\u4ed6\u8fdb\u4e00\u6b65\u7cbe\u8fdb\u4e86\u81ea\u5df1\u7684 lithography \u5de5\u827a\u3002\u671f\u95f4\uff0c\u4ed6\u8fd8\u53c2\u52a0\u4e86\u91cc\u6602\u7f8e\u672f\u5b66\u9662\u7684\u5165\u5b66\u8003\u8bd5\uff0c\u5e76\u6210\u529f\u901a\u8fc7\uff0c\u51e0\u4e4e\u7acb\u5373\u88ab\u5141\u8bb8\u8ddf\u968f\u5b66\u9662\u9662\u957f\u3001\u753b\u5bb6\u535a\u7eb3\u4e30\uff08Bonnefond\uff09\u4e0a\u8bfe\uff0c\u535a\u7eb3\u4e30\u5f88\u5feb\u53d1\u73b0\u4e86\u4ed6\u5728\u7ed8\u753b\u65b9\u9762\u7684\u5929\u8d4b\u3002<br \/>\u57281853\u81f31857\u5e74\u671f\u95f4\uff0c\u5170\u677e\u5728\u91cc\u6602\u5b66\u4e60\uff0c\u5e76\u4e8e1858\u5e74\u79fb\u5c45\u5df4\u9ece\uff0c\u8fdb\u5165\u76ae\u79d1\uff08Picot\uff09\u7684\u5de5\u4f5c\u5ba4\u3002\u7136\u800c\uff0c\u5728\u76ae\u79d1\u7684\u5b66\u4e60\u5e76\u4e0d\u957f\u4e45\uff0c\u5df4\u9ece\u7684\u8857\u5934\u3001\u52a8\u7269\u56ed\u4ee5\u53ca\u592a\u5e73\u95f4\u7b49\u573a\u666f\u66f4\u80fd\u5438\u5f15\u4ed6\uff0c\u800c\u4e00\u4f4d\u5b66\u672f\u6d3e\u8001\u5e08\u7684\u51b7\u9759\u6388\u8bfe\u5374\u65e0\u6cd5\u6fc0\u53d1\u4ed6\u5bf9\u7ed8\u753b\u7684\u5174\u8da3\u3002 <br \/>1861\u5e74\uff0c\u5170\u677e\u5f00\u59cb\u521b\u4f5c\u4ed6\u7684\u7b2c\u4e00\u6279\u4f5c\u54c1\uff0c\u5e76\u5728\u91cc\u6602\u5c55\u51fa\uff0c\u5c55\u793a\u4e86\u300a\u571f\u8033\u5176\u5175\u300b\uff08Turcos\uff09\uff0c\u540c\u65f6\u5728\u5df4\u9ece\u6c99\u9f99\u5c55\u51fa\u300a\u5170\u677e\u7236\u4eb2\u7684\u8096\u50cf\u300b\u3002\u4ece1860\u5e74\u8d77\uff0c\u4ed6\u5f00\u59cb\u4e3a\u300aTemps, illustrateur universel\u300b\u4e0e\u591a\u7c73\u57c3\uff08Daumier\uff09\u5171\u540c\u5408\u4f5c\uff0c\u4e5f\u4e3a\u300aIllustration\u300b\u6742\u5fd7\u505a\u63d2\u56fe\u3002 <br \/>\u57281862\u5e74\u6ca1\u6709\u53c2\u5c55\uff0c\u4f46\u57281863\u5e74\uff0c\u4ed6\u7684\u4f5c\u54c1\u300a\u4fee\u9053\u58eb\u5893\u5730\u300b\u88ab\u6c99\u9f99\u63a5\u53d7\uff0c\u7136\u800c\u53e6\u4e00\u5e45\u4f5c\u54c1\u300a\u54e8\u5175\u4e0e\u53f7\u624b\u300b\u5374\u88ab\u62d2\u7edd\u3002\u5170\u677e\u5e76\u975e\u552f\u4e00\u906d\u9047\u6c99\u9f99\u62d2\u7edd\u7684\u827a\u672f\u5bb6\uff0c\u4ed6\u4e0e\u9a6c\u5948\u3001\u51af\u00b7\u970d\u91d1\uff08Jongkind\uff09\u3001\u60e0\u65af\u52d2\uff08Whistler\uff09\u3001\u6bd5\u6c99\u7f57\uff08Pissarro\uff09\u3001\u8303\u4e39\u00b7\u62c9\u56fe\u5c14\uff08Fantin-Latour\uff09\u7b49\u753b\u5bb6\u4e00\u540c\u53d7\u5230\u4e86\u6279\u8bc4\u3002\u5728\u4e4b\u540e\u7684\u6c99\u9f99\u5c55\u89c8\u4e2d\uff0c\u5170\u677e\u5c55\u51fa\u4e86\u300a\u98ce\u666f\u4e2d\u7684\u718a\u300b\uff081864\u5e74\uff09\u3001\u300a\u7a81\u51fb\u9a91\u5175\u300b\uff081866\u5e74\uff09\u7b49\u4f5c\u54c1\u3002 <br \/>\u5728\u5fb7\u62c9\u514b\u9c81\u74e6\uff08Delacroix\uff09\u7684\u5f71\u54cd\u4e0b\uff0c\u4ed6\u521b\u4f5c\u4e86\u300a\u88ab\u6bcd\u72ee\u538b\u5012\u7684\u963f\u62c9\u4f2f\u4eba\u300b\u548c\u300a\u559d\u6c34\u7684\u8001\u864e\u300b\uff081868\u5e74\u6c99\u9f99\uff09\u3002\u4ed6\u5bf9\u5927\u732b\u7684\u808c\u8089\u548c\u6bdb\u53d1\u7684\u7ec6\u81f4\u63cf\u7ed8\u663e\u793a\u4e86\u4ed6\u5bf9\u8fd9\u4e9b\u52a8\u7269\u7684\u6df1\u523b\u7406\u89e3\u30021869\u5e74\u6c99\u9f99\u5c55\u4e2d\uff0c\u4ed6\u5c55\u51fa\u4e86\u300a1813\u300b\u548c\u300a\u72ee\u5b50\u300b\u4e24\u5e45\u4f5c\u54c1\u3002\u4ed6\u7684\u827a\u672f\u624d\u534e\u4e0d\u65ad\u53d1\u5c55\uff0c\u5c24\u5176\u5728\u7248\u753b\u65b9\u9762\uff0c\u4ed6\u5f00\u59cb\u521b\u4f5c\u7cbe\u7f8e\u7684\u8680\u523b\u4f5c\u54c1\u3002<br \/>\u4ed6\u7528\u81ea\u5df1\u7684\u753b\u4f5c\u4e3a\u6b27\u4ec1\u00b7\u7ef4\u9f99\uff08Eug\u00e8ne Veron\uff09\u7684\u300a\u7b2c\u4e09\u6b21\u5165\u4fb5\u300b\uff081870\u5e747\u6708-1871\u5e743\u6708\uff09\u505a\u63d2\u56fe\uff0c\u6210\u4e3a\u5bf9\u6218\u4e89\u6700\u9707\u64bc\u4e14\u60b2\u51c9\u7684\u89c6\u89c9\u8bc4\u8bba\u30021873\u5e74\u6c99\u9f99\u5c55\u4e0a\uff0c\u4ed6\u5c55\u793a\u4e86\u4ee5\u666e\u6cd5\u6218\u4e89\u4e3a\u9898\u6750\u768417\u5e45\u8680\u523b\u7248\u753b\uff0c\u8fd9\u4e9b\u4f5c\u54c1\u8ba9\u4eba\u60f3\u8d77\u6208\u96c5\uff08Goya\uff09\u3002\u5c3d\u7ba1\u6211\u4eec\u65e0\u6cd5\u5728\u6b64\u76f4\u63a5\u5bf9\u6bd4\u5170\u677e\u4e0e\u6208\u96c5\u7684\u7248\u753b\uff0c\u4f46\u53ef\u4ee5\u80af\u5b9a\u5730\u8bf4\uff0c\u5170\u677e\u51ed\u501f\u66f4\u7cbe\u786e\u7684\u6280\u6cd5\uff0c\u8fbe\u5230\u4e86\u6208\u96c5\u6240\u5177\u6709\u7684\u620f\u5267\u6027\u529b\u91cf\u3002<br \/>\u5728\u63a5\u4e0b\u6765\u7684\u51e0\u5e74\u91cc\uff0c\u5170\u677e\u7ee7\u7eed\u521b\u4f5c\u65b0\u7684\u7248\u753b\u7cfb\u5217\uff0c\u8fdb\u4e00\u6b65\u5de9\u56fa\u4e86\u4ed6\u7684\u827a\u672f\u58f0\u8a89\u3002\u4ed6\u7684\u4f5c\u54c1\u57281874\u5e74\u30011876\u5e74\u30011877\u5e74\u30011879\u5e74\u30011880\u5e74\u548c1882\u5e74\u7684\u6c99\u9f99\u5c55\u4e2d\u5c55\u51fa\u3002<\/p>\n<p>\u5170\u677e\u4e00\u76f4\u662f\u4e00\u4e2a\u4e0d\u77e5\u75b2\u5026\u7684\u5de5\u4f5c\u8005\uff0c\u76f4\u5230\u751f\u547d\u7684\u6700\u540e\u4e00\u523b\u3002\u4ed6\u60a3\u6709\u7cd6\u5c3f\u75c5\uff0c\u75c5\u60c5\u4e25\u91cd\uff0c\u6700\u7ec8\u88ab\u9001\u5f80\u5185\u514b\u533b\u9662\uff08h\u00f4pital Necker\uff09\u6cbb\u7597\uff0c\u5e76\u4e8e1885\u5e744\u670814\u65e5\u53bb\u4e16\uff0c\u4eab\u5e7448\u5c81\u3002\u4ed6\u88ab\u57cb\u846c\u5728\u8499\u5e15\u5c14\u7eb3\u65af\u516c\u5893\uff08cimeti\u00e8re Montparnasse\uff09\u3002\u5728\u4ed6\u7684\u5893\u524d\uff0c1891\u5e7411\u6708\u4e3a\u4ed6\u7acb\u4e86\u4e00\u5ea7\u5c0f\u578b\u7eaa\u5ff5\u7891\uff0c\u7531\u540c\u80de\u67e5\u5c14\u65af\u00b7\u6208\u8482\u57c3\uff08Charles Gautier\uff09\u8bbe\u8ba1\uff0c\u7eaa\u5ff5\u7891\u5305\u62ec\u4e00\u5757\u77f3\u7891\uff0c\u9876\u90e8\u662f\u5170\u677e\u7684\u9752\u94dc\u9762\u5177\uff0c\u4e0b\u9762\u662f\u4ed6\u7684\u4e00\u5e45\u6c34\u5f69\u753b\u300a\u996e\u6c34\u7684\u72ee\u5b50\u300b\u7684\u6d6e\u96d5\u3002 <br \/>\uff08\u4e66\u76ee\u6765\u6e90\uff1a1920\u5e74\u300a\u7f8e\u672f\u516c\u62a5\u300b\u6458\u5f55\uff0c\u4f5c\u8005\uff1a\u67e5\u5c14\u65af\u00b7\u83b1\u6770\uff09<\/p>\n","protected":false},"excerpt":{"rendered":"<p>\u5b89\u5fb7\u70c8\u00b7\u5170\u677e\uff0c\u4ea6\u79f0\u5965\u53e4\u65af\u7279\u00b7\u5170\u677e\uff08Andr\u00e9 Lan\u00e7on dit Auguste Lan\u00e7on\uff09\u51fa\u751f\u4e8e183 [&hellip;]<\/p>\n","protected":false},"featured_media":8178,"comment_status":"closed","ping_status":"closed","template":"","meta":{"_acf_changed":false},"product_brand":[],"product_cat":[61],"product_tag":[],"class_list":{"0":"post-7333","1":"product","2":"type-product","3":"status-publish","4":"has-post-thumbnail","6":"product_cat-peintures-et-dessins-cn","8":"first","9":"outofstock","10":"taxable","11":"shipping-taxable","12":"product-type-simple"},"acf":[],"yoast_head":"<!-- This site is optimized with the Yoast SEO Premium plugin v19.2.1 (Yoast SEO v27.4) - https:\/\/yoast.com\/product\/yoast-seo-premium-wordpress\/ -->\n<title>\u5965\u53e4\u65af\u7279\u00b7\u5170\u677e\uff081836-1885\uff09\u300a\u88ab\u72ee\u5b50\u538b\u5012\u7684\u7537\u4eba\u300b\u5df2\u552e &#8211; Tibermont<\/title>\n<meta name=\"robots\" content=\"index, follow, max-snippet:-1, max-image-preview:large, max-video-preview:-1\" \/>\n<link rel=\"canonical\" href=\"https:\/\/artibermont.com\/zh-hans\/product\/%e5%a5%a5%e5%8f%a4%e6%96%af%e7%89%b9%c2%b7%e5%85%b0%e6%9d%be%ef%bc%881836-1885%ef%bc%89%e3%80%8a%e8%a2%ab%e7%8b%ae%e5%ad%90%e5%8e%8b%e5%80%92%e7%9a%84%e7%94%b7%e4%ba%ba%e3%80%8b%e5%b7%b2%e5%94%ae\/\" \/>\n<meta property=\"og:locale\" content=\"zh_CN\" \/>\n<meta property=\"og:type\" content=\"article\" \/>\n<meta property=\"og:title\" content=\"\u5965\u53e4\u65af\u7279\u00b7\u5170\u677e\uff081836-1885\uff09\u300a\u88ab\u72ee\u5b50\u538b\u5012\u7684\u7537\u4eba\u300b\u5df2\u552e\" \/>\n<meta property=\"og:description\" content=\"\u5b89\u5fb7\u70c8\u00b7\u5170\u677e\uff0c\u4ea6\u79f0\u5965\u53e4\u65af\u7279\u00b7\u5170\u677e\uff08Andr\u00e9 Lan\u00e7on dit Auguste Lan\u00e7on\uff09\u51fa\u751f\u4e8e183 [&hellip;]\" \/>\n<meta property=\"og:url\" content=\"https:\/\/artibermont.com\/zh-hans\/product\/%e5%a5%a5%e5%8f%a4%e6%96%af%e7%89%b9%c2%b7%e5%85%b0%e6%9d%be%ef%bc%881836-1885%ef%bc%89%e3%80%8a%e8%a2%ab%e7%8b%ae%e5%ad%90%e5%8e%8b%e5%80%92%e7%9a%84%e7%94%b7%e4%ba%ba%e3%80%8b%e5%b7%b2%e5%94%ae\/\" \/>\n<meta property=\"og:site_name\" content=\"Tibermont\" \/>\n<meta property=\"article:modified_time\" content=\"2024-11-30T14:30:25+00:00\" \/>\n<meta property=\"og:image\" content=\"https:\/\/artibermont.com\/wp-content\/uploads\/2022\/04\/TA1500045-0MD-2-scaled.jpg\" \/>\n\t<meta property=\"og:image:width\" content=\"2560\" \/>\n\t<meta property=\"og:image:height\" content=\"2155\" \/>\n\t<meta property=\"og:image:type\" content=\"image\/jpeg\" \/>\n<meta name=\"twitter:card\" content=\"summary_large_image\" \/>\n<script type=\"application\/ld+json\" class=\"yoast-schema-graph\">{\"@context\":\"https:\\\/\\\/schema.org\",\"@graph\":[{\"@type\":\"WebPage\",\"@id\":\"https:\\\/\\\/artibermont.com\\\/zh-hans\\\/product\\\/%e5%a5%a5%e5%8f%a4%e6%96%af%e7%89%b9%c2%b7%e5%85%b0%e6%9d%be%ef%bc%881836-1885%ef%bc%89%e3%80%8a%e8%a2%ab%e7%8b%ae%e5%ad%90%e5%8e%8b%e5%80%92%e7%9a%84%e7%94%b7%e4%ba%ba%e3%80%8b%e5%b7%b2%e5%94%ae\\\/\",\"url\":\"https:\\\/\\\/artibermont.com\\\/zh-hans\\\/product\\\/%e5%a5%a5%e5%8f%a4%e6%96%af%e7%89%b9%c2%b7%e5%85%b0%e6%9d%be%ef%bc%881836-1885%ef%bc%89%e3%80%8a%e8%a2%ab%e7%8b%ae%e5%ad%90%e5%8e%8b%e5%80%92%e7%9a%84%e7%94%b7%e4%ba%ba%e3%80%8b%e5%b7%b2%e5%94%ae\\\/\",\"name\":\"\u5965\u53e4\u65af\u7279\u00b7\u5170\u677e\uff081836-1885\uff09\u300a\u88ab\u72ee\u5b50\u538b\u5012\u7684\u7537\u4eba\u300b\u5df2\u552e &#8211; Tibermont\",\"isPartOf\":{\"@id\":\"https:\\\/\\\/artibermont.com\\\/zh-hans\\\/#website\"},\"primaryImageOfPage\":{\"@id\":\"https:\\\/\\\/artibermont.com\\\/zh-hans\\\/product\\\/%e5%a5%a5%e5%8f%a4%e6%96%af%e7%89%b9%c2%b7%e5%85%b0%e6%9d%be%ef%bc%881836-1885%ef%bc%89%e3%80%8a%e8%a2%ab%e7%8b%ae%e5%ad%90%e5%8e%8b%e5%80%92%e7%9a%84%e7%94%b7%e4%ba%ba%e3%80%8b%e5%b7%b2%e5%94%ae\\\/#primaryimage\"},\"image\":{\"@id\":\"https:\\\/\\\/artibermont.com\\\/zh-hans\\\/product\\\/%e5%a5%a5%e5%8f%a4%e6%96%af%e7%89%b9%c2%b7%e5%85%b0%e6%9d%be%ef%bc%881836-1885%ef%bc%89%e3%80%8a%e8%a2%ab%e7%8b%ae%e5%ad%90%e5%8e%8b%e5%80%92%e7%9a%84%e7%94%b7%e4%ba%ba%e3%80%8b%e5%b7%b2%e5%94%ae\\\/#primaryimage\"},\"thumbnailUrl\":\"https:\\\/\\\/artibermont.com\\\/wp-content\\\/uploads\\\/2022\\\/04\\\/TA1500045-0MD-2-scaled.jpg\",\"datePublished\":\"2022-04-04T05:10:09+00:00\",\"dateModified\":\"2024-11-30T14:30:25+00:00\",\"breadcrumb\":{\"@id\":\"https:\\\/\\\/artibermont.com\\\/zh-hans\\\/product\\\/%e5%a5%a5%e5%8f%a4%e6%96%af%e7%89%b9%c2%b7%e5%85%b0%e6%9d%be%ef%bc%881836-1885%ef%bc%89%e3%80%8a%e8%a2%ab%e7%8b%ae%e5%ad%90%e5%8e%8b%e5%80%92%e7%9a%84%e7%94%b7%e4%ba%ba%e3%80%8b%e5%b7%b2%e5%94%ae\\\/#breadcrumb\"},\"inLanguage\":\"zh-Hans\",\"potentialAction\":[{\"@type\":\"ReadAction\",\"target\":[\"https:\\\/\\\/artibermont.com\\\/zh-hans\\\/product\\\/%e5%a5%a5%e5%8f%a4%e6%96%af%e7%89%b9%c2%b7%e5%85%b0%e6%9d%be%ef%bc%881836-1885%ef%bc%89%e3%80%8a%e8%a2%ab%e7%8b%ae%e5%ad%90%e5%8e%8b%e5%80%92%e7%9a%84%e7%94%b7%e4%ba%ba%e3%80%8b%e5%b7%b2%e5%94%ae\\\/\"]}]},{\"@type\":\"ImageObject\",\"inLanguage\":\"zh-Hans\",\"@id\":\"https:\\\/\\\/artibermont.com\\\/zh-hans\\\/product\\\/%e5%a5%a5%e5%8f%a4%e6%96%af%e7%89%b9%c2%b7%e5%85%b0%e6%9d%be%ef%bc%881836-1885%ef%bc%89%e3%80%8a%e8%a2%ab%e7%8b%ae%e5%ad%90%e5%8e%8b%e5%80%92%e7%9a%84%e7%94%b7%e4%ba%ba%e3%80%8b%e5%b7%b2%e5%94%ae\\\/#primaryimage\",\"url\":\"https:\\\/\\\/artibermont.com\\\/wp-content\\\/uploads\\\/2022\\\/04\\\/TA1500045-0MD-2-scaled.jpg\",\"contentUrl\":\"https:\\\/\\\/artibermont.com\\\/wp-content\\\/uploads\\\/2022\\\/04\\\/TA1500045-0MD-2-scaled.jpg\",\"width\":2560,\"height\":2155},{\"@type\":\"BreadcrumbList\",\"@id\":\"https:\\\/\\\/artibermont.com\\\/zh-hans\\\/product\\\/%e5%a5%a5%e5%8f%a4%e6%96%af%e7%89%b9%c2%b7%e5%85%b0%e6%9d%be%ef%bc%881836-1885%ef%bc%89%e3%80%8a%e8%a2%ab%e7%8b%ae%e5%ad%90%e5%8e%8b%e5%80%92%e7%9a%84%e7%94%b7%e4%ba%ba%e3%80%8b%e5%b7%b2%e5%94%ae\\\/#breadcrumb\",\"itemListElement\":[{\"@type\":\"ListItem\",\"position\":1,\"name\":\"Accueil\",\"item\":\"https:\\\/\\\/artibermont.com\\\/zh-hans\\\/%e6%ac%a2%e8%bf%8e\\\/\"},{\"@type\":\"ListItem\",\"position\":2,\"name\":\"\u5546\u5e97\",\"item\":\"https:\\\/\\\/artibermont.com\\\/zh-hans\\\/boutique-2\\\/\"},{\"@type\":\"ListItem\",\"position\":3,\"name\":\"\u5965\u53e4\u65af\u7279\u00b7\u5170\u677e\uff081836-1885\uff09\u300a\u88ab\u72ee\u5b50\u538b\u5012\u7684\u7537\u4eba\u300b\u5df2\u552e\"}]},{\"@type\":\"WebSite\",\"@id\":\"https:\\\/\\\/artibermont.com\\\/zh-hans\\\/#website\",\"url\":\"https:\\\/\\\/artibermont.com\\\/zh-hans\\\/\",\"name\":\"Tibermont\",\"description\":\"252, boulevard Saint Germain, 75007 Paris\",\"publisher\":{\"@id\":\"https:\\\/\\\/artibermont.com\\\/zh-hans\\\/#organization\"},\"potentialAction\":[{\"@type\":\"SearchAction\",\"target\":{\"@type\":\"EntryPoint\",\"urlTemplate\":\"https:\\\/\\\/artibermont.com\\\/zh-hans\\\/?s={search_term_string}\"},\"query-input\":{\"@type\":\"PropertyValueSpecification\",\"valueRequired\":true,\"valueName\":\"search_term_string\"}}],\"inLanguage\":\"zh-Hans\"},{\"@type\":\"Organization\",\"@id\":\"https:\\\/\\\/artibermont.com\\\/zh-hans\\\/#organization\",\"name\":\"Tibermont Antiquit\u00e9s\",\"url\":\"https:\\\/\\\/artibermont.com\\\/zh-hans\\\/\",\"logo\":{\"@type\":\"ImageObject\",\"inLanguage\":\"zh-Hans\",\"@id\":\"https:\\\/\\\/artibermont.com\\\/zh-hans\\\/#\\\/schema\\\/logo\\\/image\\\/\",\"url\":\"https:\\\/\\\/artibermont.com\\\/wp-content\\\/uploads\\\/2021\\\/12\\\/Logo-TIBERMONT-white.png\",\"contentUrl\":\"https:\\\/\\\/artibermont.com\\\/wp-content\\\/uploads\\\/2021\\\/12\\\/Logo-TIBERMONT-white.png\",\"width\":713,\"height\":196,\"caption\":\"Tibermont Antiquit\u00e9s\"},\"image\":{\"@id\":\"https:\\\/\\\/artibermont.com\\\/zh-hans\\\/#\\\/schema\\\/logo\\\/image\\\/\"}}]}<\/script>\n<!-- \/ Yoast SEO Premium plugin. -->","yoast_head_json":{"title":"\u5965\u53e4\u65af\u7279\u00b7\u5170\u677e\uff081836-1885\uff09\u300a\u88ab\u72ee\u5b50\u538b\u5012\u7684\u7537\u4eba\u300b\u5df2\u552e &#8211; Tibermont","robots":{"index":"index","follow":"follow","max-snippet":"max-snippet:-1","max-image-preview":"max-image-preview:large","max-video-preview":"max-video-preview:-1"},"canonical":"https:\/\/artibermont.com\/zh-hans\/product\/%e5%a5%a5%e5%8f%a4%e6%96%af%e7%89%b9%c2%b7%e5%85%b0%e6%9d%be%ef%bc%881836-1885%ef%bc%89%e3%80%8a%e8%a2%ab%e7%8b%ae%e5%ad%90%e5%8e%8b%e5%80%92%e7%9a%84%e7%94%b7%e4%ba%ba%e3%80%8b%e5%b7%b2%e5%94%ae\/","og_locale":"zh_CN","og_type":"article","og_title":"\u5965\u53e4\u65af\u7279\u00b7\u5170\u677e\uff081836-1885\uff09\u300a\u88ab\u72ee\u5b50\u538b\u5012\u7684\u7537\u4eba\u300b\u5df2\u552e","og_description":"\u5b89\u5fb7\u70c8\u00b7\u5170\u677e\uff0c\u4ea6\u79f0\u5965\u53e4\u65af\u7279\u00b7\u5170\u677e\uff08Andr\u00e9 Lan\u00e7on dit Auguste Lan\u00e7on\uff09\u51fa\u751f\u4e8e183 [&hellip;]","og_url":"https:\/\/artibermont.com\/zh-hans\/product\/%e5%a5%a5%e5%8f%a4%e6%96%af%e7%89%b9%c2%b7%e5%85%b0%e6%9d%be%ef%bc%881836-1885%ef%bc%89%e3%80%8a%e8%a2%ab%e7%8b%ae%e5%ad%90%e5%8e%8b%e5%80%92%e7%9a%84%e7%94%b7%e4%ba%ba%e3%80%8b%e5%b7%b2%e5%94%ae\/","og_site_name":"Tibermont","article_modified_time":"2024-11-30T14:30:25+00:00","og_image":[{"width":2560,"height":2155,"url":"https:\/\/artibermont.com\/wp-content\/uploads\/2022\/04\/TA1500045-0MD-2-scaled.jpg","type":"image\/jpeg"}],"twitter_card":"summary_large_image","schema":{"@context":"https:\/\/schema.org","@graph":[{"@type":"WebPage","@id":"https:\/\/artibermont.com\/zh-hans\/product\/%e5%a5%a5%e5%8f%a4%e6%96%af%e7%89%b9%c2%b7%e5%85%b0%e6%9d%be%ef%bc%881836-1885%ef%bc%89%e3%80%8a%e8%a2%ab%e7%8b%ae%e5%ad%90%e5%8e%8b%e5%80%92%e7%9a%84%e7%94%b7%e4%ba%ba%e3%80%8b%e5%b7%b2%e5%94%ae\/","url":"https:\/\/artibermont.com\/zh-hans\/product\/%e5%a5%a5%e5%8f%a4%e6%96%af%e7%89%b9%c2%b7%e5%85%b0%e6%9d%be%ef%bc%881836-1885%ef%bc%89%e3%80%8a%e8%a2%ab%e7%8b%ae%e5%ad%90%e5%8e%8b%e5%80%92%e7%9a%84%e7%94%b7%e4%ba%ba%e3%80%8b%e5%b7%b2%e5%94%ae\/","name":"\u5965\u53e4\u65af\u7279\u00b7\u5170\u677e\uff081836-1885\uff09\u300a\u88ab\u72ee\u5b50\u538b\u5012\u7684\u7537\u4eba\u300b\u5df2\u552e &#8211; Tibermont","isPartOf":{"@id":"https:\/\/artibermont.com\/zh-hans\/#website"},"primaryImageOfPage":{"@id":"https:\/\/artibermont.com\/zh-hans\/product\/%e5%a5%a5%e5%8f%a4%e6%96%af%e7%89%b9%c2%b7%e5%85%b0%e6%9d%be%ef%bc%881836-1885%ef%bc%89%e3%80%8a%e8%a2%ab%e7%8b%ae%e5%ad%90%e5%8e%8b%e5%80%92%e7%9a%84%e7%94%b7%e4%ba%ba%e3%80%8b%e5%b7%b2%e5%94%ae\/#primaryimage"},"image":{"@id":"https:\/\/artibermont.com\/zh-hans\/product\/%e5%a5%a5%e5%8f%a4%e6%96%af%e7%89%b9%c2%b7%e5%85%b0%e6%9d%be%ef%bc%881836-1885%ef%bc%89%e3%80%8a%e8%a2%ab%e7%8b%ae%e5%ad%90%e5%8e%8b%e5%80%92%e7%9a%84%e7%94%b7%e4%ba%ba%e3%80%8b%e5%b7%b2%e5%94%ae\/#primaryimage"},"thumbnailUrl":"https:\/\/artibermont.com\/wp-content\/uploads\/2022\/04\/TA1500045-0MD-2-scaled.jpg","datePublished":"2022-04-04T05:10:09+00:00","dateModified":"2024-11-30T14:30:25+00:00","breadcrumb":{"@id":"https:\/\/artibermont.com\/zh-hans\/product\/%e5%a5%a5%e5%8f%a4%e6%96%af%e7%89%b9%c2%b7%e5%85%b0%e6%9d%be%ef%bc%881836-1885%ef%bc%89%e3%80%8a%e8%a2%ab%e7%8b%ae%e5%ad%90%e5%8e%8b%e5%80%92%e7%9a%84%e7%94%b7%e4%ba%ba%e3%80%8b%e5%b7%b2%e5%94%ae\/#breadcrumb"},"inLanguage":"zh-Hans","potentialAction":[{"@type":"ReadAction","target":["https:\/\/artibermont.com\/zh-hans\/product\/%e5%a5%a5%e5%8f%a4%e6%96%af%e7%89%b9%c2%b7%e5%85%b0%e6%9d%be%ef%bc%881836-1885%ef%bc%89%e3%80%8a%e8%a2%ab%e7%8b%ae%e5%ad%90%e5%8e%8b%e5%80%92%e7%9a%84%e7%94%b7%e4%ba%ba%e3%80%8b%e5%b7%b2%e5%94%ae\/"]}]},{"@type":"ImageObject","inLanguage":"zh-Hans","@id":"https:\/\/artibermont.com\/zh-hans\/product\/%e5%a5%a5%e5%8f%a4%e6%96%af%e7%89%b9%c2%b7%e5%85%b0%e6%9d%be%ef%bc%881836-1885%ef%bc%89%e3%80%8a%e8%a2%ab%e7%8b%ae%e5%ad%90%e5%8e%8b%e5%80%92%e7%9a%84%e7%94%b7%e4%ba%ba%e3%80%8b%e5%b7%b2%e5%94%ae\/#primaryimage","url":"https:\/\/artibermont.com\/wp-content\/uploads\/2022\/04\/TA1500045-0MD-2-scaled.jpg","contentUrl":"https:\/\/artibermont.com\/wp-content\/uploads\/2022\/04\/TA1500045-0MD-2-scaled.jpg","width":2560,"height":2155},{"@type":"BreadcrumbList","@id":"https:\/\/artibermont.com\/zh-hans\/product\/%e5%a5%a5%e5%8f%a4%e6%96%af%e7%89%b9%c2%b7%e5%85%b0%e6%9d%be%ef%bc%881836-1885%ef%bc%89%e3%80%8a%e8%a2%ab%e7%8b%ae%e5%ad%90%e5%8e%8b%e5%80%92%e7%9a%84%e7%94%b7%e4%ba%ba%e3%80%8b%e5%b7%b2%e5%94%ae\/#breadcrumb","itemListElement":[{"@type":"ListItem","position":1,"name":"Accueil","item":"https:\/\/artibermont.com\/zh-hans\/%e6%ac%a2%e8%bf%8e\/"},{"@type":"ListItem","position":2,"name":"\u5546\u5e97","item":"https:\/\/artibermont.com\/zh-hans\/boutique-2\/"},{"@type":"ListItem","position":3,"name":"\u5965\u53e4\u65af\u7279\u00b7\u5170\u677e\uff081836-1885\uff09\u300a\u88ab\u72ee\u5b50\u538b\u5012\u7684\u7537\u4eba\u300b\u5df2\u552e"}]},{"@type":"WebSite","@id":"https:\/\/artibermont.com\/zh-hans\/#website","url":"https:\/\/artibermont.com\/zh-hans\/","name":"Tibermont","description":"252, boulevard Saint Germain, 75007 Paris","publisher":{"@id":"https:\/\/artibermont.com\/zh-hans\/#organization"},"potentialAction":[{"@type":"SearchAction","target":{"@type":"EntryPoint","urlTemplate":"https:\/\/artibermont.com\/zh-hans\/?s={search_term_string}"},"query-input":{"@type":"PropertyValueSpecification","valueRequired":true,"valueName":"search_term_string"}}],"inLanguage":"zh-Hans"},{"@type":"Organization","@id":"https:\/\/artibermont.com\/zh-hans\/#organization","name":"Tibermont Antiquit\u00e9s","url":"https:\/\/artibermont.com\/zh-hans\/","logo":{"@type":"ImageObject","inLanguage":"zh-Hans","@id":"https:\/\/artibermont.com\/zh-hans\/#\/schema\/logo\/image\/","url":"https:\/\/artibermont.com\/wp-content\/uploads\/2021\/12\/Logo-TIBERMONT-white.png","contentUrl":"https:\/\/artibermont.com\/wp-content\/uploads\/2021\/12\/Logo-TIBERMONT-white.png","width":713,"height":196,"caption":"Tibermont Antiquit\u00e9s"},"image":{"@id":"https:\/\/artibermont.com\/zh-hans\/#\/schema\/logo\/image\/"}}]}},"_links":{"self":[{"href":"https:\/\/artibermont.com\/zh-hans\/wp-json\/wp\/v2\/product\/7333","targetHints":{"allow":["GET"]}}],"collection":[{"href":"https:\/\/artibermont.com\/zh-hans\/wp-json\/wp\/v2\/product"}],"about":[{"href":"https:\/\/artibermont.com\/zh-hans\/wp-json\/wp\/v2\/types\/product"}],"replies":[{"embeddable":true,"href":"https:\/\/artibermont.com\/zh-hans\/wp-json\/wp\/v2\/comments?post=7333"}],"version-history":[{"count":1,"href":"https:\/\/artibermont.com\/zh-hans\/wp-json\/wp\/v2\/product\/7333\/revisions"}],"predecessor-version":[{"id":7334,"href":"https:\/\/artibermont.com\/zh-hans\/wp-json\/wp\/v2\/product\/7333\/revisions\/7334"}],"wp:featuredmedia":[{"embeddable":true,"href":"https:\/\/artibermont.com\/zh-hans\/wp-json\/wp\/v2\/media\/8178"}],"wp:attachment":[{"href":"https:\/\/artibermont.com\/zh-hans\/wp-json\/wp\/v2\/media?parent=7333"}],"wp:term":[{"taxonomy":"product_brand","embeddable":true,"href":"https:\/\/artibermont.com\/zh-hans\/wp-json\/wp\/v2\/product_brand?post=7333"},{"taxonomy":"product_cat","embeddable":true,"href":"https:\/\/artibermont.com\/zh-hans\/wp-json\/wp\/v2\/product_cat?post=7333"},{"taxonomy":"product_tag","embeddable":true,"href":"https:\/\/artibermont.com\/zh-hans\/wp-json\/wp\/v2\/product_tag?post=7333"}],"curies":[{"name":"wp","href":"https:\/\/api.w.org\/{rel}","templated":true}]}}