{"id":8738,"date":"2025-01-23T16:39:16","date_gmt":"2025-01-23T15:39:16","guid":{"rendered":"https:\/\/artibermont.com\/?post_type=product&#038;p=8738"},"modified":"2025-01-23T16:39:18","modified_gmt":"2025-01-23T15:39:18","slug":"maison-bulgari-montre-en-or-jaune-18-karats-modele-parentesi-vendu","status":"publish","type":"product","link":"https:\/\/artibermont.com\/zh-hans\/produit\/maison-bulgari-montre-en-or-jaune-18-karats-modele-parentesi-vendu\/","title":{"rendered":"Maison Bulgari, montre en or jaune 18 karats, mod\u00e8le Parentesi &#8211; VENDU"},"content":{"rendered":"<p>Maison Bulgari<\/p>\n<p>Montre en or jaune 18 karats<\/p>\n<p>Mod\u00e8le Parentesi<\/p>\n<p>Vers 1990<\/p>\n<p>Mouvement quartz<\/p>\n<p>Sign\u00e9 Bulgari<\/p>\n<p>Num\u00e9rot\u00e9 BJ01 G40822, avec son \u00e9crin sign\u00e9 Bulgari<\/p>\n<p>Poids brut : 84,6 grs<\/p>\n","protected":false},"excerpt":{"rendered":"<p>Maison Bulgari Montre en or jaune 18 karats Mod\u00e8le Pare [&hellip;]<\/p>\n","protected":false},"featured_media":8739,"comment_status":"open","ping_status":"closed","template":"","meta":{"_acf_changed":false},"product_brand":[],"product_cat":[23],"product_tag":[],"class_list":{"0":"post-8738","1":"product","2":"type-product","3":"status-publish","4":"has-post-thumbnail","6":"product_cat-bijoux-et-montres","8":"first","9":"outofstock","10":"taxable","11":"shipping-taxable","12":"product-type-simple"},"acf":[],"yoast_head":"<!-- This site is optimized with the Yoast SEO Premium plugin v19.2.1 (Yoast SEO v27.3) - https:\/\/yoast.com\/product\/yoast-seo-premium-wordpress\/ -->\n<title>Maison Bulgari, montre en or jaune 18 karats, mod\u00e8le Parentesi - VENDU &#8211; Tibermont<\/title>\n<meta name=\"robots\" content=\"index, follow, max-snippet:-1, max-image-preview:large, max-video-preview:-1\" \/>\n<link rel=\"canonical\" href=\"https:\/\/artibermont.com\/zh-hans\/produit\/maison-bulgari-montre-en-or-jaune-18-karats-modele-parentesi-vendu\/\" \/>\n<meta property=\"og:locale\" content=\"zh_CN\" \/>\n<meta property=\"og:type\" content=\"article\" \/>\n<meta property=\"og:title\" content=\"Maison Bulgari, montre en or jaune 18 karats, mod\u00e8le Parentesi - VENDU\" \/>\n<meta property=\"og:description\" content=\"Maison Bulgari Montre en or jaune 18 karats Mod\u00e8le Pare [&hellip;]\" \/>\n<meta property=\"og:url\" content=\"https:\/\/artibermont.com\/zh-hans\/produit\/maison-bulgari-montre-en-or-jaune-18-karats-modele-parentesi-vendu\/\" \/>\n<meta property=\"og:site_name\" content=\"Tibermont\" \/>\n<meta property=\"article:modified_time\" content=\"2025-01-23T15:39:18+00:00\" \/>\n<meta property=\"og:image\" content=\"https:\/\/artibermont.com\/wp-content\/uploads\/2025\/01\/TA2200068-0MD-scaled.jpg\" \/>\n\t<meta property=\"og:image:width\" content=\"1707\" \/>\n\t<meta property=\"og:image:height\" content=\"2560\" \/>\n\t<meta property=\"og:image:type\" content=\"image\/jpeg\" \/>\n<meta name=\"twitter:card\" content=\"summary_large_image\" \/>\n<meta name=\"twitter:label1\" content=\"\u9884\u8ba1\u9605\u8bfb\u65f6\u95f4\" \/>\n\t<meta name=\"twitter:data1\" content=\"1 \u5206\" \/>\n<script type=\"application\/ld+json\" class=\"yoast-schema-graph\">{\"@context\":\"https:\\\/\\\/schema.org\",\"@graph\":[{\"@type\":\"WebPage\",\"@id\":\"https:\\\/\\\/artibermont.com\\\/zh-hans\\\/produit\\\/maison-bulgari-montre-en-or-jaune-18-karats-modele-parentesi-vendu\\\/\",\"url\":\"https:\\\/\\\/artibermont.com\\\/zh-hans\\\/produit\\\/maison-bulgari-montre-en-or-jaune-18-karats-modele-parentesi-vendu\\\/\",\"name\":\"Maison Bulgari, montre en or jaune 18 karats, mod\u00e8le Parentesi - VENDU &#8211; Tibermont\",\"isPartOf\":{\"@id\":\"https:\\\/\\\/artibermont.com\\\/zh-hans\\\/#website\"},\"primaryImageOfPage\":{\"@id\":\"https:\\\/\\\/artibermont.com\\\/zh-hans\\\/produit\\\/maison-bulgari-montre-en-or-jaune-18-karats-modele-parentesi-vendu\\\/#primaryimage\"},\"image\":{\"@id\":\"https:\\\/\\\/artibermont.com\\\/zh-hans\\\/produit\\\/maison-bulgari-montre-en-or-jaune-18-karats-modele-parentesi-vendu\\\/#primaryimage\"},\"thumbnailUrl\":\"https:\\\/\\\/artibermont.com\\\/wp-content\\\/uploads\\\/2025\\\/01\\\/TA2200068-0MD-scaled.jpg\",\"datePublished\":\"2025-01-23T15:39:16+00:00\",\"dateModified\":\"2025-01-23T15:39:18+00:00\",\"breadcrumb\":{\"@id\":\"https:\\\/\\\/artibermont.com\\\/zh-hans\\\/produit\\\/maison-bulgari-montre-en-or-jaune-18-karats-modele-parentesi-vendu\\\/#breadcrumb\"},\"inLanguage\":\"zh-Hans\",\"potentialAction\":[{\"@type\":\"ReadAction\",\"target\":[\"https:\\\/\\\/artibermont.com\\\/zh-hans\\\/produit\\\/maison-bulgari-montre-en-or-jaune-18-karats-modele-parentesi-vendu\\\/\"]}]},{\"@type\":\"ImageObject\",\"inLanguage\":\"zh-Hans\",\"@id\":\"https:\\\/\\\/artibermont.com\\\/zh-hans\\\/produit\\\/maison-bulgari-montre-en-or-jaune-18-karats-modele-parentesi-vendu\\\/#primaryimage\",\"url\":\"https:\\\/\\\/artibermont.com\\\/wp-content\\\/uploads\\\/2025\\\/01\\\/TA2200068-0MD-scaled.jpg\",\"contentUrl\":\"https:\\\/\\\/artibermont.com\\\/wp-content\\\/uploads\\\/2025\\\/01\\\/TA2200068-0MD-scaled.jpg\",\"width\":1707,\"height\":2560},{\"@type\":\"BreadcrumbList\",\"@id\":\"https:\\\/\\\/artibermont.com\\\/zh-hans\\\/produit\\\/maison-bulgari-montre-en-or-jaune-18-karats-modele-parentesi-vendu\\\/#breadcrumb\",\"itemListElement\":[{\"@type\":\"ListItem\",\"position\":1,\"name\":\"Accueil\",\"item\":\"https:\\\/\\\/artibermont.com\\\/zh-hans\\\/%e6%ac%a2%e8%bf%8e\\\/\"},{\"@type\":\"ListItem\",\"position\":2,\"name\":\"\u5546\u5e97\",\"item\":\"https:\\\/\\\/artibermont.com\\\/zh-hans\\\/boutique-2\\\/\"},{\"@type\":\"ListItem\",\"position\":3,\"name\":\"Maison Bulgari, montre en or jaune 18 karats, mod\u00e8le Parentesi &#8211; VENDU\"}]},{\"@type\":\"WebSite\",\"@id\":\"https:\\\/\\\/artibermont.com\\\/zh-hans\\\/#website\",\"url\":\"https:\\\/\\\/artibermont.com\\\/zh-hans\\\/\",\"name\":\"Tibermont\",\"description\":\"252, boulevard Saint Germain, 75007 Paris\",\"publisher\":{\"@id\":\"https:\\\/\\\/artibermont.com\\\/zh-hans\\\/#organization\"},\"potentialAction\":[{\"@type\":\"SearchAction\",\"target\":{\"@type\":\"EntryPoint\",\"urlTemplate\":\"https:\\\/\\\/artibermont.com\\\/zh-hans\\\/?s={search_term_string}\"},\"query-input\":{\"@type\":\"PropertyValueSpecification\",\"valueRequired\":true,\"valueName\":\"search_term_string\"}}],\"inLanguage\":\"zh-Hans\"},{\"@type\":\"Organization\",\"@id\":\"https:\\\/\\\/artibermont.com\\\/zh-hans\\\/#organization\",\"name\":\"Tibermont Antiquit\u00e9s\",\"url\":\"https:\\\/\\\/artibermont.com\\\/zh-hans\\\/\",\"logo\":{\"@type\":\"ImageObject\",\"inLanguage\":\"zh-Hans\",\"@id\":\"https:\\\/\\\/artibermont.com\\\/zh-hans\\\/#\\\/schema\\\/logo\\\/image\\\/\",\"url\":\"https:\\\/\\\/artibermont.com\\\/wp-content\\\/uploads\\\/2021\\\/12\\\/Logo-TIBERMONT-white.png\",\"contentUrl\":\"https:\\\/\\\/artibermont.com\\\/wp-content\\\/uploads\\\/2021\\\/12\\\/Logo-TIBERMONT-white.png\",\"width\":713,\"height\":196,\"caption\":\"Tibermont Antiquit\u00e9s\"},\"image\":{\"@id\":\"https:\\\/\\\/artibermont.com\\\/zh-hans\\\/#\\\/schema\\\/logo\\\/image\\\/\"}}]}<\/script>\n<!-- \/ Yoast SEO Premium plugin. -->","yoast_head_json":{"title":"Maison Bulgari, montre en or jaune 18 karats, mod\u00e8le Parentesi - VENDU &#8211; Tibermont","robots":{"index":"index","follow":"follow","max-snippet":"max-snippet:-1","max-image-preview":"max-image-preview:large","max-video-preview":"max-video-preview:-1"},"canonical":"https:\/\/artibermont.com\/zh-hans\/produit\/maison-bulgari-montre-en-or-jaune-18-karats-modele-parentesi-vendu\/","og_locale":"zh_CN","og_type":"article","og_title":"Maison Bulgari, montre en or jaune 18 karats, mod\u00e8le Parentesi - VENDU","og_description":"Maison Bulgari Montre en or jaune 18 karats Mod\u00e8le Pare [&hellip;]","og_url":"https:\/\/artibermont.com\/zh-hans\/produit\/maison-bulgari-montre-en-or-jaune-18-karats-modele-parentesi-vendu\/","og_site_name":"Tibermont","article_modified_time":"2025-01-23T15:39:18+00:00","og_image":[{"width":1707,"height":2560,"url":"https:\/\/artibermont.com\/wp-content\/uploads\/2025\/01\/TA2200068-0MD-scaled.jpg","type":"image\/jpeg"}],"twitter_card":"summary_large_image","twitter_misc":{"\u9884\u8ba1\u9605\u8bfb\u65f6\u95f4":"1 \u5206"},"schema":{"@context":"https:\/\/schema.org","@graph":[{"@type":"WebPage","@id":"https:\/\/artibermont.com\/zh-hans\/produit\/maison-bulgari-montre-en-or-jaune-18-karats-modele-parentesi-vendu\/","url":"https:\/\/artibermont.com\/zh-hans\/produit\/maison-bulgari-montre-en-or-jaune-18-karats-modele-parentesi-vendu\/","name":"Maison Bulgari, montre en or jaune 18 karats, mod\u00e8le Parentesi - VENDU &#8211; Tibermont","isPartOf":{"@id":"https:\/\/artibermont.com\/zh-hans\/#website"},"primaryImageOfPage":{"@id":"https:\/\/artibermont.com\/zh-hans\/produit\/maison-bulgari-montre-en-or-jaune-18-karats-modele-parentesi-vendu\/#primaryimage"},"image":{"@id":"https:\/\/artibermont.com\/zh-hans\/produit\/maison-bulgari-montre-en-or-jaune-18-karats-modele-parentesi-vendu\/#primaryimage"},"thumbnailUrl":"https:\/\/artibermont.com\/wp-content\/uploads\/2025\/01\/TA2200068-0MD-scaled.jpg","datePublished":"2025-01-23T15:39:16+00:00","dateModified":"2025-01-23T15:39:18+00:00","breadcrumb":{"@id":"https:\/\/artibermont.com\/zh-hans\/produit\/maison-bulgari-montre-en-or-jaune-18-karats-modele-parentesi-vendu\/#breadcrumb"},"inLanguage":"zh-Hans","potentialAction":[{"@type":"ReadAction","target":["https:\/\/artibermont.com\/zh-hans\/produit\/maison-bulgari-montre-en-or-jaune-18-karats-modele-parentesi-vendu\/"]}]},{"@type":"ImageObject","inLanguage":"zh-Hans","@id":"https:\/\/artibermont.com\/zh-hans\/produit\/maison-bulgari-montre-en-or-jaune-18-karats-modele-parentesi-vendu\/#primaryimage","url":"https:\/\/artibermont.com\/wp-content\/uploads\/2025\/01\/TA2200068-0MD-scaled.jpg","contentUrl":"https:\/\/artibermont.com\/wp-content\/uploads\/2025\/01\/TA2200068-0MD-scaled.jpg","width":1707,"height":2560},{"@type":"BreadcrumbList","@id":"https:\/\/artibermont.com\/zh-hans\/produit\/maison-bulgari-montre-en-or-jaune-18-karats-modele-parentesi-vendu\/#breadcrumb","itemListElement":[{"@type":"ListItem","position":1,"name":"Accueil","item":"https:\/\/artibermont.com\/zh-hans\/%e6%ac%a2%e8%bf%8e\/"},{"@type":"ListItem","position":2,"name":"\u5546\u5e97","item":"https:\/\/artibermont.com\/zh-hans\/boutique-2\/"},{"@type":"ListItem","position":3,"name":"Maison Bulgari, montre en or jaune 18 karats, mod\u00e8le Parentesi &#8211; VENDU"}]},{"@type":"WebSite","@id":"https:\/\/artibermont.com\/zh-hans\/#website","url":"https:\/\/artibermont.com\/zh-hans\/","name":"Tibermont","description":"252, boulevard Saint Germain, 75007 Paris","publisher":{"@id":"https:\/\/artibermont.com\/zh-hans\/#organization"},"potentialAction":[{"@type":"SearchAction","target":{"@type":"EntryPoint","urlTemplate":"https:\/\/artibermont.com\/zh-hans\/?s={search_term_string}"},"query-input":{"@type":"PropertyValueSpecification","valueRequired":true,"valueName":"search_term_string"}}],"inLanguage":"zh-Hans"},{"@type":"Organization","@id":"https:\/\/artibermont.com\/zh-hans\/#organization","name":"Tibermont Antiquit\u00e9s","url":"https:\/\/artibermont.com\/zh-hans\/","logo":{"@type":"ImageObject","inLanguage":"zh-Hans","@id":"https:\/\/artibermont.com\/zh-hans\/#\/schema\/logo\/image\/","url":"https:\/\/artibermont.com\/wp-content\/uploads\/2021\/12\/Logo-TIBERMONT-white.png","contentUrl":"https:\/\/artibermont.com\/wp-content\/uploads\/2021\/12\/Logo-TIBERMONT-white.png","width":713,"height":196,"caption":"Tibermont Antiquit\u00e9s"},"image":{"@id":"https:\/\/artibermont.com\/zh-hans\/#\/schema\/logo\/image\/"}}]}},"_links":{"self":[{"href":"https:\/\/artibermont.com\/zh-hans\/wp-json\/wp\/v2\/product\/8738","targetHints":{"allow":["GET"]}}],"collection":[{"href":"https:\/\/artibermont.com\/zh-hans\/wp-json\/wp\/v2\/product"}],"about":[{"href":"https:\/\/artibermont.com\/zh-hans\/wp-json\/wp\/v2\/types\/product"}],"replies":[{"embeddable":true,"href":"https:\/\/artibermont.com\/zh-hans\/wp-json\/wp\/v2\/comments?post=8738"}],"version-history":[{"count":1,"href":"https:\/\/artibermont.com\/zh-hans\/wp-json\/wp\/v2\/product\/8738\/revisions"}],"predecessor-version":[{"id":8742,"href":"https:\/\/artibermont.com\/zh-hans\/wp-json\/wp\/v2\/product\/8738\/revisions\/8742"}],"wp:featuredmedia":[{"embeddable":true,"href":"https:\/\/artibermont.com\/zh-hans\/wp-json\/wp\/v2\/media\/8739"}],"wp:attachment":[{"href":"https:\/\/artibermont.com\/zh-hans\/wp-json\/wp\/v2\/media?parent=8738"}],"wp:term":[{"taxonomy":"product_brand","embeddable":true,"href":"https:\/\/artibermont.com\/zh-hans\/wp-json\/wp\/v2\/product_brand?post=8738"},{"taxonomy":"product_cat","embeddable":true,"href":"https:\/\/artibermont.com\/zh-hans\/wp-json\/wp\/v2\/product_cat?post=8738"},{"taxonomy":"product_tag","embeddable":true,"href":"https:\/\/artibermont.com\/zh-hans\/wp-json\/wp\/v2\/product_tag?post=8738"}],"curies":[{"name":"wp","href":"https:\/\/api.w.org\/{rel}","templated":true}]}}